{"id":9074,"date":"2019-04-29T19:37:46","date_gmt":"2019-04-29T17:37:46","guid":{"rendered":"http:\/\/www.radlobby.org\/noe\/?page_id=9074"},"modified":"2019-08-14T20:50:13","modified_gmt":"2019-08-14T18:50:13","slug":"eichgraben-team","status":"publish","type":"page","link":"https:\/\/www.radlobby.org\/noe\/eichgraben-team\/","title":{"rendered":"Radlobby Eichgraben \u2013 Team"},"content":{"rendered":"<p>Unsere Eichgrabner Radlobby-Ortsgruppe wurde im Fr\u00fchling 2019 gegr\u00fcndet und w\u00e4chst seither kontinuierlich.<\/p>\n<p>Unser Ziel ist es, das Radfahren im Ort und in der Region attraktiver und sicherer zu machen und dadurch wiederum den Radverkehrsanteil zu erh\u00f6hen. Dazu treffen wir uns regelm\u00e4\u00dfig, diskutieren unsere Anliegen und Ideen und erarbeiten so konkrete Verbesserungsvorschl\u00e4ge, die wir dann an den zust\u00e4ndigen Stellen auch deponieren.<\/p>\n<p>Wer an der Radlobby Eichgraben Interesse hat, mitmachen will, eine Idee hat oder auf dem Laufenden gehalten werden will, m\u00f6ge sich bitte bei uns melden! Unsere eMail-Adresse lautet:<\/p>\n<p><a href=\"mailto:eichgraben@radlobby.at\">eichgraben@radlobby.at<\/a><\/p>\n<p>&nbsp;<\/p>\n<p>Das Leitungsteam der Radlobby Eichgraben besteht aus:<\/p>\n<p>Martin Weber (Gruppenverantwortlicher)<\/p>\n<p>Julia Galvagna<\/p>\n","protected":false},"excerpt":{"rendered":"<p>Unsere Eichgrabner Radlobby-Ortsgruppe wurde im Fr\u00fchling 2019 gegr\u00fcndet und w\u00e4chst seither kontinuierlich. Unser Ziel ist es, das Radfahren im Ort und in der Region attraktiver und sicherer zu machen und dadurch wiederum den Radverkehrsanteil zu erh\u00f6hen. Dazu treffen wir uns<\/p>\n","protected":false},"author":16,"featured_media":0,"parent":0,"menu_order":0,"comment_status":"closed","ping_status":"closed","template":"","meta":{"footnotes":""},"class_list":["post-9074","page","type-page","status-publish","hentry"],"yoast_head":"<!-- This site is optimized with the Yoast SEO plugin v26.9 - https:\/\/yoast.com\/product\/yoast-seo-wordpress\/ -->\n<title>Radlobby Eichgraben \u2013 Team - Radlobby Nieder\u00f6sterreich<\/title>\n<meta name=\"robots\" content=\"index, follow, max-snippet:-1, max-image-preview:large, max-video-preview:-1\" \/>\n<link rel=\"canonical\" href=\"https:\/\/www.radlobby.org\/noe\/eichgraben-team\/\" \/>\n<meta property=\"og:locale\" content=\"de_DE\" \/>\n<meta property=\"og:type\" content=\"article\" \/>\n<meta property=\"og:title\" content=\"Radlobby Eichgraben \u2013 Team - Radlobby Nieder\u00f6sterreich\" \/>\n<meta property=\"og:description\" content=\"Unsere Eichgrabner Radlobby-Ortsgruppe wurde im Fr\u00fchling 2019 gegr\u00fcndet und w\u00e4chst seither kontinuierlich. Unser Ziel ist es, das Radfahren im Ort und in der Region attraktiver und sicherer zu machen und dadurch wiederum den Radverkehrsanteil zu erh\u00f6hen. Dazu treffen wir uns\" \/>\n<meta property=\"og:url\" content=\"https:\/\/www.radlobby.org\/noe\/eichgraben-team\/\" \/>\n<meta property=\"og:site_name\" content=\"Radlobby Nieder\u00f6sterreich\" \/>\n<meta property=\"article:publisher\" content=\"https:\/\/www.facebook.com\/groups\/radfahren.in.noe\/\" \/>\n<meta property=\"article:modified_time\" content=\"2019-08-14T18:50:13+00:00\" \/>\n<meta property=\"og:image\" content=\"https:\/\/www.radlobby.org\/noe\/wp-content\/uploads\/20200101-RLWN-Neujahrsaradeln-DSC_0105a_1900px-1.jpg\" \/>\n\t<meta property=\"og:image:width\" content=\"1900\" \/>\n\t<meta property=\"og:image:height\" content=\"770\" \/>\n\t<meta property=\"og:image:type\" content=\"image\/jpeg\" \/>\n<meta name=\"twitter:card\" content=\"summary_large_image\" \/>\n<meta name=\"twitter:label1\" content=\"Gesch\u00e4tzte Lesezeit\" \/>\n\t<meta name=\"twitter:data1\" content=\"1\u00a0Minute\" \/>\n<script type=\"application\/ld+json\" class=\"yoast-schema-graph\">{\"@context\":\"https:\/\/schema.org\",\"@graph\":[{\"@type\":\"WebPage\",\"@id\":\"https:\/\/www.radlobby.org\/noe\/eichgraben-team\/\",\"url\":\"https:\/\/www.radlobby.org\/noe\/eichgraben-team\/\",\"name\":\"Radlobby Eichgraben \u2013 Team - Radlobby Nieder\u00f6sterreich\",\"isPartOf\":{\"@id\":\"https:\/\/www.radlobby.org\/noe\/#website\"},\"datePublished\":\"2019-04-29T17:37:46+00:00\",\"dateModified\":\"2019-08-14T18:50:13+00:00\",\"breadcrumb\":{\"@id\":\"https:\/\/www.radlobby.org\/noe\/eichgraben-team\/#breadcrumb\"},\"inLanguage\":\"de\",\"potentialAction\":[{\"@type\":\"ReadAction\",\"target\":[\"https:\/\/www.radlobby.org\/noe\/eichgraben-team\/\"]}]},{\"@type\":\"BreadcrumbList\",\"@id\":\"https:\/\/www.radlobby.org\/noe\/eichgraben-team\/#breadcrumb\",\"itemListElement\":[{\"@type\":\"ListItem\",\"position\":1,\"name\":\"Startseite\",\"item\":\"https:\/\/www.radlobby.org\/noe\/\"},{\"@type\":\"ListItem\",\"position\":2,\"name\":\"Radlobby Eichgraben \u2013 Team\"}]},{\"@type\":\"WebSite\",\"@id\":\"https:\/\/www.radlobby.org\/noe\/#website\",\"url\":\"https:\/\/www.radlobby.org\/noe\/\",\"name\":\"Radlobby Nieder\u00f6sterreich\",\"description\":\"Radverkehr, Fahrrad, Radfahren, Radreisen, Radtouren, Radweg\",\"publisher\":{\"@id\":\"https:\/\/www.radlobby.org\/noe\/#organization\"},\"potentialAction\":[{\"@type\":\"SearchAction\",\"target\":{\"@type\":\"EntryPoint\",\"urlTemplate\":\"https:\/\/www.radlobby.org\/noe\/?s={search_term_string}\"},\"query-input\":{\"@type\":\"PropertyValueSpecification\",\"valueRequired\":true,\"valueName\":\"search_term_string\"}}],\"inLanguage\":\"de\"},{\"@type\":\"Organization\",\"@id\":\"https:\/\/www.radlobby.org\/noe\/#organization\",\"name\":\"Radlobby Nieder\u00f6sterreich\",\"url\":\"https:\/\/www.radlobby.org\/noe\/\",\"logo\":{\"@type\":\"ImageObject\",\"inLanguage\":\"de\",\"@id\":\"https:\/\/www.radlobby.org\/noe\/#\/schema\/logo\/image\/\",\"url\":\"https:\/\/www.radlobby.org\/noe\/wp-content\/uploads\/2017\/01\/cropped-Logo_Radlobby_Niederoesterreich_50-400px_quer-1.jpg\",\"contentUrl\":\"https:\/\/www.radlobby.org\/noe\/wp-content\/uploads\/2017\/01\/cropped-Logo_Radlobby_Niederoesterreich_50-400px_quer-1.jpg\",\"width\":450,\"height\":124,\"caption\":\"Radlobby Nieder\u00f6sterreich\"},\"image\":{\"@id\":\"https:\/\/www.radlobby.org\/noe\/#\/schema\/logo\/image\/\"},\"sameAs\":[\"https:\/\/www.facebook.com\/groups\/radfahren.in.noe\/\"]}]}<\/script>\n<!-- \/ Yoast SEO plugin. -->","yoast_head_json":{"title":"Radlobby Eichgraben \u2013 Team - Radlobby Nieder\u00f6sterreich","robots":{"index":"index","follow":"follow","max-snippet":"max-snippet:-1","max-image-preview":"max-image-preview:large","max-video-preview":"max-video-preview:-1"},"canonical":"https:\/\/www.radlobby.org\/noe\/eichgraben-team\/","og_locale":"de_DE","og_type":"article","og_title":"Radlobby Eichgraben \u2013 Team - Radlobby Nieder\u00f6sterreich","og_description":"Unsere Eichgrabner Radlobby-Ortsgruppe wurde im Fr\u00fchling 2019 gegr\u00fcndet und w\u00e4chst seither kontinuierlich. Unser Ziel ist es, das Radfahren im Ort und in der Region attraktiver und sicherer zu machen und dadurch wiederum den Radverkehrsanteil zu erh\u00f6hen. Dazu treffen wir uns","og_url":"https:\/\/www.radlobby.org\/noe\/eichgraben-team\/","og_site_name":"Radlobby Nieder\u00f6sterreich","article_publisher":"https:\/\/www.facebook.com\/groups\/radfahren.in.noe\/","article_modified_time":"2019-08-14T18:50:13+00:00","og_image":[{"width":1900,"height":770,"url":"https:\/\/www.radlobby.org\/noe\/wp-content\/uploads\/20200101-RLWN-Neujahrsaradeln-DSC_0105a_1900px-1.jpg","type":"image\/jpeg"}],"twitter_card":"summary_large_image","twitter_misc":{"Gesch\u00e4tzte Lesezeit":"1\u00a0Minute"},"schema":{"@context":"https:\/\/schema.org","@graph":[{"@type":"WebPage","@id":"https:\/\/www.radlobby.org\/noe\/eichgraben-team\/","url":"https:\/\/www.radlobby.org\/noe\/eichgraben-team\/","name":"Radlobby Eichgraben \u2013 Team - Radlobby Nieder\u00f6sterreich","isPartOf":{"@id":"https:\/\/www.radlobby.org\/noe\/#website"},"datePublished":"2019-04-29T17:37:46+00:00","dateModified":"2019-08-14T18:50:13+00:00","breadcrumb":{"@id":"https:\/\/www.radlobby.org\/noe\/eichgraben-team\/#breadcrumb"},"inLanguage":"de","potentialAction":[{"@type":"ReadAction","target":["https:\/\/www.radlobby.org\/noe\/eichgraben-team\/"]}]},{"@type":"BreadcrumbList","@id":"https:\/\/www.radlobby.org\/noe\/eichgraben-team\/#breadcrumb","itemListElement":[{"@type":"ListItem","position":1,"name":"Startseite","item":"https:\/\/www.radlobby.org\/noe\/"},{"@type":"ListItem","position":2,"name":"Radlobby Eichgraben \u2013 Team"}]},{"@type":"WebSite","@id":"https:\/\/www.radlobby.org\/noe\/#website","url":"https:\/\/www.radlobby.org\/noe\/","name":"Radlobby Nieder\u00f6sterreich","description":"Radverkehr, Fahrrad, Radfahren, Radreisen, Radtouren, Radweg","publisher":{"@id":"https:\/\/www.radlobby.org\/noe\/#organization"},"potentialAction":[{"@type":"SearchAction","target":{"@type":"EntryPoint","urlTemplate":"https:\/\/www.radlobby.org\/noe\/?s={search_term_string}"},"query-input":{"@type":"PropertyValueSpecification","valueRequired":true,"valueName":"search_term_string"}}],"inLanguage":"de"},{"@type":"Organization","@id":"https:\/\/www.radlobby.org\/noe\/#organization","name":"Radlobby Nieder\u00f6sterreich","url":"https:\/\/www.radlobby.org\/noe\/","logo":{"@type":"ImageObject","inLanguage":"de","@id":"https:\/\/www.radlobby.org\/noe\/#\/schema\/logo\/image\/","url":"https:\/\/www.radlobby.org\/noe\/wp-content\/uploads\/2017\/01\/cropped-Logo_Radlobby_Niederoesterreich_50-400px_quer-1.jpg","contentUrl":"https:\/\/www.radlobby.org\/noe\/wp-content\/uploads\/2017\/01\/cropped-Logo_Radlobby_Niederoesterreich_50-400px_quer-1.jpg","width":450,"height":124,"caption":"Radlobby Nieder\u00f6sterreich"},"image":{"@id":"https:\/\/www.radlobby.org\/noe\/#\/schema\/logo\/image\/"},"sameAs":["https:\/\/www.facebook.com\/groups\/radfahren.in.noe\/"]}]}},"_links":{"self":[{"href":"https:\/\/www.radlobby.org\/noe\/wp-json\/wp\/v2\/pages\/9074","targetHints":{"allow":["GET"]}}],"collection":[{"href":"https:\/\/www.radlobby.org\/noe\/wp-json\/wp\/v2\/pages"}],"about":[{"href":"https:\/\/www.radlobby.org\/noe\/wp-json\/wp\/v2\/types\/page"}],"author":[{"embeddable":true,"href":"https:\/\/www.radlobby.org\/noe\/wp-json\/wp\/v2\/users\/16"}],"replies":[{"embeddable":true,"href":"https:\/\/www.radlobby.org\/noe\/wp-json\/wp\/v2\/comments?post=9074"}],"version-history":[{"count":0,"href":"https:\/\/www.radlobby.org\/noe\/wp-json\/wp\/v2\/pages\/9074\/revisions"}],"wp:attachment":[{"href":"https:\/\/www.radlobby.org\/noe\/wp-json\/wp\/v2\/media?parent=9074"}],"curies":[{"name":"wp","href":"https:\/\/api.w.org\/{rel}","templated":true}]}}