{"id":802,"date":"2016-12-12T12:09:45","date_gmt":"2016-12-12T11:09:45","guid":{"rendered":"http:\/\/www.radlobby.org\/noe\/?page_id=802"},"modified":"2025-07-21T18:31:48","modified_gmt":"2025-07-21T16:31:48","slug":"unsere-vorschlaege","status":"publish","type":"page","link":"https:\/\/www.radlobby.org\/noe\/unsere-vorschlaege\/","title":{"rendered":"Unsere Vorschl\u00e4ge"},"content":{"rendered":"<h4>Problempunkte und L\u00f6sungsvorschl\u00e4ge<br \/>\nder Radlobby M\u00f6dling<\/h4>\n<p>Die Radlobby M\u00f6dling sammelt laufend Hinweise auf Punkte im Bezirk M\u00f6dling, die den RadfahrerInnen und Fu\u00dfg\u00e4ngerInnen die Fortbewegung erschweren oder an denen sie besonders gef\u00e4hrdet sind.<\/p>\n<p>Diese Punkte werden auch regelm\u00e4\u00dfig mit dem M\u00f6dlinger Verkehrsstadtrat bzw. den zust\u00e4ndigen VertreterInnen der anderen Gemeinden besprochen und es wurden in mehreren F\u00e4llen schon Verbesserungen erreicht.<\/p>\n<hr \/>\n<h5><strong>STADT M\u00d6DLING<\/strong> &#8211; <a href=\"https:\/\/www.radlobby.org\/noe\/unsere-vorschlaege\/#andereGemeinden\">zu den anderen Gemeinden<\/a><\/h5>\n<p><strong>Juni 2025<\/strong><br \/>\n<a href=\"https:\/\/docs.google.com\/presentation\/d\/1h3nyj1urnSh-tlKFnDd8ZhdQt4GK0eX9YeKVbGBISrE\/edit?slide=id.g81f6d87fe7_0_2#slide=id.g81f6d87fe7_0_2\" target=\"_blank\" rel=\"noopener\">Status der Problempunkte und Verbesserungsvorschl\u00e4ge f\u00fcr M\u00f6dling<\/a> Google\/Drive<\/p>\n<p><strong>Oktober 2023<br \/>\n<\/strong><a href=\"https:\/\/docs.google.com\/presentation\/d\/1vAJWRuHyIIF_OYXc2dzKcZr7FEOYmqU5f7aaQPYn-dQ\/edit#slide=id.g81f6d87fe7_0_2\">Status der Problempunkte und Verbesserungsvorschl\u00e4ge f\u00fcr M\u00f6dling<\/a> Google\/Drive<\/p>\n<p><strong>Juni 2020<\/strong><br \/>\nGesamtstatus der Problempunkte und Verbesserungsvorschl\u00e4ge f\u00fcr M\u00f6dling:<br \/>\n1) <a href=\"https:\/\/docs.google.com\/presentation\/d\/1R21jy9TwzyA2vEDeTXwKcRcn1C6u9uchDun4gdpLSGA\/edit#slide=id.g5dd2005e2_00\">Alle schon fr\u00fcher mit den Vertretern der Stadtgemeinde besprochenen Punkte mit aktuellem Status<\/a><br \/>\n2) <a href=\"https:\/\/docs.google.com\/presentation\/d\/1g4pqSi9TmkHQtYGs0bfAa8Bmd0Ht0gqFY8uGyo9NwuA\/edit#slide=id.g5dd2005e2_00\">Davon erledigte Punkte<\/a><br \/>\n3) <a href=\"https:\/\/docs.google.com\/presentation\/d\/1JC-m3eTrSEbRWTG0jGOSIEI-ert5IAmWwF6Wd3vwHy8\/edit#slide=id.g5dd2005e2_00\">Davon noch unerledigte und teilweise noch offene Punkte<\/a><br \/>\n4) <a href=\"https:\/\/docs.google.com\/presentation\/d\/1tFnSZSFzJxxjC4to4o0P1fmtkECFVcD7gM6jkUEb5Ow\/edit#slide=id.ga01e65f51_0_298\">Neue Punkte 2020<\/a><\/p>\n<p><strong>Juni 2017<\/strong><br \/>\n<a href=\"https:\/\/docs.google.com\/presentation\/d\/122VJJOC__5H90i8XKi6J2LOGUzTMcvRAIq7_fcIbZpw\/edit#slide=id.g5dd2005e2_00\">Status der Problempunkte und Verbesserungsvorschl\u00e4ge f\u00fcr M\u00f6dling<\/a> Google\/Drive<\/p>\n<p><strong>Februar 2017<\/strong><br \/>\n<a href=\"https:\/\/docs.google.com\/presentation\/d\/122VJJOC__5H90i8XKi6J2LOGUzTMcvRAIq7_fcIbZpw\/edit#slide=id.g5dd2005e2_00\">Status der Problempunkte und Verbesserungsvorschl\u00e4ge f\u00fcr M\u00f6dling<\/a> Google\/Drive<\/p>\n<p><strong>Winter 2016\/2017<\/strong><br \/>\n<a href=\"https:\/\/docs.google.com\/presentation\/d\/1FW_HtPWEtdD0Jsac5CazkQNP5oJ-LuhAQEGvN1gFNhw\/edit#slide=id.g3ad38c095_2_75\">neue Verbesserungsvorschl\u00e4ge f\u00fcr M\u00f6dling<\/a>\u00a0 Google\/Drive<\/p>\n<p><strong>August 2016<\/strong><br \/>\n<a href=\"https:\/\/docs.google.com\/presentation\/d\/122VJJOC__5H90i8XKi6J2LOGUzTMcvRAIq7_fcIbZpw\/edit?usp=sharing\" target=\"_blank\" rel=\"noopener noreferrer\">allgemeine Problempunkte mit Erledigungsstatus<\/a>\u00a0Google\/Drive<\/p>\n<p><strong>August 2016<\/strong><br \/>\n<a href=\"https:\/\/docs.google.com\/presentation\/d\/1Nd-dqPSRS9cjjOQDkUqhlgYXCpWZyvsNyImYrGci4p8\/edit?usp=sharing\" target=\"_blank\" rel=\"noopener noreferrer\">Einbahnen, die in Gegenrichtung zum Radfahren ge\u00f6ffnet werden sollten<\/a>\u00a0Google\/Drive<\/p>\n<p><strong>Juli 2015<\/strong><br \/>\n<a href=\"https:\/\/docs.google.com\/presentation\/d\/17YZ_8uBPys8BNeJ1KEGMoFreoXRkq_kjFZn8L505DlI\/edit#slide=id.gb714e55eb_0_13\" target=\"_blank\" rel=\"noopener noreferrer\">alle bisherigen\u00a0Punkte mit Erledigungsstatus<\/a>\u00a0Google\/Drive<\/p>\n<p><strong><a href=\"http:\/\/docs.google.com\/presentation\/d\/1FbxE4PY1WRHY6FbeO80U-cXVZ4gFU0KNfSS55J-r9MI\/pub?start=false&amp;loop=false&amp;delayms=5000\" target=\"_blank\" rel=\"noopener noreferrer\">Juni 2015<\/a><\/strong>\u00a0Google\/Drive<\/p>\n<p><strong><a href=\"http:\/\/www.radlobby.org\/noe\/201405_radlobbymoedling-problempunkte_und_loesungsvorschlaege_mai_2014\/\" target=\"_blank\" rel=\"noopener noreferrer\">Mai 2014<\/a><\/strong>\u00a0PDF<\/p>\n<p><strong><a href=\"http:\/\/www.radlobby.org\/noe\/201401_radlobbymoedling-problempunkte_und_loesungsvorschlaege_jaenner_2014\/\" target=\"_blank\" rel=\"noopener noreferrer\">J\u00e4nner 2014<\/a><\/strong> PDF<\/p>\n<h5><strong><a id=\"andereGemeinden\"><\/a>BRUNN AM GEBIRGE<\/strong><\/h5>\n<p><strong>Mai 2021<br \/>\n<\/strong><a href=\"https:\/\/docs.google.com\/presentation\/d\/1RSJwqMpz9l77XD46BGm7szjkwTsuoTYtcNshBi2WkXM\/edit?usp=sharing\">Problempunkte und L\u00f6sungsvorschl\u00e4ge f\u00fcr Brunn am Gebirge<\/a> Google\/Drive<\/p>\n<h5><strong>GAADEN<\/strong><\/h5>\n<p><strong>November 2023<\/strong><br \/>\n<a href=\"https:\/\/docs.google.com\/presentation\/d\/1KZCKgPpprZS3hjwkPDAeyqY12W2oRaslIgPnH0KwRek\/edit#slide=id.g3ad38c095_2_75\">Verbesserungsvorschl\u00e4ge Gaaden (Stand 2023)<\/a> Google\/Drive<\/p>\n<h5><strong>GUNTRAMSDORF<\/strong><\/h5>\n<p><strong>Oktober 2020<\/strong><br \/>\n<a href=\"https:\/\/docs.google.com\/presentation\/d\/1coK4xnq7aXNff9HRboKyxHgHlJCxQiYx7WBQ307r6fQ\/edit?usp=sharing\">Verbesserungsvorschl\u00e4ge Guntramsdorf<\/a> Google\/Drive<\/p>\n<h5><strong>HINTERBR\u00dcHL<\/strong><\/h5>\n<p><strong>November 2023<br \/>\n<\/strong><a href=\"https:\/\/docs.google.com\/presentation\/d\/1nmbxD2Pqchzfi_Smf1vPMiXlUdIUiPIgNTanc9vSR1Q\/edit#slide=id.g27d1318660b_0_1\">Verbesserungsvorschl\u00e4ge Hinterbr\u00fchl (Stand 2023)<\/a> Google\/Drive<strong><br \/>\n<\/strong><\/p>\n<p><strong>Juni 2020<\/strong><br \/>\nProblempunkte und L\u00f6sungsvorschl\u00e4ge sowie Vorschl\u00e4ge f\u00fcr neue Projekte<br \/>\nf\u00fcr die Hinterbr\u00fchl:<br \/>\n1) <a href=\"https:\/\/docs.google.com\/presentation\/d\/1ri1td8Z4DCPjDvy8bIItJzMkAZSHngGxPcMUJit9EcM\/edit?usp=sharing\">Alle schon fr\u00fcher mit Vertretern der Marktgemeinde Hinterbr\u00fchl besprochenen Punkte mit aktuellem Status<\/a><br \/>\n2) <a href=\"https:\/\/docs.google.com\/presentation\/d\/19ZErd8hqxfrUlRTSF-D7R8_5pJv1WBebq_a28cTaHts\/edit?usp=sharing\">Neue Punkte 2020<\/a><\/p>\n<p><strong>September 2016<\/strong><br \/>\n<a href=\"https:\/\/docs.google.com\/presentation\/d\/1adxd8UtA-clO--ffhPBXgzWSkxJjbNHzoQ-2_wCFl0A\/edit#slide=id.g3ad38c095_2_75\" target=\"_blank\" rel=\"noopener noreferrer\">Problempunkte und L\u00f6sungsvorschl\u00e4ge sowie Vorschl\u00e4ge f\u00fcr neue Projekte f\u00fcr die Hinterbr\u00fchl<\/a>\u00a0Google\/Drive<\/p>\n<h5><strong>MARIA ENZERSDORF<\/strong><\/h5>\n<p><strong>Februar 2021<\/strong><br \/>\n<a href=\"https:\/\/docs.google.com\/presentation\/d\/1ya0ABO6lQix7UdnMUSjxi8sMS4s_FHInCFxcnZfjK-w\/edit?usp=sharing\">Problempunkte und L\u00f6sungsvorschl\u00e4ge f\u00fcr Maria Enzersdorf<\/a> Google\/Drive<\/p>\n<h5><strong>WIENER NEUDORF<\/strong><\/h5>\n<p><strong>Fr\u00fchjahr 2023<br \/>\n<\/strong><a href=\"https:\/\/docs.google.com\/presentation\/d\/1ixIVWg1LNwXIA-nZKIOVbtLBo9__FiCGStf2Ggfhj88\/edit?usp=sharing\">Problempunkte und L\u00f6sungsvorschl\u00e4ge f\u00fcr Wiener Neudorf<\/a> Google\/Drive<\/p>\n<p><strong>Herbst 2015<\/strong><br \/>\n<a href=\"https:\/\/docs.google.com\/presentation\/d\/1n1pTMLVb0ASq3TTeBWHVcHoYuVmiBLeih2Ylxc3zkU8\/edit#slide=id.g3ad38c095_2_75\">Problempunkte und L\u00f6sungsvorschl\u00e4ge f\u00fcr Wiener Neudorf <\/a>Google\/Drive<\/p>\n","protected":false},"excerpt":{"rendered":"<p>Problempunkte und L\u00f6sungsvorschl\u00e4ge der Radlobby M\u00f6dling Die Radlobby M\u00f6dling sammelt laufend Hinweise auf Punkte im Bezirk M\u00f6dling, die den RadfahrerInnen und Fu\u00dfg\u00e4ngerInnen die Fortbewegung erschweren oder an denen sie besonders gef\u00e4hrdet sind. Diese Punkte werden auch regelm\u00e4\u00dfig mit dem M\u00f6dlinger<\/p>\n","protected":false},"author":1,"featured_media":0,"parent":0,"menu_order":0,"comment_status":"closed","ping_status":"closed","template":"","meta":{"footnotes":""},"class_list":["post-802","page","type-page","status-publish","hentry"],"yoast_head":"<!-- This site is optimized with the Yoast SEO plugin v26.9 - https:\/\/yoast.com\/product\/yoast-seo-wordpress\/ -->\n<title>Unsere Vorschl\u00e4ge - Radlobby Nieder\u00f6sterreich<\/title>\n<meta name=\"robots\" content=\"index, follow, max-snippet:-1, max-image-preview:large, max-video-preview:-1\" \/>\n<link rel=\"canonical\" href=\"https:\/\/www.radlobby.org\/noe\/unsere-vorschlaege\/\" \/>\n<meta property=\"og:locale\" content=\"de_DE\" \/>\n<meta property=\"og:type\" content=\"article\" \/>\n<meta property=\"og:title\" content=\"Unsere Vorschl\u00e4ge - Radlobby Nieder\u00f6sterreich\" \/>\n<meta property=\"og:description\" content=\"Problempunkte und L\u00f6sungsvorschl\u00e4ge der Radlobby M\u00f6dling Die Radlobby M\u00f6dling sammelt laufend Hinweise auf Punkte im Bezirk M\u00f6dling, die den RadfahrerInnen und Fu\u00dfg\u00e4ngerInnen die Fortbewegung erschweren oder an denen sie besonders gef\u00e4hrdet sind. Diese Punkte werden auch regelm\u00e4\u00dfig mit dem M\u00f6dlinger\" \/>\n<meta property=\"og:url\" content=\"https:\/\/www.radlobby.org\/noe\/unsere-vorschlaege\/\" \/>\n<meta property=\"og:site_name\" content=\"Radlobby Nieder\u00f6sterreich\" \/>\n<meta property=\"article:publisher\" content=\"https:\/\/www.facebook.com\/groups\/radfahren.in.noe\/\" \/>\n<meta property=\"article:modified_time\" content=\"2025-07-21T16:31:48+00:00\" \/>\n<meta property=\"og:image\" content=\"https:\/\/www.radlobby.org\/noe\/wp-content\/uploads\/20200101-RLWN-Neujahrsaradeln-DSC_0105a_1900px-1.jpg\" \/>\n\t<meta property=\"og:image:width\" content=\"1900\" \/>\n\t<meta property=\"og:image:height\" content=\"770\" \/>\n\t<meta property=\"og:image:type\" content=\"image\/jpeg\" \/>\n<meta name=\"twitter:card\" content=\"summary_large_image\" \/>\n<meta name=\"twitter:label1\" content=\"Gesch\u00e4tzte Lesezeit\" \/>\n\t<meta name=\"twitter:data1\" content=\"2\u00a0Minuten\" \/>\n<script type=\"application\/ld+json\" class=\"yoast-schema-graph\">{\"@context\":\"https:\/\/schema.org\",\"@graph\":[{\"@type\":\"WebPage\",\"@id\":\"https:\/\/www.radlobby.org\/noe\/unsere-vorschlaege\/\",\"url\":\"https:\/\/www.radlobby.org\/noe\/unsere-vorschlaege\/\",\"name\":\"Unsere Vorschl\u00e4ge - Radlobby Nieder\u00f6sterreich\",\"isPartOf\":{\"@id\":\"https:\/\/www.radlobby.org\/noe\/#website\"},\"datePublished\":\"2016-12-12T11:09:45+00:00\",\"dateModified\":\"2025-07-21T16:31:48+00:00\",\"breadcrumb\":{\"@id\":\"https:\/\/www.radlobby.org\/noe\/unsere-vorschlaege\/#breadcrumb\"},\"inLanguage\":\"de\",\"potentialAction\":[{\"@type\":\"ReadAction\",\"target\":[\"https:\/\/www.radlobby.org\/noe\/unsere-vorschlaege\/\"]}]},{\"@type\":\"BreadcrumbList\",\"@id\":\"https:\/\/www.radlobby.org\/noe\/unsere-vorschlaege\/#breadcrumb\",\"itemListElement\":[{\"@type\":\"ListItem\",\"position\":1,\"name\":\"Startseite\",\"item\":\"https:\/\/www.radlobby.org\/noe\/\"},{\"@type\":\"ListItem\",\"position\":2,\"name\":\"Unsere Vorschl\u00e4ge\"}]},{\"@type\":\"WebSite\",\"@id\":\"https:\/\/www.radlobby.org\/noe\/#website\",\"url\":\"https:\/\/www.radlobby.org\/noe\/\",\"name\":\"Radlobby Nieder\u00f6sterreich\",\"description\":\"Radverkehr, Fahrrad, Radfahren, Radreisen, Radtouren, Radweg\",\"publisher\":{\"@id\":\"https:\/\/www.radlobby.org\/noe\/#organization\"},\"potentialAction\":[{\"@type\":\"SearchAction\",\"target\":{\"@type\":\"EntryPoint\",\"urlTemplate\":\"https:\/\/www.radlobby.org\/noe\/?s={search_term_string}\"},\"query-input\":{\"@type\":\"PropertyValueSpecification\",\"valueRequired\":true,\"valueName\":\"search_term_string\"}}],\"inLanguage\":\"de\"},{\"@type\":\"Organization\",\"@id\":\"https:\/\/www.radlobby.org\/noe\/#organization\",\"name\":\"Radlobby Nieder\u00f6sterreich\",\"url\":\"https:\/\/www.radlobby.org\/noe\/\",\"logo\":{\"@type\":\"ImageObject\",\"inLanguage\":\"de\",\"@id\":\"https:\/\/www.radlobby.org\/noe\/#\/schema\/logo\/image\/\",\"url\":\"https:\/\/www.radlobby.org\/noe\/wp-content\/uploads\/2017\/01\/cropped-Logo_Radlobby_Niederoesterreich_50-400px_quer-1.jpg\",\"contentUrl\":\"https:\/\/www.radlobby.org\/noe\/wp-content\/uploads\/2017\/01\/cropped-Logo_Radlobby_Niederoesterreich_50-400px_quer-1.jpg\",\"width\":450,\"height\":124,\"caption\":\"Radlobby Nieder\u00f6sterreich\"},\"image\":{\"@id\":\"https:\/\/www.radlobby.org\/noe\/#\/schema\/logo\/image\/\"},\"sameAs\":[\"https:\/\/www.facebook.com\/groups\/radfahren.in.noe\/\"]}]}<\/script>\n<!-- \/ Yoast SEO plugin. -->","yoast_head_json":{"title":"Unsere Vorschl\u00e4ge - Radlobby Nieder\u00f6sterreich","robots":{"index":"index","follow":"follow","max-snippet":"max-snippet:-1","max-image-preview":"max-image-preview:large","max-video-preview":"max-video-preview:-1"},"canonical":"https:\/\/www.radlobby.org\/noe\/unsere-vorschlaege\/","og_locale":"de_DE","og_type":"article","og_title":"Unsere Vorschl\u00e4ge - Radlobby Nieder\u00f6sterreich","og_description":"Problempunkte und L\u00f6sungsvorschl\u00e4ge der Radlobby M\u00f6dling Die Radlobby M\u00f6dling sammelt laufend Hinweise auf Punkte im Bezirk M\u00f6dling, die den RadfahrerInnen und Fu\u00dfg\u00e4ngerInnen die Fortbewegung erschweren oder an denen sie besonders gef\u00e4hrdet sind. Diese Punkte werden auch regelm\u00e4\u00dfig mit dem M\u00f6dlinger","og_url":"https:\/\/www.radlobby.org\/noe\/unsere-vorschlaege\/","og_site_name":"Radlobby Nieder\u00f6sterreich","article_publisher":"https:\/\/www.facebook.com\/groups\/radfahren.in.noe\/","article_modified_time":"2025-07-21T16:31:48+00:00","og_image":[{"width":1900,"height":770,"url":"https:\/\/www.radlobby.org\/noe\/wp-content\/uploads\/20200101-RLWN-Neujahrsaradeln-DSC_0105a_1900px-1.jpg","type":"image\/jpeg"}],"twitter_card":"summary_large_image","twitter_misc":{"Gesch\u00e4tzte Lesezeit":"2\u00a0Minuten"},"schema":{"@context":"https:\/\/schema.org","@graph":[{"@type":"WebPage","@id":"https:\/\/www.radlobby.org\/noe\/unsere-vorschlaege\/","url":"https:\/\/www.radlobby.org\/noe\/unsere-vorschlaege\/","name":"Unsere Vorschl\u00e4ge - Radlobby Nieder\u00f6sterreich","isPartOf":{"@id":"https:\/\/www.radlobby.org\/noe\/#website"},"datePublished":"2016-12-12T11:09:45+00:00","dateModified":"2025-07-21T16:31:48+00:00","breadcrumb":{"@id":"https:\/\/www.radlobby.org\/noe\/unsere-vorschlaege\/#breadcrumb"},"inLanguage":"de","potentialAction":[{"@type":"ReadAction","target":["https:\/\/www.radlobby.org\/noe\/unsere-vorschlaege\/"]}]},{"@type":"BreadcrumbList","@id":"https:\/\/www.radlobby.org\/noe\/unsere-vorschlaege\/#breadcrumb","itemListElement":[{"@type":"ListItem","position":1,"name":"Startseite","item":"https:\/\/www.radlobby.org\/noe\/"},{"@type":"ListItem","position":2,"name":"Unsere Vorschl\u00e4ge"}]},{"@type":"WebSite","@id":"https:\/\/www.radlobby.org\/noe\/#website","url":"https:\/\/www.radlobby.org\/noe\/","name":"Radlobby Nieder\u00f6sterreich","description":"Radverkehr, Fahrrad, Radfahren, Radreisen, Radtouren, Radweg","publisher":{"@id":"https:\/\/www.radlobby.org\/noe\/#organization"},"potentialAction":[{"@type":"SearchAction","target":{"@type":"EntryPoint","urlTemplate":"https:\/\/www.radlobby.org\/noe\/?s={search_term_string}"},"query-input":{"@type":"PropertyValueSpecification","valueRequired":true,"valueName":"search_term_string"}}],"inLanguage":"de"},{"@type":"Organization","@id":"https:\/\/www.radlobby.org\/noe\/#organization","name":"Radlobby Nieder\u00f6sterreich","url":"https:\/\/www.radlobby.org\/noe\/","logo":{"@type":"ImageObject","inLanguage":"de","@id":"https:\/\/www.radlobby.org\/noe\/#\/schema\/logo\/image\/","url":"https:\/\/www.radlobby.org\/noe\/wp-content\/uploads\/2017\/01\/cropped-Logo_Radlobby_Niederoesterreich_50-400px_quer-1.jpg","contentUrl":"https:\/\/www.radlobby.org\/noe\/wp-content\/uploads\/2017\/01\/cropped-Logo_Radlobby_Niederoesterreich_50-400px_quer-1.jpg","width":450,"height":124,"caption":"Radlobby Nieder\u00f6sterreich"},"image":{"@id":"https:\/\/www.radlobby.org\/noe\/#\/schema\/logo\/image\/"},"sameAs":["https:\/\/www.facebook.com\/groups\/radfahren.in.noe\/"]}]}},"_links":{"self":[{"href":"https:\/\/www.radlobby.org\/noe\/wp-json\/wp\/v2\/pages\/802","targetHints":{"allow":["GET"]}}],"collection":[{"href":"https:\/\/www.radlobby.org\/noe\/wp-json\/wp\/v2\/pages"}],"about":[{"href":"https:\/\/www.radlobby.org\/noe\/wp-json\/wp\/v2\/types\/page"}],"author":[{"embeddable":true,"href":"https:\/\/www.radlobby.org\/noe\/wp-json\/wp\/v2\/users\/1"}],"replies":[{"embeddable":true,"href":"https:\/\/www.radlobby.org\/noe\/wp-json\/wp\/v2\/comments?post=802"}],"version-history":[{"count":14,"href":"https:\/\/www.radlobby.org\/noe\/wp-json\/wp\/v2\/pages\/802\/revisions"}],"predecessor-version":[{"id":39669,"href":"https:\/\/www.radlobby.org\/noe\/wp-json\/wp\/v2\/pages\/802\/revisions\/39669"}],"wp:attachment":[{"href":"https:\/\/www.radlobby.org\/noe\/wp-json\/wp\/v2\/media?parent=802"}],"curies":[{"name":"wp","href":"https:\/\/api.w.org\/{rel}","templated":true}]}}