{"id":794,"date":"2016-12-12T11:35:23","date_gmt":"2016-12-12T10:35:23","guid":{"rendered":"http:\/\/www.radlobby.org\/noe\/?page_id=794"},"modified":"2026-04-16T14:31:01","modified_gmt":"2026-04-16T12:31:01","slug":"termine-im-bezirk-moedling","status":"publish","type":"page","link":"https:\/\/www.radlobby.org\/noe\/termine-im-bezirk-moedling\/","title":{"rendered":"Termine im Bezirk M\u00f6dling"},"content":{"rendered":"<h4>Monatliches Radlobby-Treffen:<\/h4>\n<p>Die monatlichen Radlobby-Treffen finden jeden 3. Mittwoch im Monat um 18:30 Uhr statt<\/p>\n<ul>\n<li>in den Sommermonaten <strong>Mai bis September<\/strong> im <strong>Restaurant Bachstub&#8217;n<\/strong>, M\u00f6dling, Duursmagasse 13;<\/li>\n<li>in den Wintermonaten <strong>Oktober bis April<\/strong> im <strong>Gasthaus Juhasz<\/strong>, M\u00f6dling, <span class=\"\">Grutschgasse 4<\/span>.<\/li>\n<\/ul>\n<p>Bei Teilnahmewunsch <strong>bitte um Anmeldung<\/strong> \u00fcber <a href=\"mailto:moedling@radlobby.at\">moedling@radlobby.at<\/a><\/p>\n<hr \/>\n<h4>Samstag, 18. April 2026, ab 9:30 Uhr:<br \/>\nGr\u00fcne Fahrradb\u00f6rse M\u00f6dling<br \/>\n<a href=\"https:\/\/www.radlobby.org\/noe\/wp-content\/uploads\/Fahrradboerse_2026.jpg\" data-src=\"https:\/\/www.radlobby.org\/noe\/wp-content\/uploads\/Fahrradboerse_2026.jpg\" data-thumb=\"https:\/\/www.radlobby.org\/noe\/wp-content\/uploads\/Fahrradboerse_2026.jpg\" class=\"ml-lightbox-enabled\"><img loading=\"lazy\" decoding=\"async\" class=\"alignnone wp-image-41427\" src=\"https:\/\/www.radlobby.org\/noe\/wp-content\/uploads\/Fahrradboerse_2026.jpg\" alt=\"\" width=\"255\" height=\"360\" srcset=\"https:\/\/www.radlobby.org\/noe\/wp-content\/uploads\/Fahrradboerse_2026.jpg 744w, https:\/\/www.radlobby.org\/noe\/wp-content\/uploads\/Fahrradboerse_2026-213x300.jpg 213w\" sizes=\"auto, (max-width: 255px) 100vw, 255px\" \/><\/a><\/h4>\n<p>Ort: M\u00f6dling, Europaplatz \/ Kaiserin-Elisabeth-Stra\u00dfe 28<\/p>\n<p>Kaufe oder verkaufe ein Fahrrad zum Second-Hand-Preis.<br \/>\nDu setzt Deinen Verkaufspreis fest und die Fahrradb\u00f6rse \u00fcbernimmt f\u00fcr Dich den Verkauf. 10 % des Verkaufspreises werden an ein Sozialprojekt in M\u00f6dling gespendet.<\/p>\n<p>Es wird auch kostenlose &#8220;Hilfe zur Selbstreparatur&#8221; durch zwei Fahrradmechaniker angeboten. (Ersatzteile sind zu bezahlen.)<\/p>\n<p>Annahme der Fahrr\u00e4der (max. 2 pro Person): 9:30 &#8211; 10:30<br \/>\nVerkauf &amp; Kauf: 10:45 &#8211; 14:00<br \/>\nAuszahlung &amp; Abolung: 14:00 &#8211; 14:45<\/p>\n<p>Eine Veranstaltung der Gr\u00fcnen M\u00f6dling.<\/p>\n<hr \/>\n<h4>Samstag, 9. Mai 2026 ab 9:00 Uhr<br \/>\nPflanzen- und Fahrradb\u00f6rse mit Fahrrad-Check der Breitenfurter Gr\u00fcnen<\/h4>\n<p><a href=\"https:\/\/www.radlobby.org\/noe\/wp-content\/uploads\/20260509_PR-Boerse_Breitenfurt.pdf\" target=\"_blank\" rel=\"noopener\"><img loading=\"lazy\" decoding=\"async\" class=\"alignnone wp-image-41810\" src=\"https:\/\/www.radlobby.org\/noe\/wp-content\/uploads\/20260509_PR-Boerse_Breitenfurt.jpg\" alt=\"\" width=\"255\" height=\"359\" srcset=\"https:\/\/www.radlobby.org\/noe\/wp-content\/uploads\/20260509_PR-Boerse_Breitenfurt.jpg 800w, https:\/\/www.radlobby.org\/noe\/wp-content\/uploads\/20260509_PR-Boerse_Breitenfurt-213x300.jpg 213w, https:\/\/www.radlobby.org\/noe\/wp-content\/uploads\/20260509_PR-Boerse_Breitenfurt-768x1082.jpg 768w\" sizes=\"auto, (max-width: 255px) 100vw, 255px\" \/><\/a><\/p>\n<p>Ort: Breitenfurt, Hirschentanzstra\u00dfe 4, Parkplatz Santorini im Gr\u00fcnen Baum<br \/>\nZeit: 9 &#8211; 12 Uhr<\/p>\n<p>Bringen Sie ihr Rad zum Verkauf oder zum Fahrradcheck!<\/p>\n<p>Fahrradcheck: Kleinere Reparaturen werden von unserer Fachfrau gratis durchgef\u00fchrt! Dazu z\u00e4hlen die Kontrolle von wesentlichen Komponenten wie Laufr\u00e4der, Bremsen oder Schaltung. Auch einen kaputten Schlauch k\u00f6nnen wir bei herk\u00f6mmlichen Fahrr\u00e4dern wechseln.<\/p>\n<p>Fahrradb\u00f6rse: Pro Person k\u00f6nnen maximal zwei Fahrr\u00e4der gebracht werden. Sie setzen Ihren Verkaufspreis fest und die Fahrradb\u00f6rse \u00fcbernimmt f\u00fcr Sie den Verkauf. Auszahlung und Abholung von 11.30 bis 12 Uhr.<\/p>\n<p>Pflanzenb\u00f6rse: Pflanzen, die zu gro\u00df geworden sind, oder die Sie gerne hergeben wollen, sind willkommen! Oder Sie bringen Setzlinge mit, wenn zu viele aufgegangen sind, und tauschen diese gegen andere ein. Suchen Sie sich auch gerne neue Pflanzen aus, die Sie noch nicht kennen oder die in Ihrem Sortiment fehlen!<\/p>\n<hr \/>\n<h4>Alle Radlobby-Termine in Nieder\u00f6sterreich:<br \/>\n<iframe loading=\"lazy\" style=\"border-width: 0;\" src=\"https:\/\/calendar.google.com\/calendar\/embed?height=700&amp;wkst=2&amp;ctz=Europe%2FVienna&amp;showPrint=0&amp;showTabs=0&amp;mode=AGENDA&amp;showTz=0&amp;showCalendars=0&amp;showTitle=0&amp;src=Y19kNjE3ZjI1OGFiMDE4N2NkY2NmOWUzOGM5M2ExMGFjYmUxMzc4OTA2NDI2OTIwMjY0YWViZDIxNjRkNjIyYjVjQGdyb3VwLmNhbGVuZGFyLmdvb2dsZS5jb20&amp;color=%233f51b5\" width=\"100%\" height=\"700\" frameborder=\"0\" scrolling=\"yes\"><\/iframe><\/h4>\n","protected":false},"excerpt":{"rendered":"<p>Monatliches Radlobby-Treffen: Die monatlichen Radlobby-Treffen finden jeden 3. Mittwoch im Monat um 18:30 Uhr statt in den Sommermonaten Mai bis September im Restaurant Bachstub&#8217;n, M\u00f6dling, Duursmagasse 13; in den Wintermonaten Oktober bis April im Gasthaus Juhasz, M\u00f6dling, Grutschgasse 4. Bei<\/p>\n","protected":false},"author":1,"featured_media":0,"parent":0,"menu_order":0,"comment_status":"closed","ping_status":"closed","template":"","meta":{"footnotes":""},"class_list":["post-794","page","type-page","status-publish","hentry"],"yoast_head":"<!-- This site is optimized with the Yoast SEO plugin v26.9 - https:\/\/yoast.com\/product\/yoast-seo-wordpress\/ -->\n<title>Termine im Bezirk M\u00f6dling - Radlobby Nieder\u00f6sterreich<\/title>\n<meta name=\"robots\" content=\"index, follow, max-snippet:-1, max-image-preview:large, max-video-preview:-1\" \/>\n<link rel=\"canonical\" href=\"https:\/\/www.radlobby.org\/noe\/termine-im-bezirk-moedling\/\" \/>\n<meta property=\"og:locale\" content=\"de_DE\" \/>\n<meta property=\"og:type\" content=\"article\" \/>\n<meta property=\"og:title\" content=\"Termine im Bezirk M\u00f6dling - Radlobby Nieder\u00f6sterreich\" \/>\n<meta property=\"og:description\" content=\"Monatliches Radlobby-Treffen: Die monatlichen Radlobby-Treffen finden jeden 3. Mittwoch im Monat um 18:30 Uhr statt in den Sommermonaten Mai bis September im Restaurant Bachstub&#8217;n, M\u00f6dling, Duursmagasse 13; in den Wintermonaten Oktober bis April im Gasthaus Juhasz, M\u00f6dling, Grutschgasse 4. Bei\" \/>\n<meta property=\"og:url\" content=\"https:\/\/www.radlobby.org\/noe\/termine-im-bezirk-moedling\/\" \/>\n<meta property=\"og:site_name\" content=\"Radlobby Nieder\u00f6sterreich\" \/>\n<meta property=\"article:publisher\" content=\"https:\/\/www.facebook.com\/groups\/radfahren.in.noe\/\" \/>\n<meta property=\"article:modified_time\" content=\"2026-04-16T12:31:01+00:00\" \/>\n<meta property=\"og:image\" content=\"https:\/\/www.radlobby.org\/noe\/wp-content\/uploads\/Fahrradboerse_2026.jpg\" \/>\n\t<meta property=\"og:image:width\" content=\"744\" \/>\n\t<meta property=\"og:image:height\" content=\"1049\" \/>\n\t<meta property=\"og:image:type\" content=\"image\/jpeg\" \/>\n<meta name=\"twitter:card\" content=\"summary_large_image\" \/>\n<meta name=\"twitter:label1\" content=\"Gesch\u00e4tzte Lesezeit\" \/>\n\t<meta name=\"twitter:data1\" content=\"2\u00a0Minuten\" \/>\n<script type=\"application\/ld+json\" class=\"yoast-schema-graph\">{\"@context\":\"https:\/\/schema.org\",\"@graph\":[{\"@type\":\"WebPage\",\"@id\":\"https:\/\/www.radlobby.org\/noe\/termine-im-bezirk-moedling\/\",\"url\":\"https:\/\/www.radlobby.org\/noe\/termine-im-bezirk-moedling\/\",\"name\":\"Termine im Bezirk M\u00f6dling - Radlobby Nieder\u00f6sterreich\",\"isPartOf\":{\"@id\":\"https:\/\/www.radlobby.org\/noe\/#website\"},\"primaryImageOfPage\":{\"@id\":\"https:\/\/www.radlobby.org\/noe\/termine-im-bezirk-moedling\/#primaryimage\"},\"image\":{\"@id\":\"https:\/\/www.radlobby.org\/noe\/termine-im-bezirk-moedling\/#primaryimage\"},\"thumbnailUrl\":\"https:\/\/www.radlobby.org\/noe\/wp-content\/uploads\/Fahrradboerse_2026.jpg\",\"datePublished\":\"2016-12-12T10:35:23+00:00\",\"dateModified\":\"2026-04-16T12:31:01+00:00\",\"breadcrumb\":{\"@id\":\"https:\/\/www.radlobby.org\/noe\/termine-im-bezirk-moedling\/#breadcrumb\"},\"inLanguage\":\"de\",\"potentialAction\":[{\"@type\":\"ReadAction\",\"target\":[\"https:\/\/www.radlobby.org\/noe\/termine-im-bezirk-moedling\/\"]}]},{\"@type\":\"ImageObject\",\"inLanguage\":\"de\",\"@id\":\"https:\/\/www.radlobby.org\/noe\/termine-im-bezirk-moedling\/#primaryimage\",\"url\":\"https:\/\/www.radlobby.org\/noe\/wp-content\/uploads\/Fahrradboerse_2026.jpg\",\"contentUrl\":\"https:\/\/www.radlobby.org\/noe\/wp-content\/uploads\/Fahrradboerse_2026.jpg\"},{\"@type\":\"BreadcrumbList\",\"@id\":\"https:\/\/www.radlobby.org\/noe\/termine-im-bezirk-moedling\/#breadcrumb\",\"itemListElement\":[{\"@type\":\"ListItem\",\"position\":1,\"name\":\"Startseite\",\"item\":\"https:\/\/www.radlobby.org\/noe\/\"},{\"@type\":\"ListItem\",\"position\":2,\"name\":\"Termine im Bezirk M\u00f6dling\"}]},{\"@type\":\"WebSite\",\"@id\":\"https:\/\/www.radlobby.org\/noe\/#website\",\"url\":\"https:\/\/www.radlobby.org\/noe\/\",\"name\":\"Radlobby Nieder\u00f6sterreich\",\"description\":\"Radverkehr, Fahrrad, Radfahren, Radreisen, Radtouren, Radweg\",\"publisher\":{\"@id\":\"https:\/\/www.radlobby.org\/noe\/#organization\"},\"potentialAction\":[{\"@type\":\"SearchAction\",\"target\":{\"@type\":\"EntryPoint\",\"urlTemplate\":\"https:\/\/www.radlobby.org\/noe\/?s={search_term_string}\"},\"query-input\":{\"@type\":\"PropertyValueSpecification\",\"valueRequired\":true,\"valueName\":\"search_term_string\"}}],\"inLanguage\":\"de\"},{\"@type\":\"Organization\",\"@id\":\"https:\/\/www.radlobby.org\/noe\/#organization\",\"name\":\"Radlobby Nieder\u00f6sterreich\",\"url\":\"https:\/\/www.radlobby.org\/noe\/\",\"logo\":{\"@type\":\"ImageObject\",\"inLanguage\":\"de\",\"@id\":\"https:\/\/www.radlobby.org\/noe\/#\/schema\/logo\/image\/\",\"url\":\"https:\/\/www.radlobby.org\/noe\/wp-content\/uploads\/2017\/01\/cropped-Logo_Radlobby_Niederoesterreich_50-400px_quer-1.jpg\",\"contentUrl\":\"https:\/\/www.radlobby.org\/noe\/wp-content\/uploads\/2017\/01\/cropped-Logo_Radlobby_Niederoesterreich_50-400px_quer-1.jpg\",\"width\":450,\"height\":124,\"caption\":\"Radlobby Nieder\u00f6sterreich\"},\"image\":{\"@id\":\"https:\/\/www.radlobby.org\/noe\/#\/schema\/logo\/image\/\"},\"sameAs\":[\"https:\/\/www.facebook.com\/groups\/radfahren.in.noe\/\"]}]}<\/script>\n<!-- \/ Yoast SEO plugin. -->","yoast_head_json":{"title":"Termine im Bezirk M\u00f6dling - Radlobby Nieder\u00f6sterreich","robots":{"index":"index","follow":"follow","max-snippet":"max-snippet:-1","max-image-preview":"max-image-preview:large","max-video-preview":"max-video-preview:-1"},"canonical":"https:\/\/www.radlobby.org\/noe\/termine-im-bezirk-moedling\/","og_locale":"de_DE","og_type":"article","og_title":"Termine im Bezirk M\u00f6dling - Radlobby Nieder\u00f6sterreich","og_description":"Monatliches Radlobby-Treffen: Die monatlichen Radlobby-Treffen finden jeden 3. Mittwoch im Monat um 18:30 Uhr statt in den Sommermonaten Mai bis September im Restaurant Bachstub&#8217;n, M\u00f6dling, Duursmagasse 13; in den Wintermonaten Oktober bis April im Gasthaus Juhasz, M\u00f6dling, Grutschgasse 4. Bei","og_url":"https:\/\/www.radlobby.org\/noe\/termine-im-bezirk-moedling\/","og_site_name":"Radlobby Nieder\u00f6sterreich","article_publisher":"https:\/\/www.facebook.com\/groups\/radfahren.in.noe\/","article_modified_time":"2026-04-16T12:31:01+00:00","og_image":[{"width":744,"height":1049,"url":"https:\/\/www.radlobby.org\/noe\/wp-content\/uploads\/Fahrradboerse_2026.jpg","type":"image\/jpeg"}],"twitter_card":"summary_large_image","twitter_misc":{"Gesch\u00e4tzte Lesezeit":"2\u00a0Minuten"},"schema":{"@context":"https:\/\/schema.org","@graph":[{"@type":"WebPage","@id":"https:\/\/www.radlobby.org\/noe\/termine-im-bezirk-moedling\/","url":"https:\/\/www.radlobby.org\/noe\/termine-im-bezirk-moedling\/","name":"Termine im Bezirk M\u00f6dling - Radlobby Nieder\u00f6sterreich","isPartOf":{"@id":"https:\/\/www.radlobby.org\/noe\/#website"},"primaryImageOfPage":{"@id":"https:\/\/www.radlobby.org\/noe\/termine-im-bezirk-moedling\/#primaryimage"},"image":{"@id":"https:\/\/www.radlobby.org\/noe\/termine-im-bezirk-moedling\/#primaryimage"},"thumbnailUrl":"https:\/\/www.radlobby.org\/noe\/wp-content\/uploads\/Fahrradboerse_2026.jpg","datePublished":"2016-12-12T10:35:23+00:00","dateModified":"2026-04-16T12:31:01+00:00","breadcrumb":{"@id":"https:\/\/www.radlobby.org\/noe\/termine-im-bezirk-moedling\/#breadcrumb"},"inLanguage":"de","potentialAction":[{"@type":"ReadAction","target":["https:\/\/www.radlobby.org\/noe\/termine-im-bezirk-moedling\/"]}]},{"@type":"ImageObject","inLanguage":"de","@id":"https:\/\/www.radlobby.org\/noe\/termine-im-bezirk-moedling\/#primaryimage","url":"https:\/\/www.radlobby.org\/noe\/wp-content\/uploads\/Fahrradboerse_2026.jpg","contentUrl":"https:\/\/www.radlobby.org\/noe\/wp-content\/uploads\/Fahrradboerse_2026.jpg"},{"@type":"BreadcrumbList","@id":"https:\/\/www.radlobby.org\/noe\/termine-im-bezirk-moedling\/#breadcrumb","itemListElement":[{"@type":"ListItem","position":1,"name":"Startseite","item":"https:\/\/www.radlobby.org\/noe\/"},{"@type":"ListItem","position":2,"name":"Termine im Bezirk M\u00f6dling"}]},{"@type":"WebSite","@id":"https:\/\/www.radlobby.org\/noe\/#website","url":"https:\/\/www.radlobby.org\/noe\/","name":"Radlobby Nieder\u00f6sterreich","description":"Radverkehr, Fahrrad, Radfahren, Radreisen, Radtouren, Radweg","publisher":{"@id":"https:\/\/www.radlobby.org\/noe\/#organization"},"potentialAction":[{"@type":"SearchAction","target":{"@type":"EntryPoint","urlTemplate":"https:\/\/www.radlobby.org\/noe\/?s={search_term_string}"},"query-input":{"@type":"PropertyValueSpecification","valueRequired":true,"valueName":"search_term_string"}}],"inLanguage":"de"},{"@type":"Organization","@id":"https:\/\/www.radlobby.org\/noe\/#organization","name":"Radlobby Nieder\u00f6sterreich","url":"https:\/\/www.radlobby.org\/noe\/","logo":{"@type":"ImageObject","inLanguage":"de","@id":"https:\/\/www.radlobby.org\/noe\/#\/schema\/logo\/image\/","url":"https:\/\/www.radlobby.org\/noe\/wp-content\/uploads\/2017\/01\/cropped-Logo_Radlobby_Niederoesterreich_50-400px_quer-1.jpg","contentUrl":"https:\/\/www.radlobby.org\/noe\/wp-content\/uploads\/2017\/01\/cropped-Logo_Radlobby_Niederoesterreich_50-400px_quer-1.jpg","width":450,"height":124,"caption":"Radlobby Nieder\u00f6sterreich"},"image":{"@id":"https:\/\/www.radlobby.org\/noe\/#\/schema\/logo\/image\/"},"sameAs":["https:\/\/www.facebook.com\/groups\/radfahren.in.noe\/"]}]}},"_links":{"self":[{"href":"https:\/\/www.radlobby.org\/noe\/wp-json\/wp\/v2\/pages\/794","targetHints":{"allow":["GET"]}}],"collection":[{"href":"https:\/\/www.radlobby.org\/noe\/wp-json\/wp\/v2\/pages"}],"about":[{"href":"https:\/\/www.radlobby.org\/noe\/wp-json\/wp\/v2\/types\/page"}],"author":[{"embeddable":true,"href":"https:\/\/www.radlobby.org\/noe\/wp-json\/wp\/v2\/users\/1"}],"replies":[{"embeddable":true,"href":"https:\/\/www.radlobby.org\/noe\/wp-json\/wp\/v2\/comments?post=794"}],"version-history":[{"count":101,"href":"https:\/\/www.radlobby.org\/noe\/wp-json\/wp\/v2\/pages\/794\/revisions"}],"predecessor-version":[{"id":41812,"href":"https:\/\/www.radlobby.org\/noe\/wp-json\/wp\/v2\/pages\/794\/revisions\/41812"}],"wp:attachment":[{"href":"https:\/\/www.radlobby.org\/noe\/wp-json\/wp\/v2\/media?parent=794"}],"curies":[{"name":"wp","href":"https:\/\/api.w.org\/{rel}","templated":true}]}}