{"id":633,"date":"2016-12-08T11:47:22","date_gmt":"2016-12-08T10:47:22","guid":{"rendered":"http:\/\/www.radlobby.org\/noe\/?page_id=633"},"modified":"2023-01-12T08:30:53","modified_gmt":"2023-01-12T07:30:53","slug":"radtourismus_kaernten","status":"publish","type":"page","link":"https:\/\/www.radlobby.org\/noe\/radtourismus_kaernten\/","title":{"rendered":"Radtourismus in K\u00e4rnten"},"content":{"rendered":"<p>[vc_row][vc_column][vc_column_text]<\/p>\n<h4 id=\"Radtouren\" style=\"text-align: center;\">Radlobby Nieder\u00f6sterreich\u00a0Radtouren-Portal &amp;\u00a0Radtourismus\u00a0Informationen<\/h4>\n<p style=\"text-align: center;\">Hier finden Sie alles rund um Fahrrad-Reisen\u00a0oder zu Tagesausfl\u00fcgen mit dem Rad.<br \/>\nWir entwickeln das Radtouren-Projekt laufend weiter,\u00a0um f\u00fcr Sie die sch\u00f6nsten Raderlebnisse erfahrbar zu machen.<\/p>\n<h4 style=\"text-align: center;\">\u00a0<img loading=\"lazy\" decoding=\"async\" class=\"size-thumbnail wp-image-561 alignnone\" src=\"http:\/\/www.radlobby.org\/noe\/wp-content\/uploads\/2016\/12\/20160903_Radlobby_Melk_Tweedride_D7C_9325_2-150x150.jpg\" alt=\"20160903_radlobby_melk_tweedride_d7c_9325_2\" width=\"150\" height=\"150\" srcset=\"https:\/\/www.radlobby.org\/noe\/wp-content\/uploads\/2016\/12\/20160903_Radlobby_Melk_Tweedride_D7C_9325_2-150x150.jpg 150w, https:\/\/www.radlobby.org\/noe\/wp-content\/uploads\/2016\/12\/20160903_Radlobby_Melk_Tweedride_D7C_9325_2-270x270.jpg 270w, https:\/\/www.radlobby.org\/noe\/wp-content\/uploads\/2016\/12\/20160903_Radlobby_Melk_Tweedride_D7C_9325_2-230x230.jpg 230w\" sizes=\"auto, (max-width: 150px) 100vw, 150px\" \/>\u00a0<img loading=\"lazy\" decoding=\"async\" class=\"size-full wp-image-565 alignnone\" src=\"http:\/\/www.radlobby.org\/noe\/wp-content\/uploads\/2016\/12\/Bild-Button_Radtouren_150px_04.jpg\" alt=\"bild-button_radtouren_150px_04\" width=\"150\" height=\"150\" \/>\u00a0<img loading=\"lazy\" decoding=\"async\" class=\"size-full wp-image-567 alignnone\" src=\"http:\/\/www.radlobby.org\/noe\/wp-content\/uploads\/2016\/12\/Bild-Button_Radtouren_150px_02.jpg\" alt=\"bild-button_radtouren_150px_02\" width=\"150\" height=\"150\" \/>\u00a0<img loading=\"lazy\" decoding=\"async\" class=\"size-full wp-image-568 alignnone\" src=\"http:\/\/www.radlobby.org\/noe\/wp-content\/uploads\/2016\/12\/Bild-Button_Radtouren_150px_01.jpg\" alt=\"bild-button_radtouren_150px_01\" width=\"150\" height=\"150\" \/>\u00a0<img loading=\"lazy\" decoding=\"async\" class=\"size-full wp-image-562 alignnone\" src=\"http:\/\/www.radlobby.org\/noe\/wp-content\/uploads\/2016\/12\/Bild-Button_Radtouren_150px_07.jpg\" alt=\"bild-button_radtouren_150px_07\" width=\"150\" height=\"150\" \/>\u00a0<img loading=\"lazy\" decoding=\"async\" class=\"size-full wp-image-563 alignnone\" src=\"http:\/\/www.radlobby.org\/noe\/wp-content\/uploads\/2016\/12\/Bild-Button_Radtouren_150px_06.jpg\" alt=\"bild-button_radtouren_150px_06\" width=\"150\" height=\"150\" \/>\u00a0<img loading=\"lazy\" decoding=\"async\" class=\"size-full wp-image-564 alignnone\" src=\"http:\/\/www.radlobby.org\/noe\/wp-content\/uploads\/2016\/12\/Bild-Button_Radtouren_150px_05.jpg\" alt=\"bild-button_radtouren_150px_05\" width=\"150\" height=\"150\" \/><\/h4>\n<p style=\"text-align: center;\">| \u00a0<a href=\"http:\/\/www.radlobby.org\/noe\/radlobby-radtouren\/#Radtouren\">Radlobby Touren<\/a> \u00a0| \u00a0<a href=\"http:\/\/www.radlobby.org\/noe\/radlobby-partner-radtouren\/#Radtouren\">Partner Touren<\/a> \u00a0| \u00a0<a href=\"http:\/\/www.radlobby.org\/noe\/radlobby-radtourentipps\/#Radtouren\">Tourentipps<\/a> \u00a0| \u00a0<a href=\"http:\/\/www.radlobby.org\/noe\/radlobby-radtouren-radkarten\/#Radtouren\">Radkarten<\/a> \u00a0|<\/p>\n<p style=\"text-align: center;\">Offizielle Radtourismus-Seiten<br \/>\n| \u00a0<a href=\"http:\/\/www.radlobby.org\/noe\/radtourismus_niederoesterreich\/#Radtouren\">Nieder\u00f6sterreich<\/a> \u00a0| \u00a0<a href=\"http:\/\/www.radlobby.org\/noe\/radtourismus_wien\/#Radtouren\">Wien<\/a> \u00a0| \u00a0<a href=\"http:\/\/www.radlobby.org\/noe\/radtourismus_oberoesterreich\/#Radtouren\">Ober\u00f6sterreich<\/a> \u00a0| \u00a0<a href=\"http:\/\/www.radlobby.org\/noe\/radtourismus_steiermark\/#Radtouren\">Steiermark<\/a> \u00a0| \u00a0<a href=\"http:\/\/www.radlobby.org\/noe\/radtourismus_burgenland\/#Radtouren\">Burgenland<\/a> \u00a0| \u00a0<a href=\"http:\/\/www.radlobby.org\/noe\/radtourismus_salzburg\/#Radtouren\">Salzburg<\/a> \u00a0| \u00a0<strong><a href=\"http:\/\/www.radlobby.org\/noe\/radtourismus_kaernten\/#Radtouren\">K\u00e4rnten<\/a>\u00a0<\/strong>\u00a0|\u00a0\u00a0<a href=\"http:\/\/www.radlobby.org\/noe\/radtourismus_tirol\/#Radtouren\">Tirol<\/a>\u00a0\u00a0|\u00a0\u00a0<a href=\"http:\/\/www.radlobby.org\/noe\/radtourismus_vorarlberg\/#Radtouren\">Vorarlberg<\/a>\u00a0\u00a0|<br \/>\n| \u00a0<a href=\"http:\/\/www.radlobby.org\/noe\/radtourismus_international\/#Radtouren\">Internationale Angebote<\/a> \u00a0|<\/p>\n<p>[\/vc_column_text][\/vc_column][\/vc_row][vc_row][vc_column][vc_separator border_width=&#8221;2&#8243;][\/vc_column][\/vc_row][vc_row][vc_column][vc_column_text]<\/p>\n<h4 style=\"text-align: center;\">Radtourismus in K\u00e4rnten<\/h4>\n<pre style=\"text-align: center;\"><img loading=\"lazy\" decoding=\"async\" class=\"alignnone wp-image-227 size-full\" src=\"http:\/\/www.radlobby.org\/noe\/wp-content\/uploads\/2016\/12\/Linie_blau_749x2px.gif\" width=\"749\" height=\"2\" \/>\r\n<a href=\"http:\/\/www.kaernten.at\/rad\/de\/articles\/thema\/genussradtouren\/\" target=\"_blank\" rel=\"noopener\">Seite in eigenem Fenster \u00f6ffnen<\/a><\/pre>\n<p>[\/vc_column_text][\/vc_column][\/vc_row][vc_row][vc_column][vc_column_text]<iframe loading=\"lazy\" name=\"iframe\" id=\"iframe\" src=\"http:\/\/www.kaernten.at\/rad\/de\/articles\/thema\/genussradtouren\/\" width=\"100%\" height=\"3500\"><\/iframe>[\/vc_column_text][\/vc_column][\/vc_row]<\/p>\n","protected":false},"excerpt":{"rendered":"<p>[vc_row][vc_column][vc_column_text] Radlobby Nieder\u00f6sterreich\u00a0Radtouren-Portal &amp;\u00a0Radtourismus\u00a0Informationen Hier finden Sie alles rund um Fahrrad-Reisen\u00a0oder zu Tagesausfl\u00fcgen mit dem Rad. Wir entwickeln das Radtouren-Projekt laufend weiter,\u00a0um f\u00fcr Sie die sch\u00f6nsten Raderlebnisse erfahrbar zu machen. \u00a0\u00a0\u00a0\u00a0\u00a0\u00a0\u00a0 | \u00a0Radlobby Touren \u00a0| \u00a0Partner Touren \u00a0| \u00a0Tourentipps \u00a0|<\/p>\n","protected":false},"author":1,"featured_media":0,"parent":0,"menu_order":0,"comment_status":"closed","ping_status":"closed","template":"","meta":{"footnotes":""},"class_list":["post-633","page","type-page","status-publish","hentry"],"yoast_head":"<!-- This site is optimized with the Yoast SEO plugin v26.9 - https:\/\/yoast.com\/product\/yoast-seo-wordpress\/ -->\n<title>Radtourismus in K\u00e4rnten - Radlobby Nieder\u00f6sterreich<\/title>\n<meta name=\"robots\" content=\"index, follow, max-snippet:-1, max-image-preview:large, max-video-preview:-1\" \/>\n<link rel=\"canonical\" href=\"https:\/\/www.radlobby.org\/noe\/radtourismus_kaernten\/\" \/>\n<meta property=\"og:locale\" content=\"de_DE\" \/>\n<meta property=\"og:type\" content=\"article\" \/>\n<meta property=\"og:title\" content=\"Radtourismus in K\u00e4rnten - Radlobby Nieder\u00f6sterreich\" \/>\n<meta property=\"og:description\" content=\"[vc_row][vc_column][vc_column_text] Radlobby Nieder\u00f6sterreich\u00a0Radtouren-Portal &amp;\u00a0Radtourismus\u00a0Informationen Hier finden Sie alles rund um Fahrrad-Reisen\u00a0oder zu Tagesausfl\u00fcgen mit dem Rad. Wir entwickeln das Radtouren-Projekt laufend weiter,\u00a0um f\u00fcr Sie die sch\u00f6nsten Raderlebnisse erfahrbar zu machen. \u00a0\u00a0\u00a0\u00a0\u00a0\u00a0\u00a0 | \u00a0Radlobby Touren \u00a0| \u00a0Partner Touren \u00a0| \u00a0Tourentipps \u00a0|\" \/>\n<meta property=\"og:url\" content=\"https:\/\/www.radlobby.org\/noe\/radtourismus_kaernten\/\" \/>\n<meta property=\"og:site_name\" content=\"Radlobby Nieder\u00f6sterreich\" \/>\n<meta property=\"article:publisher\" content=\"https:\/\/www.facebook.com\/groups\/radfahren.in.noe\/\" \/>\n<meta property=\"article:modified_time\" content=\"2023-01-12T07:30:53+00:00\" \/>\n<meta property=\"og:image\" content=\"http:\/\/www.radlobby.org\/noe\/wp-content\/uploads\/2016\/12\/20160903_Radlobby_Melk_Tweedride_D7C_9325_2-150x150.jpg\" \/>\n<meta name=\"twitter:card\" content=\"summary_large_image\" \/>\n<meta name=\"twitter:label1\" content=\"Gesch\u00e4tzte Lesezeit\" \/>\n\t<meta name=\"twitter:data1\" content=\"3\u00a0Minuten\" \/>\n<script type=\"application\/ld+json\" class=\"yoast-schema-graph\">{\"@context\":\"https:\/\/schema.org\",\"@graph\":[{\"@type\":\"WebPage\",\"@id\":\"https:\/\/www.radlobby.org\/noe\/radtourismus_kaernten\/\",\"url\":\"https:\/\/www.radlobby.org\/noe\/radtourismus_kaernten\/\",\"name\":\"Radtourismus in K\u00e4rnten - Radlobby Nieder\u00f6sterreich\",\"isPartOf\":{\"@id\":\"https:\/\/www.radlobby.org\/noe\/#website\"},\"primaryImageOfPage\":{\"@id\":\"https:\/\/www.radlobby.org\/noe\/radtourismus_kaernten\/#primaryimage\"},\"image\":{\"@id\":\"https:\/\/www.radlobby.org\/noe\/radtourismus_kaernten\/#primaryimage\"},\"thumbnailUrl\":\"http:\/\/www.radlobby.org\/noe\/wp-content\/uploads\/2016\/12\/20160903_Radlobby_Melk_Tweedride_D7C_9325_2-150x150.jpg\",\"datePublished\":\"2016-12-08T10:47:22+00:00\",\"dateModified\":\"2023-01-12T07:30:53+00:00\",\"breadcrumb\":{\"@id\":\"https:\/\/www.radlobby.org\/noe\/radtourismus_kaernten\/#breadcrumb\"},\"inLanguage\":\"de\",\"potentialAction\":[{\"@type\":\"ReadAction\",\"target\":[\"https:\/\/www.radlobby.org\/noe\/radtourismus_kaernten\/\"]}]},{\"@type\":\"ImageObject\",\"inLanguage\":\"de\",\"@id\":\"https:\/\/www.radlobby.org\/noe\/radtourismus_kaernten\/#primaryimage\",\"url\":\"https:\/\/www.radlobby.org\/noe\/wp-content\/uploads\/2016\/12\/20160903_Radlobby_Melk_Tweedride_D7C_9325_2.jpg\",\"contentUrl\":\"https:\/\/www.radlobby.org\/noe\/wp-content\/uploads\/2016\/12\/20160903_Radlobby_Melk_Tweedride_D7C_9325_2.jpg\",\"width\":1746,\"height\":983},{\"@type\":\"BreadcrumbList\",\"@id\":\"https:\/\/www.radlobby.org\/noe\/radtourismus_kaernten\/#breadcrumb\",\"itemListElement\":[{\"@type\":\"ListItem\",\"position\":1,\"name\":\"Startseite\",\"item\":\"https:\/\/www.radlobby.org\/noe\/\"},{\"@type\":\"ListItem\",\"position\":2,\"name\":\"Radtourismus in K\u00e4rnten\"}]},{\"@type\":\"WebSite\",\"@id\":\"https:\/\/www.radlobby.org\/noe\/#website\",\"url\":\"https:\/\/www.radlobby.org\/noe\/\",\"name\":\"Radlobby Nieder\u00f6sterreich\",\"description\":\"Radverkehr, Fahrrad, Radfahren, Radreisen, Radtouren, Radweg\",\"publisher\":{\"@id\":\"https:\/\/www.radlobby.org\/noe\/#organization\"},\"potentialAction\":[{\"@type\":\"SearchAction\",\"target\":{\"@type\":\"EntryPoint\",\"urlTemplate\":\"https:\/\/www.radlobby.org\/noe\/?s={search_term_string}\"},\"query-input\":{\"@type\":\"PropertyValueSpecification\",\"valueRequired\":true,\"valueName\":\"search_term_string\"}}],\"inLanguage\":\"de\"},{\"@type\":\"Organization\",\"@id\":\"https:\/\/www.radlobby.org\/noe\/#organization\",\"name\":\"Radlobby Nieder\u00f6sterreich\",\"url\":\"https:\/\/www.radlobby.org\/noe\/\",\"logo\":{\"@type\":\"ImageObject\",\"inLanguage\":\"de\",\"@id\":\"https:\/\/www.radlobby.org\/noe\/#\/schema\/logo\/image\/\",\"url\":\"https:\/\/www.radlobby.org\/noe\/wp-content\/uploads\/2017\/01\/cropped-Logo_Radlobby_Niederoesterreich_50-400px_quer-1.jpg\",\"contentUrl\":\"https:\/\/www.radlobby.org\/noe\/wp-content\/uploads\/2017\/01\/cropped-Logo_Radlobby_Niederoesterreich_50-400px_quer-1.jpg\",\"width\":450,\"height\":124,\"caption\":\"Radlobby Nieder\u00f6sterreich\"},\"image\":{\"@id\":\"https:\/\/www.radlobby.org\/noe\/#\/schema\/logo\/image\/\"},\"sameAs\":[\"https:\/\/www.facebook.com\/groups\/radfahren.in.noe\/\"]}]}<\/script>\n<!-- \/ Yoast SEO plugin. -->","yoast_head_json":{"title":"Radtourismus in K\u00e4rnten - Radlobby Nieder\u00f6sterreich","robots":{"index":"index","follow":"follow","max-snippet":"max-snippet:-1","max-image-preview":"max-image-preview:large","max-video-preview":"max-video-preview:-1"},"canonical":"https:\/\/www.radlobby.org\/noe\/radtourismus_kaernten\/","og_locale":"de_DE","og_type":"article","og_title":"Radtourismus in K\u00e4rnten - Radlobby Nieder\u00f6sterreich","og_description":"[vc_row][vc_column][vc_column_text] Radlobby Nieder\u00f6sterreich\u00a0Radtouren-Portal &amp;\u00a0Radtourismus\u00a0Informationen Hier finden Sie alles rund um Fahrrad-Reisen\u00a0oder zu Tagesausfl\u00fcgen mit dem Rad. Wir entwickeln das Radtouren-Projekt laufend weiter,\u00a0um f\u00fcr Sie die sch\u00f6nsten Raderlebnisse erfahrbar zu machen. \u00a0\u00a0\u00a0\u00a0\u00a0\u00a0\u00a0 | \u00a0Radlobby Touren \u00a0| \u00a0Partner Touren \u00a0| \u00a0Tourentipps \u00a0|","og_url":"https:\/\/www.radlobby.org\/noe\/radtourismus_kaernten\/","og_site_name":"Radlobby Nieder\u00f6sterreich","article_publisher":"https:\/\/www.facebook.com\/groups\/radfahren.in.noe\/","article_modified_time":"2023-01-12T07:30:53+00:00","og_image":[{"url":"http:\/\/www.radlobby.org\/noe\/wp-content\/uploads\/2016\/12\/20160903_Radlobby_Melk_Tweedride_D7C_9325_2-150x150.jpg","type":"","width":"","height":""}],"twitter_card":"summary_large_image","twitter_misc":{"Gesch\u00e4tzte Lesezeit":"3\u00a0Minuten"},"schema":{"@context":"https:\/\/schema.org","@graph":[{"@type":"WebPage","@id":"https:\/\/www.radlobby.org\/noe\/radtourismus_kaernten\/","url":"https:\/\/www.radlobby.org\/noe\/radtourismus_kaernten\/","name":"Radtourismus in K\u00e4rnten - Radlobby Nieder\u00f6sterreich","isPartOf":{"@id":"https:\/\/www.radlobby.org\/noe\/#website"},"primaryImageOfPage":{"@id":"https:\/\/www.radlobby.org\/noe\/radtourismus_kaernten\/#primaryimage"},"image":{"@id":"https:\/\/www.radlobby.org\/noe\/radtourismus_kaernten\/#primaryimage"},"thumbnailUrl":"http:\/\/www.radlobby.org\/noe\/wp-content\/uploads\/2016\/12\/20160903_Radlobby_Melk_Tweedride_D7C_9325_2-150x150.jpg","datePublished":"2016-12-08T10:47:22+00:00","dateModified":"2023-01-12T07:30:53+00:00","breadcrumb":{"@id":"https:\/\/www.radlobby.org\/noe\/radtourismus_kaernten\/#breadcrumb"},"inLanguage":"de","potentialAction":[{"@type":"ReadAction","target":["https:\/\/www.radlobby.org\/noe\/radtourismus_kaernten\/"]}]},{"@type":"ImageObject","inLanguage":"de","@id":"https:\/\/www.radlobby.org\/noe\/radtourismus_kaernten\/#primaryimage","url":"https:\/\/www.radlobby.org\/noe\/wp-content\/uploads\/2016\/12\/20160903_Radlobby_Melk_Tweedride_D7C_9325_2.jpg","contentUrl":"https:\/\/www.radlobby.org\/noe\/wp-content\/uploads\/2016\/12\/20160903_Radlobby_Melk_Tweedride_D7C_9325_2.jpg","width":1746,"height":983},{"@type":"BreadcrumbList","@id":"https:\/\/www.radlobby.org\/noe\/radtourismus_kaernten\/#breadcrumb","itemListElement":[{"@type":"ListItem","position":1,"name":"Startseite","item":"https:\/\/www.radlobby.org\/noe\/"},{"@type":"ListItem","position":2,"name":"Radtourismus in K\u00e4rnten"}]},{"@type":"WebSite","@id":"https:\/\/www.radlobby.org\/noe\/#website","url":"https:\/\/www.radlobby.org\/noe\/","name":"Radlobby Nieder\u00f6sterreich","description":"Radverkehr, Fahrrad, Radfahren, Radreisen, Radtouren, Radweg","publisher":{"@id":"https:\/\/www.radlobby.org\/noe\/#organization"},"potentialAction":[{"@type":"SearchAction","target":{"@type":"EntryPoint","urlTemplate":"https:\/\/www.radlobby.org\/noe\/?s={search_term_string}"},"query-input":{"@type":"PropertyValueSpecification","valueRequired":true,"valueName":"search_term_string"}}],"inLanguage":"de"},{"@type":"Organization","@id":"https:\/\/www.radlobby.org\/noe\/#organization","name":"Radlobby Nieder\u00f6sterreich","url":"https:\/\/www.radlobby.org\/noe\/","logo":{"@type":"ImageObject","inLanguage":"de","@id":"https:\/\/www.radlobby.org\/noe\/#\/schema\/logo\/image\/","url":"https:\/\/www.radlobby.org\/noe\/wp-content\/uploads\/2017\/01\/cropped-Logo_Radlobby_Niederoesterreich_50-400px_quer-1.jpg","contentUrl":"https:\/\/www.radlobby.org\/noe\/wp-content\/uploads\/2017\/01\/cropped-Logo_Radlobby_Niederoesterreich_50-400px_quer-1.jpg","width":450,"height":124,"caption":"Radlobby Nieder\u00f6sterreich"},"image":{"@id":"https:\/\/www.radlobby.org\/noe\/#\/schema\/logo\/image\/"},"sameAs":["https:\/\/www.facebook.com\/groups\/radfahren.in.noe\/"]}]}},"_links":{"self":[{"href":"https:\/\/www.radlobby.org\/noe\/wp-json\/wp\/v2\/pages\/633","targetHints":{"allow":["GET"]}}],"collection":[{"href":"https:\/\/www.radlobby.org\/noe\/wp-json\/wp\/v2\/pages"}],"about":[{"href":"https:\/\/www.radlobby.org\/noe\/wp-json\/wp\/v2\/types\/page"}],"author":[{"embeddable":true,"href":"https:\/\/www.radlobby.org\/noe\/wp-json\/wp\/v2\/users\/1"}],"replies":[{"embeddable":true,"href":"https:\/\/www.radlobby.org\/noe\/wp-json\/wp\/v2\/comments?post=633"}],"version-history":[{"count":1,"href":"https:\/\/www.radlobby.org\/noe\/wp-json\/wp\/v2\/pages\/633\/revisions"}],"predecessor-version":[{"id":27234,"href":"https:\/\/www.radlobby.org\/noe\/wp-json\/wp\/v2\/pages\/633\/revisions\/27234"}],"wp:attachment":[{"href":"https:\/\/www.radlobby.org\/noe\/wp-json\/wp\/v2\/media?parent=633"}],"curies":[{"name":"wp","href":"https:\/\/api.w.org\/{rel}","templated":true}]}}