{"id":5705,"date":"2018-03-30T12:39:52","date_gmt":"2018-03-30T10:39:52","guid":{"rendered":"http:\/\/www.radlobby.org\/noe\/?page_id=5705"},"modified":"2019-01-13T08:49:14","modified_gmt":"2019-01-13T07:49:14","slug":"wolkersdorf-treffen-aktivitaeten","status":"publish","type":"page","link":"https:\/\/www.radlobby.org\/noe\/wolkersdorf-treffen-aktivitaeten\/","title":{"rendered":"Radlobby Wolkersdorf \u2013 Treffen \u00b7 Aktivit\u00e4ten"},"content":{"rendered":"<p><img loading=\"lazy\" decoding=\"async\" class=\"alignnone wp-image-333\" src=\"http:\/\/www.radlobby.org\/noe\/wp-content\/uploads\/2016\/12\/wolkersdorf_i2r6984_1000px_fotostudio_semrad.jpg\" alt=\"Wolkersdorf\" width=\"447\" height=\"298\" srcset=\"https:\/\/www.radlobby.org\/noe\/wp-content\/uploads\/2016\/12\/wolkersdorf_i2r6984_1000px_fotostudio_semrad.jpg 607w, https:\/\/www.radlobby.org\/noe\/wp-content\/uploads\/2016\/12\/wolkersdorf_i2r6984_1000px_fotostudio_semrad-300x200.jpg 300w\" sizes=\"auto, (max-width: 447px) 100vw, 447px\" \/><\/p>\n<p>Wir freuen uns \u00fcber deine Nachricht: <a href=\"mailto:wolkersdorf@radlobby.at?subject=Anfrage%20an%20die%20Radlobby-Wolkersdorf\">wolkersdorf@radlobby.at<\/a><\/p>\n<p>Hier findest du die <a href=\"http:\/\/www.radlobby.org\/noe\/category\/wolkersdorf\">aktuellen Informationen \u00fcber unsere Aktivit\u00e4ten<\/a>.<\/p>\n<p>Die Radlobby Wolkersdorf wurde als eine Gruppe der\u00a0Radlobby Nieder\u00f6sterreich am 28.1.2014 gegr\u00fcndet.<br \/>\nAls Ortsgruppe\u00a0unterst\u00fctzen\u00a0wir die\u00a0Gemeinde,\u00a0Institutionen\u00a0und auch\u00a0Firmen\u00a0mit Vorschl\u00e4gen f\u00fcr bessere Radverkehrsl\u00f6sungen.<\/p>\n<h4>Unsere Ziele:<\/h4>\n<ul>\n<li>Steigerung der Verkehrssicherheit\u00a0f\u00fcr Radfahrer<\/li>\n<li>Bewusstseinsbildung\u00a0f\u00fcr das Radfahren zur Reduktion des lokalen Autoverkehrs (z.B. zur Schule, zum Einkaufen,..)<\/li>\n<li>Verbesserungsvorschl\u00e4ge\u00a0f\u00fcr die gemeinsame Nutzung der Fahrbahnen (direkte schnelle Wege f\u00fcr Radfahrer)<\/li>\n<li>Schaffung von ausreichenden und\u00a0ad\u00e4quaten Abstellfl\u00e4chen\u00a0im gesamten Stadtgebiet<\/li>\n<li>Plattform f\u00fcr die Anliegen\u00a0der Alltagsradfahrer in der Region<\/li>\n<li>Kommunikation und\u00a0B\u00fcndelung von Verbesserungsvorschl\u00e4gen\u00a0mit offiziellen Stellen<\/li>\n<\/ul>\n<h4>Wir bieten<\/h4>\n<ul>\n<li>Radlobbying in Politik &amp; Wirtschaft<\/li>\n<li>Veranstaltungen &amp; Radausfl\u00fcge<\/li>\n<li>Mitgliedereinkaufsvorteile<\/li>\n<li>4x im Jahr die <a class=\"ext\" href=\"http:\/\/www.drahtesel.or.at\/\" target=\"_blank\" rel=\"noopener\">Zeitung Drahtesel<\/a><\/li>\n<li><a href=\"https:\/\/www.radlobby.at\/mitgliederversicherung\">Mitglieder-Versicherungsschutz<\/a><\/li>\n<\/ul>\n","protected":false},"excerpt":{"rendered":"<p>Wir freuen uns \u00fcber deine Nachricht: wolkersdorf@radlobby.at Hier findest du die aktuellen Informationen \u00fcber unsere Aktivit\u00e4ten. Die Radlobby Wolkersdorf wurde als eine Gruppe der\u00a0Radlobby Nieder\u00f6sterreich am 28.1.2014 gegr\u00fcndet. Als Ortsgruppe\u00a0unterst\u00fctzen\u00a0wir die\u00a0Gemeinde,\u00a0Institutionen\u00a0und auch\u00a0Firmen\u00a0mit Vorschl\u00e4gen f\u00fcr bessere Radverkehrsl\u00f6sungen. Unsere Ziele: Steigerung der<\/p>\n","protected":false},"author":16,"featured_media":0,"parent":0,"menu_order":0,"comment_status":"closed","ping_status":"closed","template":"","meta":{"footnotes":""},"class_list":["post-5705","page","type-page","status-publish","hentry"],"yoast_head":"<!-- This site is optimized with the Yoast SEO plugin v26.9 - https:\/\/yoast.com\/product\/yoast-seo-wordpress\/ -->\n<title>Radlobby Wolkersdorf \u2013 Treffen \u00b7 Aktivit\u00e4ten - Radlobby Nieder\u00f6sterreich<\/title>\n<meta name=\"robots\" content=\"index, follow, max-snippet:-1, max-image-preview:large, max-video-preview:-1\" \/>\n<link rel=\"canonical\" href=\"https:\/\/www.radlobby.org\/noe\/wolkersdorf-treffen-aktivitaeten\/\" \/>\n<meta property=\"og:locale\" content=\"de_DE\" \/>\n<meta property=\"og:type\" content=\"article\" \/>\n<meta property=\"og:title\" content=\"Radlobby Wolkersdorf \u2013 Treffen \u00b7 Aktivit\u00e4ten - Radlobby Nieder\u00f6sterreich\" \/>\n<meta property=\"og:description\" content=\"Wir freuen uns \u00fcber deine Nachricht: wolkersdorf@radlobby.at Hier findest du die aktuellen Informationen \u00fcber unsere Aktivit\u00e4ten. Die Radlobby Wolkersdorf wurde als eine Gruppe der\u00a0Radlobby Nieder\u00f6sterreich am 28.1.2014 gegr\u00fcndet. Als Ortsgruppe\u00a0unterst\u00fctzen\u00a0wir die\u00a0Gemeinde,\u00a0Institutionen\u00a0und auch\u00a0Firmen\u00a0mit Vorschl\u00e4gen f\u00fcr bessere Radverkehrsl\u00f6sungen. Unsere Ziele: Steigerung der\" \/>\n<meta property=\"og:url\" content=\"https:\/\/www.radlobby.org\/noe\/wolkersdorf-treffen-aktivitaeten\/\" \/>\n<meta property=\"og:site_name\" content=\"Radlobby Nieder\u00f6sterreich\" \/>\n<meta property=\"article:publisher\" content=\"https:\/\/www.facebook.com\/groups\/radfahren.in.noe\/\" \/>\n<meta property=\"article:modified_time\" content=\"2019-01-13T07:49:14+00:00\" \/>\n<meta property=\"og:image\" content=\"http:\/\/www.radlobby.org\/noe\/wp-content\/uploads\/2016\/12\/wolkersdorf_i2r6984_1000px_fotostudio_semrad.jpg\" \/>\n<meta name=\"twitter:card\" content=\"summary_large_image\" \/>\n<meta name=\"twitter:label1\" content=\"Gesch\u00e4tzte Lesezeit\" \/>\n\t<meta name=\"twitter:data1\" content=\"1\u00a0Minute\" \/>\n<script type=\"application\/ld+json\" class=\"yoast-schema-graph\">{\"@context\":\"https:\/\/schema.org\",\"@graph\":[{\"@type\":\"WebPage\",\"@id\":\"https:\/\/www.radlobby.org\/noe\/wolkersdorf-treffen-aktivitaeten\/\",\"url\":\"https:\/\/www.radlobby.org\/noe\/wolkersdorf-treffen-aktivitaeten\/\",\"name\":\"Radlobby Wolkersdorf \u2013 Treffen \u00b7 Aktivit\u00e4ten - Radlobby Nieder\u00f6sterreich\",\"isPartOf\":{\"@id\":\"https:\/\/www.radlobby.org\/noe\/#website\"},\"primaryImageOfPage\":{\"@id\":\"https:\/\/www.radlobby.org\/noe\/wolkersdorf-treffen-aktivitaeten\/#primaryimage\"},\"image\":{\"@id\":\"https:\/\/www.radlobby.org\/noe\/wolkersdorf-treffen-aktivitaeten\/#primaryimage\"},\"thumbnailUrl\":\"http:\/\/www.radlobby.org\/noe\/wp-content\/uploads\/2016\/12\/wolkersdorf_i2r6984_1000px_fotostudio_semrad.jpg\",\"datePublished\":\"2018-03-30T10:39:52+00:00\",\"dateModified\":\"2019-01-13T07:49:14+00:00\",\"breadcrumb\":{\"@id\":\"https:\/\/www.radlobby.org\/noe\/wolkersdorf-treffen-aktivitaeten\/#breadcrumb\"},\"inLanguage\":\"de\",\"potentialAction\":[{\"@type\":\"ReadAction\",\"target\":[\"https:\/\/www.radlobby.org\/noe\/wolkersdorf-treffen-aktivitaeten\/\"]}]},{\"@type\":\"ImageObject\",\"inLanguage\":\"de\",\"@id\":\"https:\/\/www.radlobby.org\/noe\/wolkersdorf-treffen-aktivitaeten\/#primaryimage\",\"url\":\"https:\/\/www.radlobby.org\/noe\/wp-content\/uploads\/2016\/12\/wolkersdorf_i2r6984_1000px_fotostudio_semrad.jpg\",\"contentUrl\":\"https:\/\/www.radlobby.org\/noe\/wp-content\/uploads\/2016\/12\/wolkersdorf_i2r6984_1000px_fotostudio_semrad.jpg\",\"width\":607,\"height\":405},{\"@type\":\"BreadcrumbList\",\"@id\":\"https:\/\/www.radlobby.org\/noe\/wolkersdorf-treffen-aktivitaeten\/#breadcrumb\",\"itemListElement\":[{\"@type\":\"ListItem\",\"position\":1,\"name\":\"Startseite\",\"item\":\"https:\/\/www.radlobby.org\/noe\/\"},{\"@type\":\"ListItem\",\"position\":2,\"name\":\"Radlobby Wolkersdorf \u2013 Treffen \u00b7 Aktivit\u00e4ten\"}]},{\"@type\":\"WebSite\",\"@id\":\"https:\/\/www.radlobby.org\/noe\/#website\",\"url\":\"https:\/\/www.radlobby.org\/noe\/\",\"name\":\"Radlobby Nieder\u00f6sterreich\",\"description\":\"Radverkehr, Fahrrad, Radfahren, Radreisen, Radtouren, Radweg\",\"publisher\":{\"@id\":\"https:\/\/www.radlobby.org\/noe\/#organization\"},\"potentialAction\":[{\"@type\":\"SearchAction\",\"target\":{\"@type\":\"EntryPoint\",\"urlTemplate\":\"https:\/\/www.radlobby.org\/noe\/?s={search_term_string}\"},\"query-input\":{\"@type\":\"PropertyValueSpecification\",\"valueRequired\":true,\"valueName\":\"search_term_string\"}}],\"inLanguage\":\"de\"},{\"@type\":\"Organization\",\"@id\":\"https:\/\/www.radlobby.org\/noe\/#organization\",\"name\":\"Radlobby Nieder\u00f6sterreich\",\"url\":\"https:\/\/www.radlobby.org\/noe\/\",\"logo\":{\"@type\":\"ImageObject\",\"inLanguage\":\"de\",\"@id\":\"https:\/\/www.radlobby.org\/noe\/#\/schema\/logo\/image\/\",\"url\":\"https:\/\/www.radlobby.org\/noe\/wp-content\/uploads\/2017\/01\/cropped-Logo_Radlobby_Niederoesterreich_50-400px_quer-1.jpg\",\"contentUrl\":\"https:\/\/www.radlobby.org\/noe\/wp-content\/uploads\/2017\/01\/cropped-Logo_Radlobby_Niederoesterreich_50-400px_quer-1.jpg\",\"width\":450,\"height\":124,\"caption\":\"Radlobby Nieder\u00f6sterreich\"},\"image\":{\"@id\":\"https:\/\/www.radlobby.org\/noe\/#\/schema\/logo\/image\/\"},\"sameAs\":[\"https:\/\/www.facebook.com\/groups\/radfahren.in.noe\/\"]}]}<\/script>\n<!-- \/ Yoast SEO plugin. -->","yoast_head_json":{"title":"Radlobby Wolkersdorf \u2013 Treffen \u00b7 Aktivit\u00e4ten - Radlobby Nieder\u00f6sterreich","robots":{"index":"index","follow":"follow","max-snippet":"max-snippet:-1","max-image-preview":"max-image-preview:large","max-video-preview":"max-video-preview:-1"},"canonical":"https:\/\/www.radlobby.org\/noe\/wolkersdorf-treffen-aktivitaeten\/","og_locale":"de_DE","og_type":"article","og_title":"Radlobby Wolkersdorf \u2013 Treffen \u00b7 Aktivit\u00e4ten - Radlobby Nieder\u00f6sterreich","og_description":"Wir freuen uns \u00fcber deine Nachricht: wolkersdorf@radlobby.at Hier findest du die aktuellen Informationen \u00fcber unsere Aktivit\u00e4ten. Die Radlobby Wolkersdorf wurde als eine Gruppe der\u00a0Radlobby Nieder\u00f6sterreich am 28.1.2014 gegr\u00fcndet. Als Ortsgruppe\u00a0unterst\u00fctzen\u00a0wir die\u00a0Gemeinde,\u00a0Institutionen\u00a0und auch\u00a0Firmen\u00a0mit Vorschl\u00e4gen f\u00fcr bessere Radverkehrsl\u00f6sungen. Unsere Ziele: Steigerung der","og_url":"https:\/\/www.radlobby.org\/noe\/wolkersdorf-treffen-aktivitaeten\/","og_site_name":"Radlobby Nieder\u00f6sterreich","article_publisher":"https:\/\/www.facebook.com\/groups\/radfahren.in.noe\/","article_modified_time":"2019-01-13T07:49:14+00:00","og_image":[{"url":"http:\/\/www.radlobby.org\/noe\/wp-content\/uploads\/2016\/12\/wolkersdorf_i2r6984_1000px_fotostudio_semrad.jpg","type":"","width":"","height":""}],"twitter_card":"summary_large_image","twitter_misc":{"Gesch\u00e4tzte Lesezeit":"1\u00a0Minute"},"schema":{"@context":"https:\/\/schema.org","@graph":[{"@type":"WebPage","@id":"https:\/\/www.radlobby.org\/noe\/wolkersdorf-treffen-aktivitaeten\/","url":"https:\/\/www.radlobby.org\/noe\/wolkersdorf-treffen-aktivitaeten\/","name":"Radlobby Wolkersdorf \u2013 Treffen \u00b7 Aktivit\u00e4ten - Radlobby Nieder\u00f6sterreich","isPartOf":{"@id":"https:\/\/www.radlobby.org\/noe\/#website"},"primaryImageOfPage":{"@id":"https:\/\/www.radlobby.org\/noe\/wolkersdorf-treffen-aktivitaeten\/#primaryimage"},"image":{"@id":"https:\/\/www.radlobby.org\/noe\/wolkersdorf-treffen-aktivitaeten\/#primaryimage"},"thumbnailUrl":"http:\/\/www.radlobby.org\/noe\/wp-content\/uploads\/2016\/12\/wolkersdorf_i2r6984_1000px_fotostudio_semrad.jpg","datePublished":"2018-03-30T10:39:52+00:00","dateModified":"2019-01-13T07:49:14+00:00","breadcrumb":{"@id":"https:\/\/www.radlobby.org\/noe\/wolkersdorf-treffen-aktivitaeten\/#breadcrumb"},"inLanguage":"de","potentialAction":[{"@type":"ReadAction","target":["https:\/\/www.radlobby.org\/noe\/wolkersdorf-treffen-aktivitaeten\/"]}]},{"@type":"ImageObject","inLanguage":"de","@id":"https:\/\/www.radlobby.org\/noe\/wolkersdorf-treffen-aktivitaeten\/#primaryimage","url":"https:\/\/www.radlobby.org\/noe\/wp-content\/uploads\/2016\/12\/wolkersdorf_i2r6984_1000px_fotostudio_semrad.jpg","contentUrl":"https:\/\/www.radlobby.org\/noe\/wp-content\/uploads\/2016\/12\/wolkersdorf_i2r6984_1000px_fotostudio_semrad.jpg","width":607,"height":405},{"@type":"BreadcrumbList","@id":"https:\/\/www.radlobby.org\/noe\/wolkersdorf-treffen-aktivitaeten\/#breadcrumb","itemListElement":[{"@type":"ListItem","position":1,"name":"Startseite","item":"https:\/\/www.radlobby.org\/noe\/"},{"@type":"ListItem","position":2,"name":"Radlobby Wolkersdorf \u2013 Treffen \u00b7 Aktivit\u00e4ten"}]},{"@type":"WebSite","@id":"https:\/\/www.radlobby.org\/noe\/#website","url":"https:\/\/www.radlobby.org\/noe\/","name":"Radlobby Nieder\u00f6sterreich","description":"Radverkehr, Fahrrad, Radfahren, Radreisen, Radtouren, Radweg","publisher":{"@id":"https:\/\/www.radlobby.org\/noe\/#organization"},"potentialAction":[{"@type":"SearchAction","target":{"@type":"EntryPoint","urlTemplate":"https:\/\/www.radlobby.org\/noe\/?s={search_term_string}"},"query-input":{"@type":"PropertyValueSpecification","valueRequired":true,"valueName":"search_term_string"}}],"inLanguage":"de"},{"@type":"Organization","@id":"https:\/\/www.radlobby.org\/noe\/#organization","name":"Radlobby Nieder\u00f6sterreich","url":"https:\/\/www.radlobby.org\/noe\/","logo":{"@type":"ImageObject","inLanguage":"de","@id":"https:\/\/www.radlobby.org\/noe\/#\/schema\/logo\/image\/","url":"https:\/\/www.radlobby.org\/noe\/wp-content\/uploads\/2017\/01\/cropped-Logo_Radlobby_Niederoesterreich_50-400px_quer-1.jpg","contentUrl":"https:\/\/www.radlobby.org\/noe\/wp-content\/uploads\/2017\/01\/cropped-Logo_Radlobby_Niederoesterreich_50-400px_quer-1.jpg","width":450,"height":124,"caption":"Radlobby Nieder\u00f6sterreich"},"image":{"@id":"https:\/\/www.radlobby.org\/noe\/#\/schema\/logo\/image\/"},"sameAs":["https:\/\/www.facebook.com\/groups\/radfahren.in.noe\/"]}]}},"_links":{"self":[{"href":"https:\/\/www.radlobby.org\/noe\/wp-json\/wp\/v2\/pages\/5705","targetHints":{"allow":["GET"]}}],"collection":[{"href":"https:\/\/www.radlobby.org\/noe\/wp-json\/wp\/v2\/pages"}],"about":[{"href":"https:\/\/www.radlobby.org\/noe\/wp-json\/wp\/v2\/types\/page"}],"author":[{"embeddable":true,"href":"https:\/\/www.radlobby.org\/noe\/wp-json\/wp\/v2\/users\/16"}],"replies":[{"embeddable":true,"href":"https:\/\/www.radlobby.org\/noe\/wp-json\/wp\/v2\/comments?post=5705"}],"version-history":[{"count":0,"href":"https:\/\/www.radlobby.org\/noe\/wp-json\/wp\/v2\/pages\/5705\/revisions"}],"wp:attachment":[{"href":"https:\/\/www.radlobby.org\/noe\/wp-json\/wp\/v2\/media?parent=5705"}],"curies":[{"name":"wp","href":"https:\/\/api.w.org\/{rel}","templated":true}]}}