{"id":5700,"date":"2018-03-30T12:27:00","date_gmt":"2018-03-30T10:27:00","guid":{"rendered":"http:\/\/www.radlobby.org\/noe\/?page_id=5700"},"modified":"2023-05-17T16:12:20","modified_gmt":"2023-05-17T14:12:20","slug":"ybbstal-team","status":"publish","type":"page","link":"https:\/\/www.radlobby.org\/noe\/ybbstal-team\/","title":{"rendered":"Radlobby Ybbstal \u2013 Team"},"content":{"rendered":"<p><a href=\"https:\/\/www.radlobby.org\/noe\/wp-content\/uploads\/2016\/12\/20130314_Gruendung_Radlobby_WaidhofenYbbs_05_L1100368_1800px.jpg\" data-src=\"https:\/\/www.radlobby.org\/noe\/wp-content\/uploads\/2016\/12\/20130314_Gruendung_Radlobby_WaidhofenYbbs_05_L1100368_1800px.jpg\" data-thumb=\"https:\/\/www.radlobby.org\/noe\/wp-content\/uploads\/2016\/12\/20130314_Gruendung_Radlobby_WaidhofenYbbs_05_L1100368_1800px-300x161.jpg\" class=\"ml-lightbox-enabled\"><img loading=\"lazy\" decoding=\"async\" class=\"alignnone wp-image-1427 size-medium\" src=\"https:\/\/www.radlobby.org\/noe\/wp-content\/uploads\/2016\/12\/20130314_Gruendung_Radlobby_WaidhofenYbbs_05_L1100368_1800px-300x161.jpg\" alt=\"Gr\u00fcndung Radlobby Waidhofen Ybbs - 14. M\u00e4rz 2013\" width=\"300\" height=\"161\" srcset=\"https:\/\/www.radlobby.org\/noe\/wp-content\/uploads\/2016\/12\/20130314_Gruendung_Radlobby_WaidhofenYbbs_05_L1100368_1800px-300x161.jpg 300w, https:\/\/www.radlobby.org\/noe\/wp-content\/uploads\/2016\/12\/20130314_Gruendung_Radlobby_WaidhofenYbbs_05_L1100368_1800px-768x412.jpg 768w, https:\/\/www.radlobby.org\/noe\/wp-content\/uploads\/2016\/12\/20130314_Gruendung_Radlobby_WaidhofenYbbs_05_L1100368_1800px-1024x550.jpg 1024w, https:\/\/www.radlobby.org\/noe\/wp-content\/uploads\/2016\/12\/20130314_Gruendung_Radlobby_WaidhofenYbbs_05_L1100368_1800px.jpg 1800w\" sizes=\"auto, (max-width: 300px) 100vw, 300px\" \/><\/a><br \/>\n<span style=\"font-size: 10pt;\">Das war der Start der Radlobby WY vor 10 Jahren am 14. M\u00e4rz 2013<\/span><br \/>\n<span style=\"font-size: 10pt;\">mit Gunnar Scholz und Herbert Haidler.<br \/>\nAls Gast dabei Karl Zauner von der Radlobby N\u00d6.<\/span><\/p>\n<p>Die Radlobby ist <strong>parteipolitisch unabh\u00e4ngig<\/strong>!<br \/>\nAls Ortsgruppe <strong>unterst\u00fctzen wir die Gemeinde<\/strong>, <strong>Institutionen <\/strong>und auch <strong>Firmen <\/strong>mit <strong>Vorschl\u00e4gen f\u00fcr bessere Radverkehrsl\u00f6sungen<\/strong>. Wir sind \u00fcber die Radlobby Nieder\u00f6sterreich mit der Dachorganisation Radlobby \u00d6sterreich verbunden.<\/p>\n<p><span class=\"Apple-converted-space\">Unsere Ziele:<\/span><\/p>\n<ul>\n<li><span class=\"Apple-converted-space\"><strong>Steigerung der Verkehrssicherheit<\/strong> f\u00fcr Radfahrer<\/span><\/li>\n<li><span class=\"Apple-converted-space\"><strong>Bewusstseinsbildung<\/strong> f\u00fcr das Radfahren zur Reduktion des lokalen Autoverkehrs (z.B. zur Schule, zum Einkaufen,..)<\/span><\/li>\n<li><span class=\"Apple-converted-space\"><strong>Verbesserungsvorschl\u00e4ge <\/strong>f\u00fcr die gemeinsame Nutzung der Fahrbahnen (direkte schnelle Wege f\u00fcr Radfahrer)<\/span><\/li>\n<li><span class=\"Apple-converted-space\"><strong>Anbindung von Stadtrandlagen<\/strong>\u00a0 mit sicheren, kurzen Radwegen<\/span><\/li>\n<li><span class=\"Apple-converted-space\">Schaffung von ausreichenden und <strong>ad\u00e4quaten Abstellfl\u00e4chen<\/strong> im gesamten Stadtgebiet<\/span><\/li>\n<li><span class=\"Apple-converted-space\"><strong>Plattform f\u00fcr die Anliegen<\/strong> der Alltagsradfahrer in der Region<\/span><\/li>\n<li><span class=\"Apple-converted-space\">Kommunikation und <strong>B\u00fcndelung von Verbesserungsvorschl\u00e4gen<\/strong> mit offiziellen Stellen, wie dem Magistrat<\/span><\/li>\n<\/ul>\n<p>Falls Sie in der Region Ybbstal zuhause sind und aktiv mitmachen m\u00f6chten, wende Sie sich an das Kernteam. Wir suchen Mitglieder und Aktive!<\/p>\n<table border=\"0\" cellspacing=\"1\" cellpadding=\"1\">\n<tbody>\n<tr>\n<td><strong>Jakob Anger<\/strong><\/td>\n<td><strong> Birgit Aigenbauer<\/strong><\/td>\n<td><\/td>\n<\/tr>\n<tr>\n<td><strong>Waidhofen\/Ybbs<\/strong><\/td>\n<td><strong>Ybbsitz<\/strong><\/td>\n<td><\/td>\n<\/tr>\n<tr>\n<td>jakob.anger@radlobby.at<\/td>\n<td>birgit.aigenbauer@radlobby.at<\/td>\n<td><\/td>\n<\/tr>\n<tr>\n<td>0660 682 49 62<\/td>\n<td>0681 208 128 80<\/td>\n<td><\/td>\n<\/tr>\n<\/tbody>\n<\/table>\n<p>Wir freuen uns \u00fcber Ihre Nachricht: <a href=\"mailto:ybbstal@radlobby.at\">ybbstal@radlobby.at<\/a><\/p>\n<p>&nbsp;<\/p>\n<p>&nbsp;<\/p>\n","protected":false},"excerpt":{"rendered":"<p>Das war der Start der Radlobby WY vor 10 Jahren am 14. M\u00e4rz 2013 mit Gunnar Scholz und Herbert Haidler. Als Gast dabei Karl Zauner von der Radlobby N\u00d6. Die Radlobby ist parteipolitisch unabh\u00e4ngig! Als Ortsgruppe unterst\u00fctzen wir die Gemeinde,<\/p>\n","protected":false},"author":16,"featured_media":0,"parent":0,"menu_order":0,"comment_status":"closed","ping_status":"closed","template":"","meta":{"footnotes":""},"class_list":["post-5700","page","type-page","status-publish","hentry"],"yoast_head":"<!-- This site is optimized with the Yoast SEO plugin v26.9 - https:\/\/yoast.com\/product\/yoast-seo-wordpress\/ -->\n<title>Radlobby Ybbstal \u2013 Team - Radlobby Nieder\u00f6sterreich<\/title>\n<meta name=\"robots\" content=\"index, follow, max-snippet:-1, max-image-preview:large, max-video-preview:-1\" \/>\n<link rel=\"canonical\" href=\"https:\/\/www.radlobby.org\/noe\/ybbstal-team\/\" \/>\n<meta property=\"og:locale\" content=\"de_DE\" \/>\n<meta property=\"og:type\" content=\"article\" \/>\n<meta property=\"og:title\" content=\"Radlobby Ybbstal \u2013 Team - Radlobby Nieder\u00f6sterreich\" \/>\n<meta property=\"og:description\" content=\"Das war der Start der Radlobby WY vor 10 Jahren am 14. M\u00e4rz 2013 mit Gunnar Scholz und Herbert Haidler. Als Gast dabei Karl Zauner von der Radlobby N\u00d6. Die Radlobby ist parteipolitisch unabh\u00e4ngig! Als Ortsgruppe unterst\u00fctzen wir die Gemeinde,\" \/>\n<meta property=\"og:url\" content=\"https:\/\/www.radlobby.org\/noe\/ybbstal-team\/\" \/>\n<meta property=\"og:site_name\" content=\"Radlobby Nieder\u00f6sterreich\" \/>\n<meta property=\"article:publisher\" content=\"https:\/\/www.facebook.com\/groups\/radfahren.in.noe\/\" \/>\n<meta property=\"article:modified_time\" content=\"2023-05-17T14:12:20+00:00\" \/>\n<meta property=\"og:image\" content=\"https:\/\/www.radlobby.org\/noe\/wp-content\/uploads\/2016\/12\/20130314_Gruendung_Radlobby_WaidhofenYbbs_05_L1100368_1800px-300x161.jpg\" \/>\n<meta name=\"twitter:card\" content=\"summary_large_image\" \/>\n<meta name=\"twitter:label1\" content=\"Gesch\u00e4tzte Lesezeit\" \/>\n\t<meta name=\"twitter:data1\" content=\"2\u00a0Minuten\" \/>\n<script type=\"application\/ld+json\" class=\"yoast-schema-graph\">{\"@context\":\"https:\/\/schema.org\",\"@graph\":[{\"@type\":\"WebPage\",\"@id\":\"https:\/\/www.radlobby.org\/noe\/ybbstal-team\/\",\"url\":\"https:\/\/www.radlobby.org\/noe\/ybbstal-team\/\",\"name\":\"Radlobby Ybbstal \u2013 Team - Radlobby Nieder\u00f6sterreich\",\"isPartOf\":{\"@id\":\"https:\/\/www.radlobby.org\/noe\/#website\"},\"primaryImageOfPage\":{\"@id\":\"https:\/\/www.radlobby.org\/noe\/ybbstal-team\/#primaryimage\"},\"image\":{\"@id\":\"https:\/\/www.radlobby.org\/noe\/ybbstal-team\/#primaryimage\"},\"thumbnailUrl\":\"https:\/\/www.radlobby.org\/noe\/wp-content\/uploads\/2016\/12\/20130314_Gruendung_Radlobby_WaidhofenYbbs_05_L1100368_1800px-300x161.jpg\",\"datePublished\":\"2018-03-30T10:27:00+00:00\",\"dateModified\":\"2023-05-17T14:12:20+00:00\",\"breadcrumb\":{\"@id\":\"https:\/\/www.radlobby.org\/noe\/ybbstal-team\/#breadcrumb\"},\"inLanguage\":\"de\",\"potentialAction\":[{\"@type\":\"ReadAction\",\"target\":[\"https:\/\/www.radlobby.org\/noe\/ybbstal-team\/\"]}]},{\"@type\":\"ImageObject\",\"inLanguage\":\"de\",\"@id\":\"https:\/\/www.radlobby.org\/noe\/ybbstal-team\/#primaryimage\",\"url\":\"https:\/\/www.radlobby.org\/noe\/wp-content\/uploads\/2016\/12\/20130314_Gruendung_Radlobby_WaidhofenYbbs_05_L1100368_1800px.jpg\",\"contentUrl\":\"https:\/\/www.radlobby.org\/noe\/wp-content\/uploads\/2016\/12\/20130314_Gruendung_Radlobby_WaidhofenYbbs_05_L1100368_1800px.jpg\",\"width\":1800,\"height\":966},{\"@type\":\"BreadcrumbList\",\"@id\":\"https:\/\/www.radlobby.org\/noe\/ybbstal-team\/#breadcrumb\",\"itemListElement\":[{\"@type\":\"ListItem\",\"position\":1,\"name\":\"Startseite\",\"item\":\"https:\/\/www.radlobby.org\/noe\/\"},{\"@type\":\"ListItem\",\"position\":2,\"name\":\"Radlobby Ybbstal \u2013 Team\"}]},{\"@type\":\"WebSite\",\"@id\":\"https:\/\/www.radlobby.org\/noe\/#website\",\"url\":\"https:\/\/www.radlobby.org\/noe\/\",\"name\":\"Radlobby Nieder\u00f6sterreich\",\"description\":\"Radverkehr, Fahrrad, Radfahren, Radreisen, Radtouren, Radweg\",\"publisher\":{\"@id\":\"https:\/\/www.radlobby.org\/noe\/#organization\"},\"potentialAction\":[{\"@type\":\"SearchAction\",\"target\":{\"@type\":\"EntryPoint\",\"urlTemplate\":\"https:\/\/www.radlobby.org\/noe\/?s={search_term_string}\"},\"query-input\":{\"@type\":\"PropertyValueSpecification\",\"valueRequired\":true,\"valueName\":\"search_term_string\"}}],\"inLanguage\":\"de\"},{\"@type\":\"Organization\",\"@id\":\"https:\/\/www.radlobby.org\/noe\/#organization\",\"name\":\"Radlobby Nieder\u00f6sterreich\",\"url\":\"https:\/\/www.radlobby.org\/noe\/\",\"logo\":{\"@type\":\"ImageObject\",\"inLanguage\":\"de\",\"@id\":\"https:\/\/www.radlobby.org\/noe\/#\/schema\/logo\/image\/\",\"url\":\"https:\/\/www.radlobby.org\/noe\/wp-content\/uploads\/2017\/01\/cropped-Logo_Radlobby_Niederoesterreich_50-400px_quer-1.jpg\",\"contentUrl\":\"https:\/\/www.radlobby.org\/noe\/wp-content\/uploads\/2017\/01\/cropped-Logo_Radlobby_Niederoesterreich_50-400px_quer-1.jpg\",\"width\":450,\"height\":124,\"caption\":\"Radlobby Nieder\u00f6sterreich\"},\"image\":{\"@id\":\"https:\/\/www.radlobby.org\/noe\/#\/schema\/logo\/image\/\"},\"sameAs\":[\"https:\/\/www.facebook.com\/groups\/radfahren.in.noe\/\"]}]}<\/script>\n<!-- \/ Yoast SEO plugin. -->","yoast_head_json":{"title":"Radlobby Ybbstal \u2013 Team - Radlobby Nieder\u00f6sterreich","robots":{"index":"index","follow":"follow","max-snippet":"max-snippet:-1","max-image-preview":"max-image-preview:large","max-video-preview":"max-video-preview:-1"},"canonical":"https:\/\/www.radlobby.org\/noe\/ybbstal-team\/","og_locale":"de_DE","og_type":"article","og_title":"Radlobby Ybbstal \u2013 Team - Radlobby Nieder\u00f6sterreich","og_description":"Das war der Start der Radlobby WY vor 10 Jahren am 14. M\u00e4rz 2013 mit Gunnar Scholz und Herbert Haidler. Als Gast dabei Karl Zauner von der Radlobby N\u00d6. Die Radlobby ist parteipolitisch unabh\u00e4ngig! Als Ortsgruppe unterst\u00fctzen wir die Gemeinde,","og_url":"https:\/\/www.radlobby.org\/noe\/ybbstal-team\/","og_site_name":"Radlobby Nieder\u00f6sterreich","article_publisher":"https:\/\/www.facebook.com\/groups\/radfahren.in.noe\/","article_modified_time":"2023-05-17T14:12:20+00:00","og_image":[{"url":"https:\/\/www.radlobby.org\/noe\/wp-content\/uploads\/2016\/12\/20130314_Gruendung_Radlobby_WaidhofenYbbs_05_L1100368_1800px-300x161.jpg","type":"","width":"","height":""}],"twitter_card":"summary_large_image","twitter_misc":{"Gesch\u00e4tzte Lesezeit":"2\u00a0Minuten"},"schema":{"@context":"https:\/\/schema.org","@graph":[{"@type":"WebPage","@id":"https:\/\/www.radlobby.org\/noe\/ybbstal-team\/","url":"https:\/\/www.radlobby.org\/noe\/ybbstal-team\/","name":"Radlobby Ybbstal \u2013 Team - Radlobby Nieder\u00f6sterreich","isPartOf":{"@id":"https:\/\/www.radlobby.org\/noe\/#website"},"primaryImageOfPage":{"@id":"https:\/\/www.radlobby.org\/noe\/ybbstal-team\/#primaryimage"},"image":{"@id":"https:\/\/www.radlobby.org\/noe\/ybbstal-team\/#primaryimage"},"thumbnailUrl":"https:\/\/www.radlobby.org\/noe\/wp-content\/uploads\/2016\/12\/20130314_Gruendung_Radlobby_WaidhofenYbbs_05_L1100368_1800px-300x161.jpg","datePublished":"2018-03-30T10:27:00+00:00","dateModified":"2023-05-17T14:12:20+00:00","breadcrumb":{"@id":"https:\/\/www.radlobby.org\/noe\/ybbstal-team\/#breadcrumb"},"inLanguage":"de","potentialAction":[{"@type":"ReadAction","target":["https:\/\/www.radlobby.org\/noe\/ybbstal-team\/"]}]},{"@type":"ImageObject","inLanguage":"de","@id":"https:\/\/www.radlobby.org\/noe\/ybbstal-team\/#primaryimage","url":"https:\/\/www.radlobby.org\/noe\/wp-content\/uploads\/2016\/12\/20130314_Gruendung_Radlobby_WaidhofenYbbs_05_L1100368_1800px.jpg","contentUrl":"https:\/\/www.radlobby.org\/noe\/wp-content\/uploads\/2016\/12\/20130314_Gruendung_Radlobby_WaidhofenYbbs_05_L1100368_1800px.jpg","width":1800,"height":966},{"@type":"BreadcrumbList","@id":"https:\/\/www.radlobby.org\/noe\/ybbstal-team\/#breadcrumb","itemListElement":[{"@type":"ListItem","position":1,"name":"Startseite","item":"https:\/\/www.radlobby.org\/noe\/"},{"@type":"ListItem","position":2,"name":"Radlobby Ybbstal \u2013 Team"}]},{"@type":"WebSite","@id":"https:\/\/www.radlobby.org\/noe\/#website","url":"https:\/\/www.radlobby.org\/noe\/","name":"Radlobby Nieder\u00f6sterreich","description":"Radverkehr, Fahrrad, Radfahren, Radreisen, Radtouren, Radweg","publisher":{"@id":"https:\/\/www.radlobby.org\/noe\/#organization"},"potentialAction":[{"@type":"SearchAction","target":{"@type":"EntryPoint","urlTemplate":"https:\/\/www.radlobby.org\/noe\/?s={search_term_string}"},"query-input":{"@type":"PropertyValueSpecification","valueRequired":true,"valueName":"search_term_string"}}],"inLanguage":"de"},{"@type":"Organization","@id":"https:\/\/www.radlobby.org\/noe\/#organization","name":"Radlobby Nieder\u00f6sterreich","url":"https:\/\/www.radlobby.org\/noe\/","logo":{"@type":"ImageObject","inLanguage":"de","@id":"https:\/\/www.radlobby.org\/noe\/#\/schema\/logo\/image\/","url":"https:\/\/www.radlobby.org\/noe\/wp-content\/uploads\/2017\/01\/cropped-Logo_Radlobby_Niederoesterreich_50-400px_quer-1.jpg","contentUrl":"https:\/\/www.radlobby.org\/noe\/wp-content\/uploads\/2017\/01\/cropped-Logo_Radlobby_Niederoesterreich_50-400px_quer-1.jpg","width":450,"height":124,"caption":"Radlobby Nieder\u00f6sterreich"},"image":{"@id":"https:\/\/www.radlobby.org\/noe\/#\/schema\/logo\/image\/"},"sameAs":["https:\/\/www.facebook.com\/groups\/radfahren.in.noe\/"]}]}},"_links":{"self":[{"href":"https:\/\/www.radlobby.org\/noe\/wp-json\/wp\/v2\/pages\/5700","targetHints":{"allow":["GET"]}}],"collection":[{"href":"https:\/\/www.radlobby.org\/noe\/wp-json\/wp\/v2\/pages"}],"about":[{"href":"https:\/\/www.radlobby.org\/noe\/wp-json\/wp\/v2\/types\/page"}],"author":[{"embeddable":true,"href":"https:\/\/www.radlobby.org\/noe\/wp-json\/wp\/v2\/users\/16"}],"replies":[{"embeddable":true,"href":"https:\/\/www.radlobby.org\/noe\/wp-json\/wp\/v2\/comments?post=5700"}],"version-history":[{"count":3,"href":"https:\/\/www.radlobby.org\/noe\/wp-json\/wp\/v2\/pages\/5700\/revisions"}],"predecessor-version":[{"id":29765,"href":"https:\/\/www.radlobby.org\/noe\/wp-json\/wp\/v2\/pages\/5700\/revisions\/29765"}],"wp:attachment":[{"href":"https:\/\/www.radlobby.org\/noe\/wp-json\/wp\/v2\/media?parent=5700"}],"curies":[{"name":"wp","href":"https:\/\/api.w.org\/{rel}","templated":true}]}}