{"id":5695,"date":"2018-03-30T12:20:13","date_gmt":"2018-03-30T10:20:13","guid":{"rendered":"http:\/\/www.radlobby.org\/noe\/?page_id=5695"},"modified":"2024-06-22T19:51:08","modified_gmt":"2024-06-22T17:51:08","slug":"tulln-team","status":"publish","type":"page","link":"https:\/\/www.radlobby.org\/noe\/tulln-team\/","title":{"rendered":"Radlobby Tulln \u2013 Team"},"content":{"rendered":"<p>Das Team der Ortsgruppe in Tulln besteht aus:<img loading=\"lazy\" decoding=\"async\" class=\"alignright\" src=\"https:\/\/www.radlobby.org\/noe\/wp-content\/uploads\/IMG_2164-2-scaled.jpeg\" alt=\"Das neue Kernteam der RL Tulln.\" width=\"325\" height=\"406\" \/><\/p>\n<ul>\n<li>Severin Ettl &#8211; Ortsgruppensprecher<\/li>\n<li>Alfred Kaiblinger<\/li>\n<li>Sarah Kirchner<\/li>\n<li>Manfred Lins<\/li>\n<li>Manuela Schl\u00f6gl<\/li>\n<li>Matthias Schl\u00f6gl<\/li>\n<\/ul>\n<p>Wenn Ihr Hindernisse im Tullner Radnetz findet oder auf Gefahren hinweisen m\u00f6chtet. Oder Ihr habt andere Ideen f\u00fcr sicheren und alltagstauglichen Fahrradverkehr in Tulln, sprecht uns an!<\/p>\n<p>Wir freuen uns \u00fcber Deine Nachricht an <a href=\"mailto:tulln@radlobby.at?subject=Anfrage%20an%20die%20Radlobby-Tulln\">tulln@radlobby.at.<\/a><\/p>\n<p>&nbsp;<\/p>\n<p>&nbsp;<\/p>\n","protected":false},"excerpt":{"rendered":"<p>Das Team der Ortsgruppe in Tulln besteht aus: Severin Ettl &#8211; Ortsgruppensprecher Alfred Kaiblinger Sarah Kirchner Manfred Lins Manuela Schl\u00f6gl Matthias Schl\u00f6gl Wenn Ihr Hindernisse im Tullner Radnetz findet oder auf Gefahren hinweisen m\u00f6chtet. Oder Ihr habt andere Ideen f\u00fcr<\/p>\n","protected":false},"author":16,"featured_media":0,"parent":0,"menu_order":0,"comment_status":"closed","ping_status":"closed","template":"","meta":{"footnotes":""},"class_list":["post-5695","page","type-page","status-publish","hentry"],"yoast_head":"<!-- This site is optimized with the Yoast SEO plugin v26.9 - https:\/\/yoast.com\/product\/yoast-seo-wordpress\/ -->\n<title>Radlobby Tulln \u2013 Team - Radlobby Nieder\u00f6sterreich<\/title>\n<meta name=\"robots\" content=\"index, follow, max-snippet:-1, max-image-preview:large, max-video-preview:-1\" \/>\n<link rel=\"canonical\" href=\"https:\/\/www.radlobby.org\/noe\/tulln-team\/\" \/>\n<meta property=\"og:locale\" content=\"de_DE\" \/>\n<meta property=\"og:type\" content=\"article\" \/>\n<meta property=\"og:title\" content=\"Radlobby Tulln \u2013 Team - Radlobby Nieder\u00f6sterreich\" \/>\n<meta property=\"og:description\" content=\"Das Team der Ortsgruppe in Tulln besteht aus: Severin Ettl &#8211; Ortsgruppensprecher Alfred Kaiblinger Sarah Kirchner Manfred Lins Manuela Schl\u00f6gl Matthias Schl\u00f6gl Wenn Ihr Hindernisse im Tullner Radnetz findet oder auf Gefahren hinweisen m\u00f6chtet. Oder Ihr habt andere Ideen f\u00fcr\" \/>\n<meta property=\"og:url\" content=\"https:\/\/www.radlobby.org\/noe\/tulln-team\/\" \/>\n<meta property=\"og:site_name\" content=\"Radlobby Nieder\u00f6sterreich\" \/>\n<meta property=\"article:publisher\" content=\"https:\/\/www.facebook.com\/groups\/radfahren.in.noe\/\" \/>\n<meta property=\"article:modified_time\" content=\"2024-06-22T17:51:08+00:00\" \/>\n<meta property=\"og:image\" content=\"https:\/\/www.radlobby.org\/noe\/wp-content\/uploads\/IMG_2164-2-scaled.jpeg\" \/>\n<meta name=\"twitter:card\" content=\"summary_large_image\" \/>\n<meta name=\"twitter:label1\" content=\"Gesch\u00e4tzte Lesezeit\" \/>\n\t<meta name=\"twitter:data1\" content=\"1\u00a0Minute\" \/>\n<script type=\"application\/ld+json\" class=\"yoast-schema-graph\">{\"@context\":\"https:\/\/schema.org\",\"@graph\":[{\"@type\":\"WebPage\",\"@id\":\"https:\/\/www.radlobby.org\/noe\/tulln-team\/\",\"url\":\"https:\/\/www.radlobby.org\/noe\/tulln-team\/\",\"name\":\"Radlobby Tulln \u2013 Team - Radlobby Nieder\u00f6sterreich\",\"isPartOf\":{\"@id\":\"https:\/\/www.radlobby.org\/noe\/#website\"},\"primaryImageOfPage\":{\"@id\":\"https:\/\/www.radlobby.org\/noe\/tulln-team\/#primaryimage\"},\"image\":{\"@id\":\"https:\/\/www.radlobby.org\/noe\/tulln-team\/#primaryimage\"},\"thumbnailUrl\":\"https:\/\/www.radlobby.org\/noe\/wp-content\/uploads\/IMG_2164-2-scaled.jpeg\",\"datePublished\":\"2018-03-30T10:20:13+00:00\",\"dateModified\":\"2024-06-22T17:51:08+00:00\",\"breadcrumb\":{\"@id\":\"https:\/\/www.radlobby.org\/noe\/tulln-team\/#breadcrumb\"},\"inLanguage\":\"de\",\"potentialAction\":[{\"@type\":\"ReadAction\",\"target\":[\"https:\/\/www.radlobby.org\/noe\/tulln-team\/\"]}]},{\"@type\":\"ImageObject\",\"inLanguage\":\"de\",\"@id\":\"https:\/\/www.radlobby.org\/noe\/tulln-team\/#primaryimage\",\"url\":\"https:\/\/www.radlobby.org\/noe\/wp-content\/uploads\/IMG_2164-2-scaled.jpeg\",\"contentUrl\":\"https:\/\/www.radlobby.org\/noe\/wp-content\/uploads\/IMG_2164-2-scaled.jpeg\",\"width\":1707,\"height\":2560},{\"@type\":\"BreadcrumbList\",\"@id\":\"https:\/\/www.radlobby.org\/noe\/tulln-team\/#breadcrumb\",\"itemListElement\":[{\"@type\":\"ListItem\",\"position\":1,\"name\":\"Startseite\",\"item\":\"https:\/\/www.radlobby.org\/noe\/\"},{\"@type\":\"ListItem\",\"position\":2,\"name\":\"Radlobby Tulln \u2013 Team\"}]},{\"@type\":\"WebSite\",\"@id\":\"https:\/\/www.radlobby.org\/noe\/#website\",\"url\":\"https:\/\/www.radlobby.org\/noe\/\",\"name\":\"Radlobby Nieder\u00f6sterreich\",\"description\":\"Radverkehr, Fahrrad, Radfahren, Radreisen, Radtouren, Radweg\",\"publisher\":{\"@id\":\"https:\/\/www.radlobby.org\/noe\/#organization\"},\"potentialAction\":[{\"@type\":\"SearchAction\",\"target\":{\"@type\":\"EntryPoint\",\"urlTemplate\":\"https:\/\/www.radlobby.org\/noe\/?s={search_term_string}\"},\"query-input\":{\"@type\":\"PropertyValueSpecification\",\"valueRequired\":true,\"valueName\":\"search_term_string\"}}],\"inLanguage\":\"de\"},{\"@type\":\"Organization\",\"@id\":\"https:\/\/www.radlobby.org\/noe\/#organization\",\"name\":\"Radlobby Nieder\u00f6sterreich\",\"url\":\"https:\/\/www.radlobby.org\/noe\/\",\"logo\":{\"@type\":\"ImageObject\",\"inLanguage\":\"de\",\"@id\":\"https:\/\/www.radlobby.org\/noe\/#\/schema\/logo\/image\/\",\"url\":\"https:\/\/www.radlobby.org\/noe\/wp-content\/uploads\/2017\/01\/cropped-Logo_Radlobby_Niederoesterreich_50-400px_quer-1.jpg\",\"contentUrl\":\"https:\/\/www.radlobby.org\/noe\/wp-content\/uploads\/2017\/01\/cropped-Logo_Radlobby_Niederoesterreich_50-400px_quer-1.jpg\",\"width\":450,\"height\":124,\"caption\":\"Radlobby Nieder\u00f6sterreich\"},\"image\":{\"@id\":\"https:\/\/www.radlobby.org\/noe\/#\/schema\/logo\/image\/\"},\"sameAs\":[\"https:\/\/www.facebook.com\/groups\/radfahren.in.noe\/\"]}]}<\/script>\n<!-- \/ Yoast SEO plugin. -->","yoast_head_json":{"title":"Radlobby Tulln \u2013 Team - Radlobby Nieder\u00f6sterreich","robots":{"index":"index","follow":"follow","max-snippet":"max-snippet:-1","max-image-preview":"max-image-preview:large","max-video-preview":"max-video-preview:-1"},"canonical":"https:\/\/www.radlobby.org\/noe\/tulln-team\/","og_locale":"de_DE","og_type":"article","og_title":"Radlobby Tulln \u2013 Team - Radlobby Nieder\u00f6sterreich","og_description":"Das Team der Ortsgruppe in Tulln besteht aus: Severin Ettl &#8211; Ortsgruppensprecher Alfred Kaiblinger Sarah Kirchner Manfred Lins Manuela Schl\u00f6gl Matthias Schl\u00f6gl Wenn Ihr Hindernisse im Tullner Radnetz findet oder auf Gefahren hinweisen m\u00f6chtet. Oder Ihr habt andere Ideen f\u00fcr","og_url":"https:\/\/www.radlobby.org\/noe\/tulln-team\/","og_site_name":"Radlobby Nieder\u00f6sterreich","article_publisher":"https:\/\/www.facebook.com\/groups\/radfahren.in.noe\/","article_modified_time":"2024-06-22T17:51:08+00:00","og_image":[{"url":"https:\/\/www.radlobby.org\/noe\/wp-content\/uploads\/IMG_2164-2-scaled.jpeg","type":"","width":"","height":""}],"twitter_card":"summary_large_image","twitter_misc":{"Gesch\u00e4tzte Lesezeit":"1\u00a0Minute"},"schema":{"@context":"https:\/\/schema.org","@graph":[{"@type":"WebPage","@id":"https:\/\/www.radlobby.org\/noe\/tulln-team\/","url":"https:\/\/www.radlobby.org\/noe\/tulln-team\/","name":"Radlobby Tulln \u2013 Team - Radlobby Nieder\u00f6sterreich","isPartOf":{"@id":"https:\/\/www.radlobby.org\/noe\/#website"},"primaryImageOfPage":{"@id":"https:\/\/www.radlobby.org\/noe\/tulln-team\/#primaryimage"},"image":{"@id":"https:\/\/www.radlobby.org\/noe\/tulln-team\/#primaryimage"},"thumbnailUrl":"https:\/\/www.radlobby.org\/noe\/wp-content\/uploads\/IMG_2164-2-scaled.jpeg","datePublished":"2018-03-30T10:20:13+00:00","dateModified":"2024-06-22T17:51:08+00:00","breadcrumb":{"@id":"https:\/\/www.radlobby.org\/noe\/tulln-team\/#breadcrumb"},"inLanguage":"de","potentialAction":[{"@type":"ReadAction","target":["https:\/\/www.radlobby.org\/noe\/tulln-team\/"]}]},{"@type":"ImageObject","inLanguage":"de","@id":"https:\/\/www.radlobby.org\/noe\/tulln-team\/#primaryimage","url":"https:\/\/www.radlobby.org\/noe\/wp-content\/uploads\/IMG_2164-2-scaled.jpeg","contentUrl":"https:\/\/www.radlobby.org\/noe\/wp-content\/uploads\/IMG_2164-2-scaled.jpeg","width":1707,"height":2560},{"@type":"BreadcrumbList","@id":"https:\/\/www.radlobby.org\/noe\/tulln-team\/#breadcrumb","itemListElement":[{"@type":"ListItem","position":1,"name":"Startseite","item":"https:\/\/www.radlobby.org\/noe\/"},{"@type":"ListItem","position":2,"name":"Radlobby Tulln \u2013 Team"}]},{"@type":"WebSite","@id":"https:\/\/www.radlobby.org\/noe\/#website","url":"https:\/\/www.radlobby.org\/noe\/","name":"Radlobby Nieder\u00f6sterreich","description":"Radverkehr, Fahrrad, Radfahren, Radreisen, Radtouren, Radweg","publisher":{"@id":"https:\/\/www.radlobby.org\/noe\/#organization"},"potentialAction":[{"@type":"SearchAction","target":{"@type":"EntryPoint","urlTemplate":"https:\/\/www.radlobby.org\/noe\/?s={search_term_string}"},"query-input":{"@type":"PropertyValueSpecification","valueRequired":true,"valueName":"search_term_string"}}],"inLanguage":"de"},{"@type":"Organization","@id":"https:\/\/www.radlobby.org\/noe\/#organization","name":"Radlobby Nieder\u00f6sterreich","url":"https:\/\/www.radlobby.org\/noe\/","logo":{"@type":"ImageObject","inLanguage":"de","@id":"https:\/\/www.radlobby.org\/noe\/#\/schema\/logo\/image\/","url":"https:\/\/www.radlobby.org\/noe\/wp-content\/uploads\/2017\/01\/cropped-Logo_Radlobby_Niederoesterreich_50-400px_quer-1.jpg","contentUrl":"https:\/\/www.radlobby.org\/noe\/wp-content\/uploads\/2017\/01\/cropped-Logo_Radlobby_Niederoesterreich_50-400px_quer-1.jpg","width":450,"height":124,"caption":"Radlobby Nieder\u00f6sterreich"},"image":{"@id":"https:\/\/www.radlobby.org\/noe\/#\/schema\/logo\/image\/"},"sameAs":["https:\/\/www.facebook.com\/groups\/radfahren.in.noe\/"]}]}},"_links":{"self":[{"href":"https:\/\/www.radlobby.org\/noe\/wp-json\/wp\/v2\/pages\/5695","targetHints":{"allow":["GET"]}}],"collection":[{"href":"https:\/\/www.radlobby.org\/noe\/wp-json\/wp\/v2\/pages"}],"about":[{"href":"https:\/\/www.radlobby.org\/noe\/wp-json\/wp\/v2\/types\/page"}],"author":[{"embeddable":true,"href":"https:\/\/www.radlobby.org\/noe\/wp-json\/wp\/v2\/users\/16"}],"replies":[{"embeddable":true,"href":"https:\/\/www.radlobby.org\/noe\/wp-json\/wp\/v2\/comments?post=5695"}],"version-history":[{"count":2,"href":"https:\/\/www.radlobby.org\/noe\/wp-json\/wp\/v2\/pages\/5695\/revisions"}],"predecessor-version":[{"id":35838,"href":"https:\/\/www.radlobby.org\/noe\/wp-json\/wp\/v2\/pages\/5695\/revisions\/35838"}],"wp:attachment":[{"href":"https:\/\/www.radlobby.org\/noe\/wp-json\/wp\/v2\/media?parent=5695"}],"curies":[{"name":"wp","href":"https:\/\/api.w.org\/{rel}","templated":true}]}}