{"id":5639,"date":"2018-03-30T08:59:32","date_gmt":"2018-03-30T06:59:32","guid":{"rendered":"http:\/\/www.radlobby.org\/noe\/?page_id=5639"},"modified":"2018-03-30T08:59:44","modified_gmt":"2018-03-30T06:59:44","slug":"korneuburg-team","status":"publish","type":"page","link":"https:\/\/www.radlobby.org\/noe\/korneuburg-team\/","title":{"rendered":"Radlobby Korneuburg \u2013 Team"},"content":{"rendered":"<p><a href=\"https:\/\/www.radlobby.org\/noe\/wp-content\/uploads\/2016\/12\/20170101_Radlobby_Korneuburg_Radsaisoneroeffnung-2017_02a.jpg\" data-src=\"https:\/\/www.radlobby.org\/noe\/wp-content\/uploads\/2016\/12\/20170101_Radlobby_Korneuburg_Radsaisoneroeffnung-2017_02a.jpg\" data-thumb=\"http:\/\/www.radlobby.org\/noe\/wp-content\/uploads\/2016\/12\/20170101_Radlobby_Korneuburg_Radsaisoneroeffnung-2017_02a-1024x506.jpg\" class=\"ml-lightbox-enabled\"><img loading=\"lazy\" decoding=\"async\" class=\"alignnone wp-image-1371 size-large\" src=\"http:\/\/www.radlobby.org\/noe\/wp-content\/uploads\/2016\/12\/20170101_Radlobby_Korneuburg_Radsaisoneroeffnung-2017_02a-1024x506.jpg\" alt=\"Radsaisoner\u00f6ffnung am 1. J\u00e4nner 2017 in Korneuburg | Foto: Klemens Alton\" width=\"750\" height=\"371\" srcset=\"https:\/\/www.radlobby.org\/noe\/wp-content\/uploads\/2016\/12\/20170101_Radlobby_Korneuburg_Radsaisoneroeffnung-2017_02a-1024x506.jpg 1024w, https:\/\/www.radlobby.org\/noe\/wp-content\/uploads\/2016\/12\/20170101_Radlobby_Korneuburg_Radsaisoneroeffnung-2017_02a-300x148.jpg 300w, https:\/\/www.radlobby.org\/noe\/wp-content\/uploads\/2016\/12\/20170101_Radlobby_Korneuburg_Radsaisoneroeffnung-2017_02a-768x380.jpg 768w\" sizes=\"auto, (max-width: 750px) 100vw, 750px\" \/><\/a><\/p>\n<p>Wir f\u00f6rdern umweltfreundliche Mobilit\u00e4t\u00a0und vertreten die Interessen der\u00a0Radfahrenden und zu Fu\u00df Gehenden\u00a0in Korneuburg.<br \/>\nWir freuen uns \u00fcber Ihre Nachricht: <a class=\"mailto\" href=\"mailto:korneuburg@radlobby.at?subject=Anfrage%20an%20die%20Radlobby-Korneuburg\">korneuburg@radlobby.at<\/a><\/p>\n<p>Hier finden Sie die <a href=\"http:\/\/www.radlobby.org\/noe\/category\/korneuburg\/\">aktuellen Informationen \u00fcber unsere Aktivit\u00e4ten<\/a>.<\/p>\n<p>Falls Sie\u00a0im Bezirk oder in der Stadt Korneuburg zuhause\u00a0sind\u00a0und aktiv mitmachen m\u00f6chten, wenden Sie sich an das Leitungsteam.<\/p>\n<p>Vorerst wird aus Kapazit\u00e4tsgr\u00fcnden\u00a0die Stadt Korneuburg und die Region rund um Korneuburg betreut.<br \/>\nWir suchen auch aktive Radfahrer.innen aus der Region Stockerau.<\/p>\n<h5>Radlobby Korneuburg<\/h5>\n<p>Dr. Starzer Stra\u00dfe 15<br \/>\n2100 Korneuburg<br \/>\n<a class=\"mailto\" href=\"mailto:korneuburg@radlobby.at\">korneuburg@radlobby.at<\/a><\/p>\n<h5>Das Leitungsteam:<\/h5>\n<p><strong>Richard Stawa<\/strong>, Gruppenverantwortlicher<br \/>\n<strong>Klemens Alton<\/strong><\/p>\n<p><img loading=\"lazy\" decoding=\"async\" class=\"alignleft size-full wp-image-5316\" src=\"http:\/\/www.radlobby.org\/noe\/wp-content\/uploads\/20130325_Richard_Stawa_Klemens_Alton.jpg\" alt=\"\" width=\"553\" height=\"393\" srcset=\"https:\/\/www.radlobby.org\/noe\/wp-content\/uploads\/20130325_Richard_Stawa_Klemens_Alton.jpg 553w, https:\/\/www.radlobby.org\/noe\/wp-content\/uploads\/20130325_Richard_Stawa_Klemens_Alton-300x213.jpg 300w\" sizes=\"auto, (max-width: 553px) 100vw, 553px\" \/><\/p>\n","protected":false},"excerpt":{"rendered":"<p>Wir f\u00f6rdern umweltfreundliche Mobilit\u00e4t\u00a0und vertreten die Interessen der\u00a0Radfahrenden und zu Fu\u00df Gehenden\u00a0in Korneuburg. Wir freuen uns \u00fcber Ihre Nachricht: korneuburg@radlobby.at Hier finden Sie die aktuellen Informationen \u00fcber unsere Aktivit\u00e4ten. Falls Sie\u00a0im Bezirk oder in der Stadt Korneuburg zuhause\u00a0sind\u00a0und aktiv mitmachen<\/p>\n","protected":false},"author":16,"featured_media":0,"parent":0,"menu_order":0,"comment_status":"closed","ping_status":"closed","template":"","meta":{"footnotes":""},"class_list":["post-5639","page","type-page","status-publish","hentry"],"yoast_head":"<!-- This site is optimized with the Yoast SEO plugin v26.9 - https:\/\/yoast.com\/product\/yoast-seo-wordpress\/ -->\n<title>Radlobby Korneuburg \u2013 Team - Radlobby Nieder\u00f6sterreich<\/title>\n<meta name=\"robots\" content=\"index, follow, max-snippet:-1, max-image-preview:large, max-video-preview:-1\" \/>\n<link rel=\"canonical\" href=\"https:\/\/www.radlobby.org\/noe\/korneuburg-team\/\" \/>\n<meta property=\"og:locale\" content=\"de_DE\" \/>\n<meta property=\"og:type\" content=\"article\" \/>\n<meta property=\"og:title\" content=\"Radlobby Korneuburg \u2013 Team - Radlobby Nieder\u00f6sterreich\" \/>\n<meta property=\"og:description\" content=\"Wir f\u00f6rdern umweltfreundliche Mobilit\u00e4t\u00a0und vertreten die Interessen der\u00a0Radfahrenden und zu Fu\u00df Gehenden\u00a0in Korneuburg. Wir freuen uns \u00fcber Ihre Nachricht: korneuburg@radlobby.at Hier finden Sie die aktuellen Informationen \u00fcber unsere Aktivit\u00e4ten. Falls Sie\u00a0im Bezirk oder in der Stadt Korneuburg zuhause\u00a0sind\u00a0und aktiv mitmachen\" \/>\n<meta property=\"og:url\" content=\"https:\/\/www.radlobby.org\/noe\/korneuburg-team\/\" \/>\n<meta property=\"og:site_name\" content=\"Radlobby Nieder\u00f6sterreich\" \/>\n<meta property=\"article:publisher\" content=\"https:\/\/www.facebook.com\/groups\/radfahren.in.noe\/\" \/>\n<meta property=\"article:modified_time\" content=\"2018-03-30T06:59:44+00:00\" \/>\n<meta property=\"og:image\" content=\"http:\/\/www.radlobby.org\/noe\/wp-content\/uploads\/2016\/12\/20170101_Radlobby_Korneuburg_Radsaisoneroeffnung-2017_02a-1024x506.jpg\" \/>\n<meta name=\"twitter:card\" content=\"summary_large_image\" \/>\n<meta name=\"twitter:label1\" content=\"Gesch\u00e4tzte Lesezeit\" \/>\n\t<meta name=\"twitter:data1\" content=\"1\u00a0Minute\" \/>\n<script type=\"application\/ld+json\" class=\"yoast-schema-graph\">{\"@context\":\"https:\/\/schema.org\",\"@graph\":[{\"@type\":\"WebPage\",\"@id\":\"https:\/\/www.radlobby.org\/noe\/korneuburg-team\/\",\"url\":\"https:\/\/www.radlobby.org\/noe\/korneuburg-team\/\",\"name\":\"Radlobby Korneuburg \u2013 Team - Radlobby Nieder\u00f6sterreich\",\"isPartOf\":{\"@id\":\"https:\/\/www.radlobby.org\/noe\/#website\"},\"primaryImageOfPage\":{\"@id\":\"https:\/\/www.radlobby.org\/noe\/korneuburg-team\/#primaryimage\"},\"image\":{\"@id\":\"https:\/\/www.radlobby.org\/noe\/korneuburg-team\/#primaryimage\"},\"thumbnailUrl\":\"http:\/\/www.radlobby.org\/noe\/wp-content\/uploads\/2016\/12\/20170101_Radlobby_Korneuburg_Radsaisoneroeffnung-2017_02a-1024x506.jpg\",\"datePublished\":\"2018-03-30T06:59:32+00:00\",\"dateModified\":\"2018-03-30T06:59:44+00:00\",\"breadcrumb\":{\"@id\":\"https:\/\/www.radlobby.org\/noe\/korneuburg-team\/#breadcrumb\"},\"inLanguage\":\"de\",\"potentialAction\":[{\"@type\":\"ReadAction\",\"target\":[\"https:\/\/www.radlobby.org\/noe\/korneuburg-team\/\"]}]},{\"@type\":\"ImageObject\",\"inLanguage\":\"de\",\"@id\":\"https:\/\/www.radlobby.org\/noe\/korneuburg-team\/#primaryimage\",\"url\":\"https:\/\/www.radlobby.org\/noe\/wp-content\/uploads\/2016\/12\/20170101_Radlobby_Korneuburg_Radsaisoneroeffnung-2017_02a.jpg\",\"contentUrl\":\"https:\/\/www.radlobby.org\/noe\/wp-content\/uploads\/2016\/12\/20170101_Radlobby_Korneuburg_Radsaisoneroeffnung-2017_02a.jpg\",\"width\":2597,\"height\":1284},{\"@type\":\"BreadcrumbList\",\"@id\":\"https:\/\/www.radlobby.org\/noe\/korneuburg-team\/#breadcrumb\",\"itemListElement\":[{\"@type\":\"ListItem\",\"position\":1,\"name\":\"Startseite\",\"item\":\"https:\/\/www.radlobby.org\/noe\/\"},{\"@type\":\"ListItem\",\"position\":2,\"name\":\"Radlobby Korneuburg \u2013 Team\"}]},{\"@type\":\"WebSite\",\"@id\":\"https:\/\/www.radlobby.org\/noe\/#website\",\"url\":\"https:\/\/www.radlobby.org\/noe\/\",\"name\":\"Radlobby Nieder\u00f6sterreich\",\"description\":\"Radverkehr, Fahrrad, Radfahren, Radreisen, Radtouren, Radweg\",\"publisher\":{\"@id\":\"https:\/\/www.radlobby.org\/noe\/#organization\"},\"potentialAction\":[{\"@type\":\"SearchAction\",\"target\":{\"@type\":\"EntryPoint\",\"urlTemplate\":\"https:\/\/www.radlobby.org\/noe\/?s={search_term_string}\"},\"query-input\":{\"@type\":\"PropertyValueSpecification\",\"valueRequired\":true,\"valueName\":\"search_term_string\"}}],\"inLanguage\":\"de\"},{\"@type\":\"Organization\",\"@id\":\"https:\/\/www.radlobby.org\/noe\/#organization\",\"name\":\"Radlobby Nieder\u00f6sterreich\",\"url\":\"https:\/\/www.radlobby.org\/noe\/\",\"logo\":{\"@type\":\"ImageObject\",\"inLanguage\":\"de\",\"@id\":\"https:\/\/www.radlobby.org\/noe\/#\/schema\/logo\/image\/\",\"url\":\"https:\/\/www.radlobby.org\/noe\/wp-content\/uploads\/2017\/01\/cropped-Logo_Radlobby_Niederoesterreich_50-400px_quer-1.jpg\",\"contentUrl\":\"https:\/\/www.radlobby.org\/noe\/wp-content\/uploads\/2017\/01\/cropped-Logo_Radlobby_Niederoesterreich_50-400px_quer-1.jpg\",\"width\":450,\"height\":124,\"caption\":\"Radlobby Nieder\u00f6sterreich\"},\"image\":{\"@id\":\"https:\/\/www.radlobby.org\/noe\/#\/schema\/logo\/image\/\"},\"sameAs\":[\"https:\/\/www.facebook.com\/groups\/radfahren.in.noe\/\"]}]}<\/script>\n<!-- \/ Yoast SEO plugin. -->","yoast_head_json":{"title":"Radlobby Korneuburg \u2013 Team - Radlobby Nieder\u00f6sterreich","robots":{"index":"index","follow":"follow","max-snippet":"max-snippet:-1","max-image-preview":"max-image-preview:large","max-video-preview":"max-video-preview:-1"},"canonical":"https:\/\/www.radlobby.org\/noe\/korneuburg-team\/","og_locale":"de_DE","og_type":"article","og_title":"Radlobby Korneuburg \u2013 Team - Radlobby Nieder\u00f6sterreich","og_description":"Wir f\u00f6rdern umweltfreundliche Mobilit\u00e4t\u00a0und vertreten die Interessen der\u00a0Radfahrenden und zu Fu\u00df Gehenden\u00a0in Korneuburg. Wir freuen uns \u00fcber Ihre Nachricht: korneuburg@radlobby.at Hier finden Sie die aktuellen Informationen \u00fcber unsere Aktivit\u00e4ten. Falls Sie\u00a0im Bezirk oder in der Stadt Korneuburg zuhause\u00a0sind\u00a0und aktiv mitmachen","og_url":"https:\/\/www.radlobby.org\/noe\/korneuburg-team\/","og_site_name":"Radlobby Nieder\u00f6sterreich","article_publisher":"https:\/\/www.facebook.com\/groups\/radfahren.in.noe\/","article_modified_time":"2018-03-30T06:59:44+00:00","og_image":[{"url":"http:\/\/www.radlobby.org\/noe\/wp-content\/uploads\/2016\/12\/20170101_Radlobby_Korneuburg_Radsaisoneroeffnung-2017_02a-1024x506.jpg","type":"","width":"","height":""}],"twitter_card":"summary_large_image","twitter_misc":{"Gesch\u00e4tzte Lesezeit":"1\u00a0Minute"},"schema":{"@context":"https:\/\/schema.org","@graph":[{"@type":"WebPage","@id":"https:\/\/www.radlobby.org\/noe\/korneuburg-team\/","url":"https:\/\/www.radlobby.org\/noe\/korneuburg-team\/","name":"Radlobby Korneuburg \u2013 Team - Radlobby Nieder\u00f6sterreich","isPartOf":{"@id":"https:\/\/www.radlobby.org\/noe\/#website"},"primaryImageOfPage":{"@id":"https:\/\/www.radlobby.org\/noe\/korneuburg-team\/#primaryimage"},"image":{"@id":"https:\/\/www.radlobby.org\/noe\/korneuburg-team\/#primaryimage"},"thumbnailUrl":"http:\/\/www.radlobby.org\/noe\/wp-content\/uploads\/2016\/12\/20170101_Radlobby_Korneuburg_Radsaisoneroeffnung-2017_02a-1024x506.jpg","datePublished":"2018-03-30T06:59:32+00:00","dateModified":"2018-03-30T06:59:44+00:00","breadcrumb":{"@id":"https:\/\/www.radlobby.org\/noe\/korneuburg-team\/#breadcrumb"},"inLanguage":"de","potentialAction":[{"@type":"ReadAction","target":["https:\/\/www.radlobby.org\/noe\/korneuburg-team\/"]}]},{"@type":"ImageObject","inLanguage":"de","@id":"https:\/\/www.radlobby.org\/noe\/korneuburg-team\/#primaryimage","url":"https:\/\/www.radlobby.org\/noe\/wp-content\/uploads\/2016\/12\/20170101_Radlobby_Korneuburg_Radsaisoneroeffnung-2017_02a.jpg","contentUrl":"https:\/\/www.radlobby.org\/noe\/wp-content\/uploads\/2016\/12\/20170101_Radlobby_Korneuburg_Radsaisoneroeffnung-2017_02a.jpg","width":2597,"height":1284},{"@type":"BreadcrumbList","@id":"https:\/\/www.radlobby.org\/noe\/korneuburg-team\/#breadcrumb","itemListElement":[{"@type":"ListItem","position":1,"name":"Startseite","item":"https:\/\/www.radlobby.org\/noe\/"},{"@type":"ListItem","position":2,"name":"Radlobby Korneuburg \u2013 Team"}]},{"@type":"WebSite","@id":"https:\/\/www.radlobby.org\/noe\/#website","url":"https:\/\/www.radlobby.org\/noe\/","name":"Radlobby Nieder\u00f6sterreich","description":"Radverkehr, Fahrrad, Radfahren, Radreisen, Radtouren, Radweg","publisher":{"@id":"https:\/\/www.radlobby.org\/noe\/#organization"},"potentialAction":[{"@type":"SearchAction","target":{"@type":"EntryPoint","urlTemplate":"https:\/\/www.radlobby.org\/noe\/?s={search_term_string}"},"query-input":{"@type":"PropertyValueSpecification","valueRequired":true,"valueName":"search_term_string"}}],"inLanguage":"de"},{"@type":"Organization","@id":"https:\/\/www.radlobby.org\/noe\/#organization","name":"Radlobby Nieder\u00f6sterreich","url":"https:\/\/www.radlobby.org\/noe\/","logo":{"@type":"ImageObject","inLanguage":"de","@id":"https:\/\/www.radlobby.org\/noe\/#\/schema\/logo\/image\/","url":"https:\/\/www.radlobby.org\/noe\/wp-content\/uploads\/2017\/01\/cropped-Logo_Radlobby_Niederoesterreich_50-400px_quer-1.jpg","contentUrl":"https:\/\/www.radlobby.org\/noe\/wp-content\/uploads\/2017\/01\/cropped-Logo_Radlobby_Niederoesterreich_50-400px_quer-1.jpg","width":450,"height":124,"caption":"Radlobby Nieder\u00f6sterreich"},"image":{"@id":"https:\/\/www.radlobby.org\/noe\/#\/schema\/logo\/image\/"},"sameAs":["https:\/\/www.facebook.com\/groups\/radfahren.in.noe\/"]}]}},"_links":{"self":[{"href":"https:\/\/www.radlobby.org\/noe\/wp-json\/wp\/v2\/pages\/5639","targetHints":{"allow":["GET"]}}],"collection":[{"href":"https:\/\/www.radlobby.org\/noe\/wp-json\/wp\/v2\/pages"}],"about":[{"href":"https:\/\/www.radlobby.org\/noe\/wp-json\/wp\/v2\/types\/page"}],"author":[{"embeddable":true,"href":"https:\/\/www.radlobby.org\/noe\/wp-json\/wp\/v2\/users\/16"}],"replies":[{"embeddable":true,"href":"https:\/\/www.radlobby.org\/noe\/wp-json\/wp\/v2\/comments?post=5639"}],"version-history":[{"count":0,"href":"https:\/\/www.radlobby.org\/noe\/wp-json\/wp\/v2\/pages\/5639\/revisions"}],"wp:attachment":[{"href":"https:\/\/www.radlobby.org\/noe\/wp-json\/wp\/v2\/media?parent=5639"}],"curies":[{"name":"wp","href":"https:\/\/api.w.org\/{rel}","templated":true}]}}