{"id":4777,"date":"2018-01-02T18:05:00","date_gmt":"2018-01-02T17:05:00","guid":{"rendered":"http:\/\/www.radlobby.org\/noe\/?page_id=4777"},"modified":"2018-01-03T09:21:25","modified_gmt":"2018-01-03T08:21:25","slug":"regionalrouten-alltagsradlerinnen","status":"publish","type":"page","link":"https:\/\/www.radlobby.org\/noe\/wolkersdorf\/regionalrouten-alltagsradlerinnen\/","title":{"rendered":"Regionalrouten von AlltagsradlerInnen"},"content":{"rendered":"<h4 id=\"page-title\" class=\"title\">Informationen zu Strecken, welche von AlltagsradfahrerInnen benutzt werden<\/h4>\n<p>Bei den hier angef\u00fchrten Strecken handelt es sich um Routen die per Fahrrad von bestimmten Personen regelm\u00e4\u00dfig benutzt werden. Dabei handelt es sich meistens um Arbeitswege oder Freizeitwege die (fast) t\u00e4glich\u00a0mit den unterschiedlichsten Fahrr\u00e4dern befahren\u00a0werden.<\/p>\n<p>Wir laden alle herzlich ein auch Ihre Strecke an uns zur Ver\u00f6ffentlichung zuzusenden\u00a0<a href=\"mailto:wolkersdorf@radlobby.at\"><span id=\"7fcabfe4911afec8b5b8fd80ef54fc7b1cfad1d3\">wolkersdorf@radlobby.at<\/span><\/a><\/p>\n<pre>... diese Seite befindet sich\u00a0im Aufbau, hier werden in K\u00fcrze verschiedene Routen hochgeladen, bitte um Geduld<\/pre>\n<h3>Bedeutung der Symbole:<\/h3>\n<p><strong>Linien<\/strong> stellen Wege und Routen dar<\/p>\n<p><strong>Tropfen <\/strong>sind Orte\/Positionen<\/p>\n<p>Anleitung:<\/p>\n<p>Man kann mit der Maus die Karte von links nach rechts oder von oben nach unten schieben, den Kartenausschnitt verkleinern oder vergr\u00f6\u00dfern.\u00a0Klickt man die Linien oder Tropfen an, \u00f6ffnet sich ein Fenster mit einer Situationsbeschreibung und dem Verbesserungsvorschlag. Zu manchen Stellen sind auch Fotos sichtbar.<\/p>\n<h3>Rechtlicher Hinweis f\u00fcr die Benutzung der oben angef\u00fchrten Strecken:<\/h3>\n<p>Keine dieser Routen wurde von der\u00a0Radlobby Nieder\u00f6sterreich auf deren Sicherheit oder der m\u00f6glichen Einhaltung der StVO\u00a0gepr\u00fcft. Es ist daher jede Radfahrerin bzw. jeder Radfahrer vor der Ben\u00fctzung einer dargestellten bzw. beschriebenen Strecke selbst f\u00fcr jegliche Sch\u00e4den, Strafen oder sonstigen daraus resultierenden Nachteilen verantwortlich.<\/p>\n","protected":false},"excerpt":{"rendered":"<p>Informationen zu Strecken, welche von AlltagsradfahrerInnen benutzt werden Bei den hier angef\u00fchrten Strecken handelt es sich um Routen die per Fahrrad von bestimmten Personen regelm\u00e4\u00dfig benutzt werden. Dabei handelt es sich meistens um Arbeitswege oder Freizeitwege die (fast) t\u00e4glich\u00a0mit den<\/p>\n","protected":false},"author":4,"featured_media":0,"parent":336,"menu_order":0,"comment_status":"closed","ping_status":"closed","template":"","meta":{"footnotes":""},"class_list":["post-4777","page","type-page","status-publish","hentry"],"yoast_head":"<!-- This site is optimized with the Yoast SEO plugin v26.9 - https:\/\/yoast.com\/product\/yoast-seo-wordpress\/ -->\n<title>Regionalrouten von AlltagsradlerInnen - Radlobby Nieder\u00f6sterreich<\/title>\n<meta name=\"robots\" content=\"index, follow, max-snippet:-1, max-image-preview:large, max-video-preview:-1\" \/>\n<link rel=\"canonical\" href=\"https:\/\/www.radlobby.org\/noe\/wolkersdorf\/regionalrouten-alltagsradlerinnen\/\" \/>\n<meta property=\"og:locale\" content=\"de_DE\" \/>\n<meta property=\"og:type\" content=\"article\" \/>\n<meta property=\"og:title\" content=\"Regionalrouten von AlltagsradlerInnen - Radlobby Nieder\u00f6sterreich\" \/>\n<meta property=\"og:description\" content=\"Informationen zu Strecken, welche von AlltagsradfahrerInnen benutzt werden Bei den hier angef\u00fchrten Strecken handelt es sich um Routen die per Fahrrad von bestimmten Personen regelm\u00e4\u00dfig benutzt werden. Dabei handelt es sich meistens um Arbeitswege oder Freizeitwege die (fast) t\u00e4glich\u00a0mit den\" \/>\n<meta property=\"og:url\" content=\"https:\/\/www.radlobby.org\/noe\/wolkersdorf\/regionalrouten-alltagsradlerinnen\/\" \/>\n<meta property=\"og:site_name\" content=\"Radlobby Nieder\u00f6sterreich\" \/>\n<meta property=\"article:publisher\" content=\"https:\/\/www.facebook.com\/groups\/radfahren.in.noe\/\" \/>\n<meta property=\"article:modified_time\" content=\"2018-01-03T08:21:25+00:00\" \/>\n<meta property=\"og:image\" content=\"https:\/\/www.radlobby.org\/noe\/wp-content\/uploads\/20200101-RLWN-Neujahrsaradeln-DSC_0105a_1900px-1.jpg\" \/>\n\t<meta property=\"og:image:width\" content=\"1900\" \/>\n\t<meta property=\"og:image:height\" content=\"770\" \/>\n\t<meta property=\"og:image:type\" content=\"image\/jpeg\" \/>\n<meta name=\"twitter:card\" content=\"summary_large_image\" \/>\n<meta name=\"twitter:label1\" content=\"Gesch\u00e4tzte Lesezeit\" \/>\n\t<meta name=\"twitter:data1\" content=\"1\u00a0Minute\" \/>\n<script type=\"application\/ld+json\" class=\"yoast-schema-graph\">{\"@context\":\"https:\/\/schema.org\",\"@graph\":[{\"@type\":\"WebPage\",\"@id\":\"https:\/\/www.radlobby.org\/noe\/wolkersdorf\/regionalrouten-alltagsradlerinnen\/\",\"url\":\"https:\/\/www.radlobby.org\/noe\/wolkersdorf\/regionalrouten-alltagsradlerinnen\/\",\"name\":\"Regionalrouten von AlltagsradlerInnen - Radlobby Nieder\u00f6sterreich\",\"isPartOf\":{\"@id\":\"https:\/\/www.radlobby.org\/noe\/#website\"},\"datePublished\":\"2018-01-02T17:05:00+00:00\",\"dateModified\":\"2018-01-03T08:21:25+00:00\",\"breadcrumb\":{\"@id\":\"https:\/\/www.radlobby.org\/noe\/wolkersdorf\/regionalrouten-alltagsradlerinnen\/#breadcrumb\"},\"inLanguage\":\"de\",\"potentialAction\":[{\"@type\":\"ReadAction\",\"target\":[\"https:\/\/www.radlobby.org\/noe\/wolkersdorf\/regionalrouten-alltagsradlerinnen\/\"]}]},{\"@type\":\"BreadcrumbList\",\"@id\":\"https:\/\/www.radlobby.org\/noe\/wolkersdorf\/regionalrouten-alltagsradlerinnen\/#breadcrumb\",\"itemListElement\":[{\"@type\":\"ListItem\",\"position\":1,\"name\":\"Startseite\",\"item\":\"https:\/\/www.radlobby.org\/noe\/\"},{\"@type\":\"ListItem\",\"position\":2,\"name\":\"Radlobby Wolkersdorf\",\"item\":\"https:\/\/www.radlobby.org\/noe\/wolkersdorf\/\"},{\"@type\":\"ListItem\",\"position\":3,\"name\":\"Regionalrouten von AlltagsradlerInnen\"}]},{\"@type\":\"WebSite\",\"@id\":\"https:\/\/www.radlobby.org\/noe\/#website\",\"url\":\"https:\/\/www.radlobby.org\/noe\/\",\"name\":\"Radlobby Nieder\u00f6sterreich\",\"description\":\"Radverkehr, Fahrrad, Radfahren, Radreisen, Radtouren, Radweg\",\"publisher\":{\"@id\":\"https:\/\/www.radlobby.org\/noe\/#organization\"},\"potentialAction\":[{\"@type\":\"SearchAction\",\"target\":{\"@type\":\"EntryPoint\",\"urlTemplate\":\"https:\/\/www.radlobby.org\/noe\/?s={search_term_string}\"},\"query-input\":{\"@type\":\"PropertyValueSpecification\",\"valueRequired\":true,\"valueName\":\"search_term_string\"}}],\"inLanguage\":\"de\"},{\"@type\":\"Organization\",\"@id\":\"https:\/\/www.radlobby.org\/noe\/#organization\",\"name\":\"Radlobby Nieder\u00f6sterreich\",\"url\":\"https:\/\/www.radlobby.org\/noe\/\",\"logo\":{\"@type\":\"ImageObject\",\"inLanguage\":\"de\",\"@id\":\"https:\/\/www.radlobby.org\/noe\/#\/schema\/logo\/image\/\",\"url\":\"https:\/\/www.radlobby.org\/noe\/wp-content\/uploads\/2017\/01\/cropped-Logo_Radlobby_Niederoesterreich_50-400px_quer-1.jpg\",\"contentUrl\":\"https:\/\/www.radlobby.org\/noe\/wp-content\/uploads\/2017\/01\/cropped-Logo_Radlobby_Niederoesterreich_50-400px_quer-1.jpg\",\"width\":450,\"height\":124,\"caption\":\"Radlobby Nieder\u00f6sterreich\"},\"image\":{\"@id\":\"https:\/\/www.radlobby.org\/noe\/#\/schema\/logo\/image\/\"},\"sameAs\":[\"https:\/\/www.facebook.com\/groups\/radfahren.in.noe\/\"]}]}<\/script>\n<!-- \/ Yoast SEO plugin. -->","yoast_head_json":{"title":"Regionalrouten von AlltagsradlerInnen - Radlobby Nieder\u00f6sterreich","robots":{"index":"index","follow":"follow","max-snippet":"max-snippet:-1","max-image-preview":"max-image-preview:large","max-video-preview":"max-video-preview:-1"},"canonical":"https:\/\/www.radlobby.org\/noe\/wolkersdorf\/regionalrouten-alltagsradlerinnen\/","og_locale":"de_DE","og_type":"article","og_title":"Regionalrouten von AlltagsradlerInnen - Radlobby Nieder\u00f6sterreich","og_description":"Informationen zu Strecken, welche von AlltagsradfahrerInnen benutzt werden Bei den hier angef\u00fchrten Strecken handelt es sich um Routen die per Fahrrad von bestimmten Personen regelm\u00e4\u00dfig benutzt werden. Dabei handelt es sich meistens um Arbeitswege oder Freizeitwege die (fast) t\u00e4glich\u00a0mit den","og_url":"https:\/\/www.radlobby.org\/noe\/wolkersdorf\/regionalrouten-alltagsradlerinnen\/","og_site_name":"Radlobby Nieder\u00f6sterreich","article_publisher":"https:\/\/www.facebook.com\/groups\/radfahren.in.noe\/","article_modified_time":"2018-01-03T08:21:25+00:00","og_image":[{"width":1900,"height":770,"url":"https:\/\/www.radlobby.org\/noe\/wp-content\/uploads\/20200101-RLWN-Neujahrsaradeln-DSC_0105a_1900px-1.jpg","type":"image\/jpeg"}],"twitter_card":"summary_large_image","twitter_misc":{"Gesch\u00e4tzte Lesezeit":"1\u00a0Minute"},"schema":{"@context":"https:\/\/schema.org","@graph":[{"@type":"WebPage","@id":"https:\/\/www.radlobby.org\/noe\/wolkersdorf\/regionalrouten-alltagsradlerinnen\/","url":"https:\/\/www.radlobby.org\/noe\/wolkersdorf\/regionalrouten-alltagsradlerinnen\/","name":"Regionalrouten von AlltagsradlerInnen - Radlobby Nieder\u00f6sterreich","isPartOf":{"@id":"https:\/\/www.radlobby.org\/noe\/#website"},"datePublished":"2018-01-02T17:05:00+00:00","dateModified":"2018-01-03T08:21:25+00:00","breadcrumb":{"@id":"https:\/\/www.radlobby.org\/noe\/wolkersdorf\/regionalrouten-alltagsradlerinnen\/#breadcrumb"},"inLanguage":"de","potentialAction":[{"@type":"ReadAction","target":["https:\/\/www.radlobby.org\/noe\/wolkersdorf\/regionalrouten-alltagsradlerinnen\/"]}]},{"@type":"BreadcrumbList","@id":"https:\/\/www.radlobby.org\/noe\/wolkersdorf\/regionalrouten-alltagsradlerinnen\/#breadcrumb","itemListElement":[{"@type":"ListItem","position":1,"name":"Startseite","item":"https:\/\/www.radlobby.org\/noe\/"},{"@type":"ListItem","position":2,"name":"Radlobby Wolkersdorf","item":"https:\/\/www.radlobby.org\/noe\/wolkersdorf\/"},{"@type":"ListItem","position":3,"name":"Regionalrouten von AlltagsradlerInnen"}]},{"@type":"WebSite","@id":"https:\/\/www.radlobby.org\/noe\/#website","url":"https:\/\/www.radlobby.org\/noe\/","name":"Radlobby Nieder\u00f6sterreich","description":"Radverkehr, Fahrrad, Radfahren, Radreisen, Radtouren, Radweg","publisher":{"@id":"https:\/\/www.radlobby.org\/noe\/#organization"},"potentialAction":[{"@type":"SearchAction","target":{"@type":"EntryPoint","urlTemplate":"https:\/\/www.radlobby.org\/noe\/?s={search_term_string}"},"query-input":{"@type":"PropertyValueSpecification","valueRequired":true,"valueName":"search_term_string"}}],"inLanguage":"de"},{"@type":"Organization","@id":"https:\/\/www.radlobby.org\/noe\/#organization","name":"Radlobby Nieder\u00f6sterreich","url":"https:\/\/www.radlobby.org\/noe\/","logo":{"@type":"ImageObject","inLanguage":"de","@id":"https:\/\/www.radlobby.org\/noe\/#\/schema\/logo\/image\/","url":"https:\/\/www.radlobby.org\/noe\/wp-content\/uploads\/2017\/01\/cropped-Logo_Radlobby_Niederoesterreich_50-400px_quer-1.jpg","contentUrl":"https:\/\/www.radlobby.org\/noe\/wp-content\/uploads\/2017\/01\/cropped-Logo_Radlobby_Niederoesterreich_50-400px_quer-1.jpg","width":450,"height":124,"caption":"Radlobby Nieder\u00f6sterreich"},"image":{"@id":"https:\/\/www.radlobby.org\/noe\/#\/schema\/logo\/image\/"},"sameAs":["https:\/\/www.facebook.com\/groups\/radfahren.in.noe\/"]}]}},"_links":{"self":[{"href":"https:\/\/www.radlobby.org\/noe\/wp-json\/wp\/v2\/pages\/4777","targetHints":{"allow":["GET"]}}],"collection":[{"href":"https:\/\/www.radlobby.org\/noe\/wp-json\/wp\/v2\/pages"}],"about":[{"href":"https:\/\/www.radlobby.org\/noe\/wp-json\/wp\/v2\/types\/page"}],"author":[{"embeddable":true,"href":"https:\/\/www.radlobby.org\/noe\/wp-json\/wp\/v2\/users\/4"}],"replies":[{"embeddable":true,"href":"https:\/\/www.radlobby.org\/noe\/wp-json\/wp\/v2\/comments?post=4777"}],"version-history":[{"count":0,"href":"https:\/\/www.radlobby.org\/noe\/wp-json\/wp\/v2\/pages\/4777\/revisions"}],"up":[{"embeddable":true,"href":"https:\/\/www.radlobby.org\/noe\/wp-json\/wp\/v2\/pages\/336"}],"wp:attachment":[{"href":"https:\/\/www.radlobby.org\/noe\/wp-json\/wp\/v2\/media?parent=4777"}],"curies":[{"name":"wp","href":"https:\/\/api.w.org\/{rel}","templated":true}]}}