{"id":405,"date":"2016-12-05T09:45:15","date_gmt":"2016-12-05T08:45:15","guid":{"rendered":"http:\/\/www.radlobby.org\/noe\/?page_id=405"},"modified":"2026-03-17T19:45:56","modified_gmt":"2026-03-17T18:45:56","slug":"skater-versicherung","status":"publish","type":"page","link":"https:\/\/www.radlobby.org\/noe\/skater-versicherung\/","title":{"rendered":"Skater-Versicherung"},"content":{"rendered":"<h4>Versicherungen<\/h4>\n<p>Radlobby Nieder\u00f6sterreich-Mitglieder k\u00f6nnen alle Versicherungen optional ausw\u00e4hlen:<\/p>\n<ol>\n<li><a href=\"http:\/\/www.radlobby.org\/noe\/versicherungen\/\">Mitgliederversicherung: Haftpflicht, Rechtsschutz, Unfall<\/a><\/li>\n<li><a href=\"http:\/\/www.radlobby.org\/noe\/diebstahlversicherung\/\">Fahrrad-Diebstahl: Diebstahl, Vadalismus<\/a><\/li>\n<\/ol>\n<hr \/>\n<h4>3. Skater-Versicherung<\/h4>\n<p>wird nicht mehr angeboten.<\/p>\n<p><span style=\"font-size: 10pt;\">Bei den Versicherungen handelt es sich um Gruppenversicherungen der Radlobby Argus Wien, vermittelt durch die Rubas &amp; Co Versicherungsmaklerges. m.b.H. Die Radlobby Nieder\u00f6sterreich gibt Ihr Interesse an der jeweiligen Versicherung unentgeltlich weiter. F\u00fcr n\u00e4here Informationen oder Beratung bitte auf die jeweiligen Links klicken.<\/span><\/p>\n","protected":false},"excerpt":{"rendered":"<p>Versicherungen Radlobby Nieder\u00f6sterreich-Mitglieder k\u00f6nnen alle Versicherungen optional ausw\u00e4hlen: Mitgliederversicherung: Haftpflicht, Rechtsschutz, Unfall Fahrrad-Diebstahl: Diebstahl, Vadalismus 3. Skater-Versicherung wird nicht mehr angeboten. Bei den Versicherungen handelt es sich um Gruppenversicherungen der Radlobby Argus Wien, vermittelt durch die Rubas &amp; Co Versicherungsmaklerges.<\/p>\n","protected":false},"author":1,"featured_media":0,"parent":0,"menu_order":0,"comment_status":"closed","ping_status":"closed","template":"","meta":{"footnotes":""},"class_list":["post-405","page","type-page","status-publish","hentry"],"yoast_head":"<!-- This site is optimized with the Yoast SEO plugin v26.9 - https:\/\/yoast.com\/product\/yoast-seo-wordpress\/ -->\n<title>Skater-Versicherung - Radlobby Nieder\u00f6sterreich<\/title>\n<meta name=\"robots\" content=\"index, follow, max-snippet:-1, max-image-preview:large, max-video-preview:-1\" \/>\n<link rel=\"canonical\" href=\"https:\/\/www.radlobby.org\/noe\/skater-versicherung\/\" \/>\n<meta property=\"og:locale\" content=\"de_DE\" \/>\n<meta property=\"og:type\" content=\"article\" \/>\n<meta property=\"og:title\" content=\"Skater-Versicherung - Radlobby Nieder\u00f6sterreich\" \/>\n<meta property=\"og:description\" content=\"Versicherungen Radlobby Nieder\u00f6sterreich-Mitglieder k\u00f6nnen alle Versicherungen optional ausw\u00e4hlen: Mitgliederversicherung: Haftpflicht, Rechtsschutz, Unfall Fahrrad-Diebstahl: Diebstahl, Vadalismus 3. Skater-Versicherung wird nicht mehr angeboten. Bei den Versicherungen handelt es sich um Gruppenversicherungen der Radlobby Argus Wien, vermittelt durch die Rubas &amp; Co Versicherungsmaklerges.\" \/>\n<meta property=\"og:url\" content=\"https:\/\/www.radlobby.org\/noe\/skater-versicherung\/\" \/>\n<meta property=\"og:site_name\" content=\"Radlobby Nieder\u00f6sterreich\" \/>\n<meta property=\"article:publisher\" content=\"https:\/\/www.facebook.com\/groups\/radfahren.in.noe\/\" \/>\n<meta property=\"article:modified_time\" content=\"2026-03-17T18:45:56+00:00\" \/>\n<meta property=\"og:image\" content=\"https:\/\/www.radlobby.org\/noe\/wp-content\/uploads\/20200101-RLWN-Neujahrsaradeln-DSC_0105a_1900px-1.jpg\" \/>\n\t<meta property=\"og:image:width\" content=\"1900\" \/>\n\t<meta property=\"og:image:height\" content=\"770\" \/>\n\t<meta property=\"og:image:type\" content=\"image\/jpeg\" \/>\n<meta name=\"twitter:card\" content=\"summary_large_image\" \/>\n<meta name=\"twitter:label1\" content=\"Gesch\u00e4tzte Lesezeit\" \/>\n\t<meta name=\"twitter:data1\" content=\"1\u00a0Minute\" \/>\n<script type=\"application\/ld+json\" class=\"yoast-schema-graph\">{\"@context\":\"https:\/\/schema.org\",\"@graph\":[{\"@type\":\"WebPage\",\"@id\":\"https:\/\/www.radlobby.org\/noe\/skater-versicherung\/\",\"url\":\"https:\/\/www.radlobby.org\/noe\/skater-versicherung\/\",\"name\":\"Skater-Versicherung - Radlobby Nieder\u00f6sterreich\",\"isPartOf\":{\"@id\":\"https:\/\/www.radlobby.org\/noe\/#website\"},\"datePublished\":\"2016-12-05T08:45:15+00:00\",\"dateModified\":\"2026-03-17T18:45:56+00:00\",\"breadcrumb\":{\"@id\":\"https:\/\/www.radlobby.org\/noe\/skater-versicherung\/#breadcrumb\"},\"inLanguage\":\"de\",\"potentialAction\":[{\"@type\":\"ReadAction\",\"target\":[\"https:\/\/www.radlobby.org\/noe\/skater-versicherung\/\"]}]},{\"@type\":\"BreadcrumbList\",\"@id\":\"https:\/\/www.radlobby.org\/noe\/skater-versicherung\/#breadcrumb\",\"itemListElement\":[{\"@type\":\"ListItem\",\"position\":1,\"name\":\"Startseite\",\"item\":\"https:\/\/www.radlobby.org\/noe\/\"},{\"@type\":\"ListItem\",\"position\":2,\"name\":\"Skater-Versicherung\"}]},{\"@type\":\"WebSite\",\"@id\":\"https:\/\/www.radlobby.org\/noe\/#website\",\"url\":\"https:\/\/www.radlobby.org\/noe\/\",\"name\":\"Radlobby Nieder\u00f6sterreich\",\"description\":\"Radverkehr, Fahrrad, Radfahren, Radreisen, Radtouren, Radweg\",\"publisher\":{\"@id\":\"https:\/\/www.radlobby.org\/noe\/#organization\"},\"potentialAction\":[{\"@type\":\"SearchAction\",\"target\":{\"@type\":\"EntryPoint\",\"urlTemplate\":\"https:\/\/www.radlobby.org\/noe\/?s={search_term_string}\"},\"query-input\":{\"@type\":\"PropertyValueSpecification\",\"valueRequired\":true,\"valueName\":\"search_term_string\"}}],\"inLanguage\":\"de\"},{\"@type\":\"Organization\",\"@id\":\"https:\/\/www.radlobby.org\/noe\/#organization\",\"name\":\"Radlobby Nieder\u00f6sterreich\",\"url\":\"https:\/\/www.radlobby.org\/noe\/\",\"logo\":{\"@type\":\"ImageObject\",\"inLanguage\":\"de\",\"@id\":\"https:\/\/www.radlobby.org\/noe\/#\/schema\/logo\/image\/\",\"url\":\"https:\/\/www.radlobby.org\/noe\/wp-content\/uploads\/2017\/01\/cropped-Logo_Radlobby_Niederoesterreich_50-400px_quer-1.jpg\",\"contentUrl\":\"https:\/\/www.radlobby.org\/noe\/wp-content\/uploads\/2017\/01\/cropped-Logo_Radlobby_Niederoesterreich_50-400px_quer-1.jpg\",\"width\":450,\"height\":124,\"caption\":\"Radlobby Nieder\u00f6sterreich\"},\"image\":{\"@id\":\"https:\/\/www.radlobby.org\/noe\/#\/schema\/logo\/image\/\"},\"sameAs\":[\"https:\/\/www.facebook.com\/groups\/radfahren.in.noe\/\"]}]}<\/script>\n<!-- \/ Yoast SEO plugin. -->","yoast_head_json":{"title":"Skater-Versicherung - Radlobby Nieder\u00f6sterreich","robots":{"index":"index","follow":"follow","max-snippet":"max-snippet:-1","max-image-preview":"max-image-preview:large","max-video-preview":"max-video-preview:-1"},"canonical":"https:\/\/www.radlobby.org\/noe\/skater-versicherung\/","og_locale":"de_DE","og_type":"article","og_title":"Skater-Versicherung - Radlobby Nieder\u00f6sterreich","og_description":"Versicherungen Radlobby Nieder\u00f6sterreich-Mitglieder k\u00f6nnen alle Versicherungen optional ausw\u00e4hlen: Mitgliederversicherung: Haftpflicht, Rechtsschutz, Unfall Fahrrad-Diebstahl: Diebstahl, Vadalismus 3. Skater-Versicherung wird nicht mehr angeboten. Bei den Versicherungen handelt es sich um Gruppenversicherungen der Radlobby Argus Wien, vermittelt durch die Rubas &amp; Co Versicherungsmaklerges.","og_url":"https:\/\/www.radlobby.org\/noe\/skater-versicherung\/","og_site_name":"Radlobby Nieder\u00f6sterreich","article_publisher":"https:\/\/www.facebook.com\/groups\/radfahren.in.noe\/","article_modified_time":"2026-03-17T18:45:56+00:00","og_image":[{"width":1900,"height":770,"url":"https:\/\/www.radlobby.org\/noe\/wp-content\/uploads\/20200101-RLWN-Neujahrsaradeln-DSC_0105a_1900px-1.jpg","type":"image\/jpeg"}],"twitter_card":"summary_large_image","twitter_misc":{"Gesch\u00e4tzte Lesezeit":"1\u00a0Minute"},"schema":{"@context":"https:\/\/schema.org","@graph":[{"@type":"WebPage","@id":"https:\/\/www.radlobby.org\/noe\/skater-versicherung\/","url":"https:\/\/www.radlobby.org\/noe\/skater-versicherung\/","name":"Skater-Versicherung - Radlobby Nieder\u00f6sterreich","isPartOf":{"@id":"https:\/\/www.radlobby.org\/noe\/#website"},"datePublished":"2016-12-05T08:45:15+00:00","dateModified":"2026-03-17T18:45:56+00:00","breadcrumb":{"@id":"https:\/\/www.radlobby.org\/noe\/skater-versicherung\/#breadcrumb"},"inLanguage":"de","potentialAction":[{"@type":"ReadAction","target":["https:\/\/www.radlobby.org\/noe\/skater-versicherung\/"]}]},{"@type":"BreadcrumbList","@id":"https:\/\/www.radlobby.org\/noe\/skater-versicherung\/#breadcrumb","itemListElement":[{"@type":"ListItem","position":1,"name":"Startseite","item":"https:\/\/www.radlobby.org\/noe\/"},{"@type":"ListItem","position":2,"name":"Skater-Versicherung"}]},{"@type":"WebSite","@id":"https:\/\/www.radlobby.org\/noe\/#website","url":"https:\/\/www.radlobby.org\/noe\/","name":"Radlobby Nieder\u00f6sterreich","description":"Radverkehr, Fahrrad, Radfahren, Radreisen, Radtouren, Radweg","publisher":{"@id":"https:\/\/www.radlobby.org\/noe\/#organization"},"potentialAction":[{"@type":"SearchAction","target":{"@type":"EntryPoint","urlTemplate":"https:\/\/www.radlobby.org\/noe\/?s={search_term_string}"},"query-input":{"@type":"PropertyValueSpecification","valueRequired":true,"valueName":"search_term_string"}}],"inLanguage":"de"},{"@type":"Organization","@id":"https:\/\/www.radlobby.org\/noe\/#organization","name":"Radlobby Nieder\u00f6sterreich","url":"https:\/\/www.radlobby.org\/noe\/","logo":{"@type":"ImageObject","inLanguage":"de","@id":"https:\/\/www.radlobby.org\/noe\/#\/schema\/logo\/image\/","url":"https:\/\/www.radlobby.org\/noe\/wp-content\/uploads\/2017\/01\/cropped-Logo_Radlobby_Niederoesterreich_50-400px_quer-1.jpg","contentUrl":"https:\/\/www.radlobby.org\/noe\/wp-content\/uploads\/2017\/01\/cropped-Logo_Radlobby_Niederoesterreich_50-400px_quer-1.jpg","width":450,"height":124,"caption":"Radlobby Nieder\u00f6sterreich"},"image":{"@id":"https:\/\/www.radlobby.org\/noe\/#\/schema\/logo\/image\/"},"sameAs":["https:\/\/www.facebook.com\/groups\/radfahren.in.noe\/"]}]}},"_links":{"self":[{"href":"https:\/\/www.radlobby.org\/noe\/wp-json\/wp\/v2\/pages\/405","targetHints":{"allow":["GET"]}}],"collection":[{"href":"https:\/\/www.radlobby.org\/noe\/wp-json\/wp\/v2\/pages"}],"about":[{"href":"https:\/\/www.radlobby.org\/noe\/wp-json\/wp\/v2\/types\/page"}],"author":[{"embeddable":true,"href":"https:\/\/www.radlobby.org\/noe\/wp-json\/wp\/v2\/users\/1"}],"replies":[{"embeddable":true,"href":"https:\/\/www.radlobby.org\/noe\/wp-json\/wp\/v2\/comments?post=405"}],"version-history":[{"count":2,"href":"https:\/\/www.radlobby.org\/noe\/wp-json\/wp\/v2\/pages\/405\/revisions"}],"predecessor-version":[{"id":41439,"href":"https:\/\/www.radlobby.org\/noe\/wp-json\/wp\/v2\/pages\/405\/revisions\/41439"}],"wp:attachment":[{"href":"https:\/\/www.radlobby.org\/noe\/wp-json\/wp\/v2\/media?parent=405"}],"curies":[{"name":"wp","href":"https:\/\/api.w.org\/{rel}","templated":true}]}}