{"id":402,"date":"2016-12-05T09:34:02","date_gmt":"2016-12-05T08:34:02","guid":{"rendered":"http:\/\/www.radlobby.org\/noe\/?page_id=402"},"modified":"2017-10-03T17:10:39","modified_gmt":"2017-10-03T15:10:39","slug":"diebstahlversicherung","status":"publish","type":"page","link":"https:\/\/www.radlobby.org\/noe\/diebstahlversicherung\/","title":{"rendered":"Diebstahlversicherung"},"content":{"rendered":"<h4>Versicherungen<\/h4>\n<p>Radlobby Nieder\u00f6sterreich-Mitglieder k\u00f6nnen alle Versicherungen optional ausw\u00e4hlen:<\/p>\n<ol>\n<li><a href=\"http:\/\/www.radlobby.org\/noe\/versicherungen\/\">Mitgliederversicherung: Haftpflicht, Rechtsschutz, Unfall<\/a><\/li>\n<li><a href=\"http:\/\/www.radlobby.org\/noe\/diebstahlversicherung\/\">Fahrrad-Diebstahl: Diebstahl, Vadalismus<\/a><\/li>\n<li><a href=\"http:\/\/www.radlobby.org\/noe\/skater-versicherung\/\">Skaterversicherung<\/a><\/li>\n<\/ol>\n<hr \/>\n<h4><img loading=\"lazy\" decoding=\"async\" class=\"alignright size-full wp-image-403\" src=\"http:\/\/www.radlobby.org\/noe\/wp-content\/uploads\/2016\/12\/diebstahlversicherung_dieb_webbanner.jpg\" alt=\"diebstahlversicherung_dieb_webbanner\" width=\"341\" height=\"480\" srcset=\"https:\/\/www.radlobby.org\/noe\/wp-content\/uploads\/2016\/12\/diebstahlversicherung_dieb_webbanner.jpg 341w, https:\/\/www.radlobby.org\/noe\/wp-content\/uploads\/2016\/12\/diebstahlversicherung_dieb_webbanner-213x300.jpg 213w\" sizes=\"auto, (max-width: 341px) 100vw, 341px\" \/>2. Fahrrad-Diebstahl- und Vadalismus-Versicherung<\/h4>\n<p>In \u00d6sterreich werden j\u00e4hrlich an die 30.000 Fahrr\u00e4der gestohlen &#8211; mit steigender Tendenz. Deshalb: Sichern Sie Ihr Fahrrad sorgf\u00e4ltig und schlie\u00dfen Sie f\u00fcr den Fall der F\u00e4lle eine Versicherung ab. Als Service f\u00fcr Radlobby-Mitglieder bieten wir eine sehr g\u00fcnstige Fahrrad-Diebstahlversicherung an. Im folgenden Text finden Sie alle Details dazu (auch das &#8220;Kleingedruckte&#8221;), das Antragsformular und die Liste der f\u00fcr die Versicherung zugelassenen Schl\u00f6sser.<\/p>\n<p>Da wir immer bem\u00fcht sind, die Leistungen f\u00fcr unsere Mitglieder zu verbessern, haben wir mit Beginn 2014 einen neuen Partner f\u00fcr die ARGUS-Diebstahlversicherung gewonnen, die Z\u00fcrich Versicherungs AG.<\/p>\n<h6>\u00dcberblick der Versicherungsbedingungen<\/h6>\n<ul>\n<li>gilt europaweit<\/li>\n<li>gilt rund um die Uhr<\/li>\n<li>kein Selbstbehalt<\/li>\n<li>Teildiebstahl ab \u20ac 20 gedeckt<\/li>\n<li>fest montierte Extra-Ausstattung mitversicherbar<\/li>\n<li>Transportversicherung<\/li>\n<\/ul>\n<p>optional:<\/p>\n<ul>\n<li>Versicherung gegen Vandalismussch\u00e4den<\/li>\n<li>verringerte Pr\u00e4mie durch Vereinbarung eines Selbstbehaltes<\/li>\n<\/ul>\n<p>Details der Bedingungen <a href=\"https:\/\/www.radlobby.at\/diebstahlversicherung\" target=\"_blank\" rel=\"noopener\">finden Sie auf der Seite der Radlobby \u00d6sterreich<\/a>.<\/p>\n<p>&nbsp;<\/p>\n<p>&nbsp;<\/p>\n","protected":false},"excerpt":{"rendered":"<p>Versicherungen Radlobby Nieder\u00f6sterreich-Mitglieder k\u00f6nnen alle Versicherungen optional ausw\u00e4hlen: Mitgliederversicherung: Haftpflicht, Rechtsschutz, Unfall Fahrrad-Diebstahl: Diebstahl, Vadalismus Skaterversicherung 2. Fahrrad-Diebstahl- und Vadalismus-Versicherung In \u00d6sterreich werden j\u00e4hrlich an die 30.000 Fahrr\u00e4der gestohlen &#8211; mit steigender Tendenz. Deshalb: Sichern Sie Ihr Fahrrad sorgf\u00e4ltig und<\/p>\n","protected":false},"author":1,"featured_media":0,"parent":0,"menu_order":0,"comment_status":"closed","ping_status":"closed","template":"","meta":{"footnotes":""},"class_list":["post-402","page","type-page","status-publish","hentry"],"yoast_head":"<!-- This site is optimized with the Yoast SEO plugin v26.9 - https:\/\/yoast.com\/product\/yoast-seo-wordpress\/ -->\n<title>Diebstahlversicherung - Radlobby Nieder\u00f6sterreich<\/title>\n<meta name=\"robots\" content=\"index, follow, max-snippet:-1, max-image-preview:large, max-video-preview:-1\" \/>\n<link rel=\"canonical\" href=\"https:\/\/www.radlobby.org\/noe\/diebstahlversicherung\/\" \/>\n<meta property=\"og:locale\" content=\"de_DE\" \/>\n<meta property=\"og:type\" content=\"article\" \/>\n<meta property=\"og:title\" content=\"Diebstahlversicherung - Radlobby Nieder\u00f6sterreich\" \/>\n<meta property=\"og:description\" content=\"Versicherungen Radlobby Nieder\u00f6sterreich-Mitglieder k\u00f6nnen alle Versicherungen optional ausw\u00e4hlen: Mitgliederversicherung: Haftpflicht, Rechtsschutz, Unfall Fahrrad-Diebstahl: Diebstahl, Vadalismus Skaterversicherung 2. Fahrrad-Diebstahl- und Vadalismus-Versicherung In \u00d6sterreich werden j\u00e4hrlich an die 30.000 Fahrr\u00e4der gestohlen &#8211; mit steigender Tendenz. Deshalb: Sichern Sie Ihr Fahrrad sorgf\u00e4ltig und\" \/>\n<meta property=\"og:url\" content=\"https:\/\/www.radlobby.org\/noe\/diebstahlversicherung\/\" \/>\n<meta property=\"og:site_name\" content=\"Radlobby Nieder\u00f6sterreich\" \/>\n<meta property=\"article:publisher\" content=\"https:\/\/www.facebook.com\/groups\/radfahren.in.noe\/\" \/>\n<meta property=\"article:modified_time\" content=\"2017-10-03T15:10:39+00:00\" \/>\n<meta property=\"og:image\" content=\"http:\/\/www.radlobby.org\/noe\/wp-content\/uploads\/2016\/12\/diebstahlversicherung_dieb_webbanner.jpg\" \/>\n<meta name=\"twitter:card\" content=\"summary_large_image\" \/>\n<meta name=\"twitter:label1\" content=\"Gesch\u00e4tzte Lesezeit\" \/>\n\t<meta name=\"twitter:data1\" content=\"1\u00a0Minute\" \/>\n<script type=\"application\/ld+json\" class=\"yoast-schema-graph\">{\"@context\":\"https:\/\/schema.org\",\"@graph\":[{\"@type\":\"WebPage\",\"@id\":\"https:\/\/www.radlobby.org\/noe\/diebstahlversicherung\/\",\"url\":\"https:\/\/www.radlobby.org\/noe\/diebstahlversicherung\/\",\"name\":\"Diebstahlversicherung - Radlobby Nieder\u00f6sterreich\",\"isPartOf\":{\"@id\":\"https:\/\/www.radlobby.org\/noe\/#website\"},\"primaryImageOfPage\":{\"@id\":\"https:\/\/www.radlobby.org\/noe\/diebstahlversicherung\/#primaryimage\"},\"image\":{\"@id\":\"https:\/\/www.radlobby.org\/noe\/diebstahlversicherung\/#primaryimage\"},\"thumbnailUrl\":\"http:\/\/www.radlobby.org\/noe\/wp-content\/uploads\/2016\/12\/diebstahlversicherung_dieb_webbanner.jpg\",\"datePublished\":\"2016-12-05T08:34:02+00:00\",\"dateModified\":\"2017-10-03T15:10:39+00:00\",\"breadcrumb\":{\"@id\":\"https:\/\/www.radlobby.org\/noe\/diebstahlversicherung\/#breadcrumb\"},\"inLanguage\":\"de\",\"potentialAction\":[{\"@type\":\"ReadAction\",\"target\":[\"https:\/\/www.radlobby.org\/noe\/diebstahlversicherung\/\"]}]},{\"@type\":\"ImageObject\",\"inLanguage\":\"de\",\"@id\":\"https:\/\/www.radlobby.org\/noe\/diebstahlversicherung\/#primaryimage\",\"url\":\"https:\/\/www.radlobby.org\/noe\/wp-content\/uploads\/2016\/12\/diebstahlversicherung_dieb_webbanner.jpg\",\"contentUrl\":\"https:\/\/www.radlobby.org\/noe\/wp-content\/uploads\/2016\/12\/diebstahlversicherung_dieb_webbanner.jpg\",\"width\":341,\"height\":480},{\"@type\":\"BreadcrumbList\",\"@id\":\"https:\/\/www.radlobby.org\/noe\/diebstahlversicherung\/#breadcrumb\",\"itemListElement\":[{\"@type\":\"ListItem\",\"position\":1,\"name\":\"Startseite\",\"item\":\"https:\/\/www.radlobby.org\/noe\/\"},{\"@type\":\"ListItem\",\"position\":2,\"name\":\"Diebstahlversicherung\"}]},{\"@type\":\"WebSite\",\"@id\":\"https:\/\/www.radlobby.org\/noe\/#website\",\"url\":\"https:\/\/www.radlobby.org\/noe\/\",\"name\":\"Radlobby Nieder\u00f6sterreich\",\"description\":\"Radverkehr, Fahrrad, Radfahren, Radreisen, Radtouren, Radweg\",\"publisher\":{\"@id\":\"https:\/\/www.radlobby.org\/noe\/#organization\"},\"potentialAction\":[{\"@type\":\"SearchAction\",\"target\":{\"@type\":\"EntryPoint\",\"urlTemplate\":\"https:\/\/www.radlobby.org\/noe\/?s={search_term_string}\"},\"query-input\":{\"@type\":\"PropertyValueSpecification\",\"valueRequired\":true,\"valueName\":\"search_term_string\"}}],\"inLanguage\":\"de\"},{\"@type\":\"Organization\",\"@id\":\"https:\/\/www.radlobby.org\/noe\/#organization\",\"name\":\"Radlobby Nieder\u00f6sterreich\",\"url\":\"https:\/\/www.radlobby.org\/noe\/\",\"logo\":{\"@type\":\"ImageObject\",\"inLanguage\":\"de\",\"@id\":\"https:\/\/www.radlobby.org\/noe\/#\/schema\/logo\/image\/\",\"url\":\"https:\/\/www.radlobby.org\/noe\/wp-content\/uploads\/2017\/01\/cropped-Logo_Radlobby_Niederoesterreich_50-400px_quer-1.jpg\",\"contentUrl\":\"https:\/\/www.radlobby.org\/noe\/wp-content\/uploads\/2017\/01\/cropped-Logo_Radlobby_Niederoesterreich_50-400px_quer-1.jpg\",\"width\":450,\"height\":124,\"caption\":\"Radlobby Nieder\u00f6sterreich\"},\"image\":{\"@id\":\"https:\/\/www.radlobby.org\/noe\/#\/schema\/logo\/image\/\"},\"sameAs\":[\"https:\/\/www.facebook.com\/groups\/radfahren.in.noe\/\"]}]}<\/script>\n<!-- \/ Yoast SEO plugin. -->","yoast_head_json":{"title":"Diebstahlversicherung - Radlobby Nieder\u00f6sterreich","robots":{"index":"index","follow":"follow","max-snippet":"max-snippet:-1","max-image-preview":"max-image-preview:large","max-video-preview":"max-video-preview:-1"},"canonical":"https:\/\/www.radlobby.org\/noe\/diebstahlversicherung\/","og_locale":"de_DE","og_type":"article","og_title":"Diebstahlversicherung - Radlobby Nieder\u00f6sterreich","og_description":"Versicherungen Radlobby Nieder\u00f6sterreich-Mitglieder k\u00f6nnen alle Versicherungen optional ausw\u00e4hlen: Mitgliederversicherung: Haftpflicht, Rechtsschutz, Unfall Fahrrad-Diebstahl: Diebstahl, Vadalismus Skaterversicherung 2. Fahrrad-Diebstahl- und Vadalismus-Versicherung In \u00d6sterreich werden j\u00e4hrlich an die 30.000 Fahrr\u00e4der gestohlen &#8211; mit steigender Tendenz. Deshalb: Sichern Sie Ihr Fahrrad sorgf\u00e4ltig und","og_url":"https:\/\/www.radlobby.org\/noe\/diebstahlversicherung\/","og_site_name":"Radlobby Nieder\u00f6sterreich","article_publisher":"https:\/\/www.facebook.com\/groups\/radfahren.in.noe\/","article_modified_time":"2017-10-03T15:10:39+00:00","og_image":[{"url":"http:\/\/www.radlobby.org\/noe\/wp-content\/uploads\/2016\/12\/diebstahlversicherung_dieb_webbanner.jpg","type":"","width":"","height":""}],"twitter_card":"summary_large_image","twitter_misc":{"Gesch\u00e4tzte Lesezeit":"1\u00a0Minute"},"schema":{"@context":"https:\/\/schema.org","@graph":[{"@type":"WebPage","@id":"https:\/\/www.radlobby.org\/noe\/diebstahlversicherung\/","url":"https:\/\/www.radlobby.org\/noe\/diebstahlversicherung\/","name":"Diebstahlversicherung - Radlobby Nieder\u00f6sterreich","isPartOf":{"@id":"https:\/\/www.radlobby.org\/noe\/#website"},"primaryImageOfPage":{"@id":"https:\/\/www.radlobby.org\/noe\/diebstahlversicherung\/#primaryimage"},"image":{"@id":"https:\/\/www.radlobby.org\/noe\/diebstahlversicherung\/#primaryimage"},"thumbnailUrl":"http:\/\/www.radlobby.org\/noe\/wp-content\/uploads\/2016\/12\/diebstahlversicherung_dieb_webbanner.jpg","datePublished":"2016-12-05T08:34:02+00:00","dateModified":"2017-10-03T15:10:39+00:00","breadcrumb":{"@id":"https:\/\/www.radlobby.org\/noe\/diebstahlversicherung\/#breadcrumb"},"inLanguage":"de","potentialAction":[{"@type":"ReadAction","target":["https:\/\/www.radlobby.org\/noe\/diebstahlversicherung\/"]}]},{"@type":"ImageObject","inLanguage":"de","@id":"https:\/\/www.radlobby.org\/noe\/diebstahlversicherung\/#primaryimage","url":"https:\/\/www.radlobby.org\/noe\/wp-content\/uploads\/2016\/12\/diebstahlversicherung_dieb_webbanner.jpg","contentUrl":"https:\/\/www.radlobby.org\/noe\/wp-content\/uploads\/2016\/12\/diebstahlversicherung_dieb_webbanner.jpg","width":341,"height":480},{"@type":"BreadcrumbList","@id":"https:\/\/www.radlobby.org\/noe\/diebstahlversicherung\/#breadcrumb","itemListElement":[{"@type":"ListItem","position":1,"name":"Startseite","item":"https:\/\/www.radlobby.org\/noe\/"},{"@type":"ListItem","position":2,"name":"Diebstahlversicherung"}]},{"@type":"WebSite","@id":"https:\/\/www.radlobby.org\/noe\/#website","url":"https:\/\/www.radlobby.org\/noe\/","name":"Radlobby Nieder\u00f6sterreich","description":"Radverkehr, Fahrrad, Radfahren, Radreisen, Radtouren, Radweg","publisher":{"@id":"https:\/\/www.radlobby.org\/noe\/#organization"},"potentialAction":[{"@type":"SearchAction","target":{"@type":"EntryPoint","urlTemplate":"https:\/\/www.radlobby.org\/noe\/?s={search_term_string}"},"query-input":{"@type":"PropertyValueSpecification","valueRequired":true,"valueName":"search_term_string"}}],"inLanguage":"de"},{"@type":"Organization","@id":"https:\/\/www.radlobby.org\/noe\/#organization","name":"Radlobby Nieder\u00f6sterreich","url":"https:\/\/www.radlobby.org\/noe\/","logo":{"@type":"ImageObject","inLanguage":"de","@id":"https:\/\/www.radlobby.org\/noe\/#\/schema\/logo\/image\/","url":"https:\/\/www.radlobby.org\/noe\/wp-content\/uploads\/2017\/01\/cropped-Logo_Radlobby_Niederoesterreich_50-400px_quer-1.jpg","contentUrl":"https:\/\/www.radlobby.org\/noe\/wp-content\/uploads\/2017\/01\/cropped-Logo_Radlobby_Niederoesterreich_50-400px_quer-1.jpg","width":450,"height":124,"caption":"Radlobby Nieder\u00f6sterreich"},"image":{"@id":"https:\/\/www.radlobby.org\/noe\/#\/schema\/logo\/image\/"},"sameAs":["https:\/\/www.facebook.com\/groups\/radfahren.in.noe\/"]}]}},"_links":{"self":[{"href":"https:\/\/www.radlobby.org\/noe\/wp-json\/wp\/v2\/pages\/402","targetHints":{"allow":["GET"]}}],"collection":[{"href":"https:\/\/www.radlobby.org\/noe\/wp-json\/wp\/v2\/pages"}],"about":[{"href":"https:\/\/www.radlobby.org\/noe\/wp-json\/wp\/v2\/types\/page"}],"author":[{"embeddable":true,"href":"https:\/\/www.radlobby.org\/noe\/wp-json\/wp\/v2\/users\/1"}],"replies":[{"embeddable":true,"href":"https:\/\/www.radlobby.org\/noe\/wp-json\/wp\/v2\/comments?post=402"}],"version-history":[{"count":0,"href":"https:\/\/www.radlobby.org\/noe\/wp-json\/wp\/v2\/pages\/402\/revisions"}],"wp:attachment":[{"href":"https:\/\/www.radlobby.org\/noe\/wp-json\/wp\/v2\/media?parent=402"}],"curies":[{"name":"wp","href":"https:\/\/api.w.org\/{rel}","templated":true}]}}