{"id":395,"date":"2016-12-05T09:20:20","date_gmt":"2016-12-05T08:20:20","guid":{"rendered":"http:\/\/www.radlobby.org\/noe\/?page_id=395"},"modified":"2026-03-17T19:44:22","modified_gmt":"2026-03-17T18:44:22","slug":"versicherungen","status":"publish","type":"page","link":"https:\/\/www.radlobby.org\/noe\/versicherungen\/","title":{"rendered":"Versicherungen"},"content":{"rendered":"<h4>Versicherungen<\/h4>\n<p>Radlobby Nieder\u00f6sterreich-Mitglieder k\u00f6nnen alle Versicherungen optional ausw\u00e4hlen.<\/p>\n<ol>\n<li><strong>Mitgliederversicherung: Haftpflicht, Rechtsschutz, Unfall<\/strong><br \/>\nWenn Sie versichert sein m\u00f6chten, finden Sie<br \/>\n\u203a <a href=\"http:\/\/www.radlobby.org\/noe\/mitglied-werden\/\" target=\"_blank\" rel=\"noopener noreferrer\">hier die H\u00f6he des Mitgliedsbeitrages mit der Mitgliederversicherung<\/a>.<br \/>\nGeben Sie bei Ihrer Mitgliedsanmeldung bekannt, ob Sie versichert sein wollen.<br \/>\nWenn Sie bereits Mitglied sind, geben Sie uns bekannt, dass Sie nun zus\u00e4tzlich<br \/>\nversichert sein wollen.<br \/>\nDie Versicherung gilt f\u00fcr das Kalenderjahr, f\u00fcr das<br \/>\nSie Mitgliedsbeitrag bezahlt haben.<br \/>\n\u203a <a href=\"https:\/\/www.radlobby.at\/rechtsschutz-unfall-und-haftpflichtversicherung\" target=\"_blank\" rel=\"noopener noreferrer\">Hier auf der Radlobby \u00d6sterreich Homepage<\/a> finden Sie die Informationen<br \/>\nzur Versicherung. Das gilt auch f\u00fcr den Schadensfall.<br \/>\n<span style=\"color: #ffffff;\">.<\/span><br \/>\n<span style=\"color: #ffffff;\">.<\/span><\/li>\n<li><strong>Fahrrad-Diebstahl und Vandalismus<\/strong><br \/>\nMitglieder k\u00f6nnen auch gegen\u00a0Fahrrad-Diebstahl und Vandalismus<br \/>\nversichert sein. \u203a <a href=\"https:\/\/www.radlobby.at\/diebstahlversicherung\">Details zur Diebstahlversicherung finden Sie hier<\/a>.<span style=\"color: #ffffff;\">.<\/span><\/li>\n<\/ol>\n<p><span style=\"font-size: 10pt;\">Bei den Versicherungen handelt es sich um Gruppenversicherungen der Radlobby Argus Wien, vermittelt durch die Rubas &amp; Co Versicherungsmaklerges. m.b.H. Die Radlobby Nieder\u00f6sterreich gibt Ihr Interesse an der jeweiligen Versicherung unentgeltlich weiter. F\u00fcr n\u00e4here Informationen oder Beratung bitte auf die jeweiligen Links klicken.<\/span><\/p>\n<p>&nbsp;<\/p>\n<p>&nbsp;<\/p>\n<p>&nbsp;<\/p>\n<p>&nbsp;<\/p>\n<p>&nbsp;<\/p>\n","protected":false},"excerpt":{"rendered":"<p>Versicherungen Radlobby Nieder\u00f6sterreich-Mitglieder k\u00f6nnen alle Versicherungen optional ausw\u00e4hlen. Mitgliederversicherung: Haftpflicht, Rechtsschutz, Unfall Wenn Sie versichert sein m\u00f6chten, finden Sie \u203a hier die H\u00f6he des Mitgliedsbeitrages mit der Mitgliederversicherung. Geben Sie bei Ihrer Mitgliedsanmeldung bekannt, ob Sie versichert sein wollen. Wenn<\/p>\n","protected":false},"author":1,"featured_media":0,"parent":0,"menu_order":0,"comment_status":"closed","ping_status":"closed","template":"","meta":{"footnotes":""},"class_list":["post-395","page","type-page","status-publish","hentry"],"yoast_head":"<!-- This site is optimized with the Yoast SEO plugin v26.9 - https:\/\/yoast.com\/product\/yoast-seo-wordpress\/ -->\n<title>Versicherungen - Radlobby Nieder\u00f6sterreich<\/title>\n<meta name=\"robots\" content=\"index, follow, max-snippet:-1, max-image-preview:large, max-video-preview:-1\" \/>\n<link rel=\"canonical\" href=\"https:\/\/www.radlobby.org\/noe\/versicherungen\/\" \/>\n<meta property=\"og:locale\" content=\"de_DE\" \/>\n<meta property=\"og:type\" content=\"article\" \/>\n<meta property=\"og:title\" content=\"Versicherungen - Radlobby Nieder\u00f6sterreich\" \/>\n<meta property=\"og:description\" content=\"Versicherungen Radlobby Nieder\u00f6sterreich-Mitglieder k\u00f6nnen alle Versicherungen optional ausw\u00e4hlen. Mitgliederversicherung: Haftpflicht, Rechtsschutz, Unfall Wenn Sie versichert sein m\u00f6chten, finden Sie \u203a hier die H\u00f6he des Mitgliedsbeitrages mit der Mitgliederversicherung. Geben Sie bei Ihrer Mitgliedsanmeldung bekannt, ob Sie versichert sein wollen. Wenn\" \/>\n<meta property=\"og:url\" content=\"https:\/\/www.radlobby.org\/noe\/versicherungen\/\" \/>\n<meta property=\"og:site_name\" content=\"Radlobby Nieder\u00f6sterreich\" \/>\n<meta property=\"article:publisher\" content=\"https:\/\/www.facebook.com\/groups\/radfahren.in.noe\/\" \/>\n<meta property=\"article:modified_time\" content=\"2026-03-17T18:44:22+00:00\" \/>\n<meta property=\"og:image\" content=\"https:\/\/www.radlobby.org\/noe\/wp-content\/uploads\/20200101-RLWN-Neujahrsaradeln-DSC_0105a_1900px-1.jpg\" \/>\n\t<meta property=\"og:image:width\" content=\"1900\" \/>\n\t<meta property=\"og:image:height\" content=\"770\" \/>\n\t<meta property=\"og:image:type\" content=\"image\/jpeg\" \/>\n<meta name=\"twitter:card\" content=\"summary_large_image\" \/>\n<meta name=\"twitter:label1\" content=\"Gesch\u00e4tzte Lesezeit\" \/>\n\t<meta name=\"twitter:data1\" content=\"1\u00a0Minute\" \/>\n<script type=\"application\/ld+json\" class=\"yoast-schema-graph\">{\"@context\":\"https:\/\/schema.org\",\"@graph\":[{\"@type\":\"WebPage\",\"@id\":\"https:\/\/www.radlobby.org\/noe\/versicherungen\/\",\"url\":\"https:\/\/www.radlobby.org\/noe\/versicherungen\/\",\"name\":\"Versicherungen - Radlobby Nieder\u00f6sterreich\",\"isPartOf\":{\"@id\":\"https:\/\/www.radlobby.org\/noe\/#website\"},\"datePublished\":\"2016-12-05T08:20:20+00:00\",\"dateModified\":\"2026-03-17T18:44:22+00:00\",\"breadcrumb\":{\"@id\":\"https:\/\/www.radlobby.org\/noe\/versicherungen\/#breadcrumb\"},\"inLanguage\":\"de\",\"potentialAction\":[{\"@type\":\"ReadAction\",\"target\":[\"https:\/\/www.radlobby.org\/noe\/versicherungen\/\"]}]},{\"@type\":\"BreadcrumbList\",\"@id\":\"https:\/\/www.radlobby.org\/noe\/versicherungen\/#breadcrumb\",\"itemListElement\":[{\"@type\":\"ListItem\",\"position\":1,\"name\":\"Startseite\",\"item\":\"https:\/\/www.radlobby.org\/noe\/\"},{\"@type\":\"ListItem\",\"position\":2,\"name\":\"Versicherungen\"}]},{\"@type\":\"WebSite\",\"@id\":\"https:\/\/www.radlobby.org\/noe\/#website\",\"url\":\"https:\/\/www.radlobby.org\/noe\/\",\"name\":\"Radlobby Nieder\u00f6sterreich\",\"description\":\"Radverkehr, Fahrrad, Radfahren, Radreisen, Radtouren, Radweg\",\"publisher\":{\"@id\":\"https:\/\/www.radlobby.org\/noe\/#organization\"},\"potentialAction\":[{\"@type\":\"SearchAction\",\"target\":{\"@type\":\"EntryPoint\",\"urlTemplate\":\"https:\/\/www.radlobby.org\/noe\/?s={search_term_string}\"},\"query-input\":{\"@type\":\"PropertyValueSpecification\",\"valueRequired\":true,\"valueName\":\"search_term_string\"}}],\"inLanguage\":\"de\"},{\"@type\":\"Organization\",\"@id\":\"https:\/\/www.radlobby.org\/noe\/#organization\",\"name\":\"Radlobby Nieder\u00f6sterreich\",\"url\":\"https:\/\/www.radlobby.org\/noe\/\",\"logo\":{\"@type\":\"ImageObject\",\"inLanguage\":\"de\",\"@id\":\"https:\/\/www.radlobby.org\/noe\/#\/schema\/logo\/image\/\",\"url\":\"https:\/\/www.radlobby.org\/noe\/wp-content\/uploads\/2017\/01\/cropped-Logo_Radlobby_Niederoesterreich_50-400px_quer-1.jpg\",\"contentUrl\":\"https:\/\/www.radlobby.org\/noe\/wp-content\/uploads\/2017\/01\/cropped-Logo_Radlobby_Niederoesterreich_50-400px_quer-1.jpg\",\"width\":450,\"height\":124,\"caption\":\"Radlobby Nieder\u00f6sterreich\"},\"image\":{\"@id\":\"https:\/\/www.radlobby.org\/noe\/#\/schema\/logo\/image\/\"},\"sameAs\":[\"https:\/\/www.facebook.com\/groups\/radfahren.in.noe\/\"]}]}<\/script>\n<!-- \/ Yoast SEO plugin. -->","yoast_head_json":{"title":"Versicherungen - Radlobby Nieder\u00f6sterreich","robots":{"index":"index","follow":"follow","max-snippet":"max-snippet:-1","max-image-preview":"max-image-preview:large","max-video-preview":"max-video-preview:-1"},"canonical":"https:\/\/www.radlobby.org\/noe\/versicherungen\/","og_locale":"de_DE","og_type":"article","og_title":"Versicherungen - Radlobby Nieder\u00f6sterreich","og_description":"Versicherungen Radlobby Nieder\u00f6sterreich-Mitglieder k\u00f6nnen alle Versicherungen optional ausw\u00e4hlen. Mitgliederversicherung: Haftpflicht, Rechtsschutz, Unfall Wenn Sie versichert sein m\u00f6chten, finden Sie \u203a hier die H\u00f6he des Mitgliedsbeitrages mit der Mitgliederversicherung. Geben Sie bei Ihrer Mitgliedsanmeldung bekannt, ob Sie versichert sein wollen. Wenn","og_url":"https:\/\/www.radlobby.org\/noe\/versicherungen\/","og_site_name":"Radlobby Nieder\u00f6sterreich","article_publisher":"https:\/\/www.facebook.com\/groups\/radfahren.in.noe\/","article_modified_time":"2026-03-17T18:44:22+00:00","og_image":[{"width":1900,"height":770,"url":"https:\/\/www.radlobby.org\/noe\/wp-content\/uploads\/20200101-RLWN-Neujahrsaradeln-DSC_0105a_1900px-1.jpg","type":"image\/jpeg"}],"twitter_card":"summary_large_image","twitter_misc":{"Gesch\u00e4tzte Lesezeit":"1\u00a0Minute"},"schema":{"@context":"https:\/\/schema.org","@graph":[{"@type":"WebPage","@id":"https:\/\/www.radlobby.org\/noe\/versicherungen\/","url":"https:\/\/www.radlobby.org\/noe\/versicherungen\/","name":"Versicherungen - Radlobby Nieder\u00f6sterreich","isPartOf":{"@id":"https:\/\/www.radlobby.org\/noe\/#website"},"datePublished":"2016-12-05T08:20:20+00:00","dateModified":"2026-03-17T18:44:22+00:00","breadcrumb":{"@id":"https:\/\/www.radlobby.org\/noe\/versicherungen\/#breadcrumb"},"inLanguage":"de","potentialAction":[{"@type":"ReadAction","target":["https:\/\/www.radlobby.org\/noe\/versicherungen\/"]}]},{"@type":"BreadcrumbList","@id":"https:\/\/www.radlobby.org\/noe\/versicherungen\/#breadcrumb","itemListElement":[{"@type":"ListItem","position":1,"name":"Startseite","item":"https:\/\/www.radlobby.org\/noe\/"},{"@type":"ListItem","position":2,"name":"Versicherungen"}]},{"@type":"WebSite","@id":"https:\/\/www.radlobby.org\/noe\/#website","url":"https:\/\/www.radlobby.org\/noe\/","name":"Radlobby Nieder\u00f6sterreich","description":"Radverkehr, Fahrrad, Radfahren, Radreisen, Radtouren, Radweg","publisher":{"@id":"https:\/\/www.radlobby.org\/noe\/#organization"},"potentialAction":[{"@type":"SearchAction","target":{"@type":"EntryPoint","urlTemplate":"https:\/\/www.radlobby.org\/noe\/?s={search_term_string}"},"query-input":{"@type":"PropertyValueSpecification","valueRequired":true,"valueName":"search_term_string"}}],"inLanguage":"de"},{"@type":"Organization","@id":"https:\/\/www.radlobby.org\/noe\/#organization","name":"Radlobby Nieder\u00f6sterreich","url":"https:\/\/www.radlobby.org\/noe\/","logo":{"@type":"ImageObject","inLanguage":"de","@id":"https:\/\/www.radlobby.org\/noe\/#\/schema\/logo\/image\/","url":"https:\/\/www.radlobby.org\/noe\/wp-content\/uploads\/2017\/01\/cropped-Logo_Radlobby_Niederoesterreich_50-400px_quer-1.jpg","contentUrl":"https:\/\/www.radlobby.org\/noe\/wp-content\/uploads\/2017\/01\/cropped-Logo_Radlobby_Niederoesterreich_50-400px_quer-1.jpg","width":450,"height":124,"caption":"Radlobby Nieder\u00f6sterreich"},"image":{"@id":"https:\/\/www.radlobby.org\/noe\/#\/schema\/logo\/image\/"},"sameAs":["https:\/\/www.facebook.com\/groups\/radfahren.in.noe\/"]}]}},"_links":{"self":[{"href":"https:\/\/www.radlobby.org\/noe\/wp-json\/wp\/v2\/pages\/395","targetHints":{"allow":["GET"]}}],"collection":[{"href":"https:\/\/www.radlobby.org\/noe\/wp-json\/wp\/v2\/pages"}],"about":[{"href":"https:\/\/www.radlobby.org\/noe\/wp-json\/wp\/v2\/types\/page"}],"author":[{"embeddable":true,"href":"https:\/\/www.radlobby.org\/noe\/wp-json\/wp\/v2\/users\/1"}],"replies":[{"embeddable":true,"href":"https:\/\/www.radlobby.org\/noe\/wp-json\/wp\/v2\/comments?post=395"}],"version-history":[{"count":2,"href":"https:\/\/www.radlobby.org\/noe\/wp-json\/wp\/v2\/pages\/395\/revisions"}],"predecessor-version":[{"id":41437,"href":"https:\/\/www.radlobby.org\/noe\/wp-json\/wp\/v2\/pages\/395\/revisions\/41437"}],"wp:attachment":[{"href":"https:\/\/www.radlobby.org\/noe\/wp-json\/wp\/v2\/media?parent=395"}],"curies":[{"name":"wp","href":"https:\/\/api.w.org\/{rel}","templated":true}]}}