{"id":39136,"date":"2025-05-13T19:38:50","date_gmt":"2025-05-13T17:38:50","guid":{"rendered":"https:\/\/www.radlobby.org\/noe\/?page_id=39136"},"modified":"2025-05-20T02:44:35","modified_gmt":"2025-05-20T00:44:35","slug":"moedling-team","status":"publish","type":"page","link":"https:\/\/www.radlobby.org\/noe\/moedling\/moedling-team\/","title":{"rendered":"Radlobby M\u00f6dling \u2013 Team"},"content":{"rendered":"<p>&nbsp;<\/p>\n<p><img loading=\"lazy\" decoding=\"async\" class=\"alignnone size-full wp-image-35733\" src=\"https:\/\/www.radlobby.org\/noe\/wp-content\/uploads\/Gemaelde_Radpardade_2024.png\" alt=\"\" width=\"1567\" height=\"1093\" srcset=\"https:\/\/www.radlobby.org\/noe\/wp-content\/uploads\/Gemaelde_Radpardade_2024.png 1567w, https:\/\/www.radlobby.org\/noe\/wp-content\/uploads\/Gemaelde_Radpardade_2024-300x209.png 300w, https:\/\/www.radlobby.org\/noe\/wp-content\/uploads\/Gemaelde_Radpardade_2024-768x536.png 768w, https:\/\/www.radlobby.org\/noe\/wp-content\/uploads\/Gemaelde_Radpardade_2024-1536x1071.png 1536w\" sizes=\"auto, (max-width: 1567px) 100vw, 1567px\" \/><\/p>\n<h4>Die Radlobby M\u00f6dling stellt sich vor:<\/h4>\n<p>Wir f\u00f6rdern die umweltfreundliche Mobilit\u00e4t und<br \/>\nvertreten die Interessen der Radfahrenden und zu Fu\u00df Gehenden im Bezirk M\u00f6dling.<\/p>\n<p>Falls Sie\u00a0im Bezirk M\u00f6dling zuhause sind und aktiv mitmachen m\u00f6chten, wenden Sie sich an<\/p>\n<p>Wolfgang Pruschinski &#8211; Radlobby M\u00f6dling:<br \/>\nTel.: 0680 \/ 12 04 216;<br \/>\nE-Mail: <a href=\"mailto:moedling@radlobby.at\">moedling@radlobby.at<\/a><\/p>\n<p>oder besuchen Sie unser monatliches <a href=\"https:\/\/www.radlobby.org\/noe\/termine-im-bezirk-moedling\/\">Radlobby-Treffen<\/a>.<\/p>\n<h4>Die Radlobby M\u00f6dling fordert:<\/h4>\n<ul>\n<li>Erh\u00f6hung des Radverkehrsanteiles und damit F\u00f6rderung eines nachhaltigen, umweltorientierten Verkehrssystems<\/li>\n<li>mehr Sicherheit im Stra\u00dfenverkehr<\/li>\n<li>eine konsequente Ber\u00fccksichtigung des Radverkehrs bei Stra\u00dfenbau und Verkehrsorganisation<\/li>\n<li>Schaffung zusammenh\u00e4ngender attraktiver Radverkehrsverbindungen<\/li>\n<li>L\u00fccken im Radwegnetz schlie\u00dfen<\/li>\n<li>Errichtung sicherer und komfortabler Fahrradabstellanlagen<\/li>\n<li>einen Fahrrad- und Zu-Fu\u00df-Gehenden-Beauftragten in jeder Gemeinde<\/li>\n<li>\u00d6ffnen s\u00e4mtlicher (geeigneter) Einbahnen f\u00fcr Radfahrende<\/li>\n<li>keine Ben\u00fctzungspflicht f\u00fcr Gehsteigradwege (eckige Verkehrszeichen)<\/li>\n<li>Fahrrad-Highway entlang der S\u00fcdbahn<\/li>\n<li>ausreichend Platz und Warteh\u00e4uschen bei Bus-Haltestellen (Haltestellenkaps)<\/li>\n<\/ul>\n","protected":false},"excerpt":{"rendered":"<p>&nbsp; Die Radlobby M\u00f6dling stellt sich vor: Wir f\u00f6rdern die umweltfreundliche Mobilit\u00e4t und vertreten die Interessen der Radfahrenden und zu Fu\u00df Gehenden im Bezirk M\u00f6dling. Falls Sie\u00a0im Bezirk M\u00f6dling zuhause sind und aktiv mitmachen m\u00f6chten, wenden Sie sich an Wolfgang<\/p>\n","protected":false},"author":16,"featured_media":0,"parent":341,"menu_order":0,"comment_status":"closed","ping_status":"closed","template":"","meta":{"footnotes":""},"class_list":["post-39136","page","type-page","status-publish","hentry"],"yoast_head":"<!-- This site is optimized with the Yoast SEO plugin v26.9 - https:\/\/yoast.com\/product\/yoast-seo-wordpress\/ -->\n<title>Radlobby M\u00f6dling \u2013 Team - Radlobby Nieder\u00f6sterreich<\/title>\n<meta name=\"robots\" content=\"index, follow, max-snippet:-1, max-image-preview:large, max-video-preview:-1\" \/>\n<link rel=\"canonical\" href=\"https:\/\/www.radlobby.org\/noe\/moedling\/moedling-team\/\" \/>\n<meta property=\"og:locale\" content=\"de_DE\" \/>\n<meta property=\"og:type\" content=\"article\" \/>\n<meta property=\"og:title\" content=\"Radlobby M\u00f6dling \u2013 Team - Radlobby Nieder\u00f6sterreich\" \/>\n<meta property=\"og:description\" content=\"&nbsp; Die Radlobby M\u00f6dling stellt sich vor: Wir f\u00f6rdern die umweltfreundliche Mobilit\u00e4t und vertreten die Interessen der Radfahrenden und zu Fu\u00df Gehenden im Bezirk M\u00f6dling. Falls Sie\u00a0im Bezirk M\u00f6dling zuhause sind und aktiv mitmachen m\u00f6chten, wenden Sie sich an Wolfgang\" \/>\n<meta property=\"og:url\" content=\"https:\/\/www.radlobby.org\/noe\/moedling\/moedling-team\/\" \/>\n<meta property=\"og:site_name\" content=\"Radlobby Nieder\u00f6sterreich\" \/>\n<meta property=\"article:publisher\" content=\"https:\/\/www.facebook.com\/groups\/radfahren.in.noe\/\" \/>\n<meta property=\"article:modified_time\" content=\"2025-05-20T00:44:35+00:00\" \/>\n<meta property=\"og:image\" content=\"https:\/\/www.radlobby.org\/noe\/wp-content\/uploads\/Gemaelde_Radpardade_2024.png\" \/>\n\t<meta property=\"og:image:width\" content=\"750\" \/>\n\t<meta property=\"og:image:height\" content=\"523\" \/>\n\t<meta property=\"og:image:type\" content=\"image\/png\" \/>\n<meta name=\"twitter:card\" content=\"summary_large_image\" \/>\n<meta name=\"twitter:label1\" content=\"Gesch\u00e4tzte Lesezeit\" \/>\n\t<meta name=\"twitter:data1\" content=\"1\u00a0Minute\" \/>\n<script type=\"application\/ld+json\" class=\"yoast-schema-graph\">{\"@context\":\"https:\/\/schema.org\",\"@graph\":[{\"@type\":\"WebPage\",\"@id\":\"https:\/\/www.radlobby.org\/noe\/moedling\/moedling-team\/\",\"url\":\"https:\/\/www.radlobby.org\/noe\/moedling\/moedling-team\/\",\"name\":\"Radlobby M\u00f6dling \u2013 Team - Radlobby Nieder\u00f6sterreich\",\"isPartOf\":{\"@id\":\"https:\/\/www.radlobby.org\/noe\/#website\"},\"primaryImageOfPage\":{\"@id\":\"https:\/\/www.radlobby.org\/noe\/moedling\/moedling-team\/#primaryimage\"},\"image\":{\"@id\":\"https:\/\/www.radlobby.org\/noe\/moedling\/moedling-team\/#primaryimage\"},\"thumbnailUrl\":\"https:\/\/www.radlobby.org\/noe\/wp-content\/uploads\/Gemaelde_Radpardade_2024.png\",\"datePublished\":\"2025-05-13T17:38:50+00:00\",\"dateModified\":\"2025-05-20T00:44:35+00:00\",\"breadcrumb\":{\"@id\":\"https:\/\/www.radlobby.org\/noe\/moedling\/moedling-team\/#breadcrumb\"},\"inLanguage\":\"de\",\"potentialAction\":[{\"@type\":\"ReadAction\",\"target\":[\"https:\/\/www.radlobby.org\/noe\/moedling\/moedling-team\/\"]}]},{\"@type\":\"ImageObject\",\"inLanguage\":\"de\",\"@id\":\"https:\/\/www.radlobby.org\/noe\/moedling\/moedling-team\/#primaryimage\",\"url\":\"https:\/\/www.radlobby.org\/noe\/wp-content\/uploads\/Gemaelde_Radpardade_2024.png\",\"contentUrl\":\"https:\/\/www.radlobby.org\/noe\/wp-content\/uploads\/Gemaelde_Radpardade_2024.png\",\"width\":1567,\"height\":1093},{\"@type\":\"BreadcrumbList\",\"@id\":\"https:\/\/www.radlobby.org\/noe\/moedling\/moedling-team\/#breadcrumb\",\"itemListElement\":[{\"@type\":\"ListItem\",\"position\":1,\"name\":\"Startseite\",\"item\":\"https:\/\/www.radlobby.org\/noe\/\"},{\"@type\":\"ListItem\",\"position\":2,\"name\":\"Radlobby M\u00f6dling\",\"item\":\"https:\/\/www.radlobby.org\/noe\/moedling\/\"},{\"@type\":\"ListItem\",\"position\":3,\"name\":\"Radlobby M\u00f6dling \u2013 Team\"}]},{\"@type\":\"WebSite\",\"@id\":\"https:\/\/www.radlobby.org\/noe\/#website\",\"url\":\"https:\/\/www.radlobby.org\/noe\/\",\"name\":\"Radlobby Nieder\u00f6sterreich\",\"description\":\"Radverkehr, Fahrrad, Radfahren, Radreisen, Radtouren, Radweg\",\"publisher\":{\"@id\":\"https:\/\/www.radlobby.org\/noe\/#organization\"},\"potentialAction\":[{\"@type\":\"SearchAction\",\"target\":{\"@type\":\"EntryPoint\",\"urlTemplate\":\"https:\/\/www.radlobby.org\/noe\/?s={search_term_string}\"},\"query-input\":{\"@type\":\"PropertyValueSpecification\",\"valueRequired\":true,\"valueName\":\"search_term_string\"}}],\"inLanguage\":\"de\"},{\"@type\":\"Organization\",\"@id\":\"https:\/\/www.radlobby.org\/noe\/#organization\",\"name\":\"Radlobby Nieder\u00f6sterreich\",\"url\":\"https:\/\/www.radlobby.org\/noe\/\",\"logo\":{\"@type\":\"ImageObject\",\"inLanguage\":\"de\",\"@id\":\"https:\/\/www.radlobby.org\/noe\/#\/schema\/logo\/image\/\",\"url\":\"https:\/\/www.radlobby.org\/noe\/wp-content\/uploads\/2017\/01\/cropped-Logo_Radlobby_Niederoesterreich_50-400px_quer-1.jpg\",\"contentUrl\":\"https:\/\/www.radlobby.org\/noe\/wp-content\/uploads\/2017\/01\/cropped-Logo_Radlobby_Niederoesterreich_50-400px_quer-1.jpg\",\"width\":450,\"height\":124,\"caption\":\"Radlobby Nieder\u00f6sterreich\"},\"image\":{\"@id\":\"https:\/\/www.radlobby.org\/noe\/#\/schema\/logo\/image\/\"},\"sameAs\":[\"https:\/\/www.facebook.com\/groups\/radfahren.in.noe\/\"]}]}<\/script>\n<!-- \/ Yoast SEO plugin. -->","yoast_head_json":{"title":"Radlobby M\u00f6dling \u2013 Team - Radlobby Nieder\u00f6sterreich","robots":{"index":"index","follow":"follow","max-snippet":"max-snippet:-1","max-image-preview":"max-image-preview:large","max-video-preview":"max-video-preview:-1"},"canonical":"https:\/\/www.radlobby.org\/noe\/moedling\/moedling-team\/","og_locale":"de_DE","og_type":"article","og_title":"Radlobby M\u00f6dling \u2013 Team - Radlobby Nieder\u00f6sterreich","og_description":"&nbsp; Die Radlobby M\u00f6dling stellt sich vor: Wir f\u00f6rdern die umweltfreundliche Mobilit\u00e4t und vertreten die Interessen der Radfahrenden und zu Fu\u00df Gehenden im Bezirk M\u00f6dling. Falls Sie\u00a0im Bezirk M\u00f6dling zuhause sind und aktiv mitmachen m\u00f6chten, wenden Sie sich an Wolfgang","og_url":"https:\/\/www.radlobby.org\/noe\/moedling\/moedling-team\/","og_site_name":"Radlobby Nieder\u00f6sterreich","article_publisher":"https:\/\/www.facebook.com\/groups\/radfahren.in.noe\/","article_modified_time":"2025-05-20T00:44:35+00:00","og_image":[{"url":"https:\/\/www.radlobby.org\/noe\/wp-content\/uploads\/Gemaelde_Radpardade_2024.png","width":750,"height":523,"type":"image\/png"}],"twitter_card":"summary_large_image","twitter_misc":{"Gesch\u00e4tzte Lesezeit":"1\u00a0Minute"},"schema":{"@context":"https:\/\/schema.org","@graph":[{"@type":"WebPage","@id":"https:\/\/www.radlobby.org\/noe\/moedling\/moedling-team\/","url":"https:\/\/www.radlobby.org\/noe\/moedling\/moedling-team\/","name":"Radlobby M\u00f6dling \u2013 Team - Radlobby Nieder\u00f6sterreich","isPartOf":{"@id":"https:\/\/www.radlobby.org\/noe\/#website"},"primaryImageOfPage":{"@id":"https:\/\/www.radlobby.org\/noe\/moedling\/moedling-team\/#primaryimage"},"image":{"@id":"https:\/\/www.radlobby.org\/noe\/moedling\/moedling-team\/#primaryimage"},"thumbnailUrl":"https:\/\/www.radlobby.org\/noe\/wp-content\/uploads\/Gemaelde_Radpardade_2024.png","datePublished":"2025-05-13T17:38:50+00:00","dateModified":"2025-05-20T00:44:35+00:00","breadcrumb":{"@id":"https:\/\/www.radlobby.org\/noe\/moedling\/moedling-team\/#breadcrumb"},"inLanguage":"de","potentialAction":[{"@type":"ReadAction","target":["https:\/\/www.radlobby.org\/noe\/moedling\/moedling-team\/"]}]},{"@type":"ImageObject","inLanguage":"de","@id":"https:\/\/www.radlobby.org\/noe\/moedling\/moedling-team\/#primaryimage","url":"https:\/\/www.radlobby.org\/noe\/wp-content\/uploads\/Gemaelde_Radpardade_2024.png","contentUrl":"https:\/\/www.radlobby.org\/noe\/wp-content\/uploads\/Gemaelde_Radpardade_2024.png","width":1567,"height":1093},{"@type":"BreadcrumbList","@id":"https:\/\/www.radlobby.org\/noe\/moedling\/moedling-team\/#breadcrumb","itemListElement":[{"@type":"ListItem","position":1,"name":"Startseite","item":"https:\/\/www.radlobby.org\/noe\/"},{"@type":"ListItem","position":2,"name":"Radlobby M\u00f6dling","item":"https:\/\/www.radlobby.org\/noe\/moedling\/"},{"@type":"ListItem","position":3,"name":"Radlobby M\u00f6dling \u2013 Team"}]},{"@type":"WebSite","@id":"https:\/\/www.radlobby.org\/noe\/#website","url":"https:\/\/www.radlobby.org\/noe\/","name":"Radlobby Nieder\u00f6sterreich","description":"Radverkehr, Fahrrad, Radfahren, Radreisen, Radtouren, Radweg","publisher":{"@id":"https:\/\/www.radlobby.org\/noe\/#organization"},"potentialAction":[{"@type":"SearchAction","target":{"@type":"EntryPoint","urlTemplate":"https:\/\/www.radlobby.org\/noe\/?s={search_term_string}"},"query-input":{"@type":"PropertyValueSpecification","valueRequired":true,"valueName":"search_term_string"}}],"inLanguage":"de"},{"@type":"Organization","@id":"https:\/\/www.radlobby.org\/noe\/#organization","name":"Radlobby Nieder\u00f6sterreich","url":"https:\/\/www.radlobby.org\/noe\/","logo":{"@type":"ImageObject","inLanguage":"de","@id":"https:\/\/www.radlobby.org\/noe\/#\/schema\/logo\/image\/","url":"https:\/\/www.radlobby.org\/noe\/wp-content\/uploads\/2017\/01\/cropped-Logo_Radlobby_Niederoesterreich_50-400px_quer-1.jpg","contentUrl":"https:\/\/www.radlobby.org\/noe\/wp-content\/uploads\/2017\/01\/cropped-Logo_Radlobby_Niederoesterreich_50-400px_quer-1.jpg","width":450,"height":124,"caption":"Radlobby Nieder\u00f6sterreich"},"image":{"@id":"https:\/\/www.radlobby.org\/noe\/#\/schema\/logo\/image\/"},"sameAs":["https:\/\/www.facebook.com\/groups\/radfahren.in.noe\/"]}]}},"_links":{"self":[{"href":"https:\/\/www.radlobby.org\/noe\/wp-json\/wp\/v2\/pages\/39136","targetHints":{"allow":["GET"]}}],"collection":[{"href":"https:\/\/www.radlobby.org\/noe\/wp-json\/wp\/v2\/pages"}],"about":[{"href":"https:\/\/www.radlobby.org\/noe\/wp-json\/wp\/v2\/types\/page"}],"author":[{"embeddable":true,"href":"https:\/\/www.radlobby.org\/noe\/wp-json\/wp\/v2\/users\/16"}],"replies":[{"embeddable":true,"href":"https:\/\/www.radlobby.org\/noe\/wp-json\/wp\/v2\/comments?post=39136"}],"version-history":[{"count":4,"href":"https:\/\/www.radlobby.org\/noe\/wp-json\/wp\/v2\/pages\/39136\/revisions"}],"predecessor-version":[{"id":39199,"href":"https:\/\/www.radlobby.org\/noe\/wp-json\/wp\/v2\/pages\/39136\/revisions\/39199"}],"up":[{"embeddable":true,"href":"https:\/\/www.radlobby.org\/noe\/wp-json\/wp\/v2\/pages\/341"}],"wp:attachment":[{"href":"https:\/\/www.radlobby.org\/noe\/wp-json\/wp\/v2\/media?parent=39136"}],"curies":[{"name":"wp","href":"https:\/\/api.w.org\/{rel}","templated":true}]}}