{"id":38511,"date":"2025-04-04T15:53:02","date_gmt":"2025-04-04T13:53:02","guid":{"rendered":"https:\/\/www.radlobby.org\/noe\/?page_id=38511"},"modified":"2025-04-04T15:53:27","modified_gmt":"2025-04-04T13:53:27","slug":"moedling-radopening-2025","status":"publish","type":"page","link":"https:\/\/www.radlobby.org\/noe\/moedling-radopening-2025\/","title":{"rendered":"Rad-Opening M\u00f6dling 2025"},"content":{"rendered":"<p>Infostand der Radlobby M\u00f6dling beim Rad-Opening der Stadtgemeinde M\u00f6dling am 4. April 2025:<\/p>\n<div id=\"metaslider-id-38498\" style=\"max-width: 750px;\" class=\"ml-slider-3-105-0 metaslider metaslider-flex metaslider-38498 ml-slider has-dots-nav ml-slider-lightbox-2-22-0 lightbox-disabled ms-theme-default-base\" role=\"region\" aria-label=\"20250404_Moedling_Radopening\" data-height=\"300\" data-width=\"750\">\n    <div id=\"metaslider_container_38498\">\n        <div id=\"metaslider_38498\">\n            <ul class='slides'>\n                <li style=\"display: block; width: 100%;\" class=\"slide-38504 ms-image \" aria-roledescription=\"slide\" data-date=\"2025-04-04 15:37:34\" data-filename=\"20250404_Radopening_1-750x300.jpg\" data-slide-type=\"image\"><img loading=\"lazy\" decoding=\"async\" src=\"https:\/\/www.radlobby.org\/noe\/wp-content\/uploads\/20250404_Radopening_1-750x300.jpg\" height=\"300\" width=\"750\" alt=\"\" class=\"slider-38498 slide-38504 msDefaultImage\" title=\"20250404_Radopening_1\" \/><div class=\"caption-wrap\"><div class=\"caption\"><div>M\u00f6dlinger Politiker*innen er\u00f6ffnen die Radsaison.<\/div><\/div><\/div><\/li>\n                <li style=\"display: none; width: 100%;\" class=\"slide-38505 ms-image \" aria-roledescription=\"slide\" data-date=\"2025-04-04 15:39:08\" data-filename=\"20250404_Radopening_2-750x300.jpg\" data-slide-type=\"image\"><img loading=\"lazy\" decoding=\"async\" src=\"https:\/\/www.radlobby.org\/noe\/wp-content\/uploads\/20250404_Radopening_2-750x300.jpg\" height=\"300\" width=\"750\" alt=\"\" class=\"slider-38498 slide-38505 msDefaultImage\" title=\"20250404_Radopening_2\" \/><div class=\"caption-wrap\"><div class=\"caption\"><div>Infostand der Radlobby M\u00f6dling<\/div><\/div><\/div><\/li>\n                <li style=\"display: none; width: 100%;\" class=\"slide-38506 ms-image \" aria-roledescription=\"slide\" data-date=\"2025-04-04 15:39:50\" data-filename=\"20250404_Radopening_3-750x300.jpg\" data-slide-type=\"image\"><img loading=\"lazy\" decoding=\"async\" src=\"https:\/\/www.radlobby.org\/noe\/wp-content\/uploads\/20250404_Radopening_3-750x300.jpg\" height=\"300\" width=\"750\" alt=\"\" class=\"slider-38498 slide-38506 msDefaultImage\" title=\"20250404_Radopening_3\" \/><div class=\"caption-wrap\"><div class=\"caption\"><div>Schrannenplatz\/Elisabethstra\u00dfe<\/div><\/div><\/div><\/li>\n                <li style=\"display: none; width: 100%;\" class=\"slide-38507 ms-image \" aria-roledescription=\"slide\" data-date=\"2025-04-04 15:40:38\" data-filename=\"20250404_Radopening_4-750x300.jpg\" data-slide-type=\"image\"><img loading=\"lazy\" decoding=\"async\" src=\"https:\/\/www.radlobby.org\/noe\/wp-content\/uploads\/20250404_Radopening_4-750x300.jpg\" height=\"300\" width=\"750\" alt=\"\" class=\"slider-38498 slide-38507 msDefaultImage\" title=\"20250404_Radopening_4\" \/><div class=\"caption-wrap\"><div class=\"caption\"><div>Gespr\u00e4ch am Infostand<\/div><\/div><\/div><\/li>\n            <\/ul>\n        <\/div>\n        \n    <\/div>\n<\/div>\n","protected":false},"excerpt":{"rendered":"<p>Infostand der Radlobby M\u00f6dling beim Rad-Opening der Stadtgemeinde M\u00f6dling am 4. April 2025:<\/p>\n","protected":false},"author":63,"featured_media":0,"parent":0,"menu_order":0,"comment_status":"closed","ping_status":"closed","template":"","meta":{"footnotes":""},"class_list":["post-38511","page","type-page","status-publish","hentry"],"yoast_head":"<!-- This site is optimized with the Yoast SEO plugin v26.9 - https:\/\/yoast.com\/product\/yoast-seo-wordpress\/ -->\n<title>Rad-Opening M\u00f6dling 2025 - Radlobby Nieder\u00f6sterreich<\/title>\n<meta name=\"robots\" content=\"index, follow, max-snippet:-1, max-image-preview:large, max-video-preview:-1\" \/>\n<link rel=\"canonical\" href=\"https:\/\/www.radlobby.org\/noe\/moedling-radopening-2025\/\" \/>\n<meta property=\"og:locale\" content=\"de_DE\" \/>\n<meta property=\"og:type\" content=\"article\" \/>\n<meta property=\"og:title\" content=\"Rad-Opening M\u00f6dling 2025 - Radlobby Nieder\u00f6sterreich\" \/>\n<meta property=\"og:description\" content=\"Infostand der Radlobby M\u00f6dling beim Rad-Opening der Stadtgemeinde M\u00f6dling am 4. April 2025:\" \/>\n<meta property=\"og:url\" content=\"https:\/\/www.radlobby.org\/noe\/moedling-radopening-2025\/\" \/>\n<meta property=\"og:site_name\" content=\"Radlobby Nieder\u00f6sterreich\" \/>\n<meta property=\"article:publisher\" content=\"https:\/\/www.facebook.com\/groups\/radfahren.in.noe\/\" \/>\n<meta property=\"article:modified_time\" content=\"2025-04-04T13:53:27+00:00\" \/>\n<meta property=\"og:image\" content=\"https:\/\/www.radlobby.org\/noe\/wp-content\/uploads\/20200101-RLWN-Neujahrsaradeln-DSC_0105a_1900px-1.jpg\" \/>\n\t<meta property=\"og:image:width\" content=\"1900\" \/>\n\t<meta property=\"og:image:height\" content=\"770\" \/>\n\t<meta property=\"og:image:type\" content=\"image\/jpeg\" \/>\n<meta name=\"twitter:card\" content=\"summary_large_image\" \/>\n<meta name=\"twitter:label1\" content=\"Gesch\u00e4tzte Lesezeit\" \/>\n\t<meta name=\"twitter:data1\" content=\"1\u00a0Minute\" \/>\n<script type=\"application\/ld+json\" class=\"yoast-schema-graph\">{\"@context\":\"https:\/\/schema.org\",\"@graph\":[{\"@type\":\"WebPage\",\"@id\":\"https:\/\/www.radlobby.org\/noe\/moedling-radopening-2025\/\",\"url\":\"https:\/\/www.radlobby.org\/noe\/moedling-radopening-2025\/\",\"name\":\"Rad-Opening M\u00f6dling 2025 - Radlobby Nieder\u00f6sterreich\",\"isPartOf\":{\"@id\":\"https:\/\/www.radlobby.org\/noe\/#website\"},\"datePublished\":\"2025-04-04T13:53:02+00:00\",\"dateModified\":\"2025-04-04T13:53:27+00:00\",\"breadcrumb\":{\"@id\":\"https:\/\/www.radlobby.org\/noe\/moedling-radopening-2025\/#breadcrumb\"},\"inLanguage\":\"de\",\"potentialAction\":[{\"@type\":\"ReadAction\",\"target\":[\"https:\/\/www.radlobby.org\/noe\/moedling-radopening-2025\/\"]}]},{\"@type\":\"BreadcrumbList\",\"@id\":\"https:\/\/www.radlobby.org\/noe\/moedling-radopening-2025\/#breadcrumb\",\"itemListElement\":[{\"@type\":\"ListItem\",\"position\":1,\"name\":\"Startseite\",\"item\":\"https:\/\/www.radlobby.org\/noe\/\"},{\"@type\":\"ListItem\",\"position\":2,\"name\":\"Rad-Opening M\u00f6dling 2025\"}]},{\"@type\":\"WebSite\",\"@id\":\"https:\/\/www.radlobby.org\/noe\/#website\",\"url\":\"https:\/\/www.radlobby.org\/noe\/\",\"name\":\"Radlobby Nieder\u00f6sterreich\",\"description\":\"Radverkehr, Fahrrad, Radfahren, Radreisen, Radtouren, Radweg\",\"publisher\":{\"@id\":\"https:\/\/www.radlobby.org\/noe\/#organization\"},\"potentialAction\":[{\"@type\":\"SearchAction\",\"target\":{\"@type\":\"EntryPoint\",\"urlTemplate\":\"https:\/\/www.radlobby.org\/noe\/?s={search_term_string}\"},\"query-input\":{\"@type\":\"PropertyValueSpecification\",\"valueRequired\":true,\"valueName\":\"search_term_string\"}}],\"inLanguage\":\"de\"},{\"@type\":\"Organization\",\"@id\":\"https:\/\/www.radlobby.org\/noe\/#organization\",\"name\":\"Radlobby Nieder\u00f6sterreich\",\"url\":\"https:\/\/www.radlobby.org\/noe\/\",\"logo\":{\"@type\":\"ImageObject\",\"inLanguage\":\"de\",\"@id\":\"https:\/\/www.radlobby.org\/noe\/#\/schema\/logo\/image\/\",\"url\":\"https:\/\/www.radlobby.org\/noe\/wp-content\/uploads\/2017\/01\/cropped-Logo_Radlobby_Niederoesterreich_50-400px_quer-1.jpg\",\"contentUrl\":\"https:\/\/www.radlobby.org\/noe\/wp-content\/uploads\/2017\/01\/cropped-Logo_Radlobby_Niederoesterreich_50-400px_quer-1.jpg\",\"width\":450,\"height\":124,\"caption\":\"Radlobby Nieder\u00f6sterreich\"},\"image\":{\"@id\":\"https:\/\/www.radlobby.org\/noe\/#\/schema\/logo\/image\/\"},\"sameAs\":[\"https:\/\/www.facebook.com\/groups\/radfahren.in.noe\/\"]}]}<\/script>\n<!-- \/ Yoast SEO plugin. -->","yoast_head_json":{"title":"Rad-Opening M\u00f6dling 2025 - Radlobby Nieder\u00f6sterreich","robots":{"index":"index","follow":"follow","max-snippet":"max-snippet:-1","max-image-preview":"max-image-preview:large","max-video-preview":"max-video-preview:-1"},"canonical":"https:\/\/www.radlobby.org\/noe\/moedling-radopening-2025\/","og_locale":"de_DE","og_type":"article","og_title":"Rad-Opening M\u00f6dling 2025 - Radlobby Nieder\u00f6sterreich","og_description":"Infostand der Radlobby M\u00f6dling beim Rad-Opening der Stadtgemeinde M\u00f6dling am 4. April 2025:","og_url":"https:\/\/www.radlobby.org\/noe\/moedling-radopening-2025\/","og_site_name":"Radlobby Nieder\u00f6sterreich","article_publisher":"https:\/\/www.facebook.com\/groups\/radfahren.in.noe\/","article_modified_time":"2025-04-04T13:53:27+00:00","og_image":[{"width":1900,"height":770,"url":"https:\/\/www.radlobby.org\/noe\/wp-content\/uploads\/20200101-RLWN-Neujahrsaradeln-DSC_0105a_1900px-1.jpg","type":"image\/jpeg"}],"twitter_card":"summary_large_image","twitter_misc":{"Gesch\u00e4tzte Lesezeit":"1\u00a0Minute"},"schema":{"@context":"https:\/\/schema.org","@graph":[{"@type":"WebPage","@id":"https:\/\/www.radlobby.org\/noe\/moedling-radopening-2025\/","url":"https:\/\/www.radlobby.org\/noe\/moedling-radopening-2025\/","name":"Rad-Opening M\u00f6dling 2025 - Radlobby Nieder\u00f6sterreich","isPartOf":{"@id":"https:\/\/www.radlobby.org\/noe\/#website"},"datePublished":"2025-04-04T13:53:02+00:00","dateModified":"2025-04-04T13:53:27+00:00","breadcrumb":{"@id":"https:\/\/www.radlobby.org\/noe\/moedling-radopening-2025\/#breadcrumb"},"inLanguage":"de","potentialAction":[{"@type":"ReadAction","target":["https:\/\/www.radlobby.org\/noe\/moedling-radopening-2025\/"]}]},{"@type":"BreadcrumbList","@id":"https:\/\/www.radlobby.org\/noe\/moedling-radopening-2025\/#breadcrumb","itemListElement":[{"@type":"ListItem","position":1,"name":"Startseite","item":"https:\/\/www.radlobby.org\/noe\/"},{"@type":"ListItem","position":2,"name":"Rad-Opening M\u00f6dling 2025"}]},{"@type":"WebSite","@id":"https:\/\/www.radlobby.org\/noe\/#website","url":"https:\/\/www.radlobby.org\/noe\/","name":"Radlobby Nieder\u00f6sterreich","description":"Radverkehr, Fahrrad, Radfahren, Radreisen, Radtouren, Radweg","publisher":{"@id":"https:\/\/www.radlobby.org\/noe\/#organization"},"potentialAction":[{"@type":"SearchAction","target":{"@type":"EntryPoint","urlTemplate":"https:\/\/www.radlobby.org\/noe\/?s={search_term_string}"},"query-input":{"@type":"PropertyValueSpecification","valueRequired":true,"valueName":"search_term_string"}}],"inLanguage":"de"},{"@type":"Organization","@id":"https:\/\/www.radlobby.org\/noe\/#organization","name":"Radlobby Nieder\u00f6sterreich","url":"https:\/\/www.radlobby.org\/noe\/","logo":{"@type":"ImageObject","inLanguage":"de","@id":"https:\/\/www.radlobby.org\/noe\/#\/schema\/logo\/image\/","url":"https:\/\/www.radlobby.org\/noe\/wp-content\/uploads\/2017\/01\/cropped-Logo_Radlobby_Niederoesterreich_50-400px_quer-1.jpg","contentUrl":"https:\/\/www.radlobby.org\/noe\/wp-content\/uploads\/2017\/01\/cropped-Logo_Radlobby_Niederoesterreich_50-400px_quer-1.jpg","width":450,"height":124,"caption":"Radlobby Nieder\u00f6sterreich"},"image":{"@id":"https:\/\/www.radlobby.org\/noe\/#\/schema\/logo\/image\/"},"sameAs":["https:\/\/www.facebook.com\/groups\/radfahren.in.noe\/"]}]}},"_links":{"self":[{"href":"https:\/\/www.radlobby.org\/noe\/wp-json\/wp\/v2\/pages\/38511","targetHints":{"allow":["GET"]}}],"collection":[{"href":"https:\/\/www.radlobby.org\/noe\/wp-json\/wp\/v2\/pages"}],"about":[{"href":"https:\/\/www.radlobby.org\/noe\/wp-json\/wp\/v2\/types\/page"}],"author":[{"embeddable":true,"href":"https:\/\/www.radlobby.org\/noe\/wp-json\/wp\/v2\/users\/63"}],"replies":[{"embeddable":true,"href":"https:\/\/www.radlobby.org\/noe\/wp-json\/wp\/v2\/comments?post=38511"}],"version-history":[{"count":1,"href":"https:\/\/www.radlobby.org\/noe\/wp-json\/wp\/v2\/pages\/38511\/revisions"}],"predecessor-version":[{"id":38512,"href":"https:\/\/www.radlobby.org\/noe\/wp-json\/wp\/v2\/pages\/38511\/revisions\/38512"}],"wp:attachment":[{"href":"https:\/\/www.radlobby.org\/noe\/wp-json\/wp\/v2\/media?parent=38511"}],"curies":[{"name":"wp","href":"https:\/\/api.w.org\/{rel}","templated":true}]}}