{"id":29652,"date":"2023-05-12T16:52:45","date_gmt":"2023-05-12T14:52:45","guid":{"rendered":"https:\/\/www.radlobby.org\/noe\/?page_id=29652"},"modified":"2025-12-08T10:58:45","modified_gmt":"2025-12-08T09:58:45","slug":"mitglied-werden-auch-mit-sepa-lastschrift","status":"publish","type":"page","link":"https:\/\/www.radlobby.org\/noe\/mitglied-werden-auch-mit-sepa-lastschrift\/","title":{"rendered":"Mitglied werden &#8211; auch mit Sepa-Lastschrift"},"content":{"rendered":"<h4><img loading=\"lazy\" decoding=\"async\" class=\"alignright size-full wp-image-37222\" src=\"https:\/\/www.radlobby.org\/noe\/wp-content\/uploads\/20241129-MG-Formular-mit-SEPA-Auftrag-ab-2025-BILD.gif\" alt=\"\" width=\"250\" height=\"354\" \/>Mitgliedsanmeldungs-Formular<\/h4>\n<h6>Hier k\u00f6nnen Sie das Formular<br \/>\nf\u00fcr die Anmeldung downloaden (PDF)<\/h6>\n<p>\u203a\u00a0<a href=\"https:\/\/www.radlobby.org\/noe\/wp-content\/uploads\/20251208-MG-Formular-ab-2026.pdf\" target=\"_blank\" rel=\"noopener\">Formular Mitgliedsanmeldung 2026<\/a><\/p>\n<h6>Hier k\u00f6nnen Sie das Formular<br \/>\nf\u00fcr die Anmeldung mit SEPA-Abbuchung downloaden (PDF)<\/h6>\n<p>\u203a\u00a0<a href=\"https:\/\/www.radlobby.org\/noe\/wp-content\/uploads\/20231001-MG-Formular-mit-SEPA-Auftrag-ab-2026.pdf\" target=\"_blank\" rel=\"noopener\">Formular Mitgliedsanmeldung 2026 mit SEPA-Abbuchung<\/a><\/p>\n<p>downloaden &gt; ausdrucken &gt; ausf\u00fcllen &gt; fotografieren &gt; Bild mit Email an die Radlobby senden &gt; <a href=\"mailto:noe.service@radlobby.at\">noe.service@radlobby.at<\/a><\/p>\n<table>\n<tbody>\n<tr>\n<td style=\"background-color: #e0e0e0;\"><span style=\"font-size: 8pt;\">Bei den Versicherungen handelt es sich um Gruppenversicherungen der Radlobby Argus Wien, vermittelt durch die Rubas &amp; Co Versicherungsmaklerges. m.b.H. Die Radlobby Nieder\u00f6sterreich gibt Ihr Interesse an der jeweiligen Versicherung unentgeltlich weiter. F\u00fcr n\u00e4here Informationen oder Beratung bitte auf die jeweiligen Links klicken.<\/span><\/td>\n<\/tr>\n<\/tbody>\n<\/table>\n<p>F\u00fcr R\u00fcckfragen bitte bei einem der Vorstandsmitglieder per Email oder Telefon anfragen:<br \/>\n<a href=\"https:\/\/www.radlobby.org\/noe\/vorstand\/\" target=\"_blank\" rel=\"noopener\">https:\/\/www.radlobby.org\/noe\/vorstand\/<\/a><\/p>\n<p>&nbsp;<\/p>\n","protected":false},"excerpt":{"rendered":"<p>Mitgliedsanmeldungs-Formular Hier k\u00f6nnen Sie das Formular f\u00fcr die Anmeldung downloaden (PDF) \u203a\u00a0Formular Mitgliedsanmeldung 2026 Hier k\u00f6nnen Sie das Formular f\u00fcr die Anmeldung mit SEPA-Abbuchung downloaden (PDF) \u203a\u00a0Formular Mitgliedsanmeldung 2026 mit SEPA-Abbuchung downloaden &gt; ausdrucken &gt; ausf\u00fcllen &gt; fotografieren &gt; Bild<\/p>\n","protected":false},"author":16,"featured_media":0,"parent":0,"menu_order":0,"comment_status":"closed","ping_status":"closed","template":"","meta":{"footnotes":""},"class_list":["post-29652","page","type-page","status-publish","hentry"],"yoast_head":"<!-- This site is optimized with the Yoast SEO plugin v26.9 - https:\/\/yoast.com\/product\/yoast-seo-wordpress\/ -->\n<title>Mitglied werden - auch mit Sepa-Lastschrift - Radlobby Nieder\u00f6sterreich<\/title>\n<meta name=\"robots\" content=\"index, follow, max-snippet:-1, max-image-preview:large, max-video-preview:-1\" \/>\n<link rel=\"canonical\" href=\"https:\/\/www.radlobby.org\/noe\/mitglied-werden-auch-mit-sepa-lastschrift\/\" \/>\n<meta property=\"og:locale\" content=\"de_DE\" \/>\n<meta property=\"og:type\" content=\"article\" \/>\n<meta property=\"og:title\" content=\"Mitglied werden - auch mit Sepa-Lastschrift - Radlobby Nieder\u00f6sterreich\" \/>\n<meta property=\"og:description\" content=\"Mitgliedsanmeldungs-Formular Hier k\u00f6nnen Sie das Formular f\u00fcr die Anmeldung downloaden (PDF) \u203a\u00a0Formular Mitgliedsanmeldung 2026 Hier k\u00f6nnen Sie das Formular f\u00fcr die Anmeldung mit SEPA-Abbuchung downloaden (PDF) \u203a\u00a0Formular Mitgliedsanmeldung 2026 mit SEPA-Abbuchung downloaden &gt; ausdrucken &gt; ausf\u00fcllen &gt; fotografieren &gt; Bild\" \/>\n<meta property=\"og:url\" content=\"https:\/\/www.radlobby.org\/noe\/mitglied-werden-auch-mit-sepa-lastschrift\/\" \/>\n<meta property=\"og:site_name\" content=\"Radlobby Nieder\u00f6sterreich\" \/>\n<meta property=\"article:publisher\" content=\"https:\/\/www.facebook.com\/groups\/radfahren.in.noe\/\" \/>\n<meta property=\"article:modified_time\" content=\"2025-12-08T09:58:45+00:00\" \/>\n<meta property=\"og:image\" content=\"https:\/\/www.radlobby.org\/noe\/wp-content\/uploads\/20241129-MG-Formular-mit-SEPA-Auftrag-ab-2025-BILD.gif\" \/>\n\t<meta property=\"og:image:width\" content=\"250\" \/>\n\t<meta property=\"og:image:height\" content=\"354\" \/>\n\t<meta property=\"og:image:type\" content=\"image\/gif\" \/>\n<meta name=\"twitter:card\" content=\"summary_large_image\" \/>\n<meta name=\"twitter:label1\" content=\"Gesch\u00e4tzte Lesezeit\" \/>\n\t<meta name=\"twitter:data1\" content=\"1\u00a0Minute\" \/>\n<script type=\"application\/ld+json\" class=\"yoast-schema-graph\">{\"@context\":\"https:\/\/schema.org\",\"@graph\":[{\"@type\":\"WebPage\",\"@id\":\"https:\/\/www.radlobby.org\/noe\/mitglied-werden-auch-mit-sepa-lastschrift\/\",\"url\":\"https:\/\/www.radlobby.org\/noe\/mitglied-werden-auch-mit-sepa-lastschrift\/\",\"name\":\"Mitglied werden - auch mit Sepa-Lastschrift - Radlobby Nieder\u00f6sterreich\",\"isPartOf\":{\"@id\":\"https:\/\/www.radlobby.org\/noe\/#website\"},\"primaryImageOfPage\":{\"@id\":\"https:\/\/www.radlobby.org\/noe\/mitglied-werden-auch-mit-sepa-lastschrift\/#primaryimage\"},\"image\":{\"@id\":\"https:\/\/www.radlobby.org\/noe\/mitglied-werden-auch-mit-sepa-lastschrift\/#primaryimage\"},\"thumbnailUrl\":\"https:\/\/www.radlobby.org\/noe\/wp-content\/uploads\/20241129-MG-Formular-mit-SEPA-Auftrag-ab-2025-BILD.gif\",\"datePublished\":\"2023-05-12T14:52:45+00:00\",\"dateModified\":\"2025-12-08T09:58:45+00:00\",\"breadcrumb\":{\"@id\":\"https:\/\/www.radlobby.org\/noe\/mitglied-werden-auch-mit-sepa-lastschrift\/#breadcrumb\"},\"inLanguage\":\"de\",\"potentialAction\":[{\"@type\":\"ReadAction\",\"target\":[\"https:\/\/www.radlobby.org\/noe\/mitglied-werden-auch-mit-sepa-lastschrift\/\"]}]},{\"@type\":\"ImageObject\",\"inLanguage\":\"de\",\"@id\":\"https:\/\/www.radlobby.org\/noe\/mitglied-werden-auch-mit-sepa-lastschrift\/#primaryimage\",\"url\":\"https:\/\/www.radlobby.org\/noe\/wp-content\/uploads\/20241129-MG-Formular-mit-SEPA-Auftrag-ab-2025-BILD.gif\",\"contentUrl\":\"https:\/\/www.radlobby.org\/noe\/wp-content\/uploads\/20241129-MG-Formular-mit-SEPA-Auftrag-ab-2025-BILD.gif\",\"width\":250,\"height\":354},{\"@type\":\"BreadcrumbList\",\"@id\":\"https:\/\/www.radlobby.org\/noe\/mitglied-werden-auch-mit-sepa-lastschrift\/#breadcrumb\",\"itemListElement\":[{\"@type\":\"ListItem\",\"position\":1,\"name\":\"Startseite\",\"item\":\"https:\/\/www.radlobby.org\/noe\/\"},{\"@type\":\"ListItem\",\"position\":2,\"name\":\"Mitglied werden &#8211; auch mit Sepa-Lastschrift\"}]},{\"@type\":\"WebSite\",\"@id\":\"https:\/\/www.radlobby.org\/noe\/#website\",\"url\":\"https:\/\/www.radlobby.org\/noe\/\",\"name\":\"Radlobby Nieder\u00f6sterreich\",\"description\":\"Radverkehr, Fahrrad, Radfahren, Radreisen, Radtouren, Radweg\",\"publisher\":{\"@id\":\"https:\/\/www.radlobby.org\/noe\/#organization\"},\"potentialAction\":[{\"@type\":\"SearchAction\",\"target\":{\"@type\":\"EntryPoint\",\"urlTemplate\":\"https:\/\/www.radlobby.org\/noe\/?s={search_term_string}\"},\"query-input\":{\"@type\":\"PropertyValueSpecification\",\"valueRequired\":true,\"valueName\":\"search_term_string\"}}],\"inLanguage\":\"de\"},{\"@type\":\"Organization\",\"@id\":\"https:\/\/www.radlobby.org\/noe\/#organization\",\"name\":\"Radlobby Nieder\u00f6sterreich\",\"url\":\"https:\/\/www.radlobby.org\/noe\/\",\"logo\":{\"@type\":\"ImageObject\",\"inLanguage\":\"de\",\"@id\":\"https:\/\/www.radlobby.org\/noe\/#\/schema\/logo\/image\/\",\"url\":\"https:\/\/www.radlobby.org\/noe\/wp-content\/uploads\/2017\/01\/cropped-Logo_Radlobby_Niederoesterreich_50-400px_quer-1.jpg\",\"contentUrl\":\"https:\/\/www.radlobby.org\/noe\/wp-content\/uploads\/2017\/01\/cropped-Logo_Radlobby_Niederoesterreich_50-400px_quer-1.jpg\",\"width\":450,\"height\":124,\"caption\":\"Radlobby Nieder\u00f6sterreich\"},\"image\":{\"@id\":\"https:\/\/www.radlobby.org\/noe\/#\/schema\/logo\/image\/\"},\"sameAs\":[\"https:\/\/www.facebook.com\/groups\/radfahren.in.noe\/\"]}]}<\/script>\n<!-- \/ Yoast SEO plugin. -->","yoast_head_json":{"title":"Mitglied werden - auch mit Sepa-Lastschrift - Radlobby Nieder\u00f6sterreich","robots":{"index":"index","follow":"follow","max-snippet":"max-snippet:-1","max-image-preview":"max-image-preview:large","max-video-preview":"max-video-preview:-1"},"canonical":"https:\/\/www.radlobby.org\/noe\/mitglied-werden-auch-mit-sepa-lastschrift\/","og_locale":"de_DE","og_type":"article","og_title":"Mitglied werden - auch mit Sepa-Lastschrift - Radlobby Nieder\u00f6sterreich","og_description":"Mitgliedsanmeldungs-Formular Hier k\u00f6nnen Sie das Formular f\u00fcr die Anmeldung downloaden (PDF) \u203a\u00a0Formular Mitgliedsanmeldung 2026 Hier k\u00f6nnen Sie das Formular f\u00fcr die Anmeldung mit SEPA-Abbuchung downloaden (PDF) \u203a\u00a0Formular Mitgliedsanmeldung 2026 mit SEPA-Abbuchung downloaden &gt; ausdrucken &gt; ausf\u00fcllen &gt; fotografieren &gt; Bild","og_url":"https:\/\/www.radlobby.org\/noe\/mitglied-werden-auch-mit-sepa-lastschrift\/","og_site_name":"Radlobby Nieder\u00f6sterreich","article_publisher":"https:\/\/www.facebook.com\/groups\/radfahren.in.noe\/","article_modified_time":"2025-12-08T09:58:45+00:00","og_image":[{"width":250,"height":354,"url":"https:\/\/www.radlobby.org\/noe\/wp-content\/uploads\/20241129-MG-Formular-mit-SEPA-Auftrag-ab-2025-BILD.gif","type":"image\/gif"}],"twitter_card":"summary_large_image","twitter_misc":{"Gesch\u00e4tzte Lesezeit":"1\u00a0Minute"},"schema":{"@context":"https:\/\/schema.org","@graph":[{"@type":"WebPage","@id":"https:\/\/www.radlobby.org\/noe\/mitglied-werden-auch-mit-sepa-lastschrift\/","url":"https:\/\/www.radlobby.org\/noe\/mitglied-werden-auch-mit-sepa-lastschrift\/","name":"Mitglied werden - auch mit Sepa-Lastschrift - Radlobby Nieder\u00f6sterreich","isPartOf":{"@id":"https:\/\/www.radlobby.org\/noe\/#website"},"primaryImageOfPage":{"@id":"https:\/\/www.radlobby.org\/noe\/mitglied-werden-auch-mit-sepa-lastschrift\/#primaryimage"},"image":{"@id":"https:\/\/www.radlobby.org\/noe\/mitglied-werden-auch-mit-sepa-lastschrift\/#primaryimage"},"thumbnailUrl":"https:\/\/www.radlobby.org\/noe\/wp-content\/uploads\/20241129-MG-Formular-mit-SEPA-Auftrag-ab-2025-BILD.gif","datePublished":"2023-05-12T14:52:45+00:00","dateModified":"2025-12-08T09:58:45+00:00","breadcrumb":{"@id":"https:\/\/www.radlobby.org\/noe\/mitglied-werden-auch-mit-sepa-lastschrift\/#breadcrumb"},"inLanguage":"de","potentialAction":[{"@type":"ReadAction","target":["https:\/\/www.radlobby.org\/noe\/mitglied-werden-auch-mit-sepa-lastschrift\/"]}]},{"@type":"ImageObject","inLanguage":"de","@id":"https:\/\/www.radlobby.org\/noe\/mitglied-werden-auch-mit-sepa-lastschrift\/#primaryimage","url":"https:\/\/www.radlobby.org\/noe\/wp-content\/uploads\/20241129-MG-Formular-mit-SEPA-Auftrag-ab-2025-BILD.gif","contentUrl":"https:\/\/www.radlobby.org\/noe\/wp-content\/uploads\/20241129-MG-Formular-mit-SEPA-Auftrag-ab-2025-BILD.gif","width":250,"height":354},{"@type":"BreadcrumbList","@id":"https:\/\/www.radlobby.org\/noe\/mitglied-werden-auch-mit-sepa-lastschrift\/#breadcrumb","itemListElement":[{"@type":"ListItem","position":1,"name":"Startseite","item":"https:\/\/www.radlobby.org\/noe\/"},{"@type":"ListItem","position":2,"name":"Mitglied werden &#8211; auch mit Sepa-Lastschrift"}]},{"@type":"WebSite","@id":"https:\/\/www.radlobby.org\/noe\/#website","url":"https:\/\/www.radlobby.org\/noe\/","name":"Radlobby Nieder\u00f6sterreich","description":"Radverkehr, Fahrrad, Radfahren, Radreisen, Radtouren, Radweg","publisher":{"@id":"https:\/\/www.radlobby.org\/noe\/#organization"},"potentialAction":[{"@type":"SearchAction","target":{"@type":"EntryPoint","urlTemplate":"https:\/\/www.radlobby.org\/noe\/?s={search_term_string}"},"query-input":{"@type":"PropertyValueSpecification","valueRequired":true,"valueName":"search_term_string"}}],"inLanguage":"de"},{"@type":"Organization","@id":"https:\/\/www.radlobby.org\/noe\/#organization","name":"Radlobby Nieder\u00f6sterreich","url":"https:\/\/www.radlobby.org\/noe\/","logo":{"@type":"ImageObject","inLanguage":"de","@id":"https:\/\/www.radlobby.org\/noe\/#\/schema\/logo\/image\/","url":"https:\/\/www.radlobby.org\/noe\/wp-content\/uploads\/2017\/01\/cropped-Logo_Radlobby_Niederoesterreich_50-400px_quer-1.jpg","contentUrl":"https:\/\/www.radlobby.org\/noe\/wp-content\/uploads\/2017\/01\/cropped-Logo_Radlobby_Niederoesterreich_50-400px_quer-1.jpg","width":450,"height":124,"caption":"Radlobby Nieder\u00f6sterreich"},"image":{"@id":"https:\/\/www.radlobby.org\/noe\/#\/schema\/logo\/image\/"},"sameAs":["https:\/\/www.facebook.com\/groups\/radfahren.in.noe\/"]}]}},"_links":{"self":[{"href":"https:\/\/www.radlobby.org\/noe\/wp-json\/wp\/v2\/pages\/29652","targetHints":{"allow":["GET"]}}],"collection":[{"href":"https:\/\/www.radlobby.org\/noe\/wp-json\/wp\/v2\/pages"}],"about":[{"href":"https:\/\/www.radlobby.org\/noe\/wp-json\/wp\/v2\/types\/page"}],"author":[{"embeddable":true,"href":"https:\/\/www.radlobby.org\/noe\/wp-json\/wp\/v2\/users\/16"}],"replies":[{"embeddable":true,"href":"https:\/\/www.radlobby.org\/noe\/wp-json\/wp\/v2\/comments?post=29652"}],"version-history":[{"count":18,"href":"https:\/\/www.radlobby.org\/noe\/wp-json\/wp\/v2\/pages\/29652\/revisions"}],"predecessor-version":[{"id":40784,"href":"https:\/\/www.radlobby.org\/noe\/wp-json\/wp\/v2\/pages\/29652\/revisions\/40784"}],"wp:attachment":[{"href":"https:\/\/www.radlobby.org\/noe\/wp-json\/wp\/v2\/media?parent=29652"}],"curies":[{"name":"wp","href":"https:\/\/api.w.org\/{rel}","templated":true}]}}