{"id":28736,"date":"2023-04-17T19:21:31","date_gmt":"2023-04-17T17:21:31","guid":{"rendered":"https:\/\/www.radlobby.org\/noe\/?page_id=28736"},"modified":"2023-04-17T19:27:48","modified_gmt":"2023-04-17T17:27:48","slug":"radweg-umleitungsschilder-fuer-baustellen","status":"publish","type":"page","link":"https:\/\/www.radlobby.org\/noe\/radweg-umleitungsschilder-fuer-baustellen\/","title":{"rendered":"Radweg-Umleitungsschilder f\u00fcr Baustellen"},"content":{"rendered":"<p><strong>F\u00fcr den Radverkehr sind bei Baustellen oder sonstigen Absperrungen<br \/>\nRVS-konforme Umleitungsschilder notwendig.<\/strong><br \/>\n<strong>Sie k\u00f6nnen mit oder ohne Radweghinweis angefertigt werde<\/strong>n.<br \/>\nBeispiel hier: Umleitung und Weiterbeschilderung auf der Umwegstrecke f\u00fcr den EuroVelo 6.<\/p>\n<p>Sie k\u00f6nnen diese Schilder im g\u00e4ngigen Schilderhandel beziehen.<\/p>\n<p><strong>Bei dringendem Bedarf fragen sie den Grafiker Karl Zauner<\/strong>, der Ihnen kurzfristig und g\u00fcnstig eine druckbare PDF-Version liefert.<br \/>\nSie k\u00f6nnen diese selbst ausdrucken, folieren und an der Baustelle anbringen.<br \/>\nEmpfehlenswerter ist es, den Druck auf eine UV-best\u00e4ndige Kunststoffplatte zu veranlassen.<br \/>\n<strong>Anfrage bei Zauner: karl.zauner@rad-fahren.at, 0680 112 94 15<\/strong><\/p>\n<p>280&#215;280 mm<br \/>\n<a href=\"https:\/\/www.radlobby.org\/noe\/wp-content\/uploads\/20221014-Umleitungsschild-laut-RVS-fuer-A3-Drucker-3.jpg\" data-src=\"https:\/\/www.radlobby.org\/noe\/wp-content\/uploads\/20221014-Umleitungsschild-laut-RVS-fuer-A3-Drucker-3.jpg\" data-thumb=\"https:\/\/www.radlobby.org\/noe\/wp-content\/uploads\/20221014-Umleitungsschild-laut-RVS-fuer-A3-Drucker-3-300x300.jpg\" class=\"ml-lightbox-enabled\"><img loading=\"lazy\" decoding=\"async\" class=\"alignnone wp-image-28738\" src=\"https:\/\/www.radlobby.org\/noe\/wp-content\/uploads\/20221014-Umleitungsschild-laut-RVS-fuer-A3-Drucker-3-300x300.jpg\" alt=\"\" width=\"133\" height=\"133\" srcset=\"https:\/\/www.radlobby.org\/noe\/wp-content\/uploads\/20221014-Umleitungsschild-laut-RVS-fuer-A3-Drucker-3-300x300.jpg 300w, https:\/\/www.radlobby.org\/noe\/wp-content\/uploads\/20221014-Umleitungsschild-laut-RVS-fuer-A3-Drucker-3-150x150.jpg 150w, https:\/\/www.radlobby.org\/noe\/wp-content\/uploads\/20221014-Umleitungsschild-laut-RVS-fuer-A3-Drucker-3-270x270.jpg 270w, https:\/\/www.radlobby.org\/noe\/wp-content\/uploads\/20221014-Umleitungsschild-laut-RVS-fuer-A3-Drucker-3-230x230.jpg 230w, https:\/\/www.radlobby.org\/noe\/wp-content\/uploads\/20221014-Umleitungsschild-laut-RVS-fuer-A3-Drucker-3.jpg 473w\" sizes=\"auto, (max-width: 133px) 100vw, 133px\" \/><\/a> <a href=\"https:\/\/www.radlobby.org\/noe\/wp-content\/uploads\/20221014-Umleitungsschild-laut-RVS-fuer-A3-Drucker-1.jpg\" data-src=\"https:\/\/www.radlobby.org\/noe\/wp-content\/uploads\/20221014-Umleitungsschild-laut-RVS-fuer-A3-Drucker-1.jpg\" data-thumb=\"https:\/\/www.radlobby.org\/noe\/wp-content\/uploads\/20221014-Umleitungsschild-laut-RVS-fuer-A3-Drucker-1-300x300.jpg\" class=\"ml-lightbox-enabled\"><img loading=\"lazy\" decoding=\"async\" class=\"alignnone wp-image-28741 \" src=\"https:\/\/www.radlobby.org\/noe\/wp-content\/uploads\/20221014-Umleitungsschild-laut-RVS-fuer-A3-Drucker-1-300x300.jpg\" alt=\"\" width=\"133\" height=\"133\" srcset=\"https:\/\/www.radlobby.org\/noe\/wp-content\/uploads\/20221014-Umleitungsschild-laut-RVS-fuer-A3-Drucker-1-300x300.jpg 300w, https:\/\/www.radlobby.org\/noe\/wp-content\/uploads\/20221014-Umleitungsschild-laut-RVS-fuer-A3-Drucker-1-150x150.jpg 150w, https:\/\/www.radlobby.org\/noe\/wp-content\/uploads\/20221014-Umleitungsschild-laut-RVS-fuer-A3-Drucker-1-270x270.jpg 270w, https:\/\/www.radlobby.org\/noe\/wp-content\/uploads\/20221014-Umleitungsschild-laut-RVS-fuer-A3-Drucker-1-230x230.jpg 230w, https:\/\/www.radlobby.org\/noe\/wp-content\/uploads\/20221014-Umleitungsschild-laut-RVS-fuer-A3-Drucker-1.jpg 473w\" sizes=\"auto, (max-width: 133px) 100vw, 133px\" \/><\/a> <a href=\"https:\/\/www.radlobby.org\/noe\/wp-content\/uploads\/20221014-Umleitungsschild-laut-RVS-fuer-A3-Drucker-2.jpg\" data-src=\"https:\/\/www.radlobby.org\/noe\/wp-content\/uploads\/20221014-Umleitungsschild-laut-RVS-fuer-A3-Drucker-2.jpg\" data-thumb=\"https:\/\/www.radlobby.org\/noe\/wp-content\/uploads\/20221014-Umleitungsschild-laut-RVS-fuer-A3-Drucker-2-300x300.jpg\" class=\"ml-lightbox-enabled\"><img loading=\"lazy\" decoding=\"async\" class=\"alignnone wp-image-28737\" src=\"https:\/\/www.radlobby.org\/noe\/wp-content\/uploads\/20221014-Umleitungsschild-laut-RVS-fuer-A3-Drucker-2-300x300.jpg\" alt=\"\" width=\"133\" height=\"133\" srcset=\"https:\/\/www.radlobby.org\/noe\/wp-content\/uploads\/20221014-Umleitungsschild-laut-RVS-fuer-A3-Drucker-2-300x300.jpg 300w, https:\/\/www.radlobby.org\/noe\/wp-content\/uploads\/20221014-Umleitungsschild-laut-RVS-fuer-A3-Drucker-2-150x150.jpg 150w, https:\/\/www.radlobby.org\/noe\/wp-content\/uploads\/20221014-Umleitungsschild-laut-RVS-fuer-A3-Drucker-2-270x270.jpg 270w, https:\/\/www.radlobby.org\/noe\/wp-content\/uploads\/20221014-Umleitungsschild-laut-RVS-fuer-A3-Drucker-2-230x230.jpg 230w, https:\/\/www.radlobby.org\/noe\/wp-content\/uploads\/20221014-Umleitungsschild-laut-RVS-fuer-A3-Drucker-2.jpg 473w\" sizes=\"auto, (max-width: 133px) 100vw, 133px\" \/><\/a><\/p>\n<p>630&#215;230 mm<br \/>\n<a href=\"https:\/\/www.radlobby.org\/noe\/wp-content\/uploads\/20221014-Umleitungsschild-laut-RVS-630x230mm-1.jpg\" data-src=\"https:\/\/www.radlobby.org\/noe\/wp-content\/uploads\/20221014-Umleitungsschild-laut-RVS-630x230mm-1.jpg\" data-thumb=\"https:\/\/www.radlobby.org\/noe\/wp-content\/uploads\/20221014-Umleitungsschild-laut-RVS-630x230mm-1.jpg\" class=\"ml-lightbox-enabled\"><img loading=\"lazy\" decoding=\"async\" class=\"alignnone wp-image-28739\" src=\"https:\/\/www.radlobby.org\/noe\/wp-content\/uploads\/20221014-Umleitungsschild-laut-RVS-630x230mm-1.jpg\" alt=\"\" width=\"364\" height=\"133\" srcset=\"https:\/\/www.radlobby.org\/noe\/wp-content\/uploads\/20221014-Umleitungsschild-laut-RVS-630x230mm-1.jpg 1000w, https:\/\/www.radlobby.org\/noe\/wp-content\/uploads\/20221014-Umleitungsschild-laut-RVS-630x230mm-1-300x110.jpg 300w, https:\/\/www.radlobby.org\/noe\/wp-content\/uploads\/20221014-Umleitungsschild-laut-RVS-630x230mm-1-768x280.jpg 768w\" sizes=\"auto, (max-width: 364px) 100vw, 364px\" \/><\/a> <a href=\"https:\/\/www.radlobby.org\/noe\/wp-content\/uploads\/20221014-Umleitungsschild-laut-RVS-630x230mm-2.jpg\" data-src=\"https:\/\/www.radlobby.org\/noe\/wp-content\/uploads\/20221014-Umleitungsschild-laut-RVS-630x230mm-2.jpg\" data-thumb=\"https:\/\/www.radlobby.org\/noe\/wp-content\/uploads\/20221014-Umleitungsschild-laut-RVS-630x230mm-2.jpg\" class=\"ml-lightbox-enabled\"><img loading=\"lazy\" decoding=\"async\" class=\"alignnone wp-image-28740\" src=\"https:\/\/www.radlobby.org\/noe\/wp-content\/uploads\/20221014-Umleitungsschild-laut-RVS-630x230mm-2.jpg\" alt=\"\" width=\"364\" height=\"133\" srcset=\"https:\/\/www.radlobby.org\/noe\/wp-content\/uploads\/20221014-Umleitungsschild-laut-RVS-630x230mm-2.jpg 1000w, https:\/\/www.radlobby.org\/noe\/wp-content\/uploads\/20221014-Umleitungsschild-laut-RVS-630x230mm-2-300x110.jpg 300w, https:\/\/www.radlobby.org\/noe\/wp-content\/uploads\/20221014-Umleitungsschild-laut-RVS-630x230mm-2-768x280.jpg 768w\" sizes=\"auto, (max-width: 364px) 100vw, 364px\" \/><\/a><\/p>\n<p>&nbsp;<\/p>\n<p>&nbsp;<\/p>\n<p>&nbsp;<\/p>\n","protected":false},"excerpt":{"rendered":"<p>F\u00fcr den Radverkehr sind bei Baustellen oder sonstigen Absperrungen RVS-konforme Umleitungsschilder notwendig. Sie k\u00f6nnen mit oder ohne Radweghinweis angefertigt werden. Beispiel hier: Umleitung und Weiterbeschilderung auf der Umwegstrecke f\u00fcr den EuroVelo 6. Sie k\u00f6nnen diese Schilder im g\u00e4ngigen Schilderhandel beziehen.<\/p>\n","protected":false},"author":16,"featured_media":0,"parent":0,"menu_order":0,"comment_status":"closed","ping_status":"closed","template":"","meta":{"footnotes":""},"class_list":["post-28736","page","type-page","status-publish","hentry"],"yoast_head":"<!-- This site is optimized with the Yoast SEO plugin v26.9 - https:\/\/yoast.com\/product\/yoast-seo-wordpress\/ -->\n<title>Radweg-Umleitungsschilder f\u00fcr Baustellen - Radlobby Nieder\u00f6sterreich<\/title>\n<meta name=\"robots\" content=\"index, follow, max-snippet:-1, max-image-preview:large, max-video-preview:-1\" \/>\n<link rel=\"canonical\" href=\"https:\/\/www.radlobby.org\/noe\/radweg-umleitungsschilder-fuer-baustellen\/\" \/>\n<meta property=\"og:locale\" content=\"de_DE\" \/>\n<meta property=\"og:type\" content=\"article\" \/>\n<meta property=\"og:title\" content=\"Radweg-Umleitungsschilder f\u00fcr Baustellen - Radlobby Nieder\u00f6sterreich\" \/>\n<meta property=\"og:description\" content=\"F\u00fcr den Radverkehr sind bei Baustellen oder sonstigen Absperrungen RVS-konforme Umleitungsschilder notwendig. Sie k\u00f6nnen mit oder ohne Radweghinweis angefertigt werden. Beispiel hier: Umleitung und Weiterbeschilderung auf der Umwegstrecke f\u00fcr den EuroVelo 6. Sie k\u00f6nnen diese Schilder im g\u00e4ngigen Schilderhandel beziehen.\" \/>\n<meta property=\"og:url\" content=\"https:\/\/www.radlobby.org\/noe\/radweg-umleitungsschilder-fuer-baustellen\/\" \/>\n<meta property=\"og:site_name\" content=\"Radlobby Nieder\u00f6sterreich\" \/>\n<meta property=\"article:publisher\" content=\"https:\/\/www.facebook.com\/groups\/radfahren.in.noe\/\" \/>\n<meta property=\"article:modified_time\" content=\"2023-04-17T17:27:48+00:00\" \/>\n<meta property=\"og:image\" content=\"https:\/\/www.radlobby.org\/noe\/wp-content\/uploads\/20221014-Umleitungsschild-laut-RVS-fuer-A3-Drucker-3-300x300.jpg\" \/>\n<meta name=\"twitter:card\" content=\"summary_large_image\" \/>\n<meta name=\"twitter:label1\" content=\"Gesch\u00e4tzte Lesezeit\" \/>\n\t<meta name=\"twitter:data1\" content=\"2\u00a0Minuten\" \/>\n<script type=\"application\/ld+json\" class=\"yoast-schema-graph\">{\"@context\":\"https:\/\/schema.org\",\"@graph\":[{\"@type\":\"WebPage\",\"@id\":\"https:\/\/www.radlobby.org\/noe\/radweg-umleitungsschilder-fuer-baustellen\/\",\"url\":\"https:\/\/www.radlobby.org\/noe\/radweg-umleitungsschilder-fuer-baustellen\/\",\"name\":\"Radweg-Umleitungsschilder f\u00fcr Baustellen - Radlobby Nieder\u00f6sterreich\",\"isPartOf\":{\"@id\":\"https:\/\/www.radlobby.org\/noe\/#website\"},\"primaryImageOfPage\":{\"@id\":\"https:\/\/www.radlobby.org\/noe\/radweg-umleitungsschilder-fuer-baustellen\/#primaryimage\"},\"image\":{\"@id\":\"https:\/\/www.radlobby.org\/noe\/radweg-umleitungsschilder-fuer-baustellen\/#primaryimage\"},\"thumbnailUrl\":\"https:\/\/www.radlobby.org\/noe\/wp-content\/uploads\/20221014-Umleitungsschild-laut-RVS-fuer-A3-Drucker-3-300x300.jpg\",\"datePublished\":\"2023-04-17T17:21:31+00:00\",\"dateModified\":\"2023-04-17T17:27:48+00:00\",\"breadcrumb\":{\"@id\":\"https:\/\/www.radlobby.org\/noe\/radweg-umleitungsschilder-fuer-baustellen\/#breadcrumb\"},\"inLanguage\":\"de\",\"potentialAction\":[{\"@type\":\"ReadAction\",\"target\":[\"https:\/\/www.radlobby.org\/noe\/radweg-umleitungsschilder-fuer-baustellen\/\"]}]},{\"@type\":\"ImageObject\",\"inLanguage\":\"de\",\"@id\":\"https:\/\/www.radlobby.org\/noe\/radweg-umleitungsschilder-fuer-baustellen\/#primaryimage\",\"url\":\"https:\/\/www.radlobby.org\/noe\/wp-content\/uploads\/20221014-Umleitungsschild-laut-RVS-fuer-A3-Drucker-3.jpg\",\"contentUrl\":\"https:\/\/www.radlobby.org\/noe\/wp-content\/uploads\/20221014-Umleitungsschild-laut-RVS-fuer-A3-Drucker-3.jpg\",\"width\":473,\"height\":473},{\"@type\":\"BreadcrumbList\",\"@id\":\"https:\/\/www.radlobby.org\/noe\/radweg-umleitungsschilder-fuer-baustellen\/#breadcrumb\",\"itemListElement\":[{\"@type\":\"ListItem\",\"position\":1,\"name\":\"Startseite\",\"item\":\"https:\/\/www.radlobby.org\/noe\/\"},{\"@type\":\"ListItem\",\"position\":2,\"name\":\"Radweg-Umleitungsschilder f\u00fcr Baustellen\"}]},{\"@type\":\"WebSite\",\"@id\":\"https:\/\/www.radlobby.org\/noe\/#website\",\"url\":\"https:\/\/www.radlobby.org\/noe\/\",\"name\":\"Radlobby Nieder\u00f6sterreich\",\"description\":\"Radverkehr, Fahrrad, Radfahren, Radreisen, Radtouren, Radweg\",\"publisher\":{\"@id\":\"https:\/\/www.radlobby.org\/noe\/#organization\"},\"potentialAction\":[{\"@type\":\"SearchAction\",\"target\":{\"@type\":\"EntryPoint\",\"urlTemplate\":\"https:\/\/www.radlobby.org\/noe\/?s={search_term_string}\"},\"query-input\":{\"@type\":\"PropertyValueSpecification\",\"valueRequired\":true,\"valueName\":\"search_term_string\"}}],\"inLanguage\":\"de\"},{\"@type\":\"Organization\",\"@id\":\"https:\/\/www.radlobby.org\/noe\/#organization\",\"name\":\"Radlobby Nieder\u00f6sterreich\",\"url\":\"https:\/\/www.radlobby.org\/noe\/\",\"logo\":{\"@type\":\"ImageObject\",\"inLanguage\":\"de\",\"@id\":\"https:\/\/www.radlobby.org\/noe\/#\/schema\/logo\/image\/\",\"url\":\"https:\/\/www.radlobby.org\/noe\/wp-content\/uploads\/2017\/01\/cropped-Logo_Radlobby_Niederoesterreich_50-400px_quer-1.jpg\",\"contentUrl\":\"https:\/\/www.radlobby.org\/noe\/wp-content\/uploads\/2017\/01\/cropped-Logo_Radlobby_Niederoesterreich_50-400px_quer-1.jpg\",\"width\":450,\"height\":124,\"caption\":\"Radlobby Nieder\u00f6sterreich\"},\"image\":{\"@id\":\"https:\/\/www.radlobby.org\/noe\/#\/schema\/logo\/image\/\"},\"sameAs\":[\"https:\/\/www.facebook.com\/groups\/radfahren.in.noe\/\"]}]}<\/script>\n<!-- \/ Yoast SEO plugin. -->","yoast_head_json":{"title":"Radweg-Umleitungsschilder f\u00fcr Baustellen - Radlobby Nieder\u00f6sterreich","robots":{"index":"index","follow":"follow","max-snippet":"max-snippet:-1","max-image-preview":"max-image-preview:large","max-video-preview":"max-video-preview:-1"},"canonical":"https:\/\/www.radlobby.org\/noe\/radweg-umleitungsschilder-fuer-baustellen\/","og_locale":"de_DE","og_type":"article","og_title":"Radweg-Umleitungsschilder f\u00fcr Baustellen - Radlobby Nieder\u00f6sterreich","og_description":"F\u00fcr den Radverkehr sind bei Baustellen oder sonstigen Absperrungen RVS-konforme Umleitungsschilder notwendig. Sie k\u00f6nnen mit oder ohne Radweghinweis angefertigt werden. Beispiel hier: Umleitung und Weiterbeschilderung auf der Umwegstrecke f\u00fcr den EuroVelo 6. Sie k\u00f6nnen diese Schilder im g\u00e4ngigen Schilderhandel beziehen.","og_url":"https:\/\/www.radlobby.org\/noe\/radweg-umleitungsschilder-fuer-baustellen\/","og_site_name":"Radlobby Nieder\u00f6sterreich","article_publisher":"https:\/\/www.facebook.com\/groups\/radfahren.in.noe\/","article_modified_time":"2023-04-17T17:27:48+00:00","og_image":[{"url":"https:\/\/www.radlobby.org\/noe\/wp-content\/uploads\/20221014-Umleitungsschild-laut-RVS-fuer-A3-Drucker-3-300x300.jpg","type":"","width":"","height":""}],"twitter_card":"summary_large_image","twitter_misc":{"Gesch\u00e4tzte Lesezeit":"2\u00a0Minuten"},"schema":{"@context":"https:\/\/schema.org","@graph":[{"@type":"WebPage","@id":"https:\/\/www.radlobby.org\/noe\/radweg-umleitungsschilder-fuer-baustellen\/","url":"https:\/\/www.radlobby.org\/noe\/radweg-umleitungsschilder-fuer-baustellen\/","name":"Radweg-Umleitungsschilder f\u00fcr Baustellen - Radlobby Nieder\u00f6sterreich","isPartOf":{"@id":"https:\/\/www.radlobby.org\/noe\/#website"},"primaryImageOfPage":{"@id":"https:\/\/www.radlobby.org\/noe\/radweg-umleitungsschilder-fuer-baustellen\/#primaryimage"},"image":{"@id":"https:\/\/www.radlobby.org\/noe\/radweg-umleitungsschilder-fuer-baustellen\/#primaryimage"},"thumbnailUrl":"https:\/\/www.radlobby.org\/noe\/wp-content\/uploads\/20221014-Umleitungsschild-laut-RVS-fuer-A3-Drucker-3-300x300.jpg","datePublished":"2023-04-17T17:21:31+00:00","dateModified":"2023-04-17T17:27:48+00:00","breadcrumb":{"@id":"https:\/\/www.radlobby.org\/noe\/radweg-umleitungsschilder-fuer-baustellen\/#breadcrumb"},"inLanguage":"de","potentialAction":[{"@type":"ReadAction","target":["https:\/\/www.radlobby.org\/noe\/radweg-umleitungsschilder-fuer-baustellen\/"]}]},{"@type":"ImageObject","inLanguage":"de","@id":"https:\/\/www.radlobby.org\/noe\/radweg-umleitungsschilder-fuer-baustellen\/#primaryimage","url":"https:\/\/www.radlobby.org\/noe\/wp-content\/uploads\/20221014-Umleitungsschild-laut-RVS-fuer-A3-Drucker-3.jpg","contentUrl":"https:\/\/www.radlobby.org\/noe\/wp-content\/uploads\/20221014-Umleitungsschild-laut-RVS-fuer-A3-Drucker-3.jpg","width":473,"height":473},{"@type":"BreadcrumbList","@id":"https:\/\/www.radlobby.org\/noe\/radweg-umleitungsschilder-fuer-baustellen\/#breadcrumb","itemListElement":[{"@type":"ListItem","position":1,"name":"Startseite","item":"https:\/\/www.radlobby.org\/noe\/"},{"@type":"ListItem","position":2,"name":"Radweg-Umleitungsschilder f\u00fcr Baustellen"}]},{"@type":"WebSite","@id":"https:\/\/www.radlobby.org\/noe\/#website","url":"https:\/\/www.radlobby.org\/noe\/","name":"Radlobby Nieder\u00f6sterreich","description":"Radverkehr, Fahrrad, Radfahren, Radreisen, Radtouren, Radweg","publisher":{"@id":"https:\/\/www.radlobby.org\/noe\/#organization"},"potentialAction":[{"@type":"SearchAction","target":{"@type":"EntryPoint","urlTemplate":"https:\/\/www.radlobby.org\/noe\/?s={search_term_string}"},"query-input":{"@type":"PropertyValueSpecification","valueRequired":true,"valueName":"search_term_string"}}],"inLanguage":"de"},{"@type":"Organization","@id":"https:\/\/www.radlobby.org\/noe\/#organization","name":"Radlobby Nieder\u00f6sterreich","url":"https:\/\/www.radlobby.org\/noe\/","logo":{"@type":"ImageObject","inLanguage":"de","@id":"https:\/\/www.radlobby.org\/noe\/#\/schema\/logo\/image\/","url":"https:\/\/www.radlobby.org\/noe\/wp-content\/uploads\/2017\/01\/cropped-Logo_Radlobby_Niederoesterreich_50-400px_quer-1.jpg","contentUrl":"https:\/\/www.radlobby.org\/noe\/wp-content\/uploads\/2017\/01\/cropped-Logo_Radlobby_Niederoesterreich_50-400px_quer-1.jpg","width":450,"height":124,"caption":"Radlobby Nieder\u00f6sterreich"},"image":{"@id":"https:\/\/www.radlobby.org\/noe\/#\/schema\/logo\/image\/"},"sameAs":["https:\/\/www.facebook.com\/groups\/radfahren.in.noe\/"]}]}},"_links":{"self":[{"href":"https:\/\/www.radlobby.org\/noe\/wp-json\/wp\/v2\/pages\/28736","targetHints":{"allow":["GET"]}}],"collection":[{"href":"https:\/\/www.radlobby.org\/noe\/wp-json\/wp\/v2\/pages"}],"about":[{"href":"https:\/\/www.radlobby.org\/noe\/wp-json\/wp\/v2\/types\/page"}],"author":[{"embeddable":true,"href":"https:\/\/www.radlobby.org\/noe\/wp-json\/wp\/v2\/users\/16"}],"replies":[{"embeddable":true,"href":"https:\/\/www.radlobby.org\/noe\/wp-json\/wp\/v2\/comments?post=28736"}],"version-history":[{"count":7,"href":"https:\/\/www.radlobby.org\/noe\/wp-json\/wp\/v2\/pages\/28736\/revisions"}],"predecessor-version":[{"id":28748,"href":"https:\/\/www.radlobby.org\/noe\/wp-json\/wp\/v2\/pages\/28736\/revisions\/28748"}],"wp:attachment":[{"href":"https:\/\/www.radlobby.org\/noe\/wp-json\/wp\/v2\/media?parent=28736"}],"curies":[{"name":"wp","href":"https:\/\/api.w.org\/{rel}","templated":true}]}}