{"id":27190,"date":"2023-01-11T17:19:05","date_gmt":"2023-01-11T16:19:05","guid":{"rendered":"https:\/\/www.radlobby.org\/noe\/?page_id=27190"},"modified":"2023-01-11T17:32:31","modified_gmt":"2023-01-11T16:32:31","slug":"cookies","status":"publish","type":"page","link":"https:\/\/www.radlobby.org\/noe\/cookies\/","title":{"rendered":"Cookie-Richtlinie"},"content":{"rendered":"<h1>Cookie-Richtlinie<\/h1>\n<p class=\"lead\"><strong>Unsere Website verwendet Cookies.Wenn Sie diese Website nutzen, k\u00f6nnen Sie selbst entscheiden, ob Sie der Verwendung technisch nicht-erforderlicher Cookies zustimmen.<\/strong><\/p>\n<h2>Was sind Cookies?<\/h2>\n<p>\u201cCookies\u201d und \u00e4hnliche Technologien werden von der EU-Richtlinie \u00fcber die Verarbeitung personenbezogener Daten und den Schutz der Privatsph\u00e4re in der elektronischen Kommunikation erfasst .<\/p>\n<p>Cookies sind kleine Textdateien, welche dazu dienen, eine Website funktionsf\u00e4hig zu machen. Diese Cookies sind nicht personenbezogen: Sie identifizieren den Computer und nicht dessen Benutzer. Sitzungscookies sind nur w\u00e4hrend einer Sitzung notwendig und wichtig, um alle Informationen korrekt anzuzeigen. Nur ein dauerhaftes Cookie bleibt auf dem Computer des Besuchers, bis es gel\u00f6scht wird.<\/p>\n<p>Weder enth\u00fcllen noch enthalten Cookies irgendwelche personenbezogenen Daten. Cookies k\u00f6nnen keine Informationen von Ihrem Computer auslesen oder mit anderen Cookies auf Ihrer Festplatte zusammenwirken.<\/p>\n<h2>Warum werden Cookies verwendet?<\/h2>\n<p>Cookies dienen zur Sicherstellung der Funktionalit\u00e4t der Website. Durch Cookies ist es m\u00f6glich, Ihnen einen reibungslosen Besuch meiner Website zu erm\u00f6glichen und Ihren Computer gegebenenfalls bei einem sp\u00e4teren Besuch wiederzuerkennen.<\/p>\n<h2>Welche Cookies werden verwendet?<\/h2>\n<div class=\"ccm-cookie-declaration ccm-cookie-declaration--loaded\" lang=\"de-DE\">\n<div class=\"ccm-cookie-declaration--intro\">\n<p>Mit Ihrer Erlaubnis nutzen wir und von uns beauftragte (auch US-)Firmen Cookies u.\u00e4. Technologien f\u00fcr technisch n\u00f6tige Funktionen, statistische Analysen und die Einbindung anderer Inhalte, Dienste und Elemente. Dienste von US-Firmen bergen derzeit Datenschutzrisiken, da die USA kein angemessenes Datenschutzniveau gem. DSGVO bieten und Sie Ihre Rechte evtl. nicht effektiv durchsetzen k\u00f6nnen. Unter &#8220;Mehr Info&#8221; erfahren Sie mehr und k\u00f6nnen individuelle Einstellungen vornehmen. In der Cookie-Konfiguration (rechts unten) k\u00f6nnen Sie Ihre Auswahl jederzeit \u00e4ndern. <strong>Danke f\u00fcr Ihre Zustimmung durch Klick auf &#8220;OK&#8221;! <\/strong><\/p>\n<div class=\"ccm-cookie-declaration\">Bitte aktivieren Sie Javascript, um die Liste aller deklarierten Cookies und \u00e4hnlicher Techniken zu sehen.<\/div>\n<\/div>\n<\/div>\n<h2>Wie kann man Cookies ablehnen und l\u00f6schen?<\/h2>\n<p>Nach Verlassen unserer Domain werden die Sitzungscookies r\u00fcckstandsfrei gel\u00f6scht. Sie k\u00f6nnen Cookies jederzeit selbst l\u00f6schen, da beim Aufruf Cookies gegebenenfalls neu erstellt werden.<\/p>\n<p>Bitte beachten Sie, dass die meisten Browser Cookies automatisch akzeptieren.<\/p>\n<p>Sie k\u00f6nnen jederzeit Ihre Entscheidung \u00fcber die <a href=\"#CCM.openWidget\">Cookie-Konfiguration \u00e4ndern<\/a>.<\/p>\n<p>Sie haben die M\u00f6glichkeit, das Abspeichern von Cookies auf Ihrem Rechner durch entsprechende Browsereinstellungen zu verhindern. Sie k\u00f6nnen dann diese Websites zwar weiter besuchen, einzelne Funktionen k\u00f6nnten jedoch in ihrer Arbeitsweise beeintr\u00e4chtigt sein. Bitte informieren Sie sich bei dem Anbieter Ihres Browsers \u00fcber das konkrete Vorgehen.<\/p>\n<p>Weitere Informationen \u00fcber die Verwendung von Cookies in den Browsern von Mobiltelefonen und \u00fcber die M\u00f6glichkeiten, solche Cookies abzulehnen oder zu l\u00f6schen, finden Sie im Handbuch Ihres Mobiltelefons.<\/p>\n","protected":false},"excerpt":{"rendered":"<p>Cookie-Richtlinie Unsere Website verwendet Cookies.Wenn Sie diese Website nutzen, k\u00f6nnen Sie selbst entscheiden, ob Sie der Verwendung technisch nicht-erforderlicher Cookies zustimmen. Was sind Cookies? \u201cCookies\u201d und \u00e4hnliche Technologien werden von der EU-Richtlinie \u00fcber die Verarbeitung personenbezogener Daten und den Schutz<\/p>\n","protected":false},"author":70,"featured_media":0,"parent":0,"menu_order":0,"comment_status":"closed","ping_status":"closed","template":"","meta":{"footnotes":""},"class_list":["post-27190","page","type-page","status-publish","hentry"],"yoast_head":"<!-- This site is optimized with the Yoast SEO plugin v26.9 - https:\/\/yoast.com\/product\/yoast-seo-wordpress\/ -->\n<title>Cookie-Richtlinie - Radlobby Nieder\u00f6sterreich<\/title>\n<meta name=\"robots\" content=\"index, follow, max-snippet:-1, max-image-preview:large, max-video-preview:-1\" \/>\n<link rel=\"canonical\" href=\"https:\/\/www.radlobby.org\/noe\/cookies\/\" \/>\n<meta property=\"og:locale\" content=\"de_DE\" \/>\n<meta property=\"og:type\" content=\"article\" \/>\n<meta property=\"og:title\" content=\"Cookie-Richtlinie - Radlobby Nieder\u00f6sterreich\" \/>\n<meta property=\"og:description\" content=\"Cookie-Richtlinie Unsere Website verwendet Cookies.Wenn Sie diese Website nutzen, k\u00f6nnen Sie selbst entscheiden, ob Sie der Verwendung technisch nicht-erforderlicher Cookies zustimmen. Was sind Cookies? \u201cCookies\u201d und \u00e4hnliche Technologien werden von der EU-Richtlinie \u00fcber die Verarbeitung personenbezogener Daten und den Schutz\" \/>\n<meta property=\"og:url\" content=\"https:\/\/www.radlobby.org\/noe\/cookies\/\" \/>\n<meta property=\"og:site_name\" content=\"Radlobby Nieder\u00f6sterreich\" \/>\n<meta property=\"article:publisher\" content=\"https:\/\/www.facebook.com\/groups\/radfahren.in.noe\/\" \/>\n<meta property=\"article:modified_time\" content=\"2023-01-11T16:32:31+00:00\" \/>\n<meta property=\"og:image\" content=\"https:\/\/www.radlobby.org\/noe\/wp-content\/uploads\/20200101-RLWN-Neujahrsaradeln-DSC_0105a_1900px-1.jpg\" \/>\n\t<meta property=\"og:image:width\" content=\"1900\" \/>\n\t<meta property=\"og:image:height\" content=\"770\" \/>\n\t<meta property=\"og:image:type\" content=\"image\/jpeg\" \/>\n<meta name=\"twitter:card\" content=\"summary_large_image\" \/>\n<meta name=\"twitter:label1\" content=\"Gesch\u00e4tzte Lesezeit\" \/>\n\t<meta name=\"twitter:data1\" content=\"3\u00a0Minuten\" \/>\n<script type=\"application\/ld+json\" class=\"yoast-schema-graph\">{\"@context\":\"https:\/\/schema.org\",\"@graph\":[{\"@type\":\"WebPage\",\"@id\":\"https:\/\/www.radlobby.org\/noe\/cookies\/\",\"url\":\"https:\/\/www.radlobby.org\/noe\/cookies\/\",\"name\":\"Cookie-Richtlinie - Radlobby Nieder\u00f6sterreich\",\"isPartOf\":{\"@id\":\"https:\/\/www.radlobby.org\/noe\/#website\"},\"datePublished\":\"2023-01-11T16:19:05+00:00\",\"dateModified\":\"2023-01-11T16:32:31+00:00\",\"breadcrumb\":{\"@id\":\"https:\/\/www.radlobby.org\/noe\/cookies\/#breadcrumb\"},\"inLanguage\":\"de\",\"potentialAction\":[{\"@type\":\"ReadAction\",\"target\":[\"https:\/\/www.radlobby.org\/noe\/cookies\/\"]}]},{\"@type\":\"BreadcrumbList\",\"@id\":\"https:\/\/www.radlobby.org\/noe\/cookies\/#breadcrumb\",\"itemListElement\":[{\"@type\":\"ListItem\",\"position\":1,\"name\":\"Startseite\",\"item\":\"https:\/\/www.radlobby.org\/noe\/\"},{\"@type\":\"ListItem\",\"position\":2,\"name\":\"Cookie-Richtlinie\"}]},{\"@type\":\"WebSite\",\"@id\":\"https:\/\/www.radlobby.org\/noe\/#website\",\"url\":\"https:\/\/www.radlobby.org\/noe\/\",\"name\":\"Radlobby Nieder\u00f6sterreich\",\"description\":\"Radverkehr, Fahrrad, Radfahren, Radreisen, Radtouren, Radweg\",\"publisher\":{\"@id\":\"https:\/\/www.radlobby.org\/noe\/#organization\"},\"potentialAction\":[{\"@type\":\"SearchAction\",\"target\":{\"@type\":\"EntryPoint\",\"urlTemplate\":\"https:\/\/www.radlobby.org\/noe\/?s={search_term_string}\"},\"query-input\":{\"@type\":\"PropertyValueSpecification\",\"valueRequired\":true,\"valueName\":\"search_term_string\"}}],\"inLanguage\":\"de\"},{\"@type\":\"Organization\",\"@id\":\"https:\/\/www.radlobby.org\/noe\/#organization\",\"name\":\"Radlobby Nieder\u00f6sterreich\",\"url\":\"https:\/\/www.radlobby.org\/noe\/\",\"logo\":{\"@type\":\"ImageObject\",\"inLanguage\":\"de\",\"@id\":\"https:\/\/www.radlobby.org\/noe\/#\/schema\/logo\/image\/\",\"url\":\"https:\/\/www.radlobby.org\/noe\/wp-content\/uploads\/2017\/01\/cropped-Logo_Radlobby_Niederoesterreich_50-400px_quer-1.jpg\",\"contentUrl\":\"https:\/\/www.radlobby.org\/noe\/wp-content\/uploads\/2017\/01\/cropped-Logo_Radlobby_Niederoesterreich_50-400px_quer-1.jpg\",\"width\":450,\"height\":124,\"caption\":\"Radlobby Nieder\u00f6sterreich\"},\"image\":{\"@id\":\"https:\/\/www.radlobby.org\/noe\/#\/schema\/logo\/image\/\"},\"sameAs\":[\"https:\/\/www.facebook.com\/groups\/radfahren.in.noe\/\"]}]}<\/script>\n<!-- \/ Yoast SEO plugin. -->","yoast_head_json":{"title":"Cookie-Richtlinie - Radlobby Nieder\u00f6sterreich","robots":{"index":"index","follow":"follow","max-snippet":"max-snippet:-1","max-image-preview":"max-image-preview:large","max-video-preview":"max-video-preview:-1"},"canonical":"https:\/\/www.radlobby.org\/noe\/cookies\/","og_locale":"de_DE","og_type":"article","og_title":"Cookie-Richtlinie - Radlobby Nieder\u00f6sterreich","og_description":"Cookie-Richtlinie Unsere Website verwendet Cookies.Wenn Sie diese Website nutzen, k\u00f6nnen Sie selbst entscheiden, ob Sie der Verwendung technisch nicht-erforderlicher Cookies zustimmen. Was sind Cookies? \u201cCookies\u201d und \u00e4hnliche Technologien werden von der EU-Richtlinie \u00fcber die Verarbeitung personenbezogener Daten und den Schutz","og_url":"https:\/\/www.radlobby.org\/noe\/cookies\/","og_site_name":"Radlobby Nieder\u00f6sterreich","article_publisher":"https:\/\/www.facebook.com\/groups\/radfahren.in.noe\/","article_modified_time":"2023-01-11T16:32:31+00:00","og_image":[{"width":1900,"height":770,"url":"https:\/\/www.radlobby.org\/noe\/wp-content\/uploads\/20200101-RLWN-Neujahrsaradeln-DSC_0105a_1900px-1.jpg","type":"image\/jpeg"}],"twitter_card":"summary_large_image","twitter_misc":{"Gesch\u00e4tzte Lesezeit":"3\u00a0Minuten"},"schema":{"@context":"https:\/\/schema.org","@graph":[{"@type":"WebPage","@id":"https:\/\/www.radlobby.org\/noe\/cookies\/","url":"https:\/\/www.radlobby.org\/noe\/cookies\/","name":"Cookie-Richtlinie - Radlobby Nieder\u00f6sterreich","isPartOf":{"@id":"https:\/\/www.radlobby.org\/noe\/#website"},"datePublished":"2023-01-11T16:19:05+00:00","dateModified":"2023-01-11T16:32:31+00:00","breadcrumb":{"@id":"https:\/\/www.radlobby.org\/noe\/cookies\/#breadcrumb"},"inLanguage":"de","potentialAction":[{"@type":"ReadAction","target":["https:\/\/www.radlobby.org\/noe\/cookies\/"]}]},{"@type":"BreadcrumbList","@id":"https:\/\/www.radlobby.org\/noe\/cookies\/#breadcrumb","itemListElement":[{"@type":"ListItem","position":1,"name":"Startseite","item":"https:\/\/www.radlobby.org\/noe\/"},{"@type":"ListItem","position":2,"name":"Cookie-Richtlinie"}]},{"@type":"WebSite","@id":"https:\/\/www.radlobby.org\/noe\/#website","url":"https:\/\/www.radlobby.org\/noe\/","name":"Radlobby Nieder\u00f6sterreich","description":"Radverkehr, Fahrrad, Radfahren, Radreisen, Radtouren, Radweg","publisher":{"@id":"https:\/\/www.radlobby.org\/noe\/#organization"},"potentialAction":[{"@type":"SearchAction","target":{"@type":"EntryPoint","urlTemplate":"https:\/\/www.radlobby.org\/noe\/?s={search_term_string}"},"query-input":{"@type":"PropertyValueSpecification","valueRequired":true,"valueName":"search_term_string"}}],"inLanguage":"de"},{"@type":"Organization","@id":"https:\/\/www.radlobby.org\/noe\/#organization","name":"Radlobby Nieder\u00f6sterreich","url":"https:\/\/www.radlobby.org\/noe\/","logo":{"@type":"ImageObject","inLanguage":"de","@id":"https:\/\/www.radlobby.org\/noe\/#\/schema\/logo\/image\/","url":"https:\/\/www.radlobby.org\/noe\/wp-content\/uploads\/2017\/01\/cropped-Logo_Radlobby_Niederoesterreich_50-400px_quer-1.jpg","contentUrl":"https:\/\/www.radlobby.org\/noe\/wp-content\/uploads\/2017\/01\/cropped-Logo_Radlobby_Niederoesterreich_50-400px_quer-1.jpg","width":450,"height":124,"caption":"Radlobby Nieder\u00f6sterreich"},"image":{"@id":"https:\/\/www.radlobby.org\/noe\/#\/schema\/logo\/image\/"},"sameAs":["https:\/\/www.facebook.com\/groups\/radfahren.in.noe\/"]}]}},"_links":{"self":[{"href":"https:\/\/www.radlobby.org\/noe\/wp-json\/wp\/v2\/pages\/27190","targetHints":{"allow":["GET"]}}],"collection":[{"href":"https:\/\/www.radlobby.org\/noe\/wp-json\/wp\/v2\/pages"}],"about":[{"href":"https:\/\/www.radlobby.org\/noe\/wp-json\/wp\/v2\/types\/page"}],"author":[{"embeddable":true,"href":"https:\/\/www.radlobby.org\/noe\/wp-json\/wp\/v2\/users\/70"}],"replies":[{"embeddable":true,"href":"https:\/\/www.radlobby.org\/noe\/wp-json\/wp\/v2\/comments?post=27190"}],"version-history":[{"count":3,"href":"https:\/\/www.radlobby.org\/noe\/wp-json\/wp\/v2\/pages\/27190\/revisions"}],"predecessor-version":[{"id":27203,"href":"https:\/\/www.radlobby.org\/noe\/wp-json\/wp\/v2\/pages\/27190\/revisions\/27203"}],"wp:attachment":[{"href":"https:\/\/www.radlobby.org\/noe\/wp-json\/wp\/v2\/media?parent=27190"}],"curies":[{"name":"wp","href":"https:\/\/api.w.org\/{rel}","templated":true}]}}