{"id":27181,"date":"2023-01-11T17:02:45","date_gmt":"2023-01-11T16:02:45","guid":{"rendered":"https:\/\/www.radlobby.org\/noe\/?page_id=27181"},"modified":"2024-01-11T10:56:44","modified_gmt":"2024-01-11T09:56:44","slug":"impressum","status":"publish","type":"page","link":"https:\/\/www.radlobby.org\/noe\/impressum\/","title":{"rendered":"Impressum"},"content":{"rendered":"<h4><img loading=\"lazy\" decoding=\"async\" class=\"alignnone wp-image-65 size-medium\" src=\"http:\/\/www.radlobby.org\/noe\/wp-content\/uploads\/2016\/11\/Logo_Radlobby_Niederoesterreich_350px_quer-300x93.gif\" alt=\"logo_radlobby_niederoesterreich_350px_quer\" width=\"300\" height=\"93\" \/><\/h4>\n<p>Die Website RADLOBBY.ORG\/NOE wird betrieben vom Verein Radlobby Nieder\u00f6sterreich.<\/p>\n<p><span style=\"font-weight: 400;\">Radlobby Nieder\u00f6sterreich<br \/>\nBadstra\u00dfe 18\/1, 2340 M\u00f6dling<br \/>\n<\/span><span style=\"font-weight: 400;\">E-Mail: <a href=\"mailto:noe@radlobby.at\">noe@radlobby.at<\/a><br \/>\n<\/span><span style=\"font-weight: 400;\">Website: <a href=\"http:\/\/noe.radlobby.at\">noe.radlobby.at<\/a><\/span><\/p>\n<p><span style=\"font-weight: 400;\"><br \/>\nZVR: 853797691, Landespolizeidirektion Wiener Neustadt<br \/>\n<a href=\"http:\/\/www.radlobby.org\/noe\/statuten\/\">Statuten<\/a><br \/>\n<\/span><\/p>\n<hr \/>\n<p><strong>Die Radlobby Nieder\u00f6sterreich ist Medieninhaber und Herausgeber folgender Medien:<\/strong><\/p>\n<ul>\n<li><strong>Website der Radlobby Nieder\u00f6sterreich<\/strong>\n<ul>\n<li><a href=\"http:\/\/noe.radlobby.at\"><span style=\"font-weight: 400;\">http:\/\/noe.radlobby.at<\/span><\/a><span style=\"font-weight: 400;\"> &gt; weitergeleitet auf <\/span><a href=\"http:\/\/www.radlobby.org\/noe\"><span style=\"font-weight: 400;\">http:\/\/www.radlobby.org\/noe<\/span><\/a><span style=\"font-weight: 400;\"><br \/>\nInhaber der Domain <a href=\"http:\/\/radlobby.at\" target=\"_blank\" rel=\"noopener\">radlobby.at<\/a> ist der Bundesverband Radlobby \u00d6sterreich, ZVR: 462404695.<\/span><\/li>\n<\/ul>\n<\/li>\n<li><span style=\"font-weight: 400;\"><strong>Problemstellen-Datenbank<\/strong>: <a href=\"http:\/\/radlobby.org\/psd\" target=\"_blank\" rel=\"noopener\">http:\/\/radlobby.org\/psd<\/a><\/span><\/li>\n<li><span style=\"font-weight: 400;\"><strong>Bilddatenbank<\/strong>: <a href=\"http:\/\/www.radlobby.org\/noe\/bilder\">http:\/\/www.radlobby.org\/noe\/bilder<\/a> (derzeit noch nicht in Funktion)<\/span><\/li>\n<li><strong>Email-Newsletter: <\/strong><a href=\"https:\/\/www.radlobby.org\/noe\/email-news\/\">https:\/\/www.radlobby.org\/noe\/email-news\/<\/a><strong><br \/>\n<\/strong><span style=\"font-weight: 400;\">Die Radlobby Nieder\u00f6sterreich und die Gruppen der Radlobby Nieder\u00f6sterreich versenden in unregelm\u00e4\u00dfigen Abst\u00e4nden ca. 6-12x im Jahr Email-Newsletters an interessierte Personen und an die Mitglieder. <\/span><span style=\"font-weight: 400;\">Ein kostenloses Storno ist jederzeit durch Antwort mit \u201cKein Newsletter\u201d oder \u00e4hnlicher Stellungnahme m\u00f6glich.<\/span><\/li>\n<li><span style=\"font-weight: 400;\"><strong>Facebook:<br \/>\n<\/strong><\/span><span style=\"font-weight: 400;\">Die Radlobby Nieder\u00f6sterreich und die Gruppen der Radlobby Nieder\u00f6sterreich nutzen f\u00fcr die \u00f6ffentliche Kommunikation Facebook Seiten und Facebook Gruppen. Diese unterliegen den Regeln von Facebook. <\/span>F\u00fcr den Fall, dass Sie den Einsatz derartiger Dienste auf unseren Webseiten zulassen, wird Facebook Zugriffsdaten registrieren und zu sich \u00fcbertragen. Diese \u00dcbertragung unterliegt den Regeln von Facebook.<\/li>\n<li><strong>Google:<br \/>\n<\/strong>Die Radlobby <span style=\"font-weight: 400;\">Nieder\u00f6sterreich und ihre Gruppen nutzen <\/span>verschiedene Google-Dienste:<br \/>\nGoogle Maps, Google MyMaps, Youtube, Google Drive: Doc, Tabellen, Pr\u00e4sentationen.<br \/>\nF\u00fcr den Fall, dass Sie den Einsatz derartiger Dienste auf unseren Webseiten zulassen, wird Google Zugriffsdaten registrieren und zu sich \u00fcbertragen. Diese \u00dcbertragung unterliegt den Regeln von Google.<\/li>\n<li><strong>Videokonferenzen:<br \/>\n<\/strong>Die Radlobby <span style=\"font-weight: 400;\">Nieder\u00f6sterreich und ihre Verantwortlichen nutzen Videokonferenzen oder Audiokonferenzen mittels Skype (im Eigentum von Microsoft) und Zoom zur Kooperation.<\/span><\/li>\n<li><strong>Flyer, Folder, Brosch\u00fcren, Plakate etc.:<br \/>\n<\/strong><span style=\"font-weight: 400;\">Die Radlobby Nieder\u00f6sterreich und die Gruppen der Radlobby Nieder\u00f6sterreich informieren \u00fcber ihre Ziele und Aktivit\u00e4ten.<\/span><\/li>\n<\/ul>\n<hr \/>\n<p><span style=\"font-weight: 400;\">Die Radlobby Nieder\u00f6sterreich ist Mitglied der Radlobby \u00d6sterreich.<\/span><span style=\"font-weight: 400;\"><br \/>\n<\/span><span style=\"font-weight: 400;\">Das ist der Bundesverband der Radlobby Bundesl\u00e4nderorganisationen.<\/span><span style=\"font-weight: 400;\"><br \/>\n<\/span><a href=\"http:\/\/radlobby.at\" target=\"_blank\" rel=\"noopener\"><span style=\"font-weight: 400;\">http:\/\/radlobby.at<\/span><\/a><br \/>\n<span style=\"font-weight: 400;\">ZVR: 462404695<\/span><\/p>\n<hr \/>\n<p><strong>Offenlegung gem. \u00a7 25 MedienGesetz:<\/strong><\/p>\n<p><strong>Grundlegende Richtung der Medien:<\/strong><\/p>\n<p>Die Website, der Newsletter, die Facebook-Seiten und Facebook-Gruppen der Radlobby Nieder\u00f6sterreich dienen der Vermittlung von Inhalten, Neuigkeiten und Fakten \u00fcber die Situation des Alltagsradverkehrs in Nieder\u00f6sterreich sowie anderen Regionen. Die Radlobby Nieder\u00f6sterreich informiert hier ihre Mitglieder und die \u00d6ffentlichkeit \u00fcber ihre Standpunkte und Forderungen bez\u00fcglich Verbesserungen der Situation f\u00fcr den Radverkehr und bieten Informationen und Serviceleistungen zur Erreichung der Ziele der Radlobby Nieder\u00f6sterreich.<\/p>\n<p><strong>T\u00e4tigkeitsbereich, Geografische Struktur, Vereinsziele:<\/strong><span style=\"font-weight: 400;\"><br \/>\n<\/span><span style=\"font-weight: 400;\">Siehe Statuten: <\/span><a href=\"http:\/\/www.radlobby.org\/noe\/statuten\"><span style=\"font-weight: 400;\">http:\/\/www.radlobby.org\/noe\/statuten<\/span><\/a><\/p>\n<hr \/>\n<p><strong>Anmerkung zum Lobbying-Gesetz:<\/strong><\/p>\n<p><span style=\"font-weight: 400;\">Nach <\/span><span style=\"font-weight: 400;\">LobbyG <\/span><span style=\"font-weight: 400;\">\u00a7 1. (3) sieht sich die Radlobby Nieder\u00f6sterreich als Verein ohne hauptberufliche Interessensverteter vom Lobbying-Gesetz ausgenommen:<br \/>\nLobbyG \u00a7 1. (3); \u201c\u2026sowie auf Interessenverb\u00e4nde, die keine Dienstnehmer als (hauptberuflichen) Interessenvertreter besch\u00e4ftigen, ist dieses Bundesgesetz nicht anzuwenden.\u201d<\/span><\/p>\n<hr \/>\n<p><strong>Haftungsausschluss<\/strong><\/p>\n<p><span style=\"font-weight: 400;\">Die Medien der Radlobby Nieder\u00f6sterreich und deren Inhalte werden mit gro\u00dfer Sorgfalt zusammengestellt. <\/span><span style=\"font-weight: 400;\"><br \/>\n<\/span><span style=\"font-weight: 400;\">Die Radlobby Nieder\u00f6sterreich \u00fcbernimmt jedoch keine Haftung oder Garantie f\u00fcr die Aktualit\u00e4t, Richtigkeit und Vollst\u00e4ndigkeit der auf den Websites bereitgestellten Informationen. F\u00fcr die Inhalte anderer Websites, die \u00fcber Links von diesen Websites aus zu erreichen sind, ist die Radlobby Nieder\u00f6sterreich nicht verantwortlich.<\/span><span style=\"font-weight: 400;\"><br \/>\n<\/span><span style=\"font-weight: 400;\">Die Inhalte der Medien der Radlobby Nieder\u00f6sterreich m\u00fcssen nicht der Meinung aller Radlobby-Initiativen in \u00d6sterreich entsprechen. Der Verein Radlobby Nieder\u00f6sterreich tr\u00e4gt keine inhaltliche Verantwortung f\u00fcr die Textbeitr\u00e4ge von anderen Vereinen, der Radlobby \u00d6sterreich sowie Regional- oder Projektgruppen. Die Verantwortung daf\u00fcr liegt jeweils bei deren \u00a0Redaktionsteams.<\/span><\/p>\n<hr \/>\n<p>&nbsp;<\/p>\n<hr \/>\n<p><strong>Design:<br \/>\n<\/strong><span style=\"font-weight: 400;\">Bei allen Websites der Radlobby Nieder\u00f6sterreich:<\/span><span style=\"font-weight: 400;\"><br \/>\n<\/span><span style=\"font-weight: 400;\">WordPress Theme Spacius von ThemeGrill. <\/span><\/p>\n<p><strong>Technische Umsetzung:<\/strong><span style=\"font-weight: 400;\"><br \/>\n<\/span><span style=\"font-weight: 400;\">Bei allen Websites der Radlobby Nieder\u00f6sterreich:<\/span><span style=\"font-weight: 400;\"><br \/>\n<\/span><span style=\"font-weight: 400;\"><a href=\"http:\/\/zauner-media.at\" target=\"_blank\" rel=\"noopener\">Zauner Mediadesign &#8211; Karl Zauner<\/a><br \/>\n<\/span><\/p>\n<p><strong>Technische und Marketing-Unterst\u00fctzung: <\/strong><a href=\"https:\/\/www.interactmultimedia.at\" target=\"_blank\" rel=\"noopener\">Webagentur interact!multimedia, St. P\u00f6lten &amp; Salzburg<\/a><\/p>\n<hr \/>\n<h6><\/h6>\n<h6>Wir w\u00fcnschen gute Fahrt mit Ihrem Fahrrad!<\/h6>\n<h6><\/h6>\n<hr \/>\n<p>&nbsp;<\/p>\n","protected":false},"excerpt":{"rendered":"<p>Die Website RADLOBBY.ORG\/NOE wird betrieben vom Verein Radlobby Nieder\u00f6sterreich. Radlobby Nieder\u00f6sterreich Badstra\u00dfe 18\/1, 2340 M\u00f6dling E-Mail: noe@radlobby.at Website: noe.radlobby.at ZVR: 853797691, Landespolizeidirektion Wiener Neustadt Statuten Die Radlobby Nieder\u00f6sterreich ist Medieninhaber und Herausgeber folgender Medien: Website der Radlobby Nieder\u00f6sterreich http:\/\/noe.radlobby.at &gt;<\/p>\n","protected":false},"author":70,"featured_media":0,"parent":0,"menu_order":0,"comment_status":"closed","ping_status":"closed","template":"","meta":{"footnotes":""},"class_list":["post-27181","page","type-page","status-publish","hentry"],"yoast_head":"<!-- This site is optimized with the Yoast SEO plugin v26.9 - https:\/\/yoast.com\/product\/yoast-seo-wordpress\/ -->\n<title>Impressum - Radlobby Nieder\u00f6sterreich<\/title>\n<meta name=\"robots\" content=\"index, follow, max-snippet:-1, max-image-preview:large, max-video-preview:-1\" \/>\n<link rel=\"canonical\" href=\"https:\/\/www.radlobby.org\/noe\/impressum\/\" \/>\n<meta property=\"og:locale\" content=\"de_DE\" \/>\n<meta property=\"og:type\" content=\"article\" \/>\n<meta property=\"og:title\" content=\"Impressum - Radlobby Nieder\u00f6sterreich\" \/>\n<meta property=\"og:description\" content=\"Die Website RADLOBBY.ORG\/NOE wird betrieben vom Verein Radlobby Nieder\u00f6sterreich. Radlobby Nieder\u00f6sterreich Badstra\u00dfe 18\/1, 2340 M\u00f6dling E-Mail: noe@radlobby.at Website: noe.radlobby.at ZVR: 853797691, Landespolizeidirektion Wiener Neustadt Statuten Die Radlobby Nieder\u00f6sterreich ist Medieninhaber und Herausgeber folgender Medien: Website der Radlobby Nieder\u00f6sterreich http:\/\/noe.radlobby.at &gt;\" \/>\n<meta property=\"og:url\" content=\"https:\/\/www.radlobby.org\/noe\/impressum\/\" \/>\n<meta property=\"og:site_name\" content=\"Radlobby Nieder\u00f6sterreich\" \/>\n<meta property=\"article:publisher\" content=\"https:\/\/www.facebook.com\/groups\/radfahren.in.noe\/\" \/>\n<meta property=\"article:modified_time\" content=\"2024-01-11T09:56:44+00:00\" \/>\n<meta property=\"og:image\" content=\"http:\/\/www.radlobby.org\/noe\/wp-content\/uploads\/2016\/11\/Logo_Radlobby_Niederoesterreich_350px_quer-300x93.gif\" \/>\n<meta name=\"twitter:card\" content=\"summary_large_image\" \/>\n<meta name=\"twitter:label1\" content=\"Gesch\u00e4tzte Lesezeit\" \/>\n\t<meta name=\"twitter:data1\" content=\"4\u00a0Minuten\" \/>\n<script type=\"application\/ld+json\" class=\"yoast-schema-graph\">{\"@context\":\"https:\/\/schema.org\",\"@graph\":[{\"@type\":\"WebPage\",\"@id\":\"https:\/\/www.radlobby.org\/noe\/impressum\/\",\"url\":\"https:\/\/www.radlobby.org\/noe\/impressum\/\",\"name\":\"Impressum - Radlobby Nieder\u00f6sterreich\",\"isPartOf\":{\"@id\":\"https:\/\/www.radlobby.org\/noe\/#website\"},\"primaryImageOfPage\":{\"@id\":\"https:\/\/www.radlobby.org\/noe\/impressum\/#primaryimage\"},\"image\":{\"@id\":\"https:\/\/www.radlobby.org\/noe\/impressum\/#primaryimage\"},\"thumbnailUrl\":\"http:\/\/www.radlobby.org\/noe\/wp-content\/uploads\/2016\/11\/Logo_Radlobby_Niederoesterreich_350px_quer-300x93.gif\",\"datePublished\":\"2023-01-11T16:02:45+00:00\",\"dateModified\":\"2024-01-11T09:56:44+00:00\",\"breadcrumb\":{\"@id\":\"https:\/\/www.radlobby.org\/noe\/impressum\/#breadcrumb\"},\"inLanguage\":\"de\",\"potentialAction\":[{\"@type\":\"ReadAction\",\"target\":[\"https:\/\/www.radlobby.org\/noe\/impressum\/\"]}]},{\"@type\":\"ImageObject\",\"inLanguage\":\"de\",\"@id\":\"https:\/\/www.radlobby.org\/noe\/impressum\/#primaryimage\",\"url\":\"https:\/\/www.radlobby.org\/noe\/wp-content\/uploads\/2016\/11\/Logo_Radlobby_Niederoesterreich_350px_quer.gif\",\"contentUrl\":\"https:\/\/www.radlobby.org\/noe\/wp-content\/uploads\/2016\/11\/Logo_Radlobby_Niederoesterreich_350px_quer.gif\",\"width\":350,\"height\":109},{\"@type\":\"BreadcrumbList\",\"@id\":\"https:\/\/www.radlobby.org\/noe\/impressum\/#breadcrumb\",\"itemListElement\":[{\"@type\":\"ListItem\",\"position\":1,\"name\":\"Startseite\",\"item\":\"https:\/\/www.radlobby.org\/noe\/\"},{\"@type\":\"ListItem\",\"position\":2,\"name\":\"Impressum\"}]},{\"@type\":\"WebSite\",\"@id\":\"https:\/\/www.radlobby.org\/noe\/#website\",\"url\":\"https:\/\/www.radlobby.org\/noe\/\",\"name\":\"Radlobby Nieder\u00f6sterreich\",\"description\":\"Radverkehr, Fahrrad, Radfahren, Radreisen, Radtouren, Radweg\",\"publisher\":{\"@id\":\"https:\/\/www.radlobby.org\/noe\/#organization\"},\"potentialAction\":[{\"@type\":\"SearchAction\",\"target\":{\"@type\":\"EntryPoint\",\"urlTemplate\":\"https:\/\/www.radlobby.org\/noe\/?s={search_term_string}\"},\"query-input\":{\"@type\":\"PropertyValueSpecification\",\"valueRequired\":true,\"valueName\":\"search_term_string\"}}],\"inLanguage\":\"de\"},{\"@type\":\"Organization\",\"@id\":\"https:\/\/www.radlobby.org\/noe\/#organization\",\"name\":\"Radlobby Nieder\u00f6sterreich\",\"url\":\"https:\/\/www.radlobby.org\/noe\/\",\"logo\":{\"@type\":\"ImageObject\",\"inLanguage\":\"de\",\"@id\":\"https:\/\/www.radlobby.org\/noe\/#\/schema\/logo\/image\/\",\"url\":\"https:\/\/www.radlobby.org\/noe\/wp-content\/uploads\/2017\/01\/cropped-Logo_Radlobby_Niederoesterreich_50-400px_quer-1.jpg\",\"contentUrl\":\"https:\/\/www.radlobby.org\/noe\/wp-content\/uploads\/2017\/01\/cropped-Logo_Radlobby_Niederoesterreich_50-400px_quer-1.jpg\",\"width\":450,\"height\":124,\"caption\":\"Radlobby Nieder\u00f6sterreich\"},\"image\":{\"@id\":\"https:\/\/www.radlobby.org\/noe\/#\/schema\/logo\/image\/\"},\"sameAs\":[\"https:\/\/www.facebook.com\/groups\/radfahren.in.noe\/\"]}]}<\/script>\n<!-- \/ Yoast SEO plugin. -->","yoast_head_json":{"title":"Impressum - Radlobby Nieder\u00f6sterreich","robots":{"index":"index","follow":"follow","max-snippet":"max-snippet:-1","max-image-preview":"max-image-preview:large","max-video-preview":"max-video-preview:-1"},"canonical":"https:\/\/www.radlobby.org\/noe\/impressum\/","og_locale":"de_DE","og_type":"article","og_title":"Impressum - Radlobby Nieder\u00f6sterreich","og_description":"Die Website RADLOBBY.ORG\/NOE wird betrieben vom Verein Radlobby Nieder\u00f6sterreich. Radlobby Nieder\u00f6sterreich Badstra\u00dfe 18\/1, 2340 M\u00f6dling E-Mail: noe@radlobby.at Website: noe.radlobby.at ZVR: 853797691, Landespolizeidirektion Wiener Neustadt Statuten Die Radlobby Nieder\u00f6sterreich ist Medieninhaber und Herausgeber folgender Medien: Website der Radlobby Nieder\u00f6sterreich http:\/\/noe.radlobby.at &gt;","og_url":"https:\/\/www.radlobby.org\/noe\/impressum\/","og_site_name":"Radlobby Nieder\u00f6sterreich","article_publisher":"https:\/\/www.facebook.com\/groups\/radfahren.in.noe\/","article_modified_time":"2024-01-11T09:56:44+00:00","og_image":[{"url":"http:\/\/www.radlobby.org\/noe\/wp-content\/uploads\/2016\/11\/Logo_Radlobby_Niederoesterreich_350px_quer-300x93.gif","type":"","width":"","height":""}],"twitter_card":"summary_large_image","twitter_misc":{"Gesch\u00e4tzte Lesezeit":"4\u00a0Minuten"},"schema":{"@context":"https:\/\/schema.org","@graph":[{"@type":"WebPage","@id":"https:\/\/www.radlobby.org\/noe\/impressum\/","url":"https:\/\/www.radlobby.org\/noe\/impressum\/","name":"Impressum - Radlobby Nieder\u00f6sterreich","isPartOf":{"@id":"https:\/\/www.radlobby.org\/noe\/#website"},"primaryImageOfPage":{"@id":"https:\/\/www.radlobby.org\/noe\/impressum\/#primaryimage"},"image":{"@id":"https:\/\/www.radlobby.org\/noe\/impressum\/#primaryimage"},"thumbnailUrl":"http:\/\/www.radlobby.org\/noe\/wp-content\/uploads\/2016\/11\/Logo_Radlobby_Niederoesterreich_350px_quer-300x93.gif","datePublished":"2023-01-11T16:02:45+00:00","dateModified":"2024-01-11T09:56:44+00:00","breadcrumb":{"@id":"https:\/\/www.radlobby.org\/noe\/impressum\/#breadcrumb"},"inLanguage":"de","potentialAction":[{"@type":"ReadAction","target":["https:\/\/www.radlobby.org\/noe\/impressum\/"]}]},{"@type":"ImageObject","inLanguage":"de","@id":"https:\/\/www.radlobby.org\/noe\/impressum\/#primaryimage","url":"https:\/\/www.radlobby.org\/noe\/wp-content\/uploads\/2016\/11\/Logo_Radlobby_Niederoesterreich_350px_quer.gif","contentUrl":"https:\/\/www.radlobby.org\/noe\/wp-content\/uploads\/2016\/11\/Logo_Radlobby_Niederoesterreich_350px_quer.gif","width":350,"height":109},{"@type":"BreadcrumbList","@id":"https:\/\/www.radlobby.org\/noe\/impressum\/#breadcrumb","itemListElement":[{"@type":"ListItem","position":1,"name":"Startseite","item":"https:\/\/www.radlobby.org\/noe\/"},{"@type":"ListItem","position":2,"name":"Impressum"}]},{"@type":"WebSite","@id":"https:\/\/www.radlobby.org\/noe\/#website","url":"https:\/\/www.radlobby.org\/noe\/","name":"Radlobby Nieder\u00f6sterreich","description":"Radverkehr, Fahrrad, Radfahren, Radreisen, Radtouren, Radweg","publisher":{"@id":"https:\/\/www.radlobby.org\/noe\/#organization"},"potentialAction":[{"@type":"SearchAction","target":{"@type":"EntryPoint","urlTemplate":"https:\/\/www.radlobby.org\/noe\/?s={search_term_string}"},"query-input":{"@type":"PropertyValueSpecification","valueRequired":true,"valueName":"search_term_string"}}],"inLanguage":"de"},{"@type":"Organization","@id":"https:\/\/www.radlobby.org\/noe\/#organization","name":"Radlobby Nieder\u00f6sterreich","url":"https:\/\/www.radlobby.org\/noe\/","logo":{"@type":"ImageObject","inLanguage":"de","@id":"https:\/\/www.radlobby.org\/noe\/#\/schema\/logo\/image\/","url":"https:\/\/www.radlobby.org\/noe\/wp-content\/uploads\/2017\/01\/cropped-Logo_Radlobby_Niederoesterreich_50-400px_quer-1.jpg","contentUrl":"https:\/\/www.radlobby.org\/noe\/wp-content\/uploads\/2017\/01\/cropped-Logo_Radlobby_Niederoesterreich_50-400px_quer-1.jpg","width":450,"height":124,"caption":"Radlobby Nieder\u00f6sterreich"},"image":{"@id":"https:\/\/www.radlobby.org\/noe\/#\/schema\/logo\/image\/"},"sameAs":["https:\/\/www.facebook.com\/groups\/radfahren.in.noe\/"]}]}},"_links":{"self":[{"href":"https:\/\/www.radlobby.org\/noe\/wp-json\/wp\/v2\/pages\/27181","targetHints":{"allow":["GET"]}}],"collection":[{"href":"https:\/\/www.radlobby.org\/noe\/wp-json\/wp\/v2\/pages"}],"about":[{"href":"https:\/\/www.radlobby.org\/noe\/wp-json\/wp\/v2\/types\/page"}],"author":[{"embeddable":true,"href":"https:\/\/www.radlobby.org\/noe\/wp-json\/wp\/v2\/users\/70"}],"replies":[{"embeddable":true,"href":"https:\/\/www.radlobby.org\/noe\/wp-json\/wp\/v2\/comments?post=27181"}],"version-history":[{"count":7,"href":"https:\/\/www.radlobby.org\/noe\/wp-json\/wp\/v2\/pages\/27181\/revisions"}],"predecessor-version":[{"id":33649,"href":"https:\/\/www.radlobby.org\/noe\/wp-json\/wp\/v2\/pages\/27181\/revisions\/33649"}],"wp:attachment":[{"href":"https:\/\/www.radlobby.org\/noe\/wp-json\/wp\/v2\/media?parent=27181"}],"curies":[{"name":"wp","href":"https:\/\/api.w.org\/{rel}","templated":true}]}}