{"id":26419,"date":"2022-11-14T10:29:02","date_gmt":"2022-11-14T09:29:02","guid":{"rendered":"https:\/\/www.radlobby.org\/noe\/?page_id=26419"},"modified":"2023-11-21T11:09:27","modified_gmt":"2023-11-21T10:09:27","slug":"noe-bauordnung","status":"publish","type":"page","link":"https:\/\/www.radlobby.org\/noe\/noe-bauordnung\/","title":{"rendered":"N\u00d6 Bauordnung"},"content":{"rendered":"<p><strong>Dieses Gesetz gilt f\u00fcr Nieder\u00f6sterreich.\u00a0<\/strong><strong>Die Radlobby konnte 2014 mit Wirkung ab Feb. 2015 einige wichtige Verbesserungen durchsetzen.<\/strong><\/p>\n<p>Fr\u00fcher war das Fahrrad 2x erw\u00e4hnt unter &#8220;Waschk\u00fcchen und sonstige Nebenr\u00e4ume&#8221;. Nun ist relativ detailreich die Qualit\u00e4t und die Anzahl der Fahrradparkpl\u00e4tze festgelegt.<br \/>\nDennoch sind noch wesentliche \u00c4nderungen notwendig:<br \/>\nStellpl\u00e4tze f\u00fcr Lastenr\u00e4der, Radanh\u00e4nger, Scooter, E-Bikes. Ladestationen, &#8230;<br \/>\nWeiters fehlen Beherbergungsbetriebe wie Hotels, Pensionen etc.<br \/>\nZudem sind die Stellpl\u00e4tze f\u00fcr Kfz zuviele und die Mitnutzung von Kfz-Stellpl\u00e4tzen als Fahrradstellpl\u00e4tze ist noch nicht m\u00f6glich.<\/p>\n<p>Zur \u203a <a href=\"https:\/\/www.radlobby.org\/noe\/noe-bauordnung\/\">N\u00d6 Bauordnung<\/a> geh\u00f6rt die \u203a <a href=\"https:\/\/www.radlobby.org\/noe\/noe-bautechnikverordnung\/\">N\u00d6 Bautechnikverordnung<\/a>, in der die Details der Vorschriften festgelegt sind.<\/p>\n<h5>Der Radverkehr ist in der Bauordnung in diesen \u00a7\u00a7 genannt:<\/h5>\n<p>\u00a7 4 Begriffsbestimmungen<br \/>\n\u00a7 15 Anzeigepflichtige Vorhaben<br \/>\n\u00a7 41 Stellplatz-Ausgleichsabgabe f\u00fcr Kraftfahrzeuge und Fahrr\u00e4der<br \/>\n\u00a7 65 Verpflichtung zur Herstellung von Abstellanlagen f\u00fcr Fahrr\u00e4der<\/p>\n<p style=\"text-align: right;\">\u203a <a href=\"https:\/\/www.ris.bka.gv.at\/GeltendeFassung.wxe?Abfrage=LrNO&amp;Gesetzesnummer=20001079\" target=\"_blank\" rel=\"noopener\">in neuem Fenster \u00f6ffnen<\/a><\/p>\n<p><a href=\"https:\/\/www.radlobby.org\/noe\/wp-content\/uploads\/linie_gruen_c1c400.gif\" data-src=\"https:\/\/www.radlobby.org\/noe\/wp-content\/uploads\/linie_gruen_c1c400.gif\" data-thumb=\"http:\/\/www.radlobby.org\/noe\/wp-content\/uploads\/linie_gruen_c1c400.gif\" class=\"ml-lightbox-enabled\"><img loading=\"lazy\" decoding=\"async\" class=\"alignnone size-full wp-image-6941\" src=\"http:\/\/www.radlobby.org\/noe\/wp-content\/uploads\/linie_gruen_c1c400.gif\" alt=\"\" width=\"750\" height=\"2\" \/><\/a><\/p>\n<p><iframe loading=\"lazy\" id=\"iframe\" src=\"https:\/\/www.ris.bka.gv.at\/GeltendeFassung.wxe?Abfrage=LrNO&amp;Gesetzesnummer=20001079\" name=\"iframe\" width=\"750\" height=\"5000\" frameborder=\"0\" marginwidth=\"0\" marginheight=\"0\" scrolling=\"yes\"><span data-mce-type=\"bookmark\" style=\"display: inline-block; width: 0px; overflow: hidden; line-height: 0;\" class=\"mce_SELRES_start\">\ufeff<\/span><span data-mce-type=\"bookmark\" style=\"display: inline-block; width: 0px; overflow: hidden; line-height: 0;\" class=\"mce_SELRES_start\">\ufeff<\/span><span data-mce-type=\"bookmark\" style=\"display: inline-block; width: 0px; overflow: hidden; line-height: 0;\" class=\"mce_SELRES_start\">\ufeff<\/span><span data-mce-type=\"bookmark\" style=\"display: inline-block; width: 0px; overflow: hidden; line-height: 0;\" class=\"mce_SELRES_start\">\ufeff<\/span><span data-mce-type=\"bookmark\" style=\"display: inline-block; width: 0px; overflow: hidden; line-height: 0;\" class=\"mce_SELRES_start\">\ufeff<\/span><span data-mce-type=\"bookmark\" style=\"display: inline-block; width: 0px; overflow: hidden; line-height: 0;\" class=\"mce_SELRES_start\">\ufeff<\/span><span data-mce-type=\"bookmark\" style=\"display: inline-block; width: 0px; overflow: hidden; line-height: 0;\" class=\"mce_SELRES_start\">\ufeff<\/span><span data-mce-type=\"bookmark\" style=\"display: inline-block; width: 0px; overflow: hidden; line-height: 0;\" class=\"mce_SELRES_start\"><span data-mce-type=\"bookmark\" style=\"display: inline-block; width: 0px; overflow: hidden; line-height: 0;\" class=\"mce_SELRES_start\">\ufeff<\/span>\ufeff<\/span><\/iframe><\/p>\n<p>&nbsp;<\/p>\n","protected":false},"excerpt":{"rendered":"<p>Dieses Gesetz gilt f\u00fcr Nieder\u00f6sterreich.\u00a0Die Radlobby konnte 2014 mit Wirkung ab Feb. 2015 einige wichtige Verbesserungen durchsetzen. Fr\u00fcher war das Fahrrad 2x erw\u00e4hnt unter &#8220;Waschk\u00fcchen und sonstige Nebenr\u00e4ume&#8221;. Nun ist relativ detailreich die Qualit\u00e4t und die Anzahl der Fahrradparkpl\u00e4tze festgelegt.<\/p>\n","protected":false},"author":16,"featured_media":0,"parent":0,"menu_order":0,"comment_status":"closed","ping_status":"closed","template":"","meta":{"footnotes":""},"class_list":["post-26419","page","type-page","status-publish","hentry"],"yoast_head":"<!-- This site is optimized with the Yoast SEO plugin v26.9 - https:\/\/yoast.com\/product\/yoast-seo-wordpress\/ -->\n<title>N\u00d6 Bauordnung - Radlobby Nieder\u00f6sterreich<\/title>\n<meta name=\"robots\" content=\"index, follow, max-snippet:-1, max-image-preview:large, max-video-preview:-1\" \/>\n<link rel=\"canonical\" href=\"https:\/\/www.radlobby.org\/noe\/noe-bauordnung\/\" \/>\n<meta property=\"og:locale\" content=\"de_DE\" \/>\n<meta property=\"og:type\" content=\"article\" \/>\n<meta property=\"og:title\" content=\"N\u00d6 Bauordnung - Radlobby Nieder\u00f6sterreich\" \/>\n<meta property=\"og:description\" content=\"Dieses Gesetz gilt f\u00fcr Nieder\u00f6sterreich.\u00a0Die Radlobby konnte 2014 mit Wirkung ab Feb. 2015 einige wichtige Verbesserungen durchsetzen. Fr\u00fcher war das Fahrrad 2x erw\u00e4hnt unter &#8220;Waschk\u00fcchen und sonstige Nebenr\u00e4ume&#8221;. Nun ist relativ detailreich die Qualit\u00e4t und die Anzahl der Fahrradparkpl\u00e4tze festgelegt.\" \/>\n<meta property=\"og:url\" content=\"https:\/\/www.radlobby.org\/noe\/noe-bauordnung\/\" \/>\n<meta property=\"og:site_name\" content=\"Radlobby Nieder\u00f6sterreich\" \/>\n<meta property=\"article:publisher\" content=\"https:\/\/www.facebook.com\/groups\/radfahren.in.noe\/\" \/>\n<meta property=\"article:modified_time\" content=\"2023-11-21T10:09:27+00:00\" \/>\n<meta property=\"og:image\" content=\"http:\/\/www.radlobby.org\/noe\/wp-content\/uploads\/linie_gruen_c1c400.gif\" \/>\n<meta name=\"twitter:card\" content=\"summary_large_image\" \/>\n<meta name=\"twitter:label1\" content=\"Gesch\u00e4tzte Lesezeit\" \/>\n\t<meta name=\"twitter:data1\" content=\"1\u00a0Minute\" \/>\n<script type=\"application\/ld+json\" class=\"yoast-schema-graph\">{\"@context\":\"https:\/\/schema.org\",\"@graph\":[{\"@type\":\"WebPage\",\"@id\":\"https:\/\/www.radlobby.org\/noe\/noe-bauordnung\/\",\"url\":\"https:\/\/www.radlobby.org\/noe\/noe-bauordnung\/\",\"name\":\"N\u00d6 Bauordnung - Radlobby Nieder\u00f6sterreich\",\"isPartOf\":{\"@id\":\"https:\/\/www.radlobby.org\/noe\/#website\"},\"primaryImageOfPage\":{\"@id\":\"https:\/\/www.radlobby.org\/noe\/noe-bauordnung\/#primaryimage\"},\"image\":{\"@id\":\"https:\/\/www.radlobby.org\/noe\/noe-bauordnung\/#primaryimage\"},\"thumbnailUrl\":\"http:\/\/www.radlobby.org\/noe\/wp-content\/uploads\/linie_gruen_c1c400.gif\",\"datePublished\":\"2022-11-14T09:29:02+00:00\",\"dateModified\":\"2023-11-21T10:09:27+00:00\",\"breadcrumb\":{\"@id\":\"https:\/\/www.radlobby.org\/noe\/noe-bauordnung\/#breadcrumb\"},\"inLanguage\":\"de\",\"potentialAction\":[{\"@type\":\"ReadAction\",\"target\":[\"https:\/\/www.radlobby.org\/noe\/noe-bauordnung\/\"]}]},{\"@type\":\"ImageObject\",\"inLanguage\":\"de\",\"@id\":\"https:\/\/www.radlobby.org\/noe\/noe-bauordnung\/#primaryimage\",\"url\":\"http:\/\/www.radlobby.org\/noe\/wp-content\/uploads\/linie_gruen_c1c400.gif\",\"contentUrl\":\"http:\/\/www.radlobby.org\/noe\/wp-content\/uploads\/linie_gruen_c1c400.gif\"},{\"@type\":\"BreadcrumbList\",\"@id\":\"https:\/\/www.radlobby.org\/noe\/noe-bauordnung\/#breadcrumb\",\"itemListElement\":[{\"@type\":\"ListItem\",\"position\":1,\"name\":\"Startseite\",\"item\":\"https:\/\/www.radlobby.org\/noe\/\"},{\"@type\":\"ListItem\",\"position\":2,\"name\":\"N\u00d6 Bauordnung\"}]},{\"@type\":\"WebSite\",\"@id\":\"https:\/\/www.radlobby.org\/noe\/#website\",\"url\":\"https:\/\/www.radlobby.org\/noe\/\",\"name\":\"Radlobby Nieder\u00f6sterreich\",\"description\":\"Radverkehr, Fahrrad, Radfahren, Radreisen, Radtouren, Radweg\",\"publisher\":{\"@id\":\"https:\/\/www.radlobby.org\/noe\/#organization\"},\"potentialAction\":[{\"@type\":\"SearchAction\",\"target\":{\"@type\":\"EntryPoint\",\"urlTemplate\":\"https:\/\/www.radlobby.org\/noe\/?s={search_term_string}\"},\"query-input\":{\"@type\":\"PropertyValueSpecification\",\"valueRequired\":true,\"valueName\":\"search_term_string\"}}],\"inLanguage\":\"de\"},{\"@type\":\"Organization\",\"@id\":\"https:\/\/www.radlobby.org\/noe\/#organization\",\"name\":\"Radlobby Nieder\u00f6sterreich\",\"url\":\"https:\/\/www.radlobby.org\/noe\/\",\"logo\":{\"@type\":\"ImageObject\",\"inLanguage\":\"de\",\"@id\":\"https:\/\/www.radlobby.org\/noe\/#\/schema\/logo\/image\/\",\"url\":\"https:\/\/www.radlobby.org\/noe\/wp-content\/uploads\/2017\/01\/cropped-Logo_Radlobby_Niederoesterreich_50-400px_quer-1.jpg\",\"contentUrl\":\"https:\/\/www.radlobby.org\/noe\/wp-content\/uploads\/2017\/01\/cropped-Logo_Radlobby_Niederoesterreich_50-400px_quer-1.jpg\",\"width\":450,\"height\":124,\"caption\":\"Radlobby Nieder\u00f6sterreich\"},\"image\":{\"@id\":\"https:\/\/www.radlobby.org\/noe\/#\/schema\/logo\/image\/\"},\"sameAs\":[\"https:\/\/www.facebook.com\/groups\/radfahren.in.noe\/\"]}]}<\/script>\n<!-- \/ Yoast SEO plugin. -->","yoast_head_json":{"title":"N\u00d6 Bauordnung - Radlobby Nieder\u00f6sterreich","robots":{"index":"index","follow":"follow","max-snippet":"max-snippet:-1","max-image-preview":"max-image-preview:large","max-video-preview":"max-video-preview:-1"},"canonical":"https:\/\/www.radlobby.org\/noe\/noe-bauordnung\/","og_locale":"de_DE","og_type":"article","og_title":"N\u00d6 Bauordnung - Radlobby Nieder\u00f6sterreich","og_description":"Dieses Gesetz gilt f\u00fcr Nieder\u00f6sterreich.\u00a0Die Radlobby konnte 2014 mit Wirkung ab Feb. 2015 einige wichtige Verbesserungen durchsetzen. Fr\u00fcher war das Fahrrad 2x erw\u00e4hnt unter &#8220;Waschk\u00fcchen und sonstige Nebenr\u00e4ume&#8221;. Nun ist relativ detailreich die Qualit\u00e4t und die Anzahl der Fahrradparkpl\u00e4tze festgelegt.","og_url":"https:\/\/www.radlobby.org\/noe\/noe-bauordnung\/","og_site_name":"Radlobby Nieder\u00f6sterreich","article_publisher":"https:\/\/www.facebook.com\/groups\/radfahren.in.noe\/","article_modified_time":"2023-11-21T10:09:27+00:00","og_image":[{"url":"http:\/\/www.radlobby.org\/noe\/wp-content\/uploads\/linie_gruen_c1c400.gif","type":"","width":"","height":""}],"twitter_card":"summary_large_image","twitter_misc":{"Gesch\u00e4tzte Lesezeit":"1\u00a0Minute"},"schema":{"@context":"https:\/\/schema.org","@graph":[{"@type":"WebPage","@id":"https:\/\/www.radlobby.org\/noe\/noe-bauordnung\/","url":"https:\/\/www.radlobby.org\/noe\/noe-bauordnung\/","name":"N\u00d6 Bauordnung - Radlobby Nieder\u00f6sterreich","isPartOf":{"@id":"https:\/\/www.radlobby.org\/noe\/#website"},"primaryImageOfPage":{"@id":"https:\/\/www.radlobby.org\/noe\/noe-bauordnung\/#primaryimage"},"image":{"@id":"https:\/\/www.radlobby.org\/noe\/noe-bauordnung\/#primaryimage"},"thumbnailUrl":"http:\/\/www.radlobby.org\/noe\/wp-content\/uploads\/linie_gruen_c1c400.gif","datePublished":"2022-11-14T09:29:02+00:00","dateModified":"2023-11-21T10:09:27+00:00","breadcrumb":{"@id":"https:\/\/www.radlobby.org\/noe\/noe-bauordnung\/#breadcrumb"},"inLanguage":"de","potentialAction":[{"@type":"ReadAction","target":["https:\/\/www.radlobby.org\/noe\/noe-bauordnung\/"]}]},{"@type":"ImageObject","inLanguage":"de","@id":"https:\/\/www.radlobby.org\/noe\/noe-bauordnung\/#primaryimage","url":"http:\/\/www.radlobby.org\/noe\/wp-content\/uploads\/linie_gruen_c1c400.gif","contentUrl":"http:\/\/www.radlobby.org\/noe\/wp-content\/uploads\/linie_gruen_c1c400.gif"},{"@type":"BreadcrumbList","@id":"https:\/\/www.radlobby.org\/noe\/noe-bauordnung\/#breadcrumb","itemListElement":[{"@type":"ListItem","position":1,"name":"Startseite","item":"https:\/\/www.radlobby.org\/noe\/"},{"@type":"ListItem","position":2,"name":"N\u00d6 Bauordnung"}]},{"@type":"WebSite","@id":"https:\/\/www.radlobby.org\/noe\/#website","url":"https:\/\/www.radlobby.org\/noe\/","name":"Radlobby Nieder\u00f6sterreich","description":"Radverkehr, Fahrrad, Radfahren, Radreisen, Radtouren, Radweg","publisher":{"@id":"https:\/\/www.radlobby.org\/noe\/#organization"},"potentialAction":[{"@type":"SearchAction","target":{"@type":"EntryPoint","urlTemplate":"https:\/\/www.radlobby.org\/noe\/?s={search_term_string}"},"query-input":{"@type":"PropertyValueSpecification","valueRequired":true,"valueName":"search_term_string"}}],"inLanguage":"de"},{"@type":"Organization","@id":"https:\/\/www.radlobby.org\/noe\/#organization","name":"Radlobby Nieder\u00f6sterreich","url":"https:\/\/www.radlobby.org\/noe\/","logo":{"@type":"ImageObject","inLanguage":"de","@id":"https:\/\/www.radlobby.org\/noe\/#\/schema\/logo\/image\/","url":"https:\/\/www.radlobby.org\/noe\/wp-content\/uploads\/2017\/01\/cropped-Logo_Radlobby_Niederoesterreich_50-400px_quer-1.jpg","contentUrl":"https:\/\/www.radlobby.org\/noe\/wp-content\/uploads\/2017\/01\/cropped-Logo_Radlobby_Niederoesterreich_50-400px_quer-1.jpg","width":450,"height":124,"caption":"Radlobby Nieder\u00f6sterreich"},"image":{"@id":"https:\/\/www.radlobby.org\/noe\/#\/schema\/logo\/image\/"},"sameAs":["https:\/\/www.facebook.com\/groups\/radfahren.in.noe\/"]}]}},"_links":{"self":[{"href":"https:\/\/www.radlobby.org\/noe\/wp-json\/wp\/v2\/pages\/26419","targetHints":{"allow":["GET"]}}],"collection":[{"href":"https:\/\/www.radlobby.org\/noe\/wp-json\/wp\/v2\/pages"}],"about":[{"href":"https:\/\/www.radlobby.org\/noe\/wp-json\/wp\/v2\/types\/page"}],"author":[{"embeddable":true,"href":"https:\/\/www.radlobby.org\/noe\/wp-json\/wp\/v2\/users\/16"}],"replies":[{"embeddable":true,"href":"https:\/\/www.radlobby.org\/noe\/wp-json\/wp\/v2\/comments?post=26419"}],"version-history":[{"count":2,"href":"https:\/\/www.radlobby.org\/noe\/wp-json\/wp\/v2\/pages\/26419\/revisions"}],"predecessor-version":[{"id":32603,"href":"https:\/\/www.radlobby.org\/noe\/wp-json\/wp\/v2\/pages\/26419\/revisions\/32603"}],"wp:attachment":[{"href":"https:\/\/www.radlobby.org\/noe\/wp-json\/wp\/v2\/media?parent=26419"}],"curies":[{"name":"wp","href":"https:\/\/api.w.org\/{rel}","templated":true}]}}