{"id":261,"date":"2016-12-04T15:48:33","date_gmt":"2016-12-04T14:48:33","guid":{"rendered":"http:\/\/www.radlobby.org\/noe\/?page_id=261"},"modified":"2023-12-15T16:46:10","modified_gmt":"2023-12-15T15:46:10","slug":"interner-bereich","status":"publish","type":"page","link":"https:\/\/www.radlobby.org\/noe\/interner-bereich\/","title":{"rendered":"Interner Bereich"},"content":{"rendered":"<h4><a href=\"https:\/\/www.radlobby.org\/noe\/wp-content\/uploads\/google-drive-logo.jpg\" data-src=\"https:\/\/www.radlobby.org\/noe\/wp-content\/uploads\/google-drive-logo.jpg\" data-thumb=\"http:\/\/www.radlobby.org\/noe\/wp-content\/uploads\/google-drive-logo-300x268.jpg\" class=\"ml-lightbox-enabled\"><img loading=\"lazy\" decoding=\"async\" class=\"wp-image-15933 alignright\" src=\"http:\/\/www.radlobby.org\/noe\/wp-content\/uploads\/google-drive-logo-300x268.jpg\" alt=\"\" width=\"126\" height=\"113\" srcset=\"https:\/\/www.radlobby.org\/noe\/wp-content\/uploads\/google-drive-logo-300x268.jpg 300w, https:\/\/www.radlobby.org\/noe\/wp-content\/uploads\/google-drive-logo.jpg 500w\" sizes=\"auto, (max-width: 126px) 100vw, 126px\" \/><\/a>Hier gehts zur Google\/Drive der Radlobby N\u00d6!<\/h4>\n<p>Unsere Google\/Drive besteht aus 3 Teilen.<\/p>\n<p>&nbsp;<\/p>\n<h4>Radlobby N\u00d6 intern<\/h4>\n<h2><img loading=\"lazy\" decoding=\"async\" class=\"alignright wp-image-499\" src=\"http:\/\/www.radlobby.org\/noe\/wp-content\/uploads\/2016\/12\/radlobby-drive-wolke-gr.jpg\" alt=\"Radlobby Grive\" width=\"332\" height=\"208\" srcset=\"https:\/\/www.radlobby.org\/noe\/wp-content\/uploads\/2016\/12\/radlobby-drive-wolke-gr.jpg 607w, https:\/\/www.radlobby.org\/noe\/wp-content\/uploads\/2016\/12\/radlobby-drive-wolke-gr-300x188.jpg 300w\" sizes=\"auto, (max-width: 332px) 100vw, 332px\" \/><\/h2>\n<p>Zugang nur mit pers\u00f6nlicher Freigabe f\u00fcr aktive Radlobby Mitglieder mit Best\u00e4tigung durch eine.n Gruppenverantwortliche.n oder durch ein Vorstandsmitglied.<\/p>\n<p>Freigabe anfordern: <a class=\"mailto\" href=\"mailto:noe.service@radlobby.at\">noe.service@radlobby.at<\/a><\/p>\n<p>Wir ben\u00f6tigen dazu deine <strong>pers\u00f6nliche<\/strong> Email-Adresse &#8211; mit deinem Namen &#8211; , die mit deinem pers\u00f6nlichen Google-Konto verbunden ist.<br \/>\nMeist ist das eine GMAIL-Adresse. Es kann aber jede andere sein.<\/p>\n<p>Zugang nach Freigabe \u00fcber deine pers\u00f6nliche Google\/Drive:<br \/>\n<a href=\"https:\/\/drive.google.com\">https:\/\/drive.google.com<\/a> &gt; dann Button links oben anklicken: &#8220;Meine Ablagen&#8221;<\/p>\n<hr \/>\n<h4>Radlobby N\u00d6 &#8211; Fahrradkalender<\/h4>\n<p>Zugang nur mit pers\u00f6nlicher Freigabe\u00a0f\u00fcr aktive Radlobby Mitglieder und befreundete Organisationen.<br \/>\nDie Eingabe erfolgt \u00fcber den eigenen Google-Kalender in den Fahrradkalender.<br \/>\nFreigabe anfordern: <a class=\"mailto\" href=\"mailto:noe.service@radlobby.at\">noe.service@radlobby.at<\/a><\/p>\n<p class=\"rteindent1\"><strong><a class=\"ext\" href=\"http:\/\/www.radlobby.org\/noe\/termine\/\" target=\"_blank\" rel=\"noopener noreferrer\">Radlobby N\u00d6 &#8211; Fahrradkalender<\/a><\/strong><\/p>\n<hr \/>\n<h4>Radlobby N\u00d6 &#8211; Vorstand<\/h4>\n<p>Zugang nur f\u00fcr Vorstandsmitglieder und f\u00fcr die Vereinskontrolle nach Freigabe \u00fcber die pers\u00f6nliche Google\/Drive:<br \/>\n<a href=\"https:\/\/drive.google.com\">https:\/\/drive.google.com<\/a> &gt; dann Button links oben anklicken: &#8220;Meine Ablagen&#8221;<\/p>\n<p class=\"rteindent1\"><img loading=\"lazy\" decoding=\"async\" class=\"alignnone wp-image-227 size-full\" src=\"http:\/\/www.radlobby.org\/noe\/wp-content\/uploads\/2016\/12\/Linie_blau_749x2px.gif\" width=\"749\" height=\"2\" \/><\/p>\n<div class=\"field field-name-body field-type-text-with-summary field-label-hidden clearfix\">\n<div class=\"field-items\">\n<div class=\"field-item even\">\n<h4><img decoding=\"async\" src=\"http:\/\/noeradlobby.stiasny.net\/sites\/default\/files\/GoogleDrive_RadlobbyNOE.gif\" alt=\"\" \/>Vorteile der Google\/Drive<\/h4>\n<ul class=\"rteindent1\">\n<li>Projekte gemeinsam vorbereiten<\/li>\n<li>Daten untereinander verf\u00fcgbar machen<\/li>\n<li>Freigaben verwalten: f\u00fcr alle | f\u00fcr alle intern | f\u00fcr bestimmte Personen<\/li>\n<li>Alle Daten k\u00f6nnen auf allen Ger\u00e4ten gesehen und bearbeitet werden:<br \/>\nPC, Laptop, Tablet, Mobilephone. Du musst nur bei Google eingeloggt sein: <a href=\"http:\/\/drive.google.com\" target=\"_blank\" rel=\"noopener noreferrer\">drive.google.com<\/a><\/li>\n<li>Alle Dateien und Ordner k\u00f6nnen von vielen Personen gleichzeitig ge\u00f6ffnet und bearbeitet werden.<br \/>\nDas ist ein gro\u00dfer Vorteil bei der Kooperation, bei Online-Meetings.<\/li>\n<li>Bei Online-Meetings kann das Google-Fenster im Meeting-Tool sichtbar sein.<br \/>\nBesser ist es aber, in das Google-Drive-Fenster direkt zu wechseln.<\/li>\n<\/ul>\n<h2><img loading=\"lazy\" decoding=\"async\" class=\"alignright wp-image-499\" src=\"http:\/\/www.radlobby.org\/noe\/wp-content\/uploads\/2016\/12\/radlobby-drive-wolke-gr.jpg\" alt=\"Radlobby Grive\" width=\"332\" height=\"208\" srcset=\"https:\/\/www.radlobby.org\/noe\/wp-content\/uploads\/2016\/12\/radlobby-drive-wolke-gr.jpg 607w, https:\/\/www.radlobby.org\/noe\/wp-content\/uploads\/2016\/12\/radlobby-drive-wolke-gr-300x188.jpg 300w\" sizes=\"auto, (max-width: 332px) 100vw, 332px\" \/><\/h2>\n<p><strong>Ordner und Dateien<\/strong><\/p>\n<ul>\n<li>k\u00f6nnen nur f\u00fcr jene freigegeben sein, die vom Administrator mit der Email-Adresse freigeschaltet sind.<\/li>\n<li>oder\/und k\u00f6nnen f\u00fcr alle freigegeben sein, die einen Link erhalten haben.<\/li>\n<li>oder\/und k\u00f6nnen v\u00f6llig \u00f6ffentlich freigegeben sein.<\/li>\n<\/ul>\n<p><strong>Ordner und Dateien<\/strong><\/p>\n<ul>\n<li>k\u00f6nnen nur zur Ansicht freigegeben sein<\/li>\n<li>k\u00f6nnen auch zur Bearbeitung freigegeben sein.<\/li>\n<\/ul>\n<p><strong>Wer bearbeiten darf<\/strong><\/p>\n<ul>\n<li>kann auch eigene Unterordner und Dateien erstellen oder Daten aller Art hochladen.<\/li>\n<li>Word-, Excel-, PowerPoint-Dateien werden in das jeweilige Google-Format umgewandelt, wodurch sie weiter bearbeitet werden k\u00f6nnen.<\/li>\n<li>auch komplexe Daten wie InDesign etc. kann man hochladen aber nat\u00fcrlich nicht direkt in Google \u00f6ffnen.<\/li>\n<li>alle Daten kann man downloaden.<\/li>\n<li>kann auch Karten auf Google\/MyMaps erstellen, die in die Radlobby-Homepage eingebunden werden.<\/li>\n<\/ul>\n<p><strong>Hinweis<\/strong><\/p>\n<ul class=\"rteindent1\">\n<li>Bitte keine \u201cFotodatenbank\u201d daraus machen!<\/li>\n<li>Bitte keine Ordner und Dateien un\u00fcberlegt f\u00fcr alle lesbar oder bearbeitbar freigeben!<\/li>\n<\/ul>\n<p><strong>Um die Ordner\/Dateien zu erreichen,<\/strong><\/p>\n<ul class=\"rteindent1\">\n<li>musst Du nun mit Deinem Google-Konto angemeldet sein und<\/li>\n<li>wir m\u00fcssen Dir diese Ordner\/Dateien freigeben &#8211; wir brauchen deine Email-Adresse f\u00fcr dein Google-Konto.<\/li>\n<li>Manche Dateien oder Ordner sind f\u00fcr alle freigegeben, die den Link zum Ordner kennen.<\/li>\n<\/ul>\n<p><strong>Tipp: <\/strong><br \/>\nBleibe auf Deinem Google-Konto permanent eingeloggt.<br \/>\nDann kannst Du sofort auf Deine freigegebenen Daten<br \/>\nzugreifen &#8211; wie auf Deinem eigenen PC.<\/p>\n<\/div>\n<\/div>\n<\/div>\n<p>&nbsp;<\/p>\n<p>&nbsp;<\/p>\n<p>&nbsp;<\/p>\n<p>&nbsp;<\/p>\n<p>.<\/p>\n<div class=\"field field-name-body field-type-text-with-summary field-label-hidden clearfix\">\n<div class=\"field-items\">\n<div class=\"field-item even\">\n<p>&nbsp;<\/p>\n<\/div>\n<\/div>\n<\/div>\n","protected":false},"excerpt":{"rendered":"<p>Hier gehts zur Google\/Drive der Radlobby N\u00d6! Unsere Google\/Drive besteht aus 3 Teilen. &nbsp; Radlobby N\u00d6 intern Zugang nur mit pers\u00f6nlicher Freigabe f\u00fcr aktive Radlobby Mitglieder mit Best\u00e4tigung durch eine.n Gruppenverantwortliche.n oder durch ein Vorstandsmitglied. Freigabe anfordern: noe.service@radlobby.at Wir ben\u00f6tigen<\/p>\n","protected":false},"author":1,"featured_media":0,"parent":0,"menu_order":0,"comment_status":"closed","ping_status":"closed","template":"","meta":{"footnotes":""},"class_list":["post-261","page","type-page","status-publish","hentry"],"yoast_head":"<!-- This site is optimized with the Yoast SEO plugin v26.9 - https:\/\/yoast.com\/product\/yoast-seo-wordpress\/ -->\n<title>Interner Bereich - Radlobby Nieder\u00f6sterreich<\/title>\n<meta name=\"robots\" content=\"index, follow, max-snippet:-1, max-image-preview:large, max-video-preview:-1\" \/>\n<link rel=\"canonical\" href=\"https:\/\/www.radlobby.org\/noe\/interner-bereich\/\" \/>\n<meta property=\"og:locale\" content=\"de_DE\" \/>\n<meta property=\"og:type\" content=\"article\" \/>\n<meta property=\"og:title\" content=\"Interner Bereich - Radlobby Nieder\u00f6sterreich\" \/>\n<meta property=\"og:description\" content=\"Hier gehts zur Google\/Drive der Radlobby N\u00d6! Unsere Google\/Drive besteht aus 3 Teilen. &nbsp; Radlobby N\u00d6 intern Zugang nur mit pers\u00f6nlicher Freigabe f\u00fcr aktive Radlobby Mitglieder mit Best\u00e4tigung durch eine.n Gruppenverantwortliche.n oder durch ein Vorstandsmitglied. Freigabe anfordern: noe.service@radlobby.at Wir ben\u00f6tigen\" \/>\n<meta property=\"og:url\" content=\"https:\/\/www.radlobby.org\/noe\/interner-bereich\/\" \/>\n<meta property=\"og:site_name\" content=\"Radlobby Nieder\u00f6sterreich\" \/>\n<meta property=\"article:publisher\" content=\"https:\/\/www.facebook.com\/groups\/radfahren.in.noe\/\" \/>\n<meta property=\"article:modified_time\" content=\"2023-12-15T15:46:10+00:00\" \/>\n<meta property=\"og:image\" content=\"http:\/\/www.radlobby.org\/noe\/wp-content\/uploads\/google-drive-logo-300x268.jpg\" \/>\n<meta name=\"twitter:card\" content=\"summary_large_image\" \/>\n<meta name=\"twitter:label1\" content=\"Gesch\u00e4tzte Lesezeit\" \/>\n\t<meta name=\"twitter:data1\" content=\"4\u00a0Minuten\" \/>\n<script type=\"application\/ld+json\" class=\"yoast-schema-graph\">{\"@context\":\"https:\/\/schema.org\",\"@graph\":[{\"@type\":\"WebPage\",\"@id\":\"https:\/\/www.radlobby.org\/noe\/interner-bereich\/\",\"url\":\"https:\/\/www.radlobby.org\/noe\/interner-bereich\/\",\"name\":\"Interner Bereich - Radlobby Nieder\u00f6sterreich\",\"isPartOf\":{\"@id\":\"https:\/\/www.radlobby.org\/noe\/#website\"},\"primaryImageOfPage\":{\"@id\":\"https:\/\/www.radlobby.org\/noe\/interner-bereich\/#primaryimage\"},\"image\":{\"@id\":\"https:\/\/www.radlobby.org\/noe\/interner-bereich\/#primaryimage\"},\"thumbnailUrl\":\"http:\/\/www.radlobby.org\/noe\/wp-content\/uploads\/google-drive-logo-300x268.jpg\",\"datePublished\":\"2016-12-04T14:48:33+00:00\",\"dateModified\":\"2023-12-15T15:46:10+00:00\",\"breadcrumb\":{\"@id\":\"https:\/\/www.radlobby.org\/noe\/interner-bereich\/#breadcrumb\"},\"inLanguage\":\"de\",\"potentialAction\":[{\"@type\":\"ReadAction\",\"target\":[\"https:\/\/www.radlobby.org\/noe\/interner-bereich\/\"]}]},{\"@type\":\"ImageObject\",\"inLanguage\":\"de\",\"@id\":\"https:\/\/www.radlobby.org\/noe\/interner-bereich\/#primaryimage\",\"url\":\"https:\/\/www.radlobby.org\/noe\/wp-content\/uploads\/google-drive-logo.jpg\",\"contentUrl\":\"https:\/\/www.radlobby.org\/noe\/wp-content\/uploads\/google-drive-logo.jpg\",\"width\":500,\"height\":446},{\"@type\":\"BreadcrumbList\",\"@id\":\"https:\/\/www.radlobby.org\/noe\/interner-bereich\/#breadcrumb\",\"itemListElement\":[{\"@type\":\"ListItem\",\"position\":1,\"name\":\"Startseite\",\"item\":\"https:\/\/www.radlobby.org\/noe\/\"},{\"@type\":\"ListItem\",\"position\":2,\"name\":\"Interner Bereich\"}]},{\"@type\":\"WebSite\",\"@id\":\"https:\/\/www.radlobby.org\/noe\/#website\",\"url\":\"https:\/\/www.radlobby.org\/noe\/\",\"name\":\"Radlobby Nieder\u00f6sterreich\",\"description\":\"Radverkehr, Fahrrad, Radfahren, Radreisen, Radtouren, Radweg\",\"publisher\":{\"@id\":\"https:\/\/www.radlobby.org\/noe\/#organization\"},\"potentialAction\":[{\"@type\":\"SearchAction\",\"target\":{\"@type\":\"EntryPoint\",\"urlTemplate\":\"https:\/\/www.radlobby.org\/noe\/?s={search_term_string}\"},\"query-input\":{\"@type\":\"PropertyValueSpecification\",\"valueRequired\":true,\"valueName\":\"search_term_string\"}}],\"inLanguage\":\"de\"},{\"@type\":\"Organization\",\"@id\":\"https:\/\/www.radlobby.org\/noe\/#organization\",\"name\":\"Radlobby Nieder\u00f6sterreich\",\"url\":\"https:\/\/www.radlobby.org\/noe\/\",\"logo\":{\"@type\":\"ImageObject\",\"inLanguage\":\"de\",\"@id\":\"https:\/\/www.radlobby.org\/noe\/#\/schema\/logo\/image\/\",\"url\":\"https:\/\/www.radlobby.org\/noe\/wp-content\/uploads\/2017\/01\/cropped-Logo_Radlobby_Niederoesterreich_50-400px_quer-1.jpg\",\"contentUrl\":\"https:\/\/www.radlobby.org\/noe\/wp-content\/uploads\/2017\/01\/cropped-Logo_Radlobby_Niederoesterreich_50-400px_quer-1.jpg\",\"width\":450,\"height\":124,\"caption\":\"Radlobby Nieder\u00f6sterreich\"},\"image\":{\"@id\":\"https:\/\/www.radlobby.org\/noe\/#\/schema\/logo\/image\/\"},\"sameAs\":[\"https:\/\/www.facebook.com\/groups\/radfahren.in.noe\/\"]}]}<\/script>\n<!-- \/ Yoast SEO plugin. -->","yoast_head_json":{"title":"Interner Bereich - Radlobby Nieder\u00f6sterreich","robots":{"index":"index","follow":"follow","max-snippet":"max-snippet:-1","max-image-preview":"max-image-preview:large","max-video-preview":"max-video-preview:-1"},"canonical":"https:\/\/www.radlobby.org\/noe\/interner-bereich\/","og_locale":"de_DE","og_type":"article","og_title":"Interner Bereich - Radlobby Nieder\u00f6sterreich","og_description":"Hier gehts zur Google\/Drive der Radlobby N\u00d6! Unsere Google\/Drive besteht aus 3 Teilen. &nbsp; Radlobby N\u00d6 intern Zugang nur mit pers\u00f6nlicher Freigabe f\u00fcr aktive Radlobby Mitglieder mit Best\u00e4tigung durch eine.n Gruppenverantwortliche.n oder durch ein Vorstandsmitglied. Freigabe anfordern: noe.service@radlobby.at Wir ben\u00f6tigen","og_url":"https:\/\/www.radlobby.org\/noe\/interner-bereich\/","og_site_name":"Radlobby Nieder\u00f6sterreich","article_publisher":"https:\/\/www.facebook.com\/groups\/radfahren.in.noe\/","article_modified_time":"2023-12-15T15:46:10+00:00","og_image":[{"url":"http:\/\/www.radlobby.org\/noe\/wp-content\/uploads\/google-drive-logo-300x268.jpg","type":"","width":"","height":""}],"twitter_card":"summary_large_image","twitter_misc":{"Gesch\u00e4tzte Lesezeit":"4\u00a0Minuten"},"schema":{"@context":"https:\/\/schema.org","@graph":[{"@type":"WebPage","@id":"https:\/\/www.radlobby.org\/noe\/interner-bereich\/","url":"https:\/\/www.radlobby.org\/noe\/interner-bereich\/","name":"Interner Bereich - Radlobby Nieder\u00f6sterreich","isPartOf":{"@id":"https:\/\/www.radlobby.org\/noe\/#website"},"primaryImageOfPage":{"@id":"https:\/\/www.radlobby.org\/noe\/interner-bereich\/#primaryimage"},"image":{"@id":"https:\/\/www.radlobby.org\/noe\/interner-bereich\/#primaryimage"},"thumbnailUrl":"http:\/\/www.radlobby.org\/noe\/wp-content\/uploads\/google-drive-logo-300x268.jpg","datePublished":"2016-12-04T14:48:33+00:00","dateModified":"2023-12-15T15:46:10+00:00","breadcrumb":{"@id":"https:\/\/www.radlobby.org\/noe\/interner-bereich\/#breadcrumb"},"inLanguage":"de","potentialAction":[{"@type":"ReadAction","target":["https:\/\/www.radlobby.org\/noe\/interner-bereich\/"]}]},{"@type":"ImageObject","inLanguage":"de","@id":"https:\/\/www.radlobby.org\/noe\/interner-bereich\/#primaryimage","url":"https:\/\/www.radlobby.org\/noe\/wp-content\/uploads\/google-drive-logo.jpg","contentUrl":"https:\/\/www.radlobby.org\/noe\/wp-content\/uploads\/google-drive-logo.jpg","width":500,"height":446},{"@type":"BreadcrumbList","@id":"https:\/\/www.radlobby.org\/noe\/interner-bereich\/#breadcrumb","itemListElement":[{"@type":"ListItem","position":1,"name":"Startseite","item":"https:\/\/www.radlobby.org\/noe\/"},{"@type":"ListItem","position":2,"name":"Interner Bereich"}]},{"@type":"WebSite","@id":"https:\/\/www.radlobby.org\/noe\/#website","url":"https:\/\/www.radlobby.org\/noe\/","name":"Radlobby Nieder\u00f6sterreich","description":"Radverkehr, Fahrrad, Radfahren, Radreisen, Radtouren, Radweg","publisher":{"@id":"https:\/\/www.radlobby.org\/noe\/#organization"},"potentialAction":[{"@type":"SearchAction","target":{"@type":"EntryPoint","urlTemplate":"https:\/\/www.radlobby.org\/noe\/?s={search_term_string}"},"query-input":{"@type":"PropertyValueSpecification","valueRequired":true,"valueName":"search_term_string"}}],"inLanguage":"de"},{"@type":"Organization","@id":"https:\/\/www.radlobby.org\/noe\/#organization","name":"Radlobby Nieder\u00f6sterreich","url":"https:\/\/www.radlobby.org\/noe\/","logo":{"@type":"ImageObject","inLanguage":"de","@id":"https:\/\/www.radlobby.org\/noe\/#\/schema\/logo\/image\/","url":"https:\/\/www.radlobby.org\/noe\/wp-content\/uploads\/2017\/01\/cropped-Logo_Radlobby_Niederoesterreich_50-400px_quer-1.jpg","contentUrl":"https:\/\/www.radlobby.org\/noe\/wp-content\/uploads\/2017\/01\/cropped-Logo_Radlobby_Niederoesterreich_50-400px_quer-1.jpg","width":450,"height":124,"caption":"Radlobby Nieder\u00f6sterreich"},"image":{"@id":"https:\/\/www.radlobby.org\/noe\/#\/schema\/logo\/image\/"},"sameAs":["https:\/\/www.facebook.com\/groups\/radfahren.in.noe\/"]}]}},"_links":{"self":[{"href":"https:\/\/www.radlobby.org\/noe\/wp-json\/wp\/v2\/pages\/261","targetHints":{"allow":["GET"]}}],"collection":[{"href":"https:\/\/www.radlobby.org\/noe\/wp-json\/wp\/v2\/pages"}],"about":[{"href":"https:\/\/www.radlobby.org\/noe\/wp-json\/wp\/v2\/types\/page"}],"author":[{"embeddable":true,"href":"https:\/\/www.radlobby.org\/noe\/wp-json\/wp\/v2\/users\/1"}],"replies":[{"embeddable":true,"href":"https:\/\/www.radlobby.org\/noe\/wp-json\/wp\/v2\/comments?post=261"}],"version-history":[{"count":3,"href":"https:\/\/www.radlobby.org\/noe\/wp-json\/wp\/v2\/pages\/261\/revisions"}],"predecessor-version":[{"id":33217,"href":"https:\/\/www.radlobby.org\/noe\/wp-json\/wp\/v2\/pages\/261\/revisions\/33217"}],"wp:attachment":[{"href":"https:\/\/www.radlobby.org\/noe\/wp-json\/wp\/v2\/media?parent=261"}],"curies":[{"name":"wp","href":"https:\/\/api.w.org\/{rel}","templated":true}]}}