{"id":24396,"date":"2022-06-12T22:20:14","date_gmt":"2022-06-12T20:20:14","guid":{"rendered":"https:\/\/www.radlobby.org\/noe\/?page_id=24396"},"modified":"2023-03-06T10:31:50","modified_gmt":"2023-03-06T09:31:50","slug":"radlobby-logo-zum-aufbuegeln-auf-t-shirts-warnwesten-und-andere-textilien","status":"publish","type":"page","link":"https:\/\/www.radlobby.org\/noe\/radlobby-logo-zum-aufbuegeln-auf-t-shirts-warnwesten-und-andere-textilien\/","title":{"rendered":"Radlobby Logo zum Aufb\u00fcgeln auf T-Shirts, Warnwesten und andere Textilien"},"content":{"rendered":"<p>Wir haben das erstmal getestet: aufb\u00fcgeln, mehrmals waschen &#8230;<br \/>\nNach dem die Tests erfolgreich verlaufen sind, k\u00f6nnen wir euch die Aufb\u00fcgel-Logos anbieten. Wir liefern das Logo zum Aufb\u00fcgeln!<\/p>\n<p><strong><img loading=\"lazy\" decoding=\"async\" class=\"alignright wp-image-20867 size-medium\" src=\"https:\/\/www.radlobby.org\/noe\/wp-content\/uploads\/TshirtHerrenDamenSchwarz-300x171.jpg\" alt=\"\" width=\"300\" height=\"171\" srcset=\"https:\/\/www.radlobby.org\/noe\/wp-content\/uploads\/TshirtHerrenDamenSchwarz-300x171.jpg 300w, https:\/\/www.radlobby.org\/noe\/wp-content\/uploads\/TshirtHerrenDamenSchwarz-768x438.jpg 768w, https:\/\/www.radlobby.org\/noe\/wp-content\/uploads\/TshirtHerrenDamenSchwarz.jpg 875w\" sizes=\"auto, (max-width: 300px) 100vw, 300px\" \/>So schauts aus &#8211; eh klar:<br \/>\n<\/strong><a href=\"https:\/\/www.radlobby.org\/noe\/wp-content\/uploads\/20210000-Logo-CMYK.pdf\" target=\"_blank\" rel=\"noopener noreferrer\"><img loading=\"lazy\" decoding=\"async\" class=\"wp-image-9811 alignleft\" src=\"http:\/\/www.radlobby.org\/noe\/wp-content\/uploads\/Radlobby_Logo_Transparent_1154px-300x220.png\" alt=\"Rechte Maustaste ... Bild downloaden ... das Logo ist transparent freigestellt\" width=\"142\" height=\"104\" srcset=\"https:\/\/www.radlobby.org\/noe\/wp-content\/uploads\/Radlobby_Logo_Transparent_1154px-300x220.png 300w, https:\/\/www.radlobby.org\/noe\/wp-content\/uploads\/Radlobby_Logo_Transparent_1154px-768x563.png 768w, https:\/\/www.radlobby.org\/noe\/wp-content\/uploads\/Radlobby_Logo_Transparent_1154px.png 1154w\" sizes=\"auto, (max-width: 142px) 100vw, 142px\" \/><\/a><\/p>\n<p>Gr\u00f6\u00dfe: ~ 8cm breit<br \/>\nf\u00fcr den Druck links vorne<br \/>\nauf weisse und schwarze T-Shirts etc.<\/p>\n<p>Gro\u00dfe Logos f\u00fcr den R\u00fccken haben wir &#8211; noch &#8211; nicht.<br \/>\nBei Nachfrage ab 100 St\u00fcck bieten wir auch gr\u00f6\u00dfere<br \/>\nund in schwarzer Outline f\u00fcr gelbe Warnwesten an.<\/p>\n<p><a href=\"https:\/\/www.radlobby.org\/noe\/wp-content\/uploads\/Hinweise-fuer-Textil-Heissklebe-Transfer-Sujets.pdf\" target=\"_blank\" rel=\"noopener\">Hinweise f\u00fcr Textil-Hei\u00dfklebe-Transfer-Sujets<\/a> (PDF)<br \/>\nUnbedingt lesen!<\/p>\n<table>\n<tbody>\n<tr>\n<td style=\"border-color: #B8cc24;\"><strong>Bestellung an:<\/strong> <a href=\"mailto:noe.service@radlobby.at\">noe.service@radlobby.at<\/a><br \/>\nBitte vollst\u00e4ndigen Namen, Adresse, Telefon angeben!Wir m\u00fcssen die Kosten wieder erwirtschaften und bitten Sie daher um eine Spende,<br \/>\ndie Sie mit Ihrer Bestellung gleich auf unser Konto \u00fcberweisen:<strong>Kontoname:<\/strong>\u00a0 <span style=\"color: #004b67;\">\u00a0Radlobby N\u00d6<\/span><br \/>\n<strong>IBAN:<\/strong>\u00a0 \u00a0 \u00a0 \u00a0 \u00a0 \u00a0 \u00a0 \u00a0<span style=\"color: #004b67;\">AT10 2011 1843 3809 8000<\/span><br \/>\n<strong>Zweck:\u00a0 \u00a0 \u00a0 \u00a0 \u00a0 \u00a0 <\/strong><span style=\"color: #004b67;\">Spende Logodruck, Name, Adresse<\/span>\u00a0 <strong><span style=\"color: #ff0000;\">&lt; nicht vergessen<\/span><\/strong><\/p>\n<p><strong>Hier sind unsere Spendenerwartungen f\u00fcr die 8cm-Logos:<br \/>\n<\/strong>1 St\u00fcck\u00a0 \u00a0 \u00a0 \u00a03,- \u20ac<br \/>\nab 5 St\u00fcck\u00a0 2,50 \u20ac \/ St\u00fcck<br \/>\nab 10 St\u00fcck\u00a0 2,00 \u20ac \/ St\u00fcck<\/td>\n<\/tr>\n<\/tbody>\n<\/table>\n<div><\/div>\n<div><\/div>\n<p>&nbsp;<\/p>\n","protected":false},"excerpt":{"rendered":"<p>Wir haben das erstmal getestet: aufb\u00fcgeln, mehrmals waschen &#8230; Nach dem die Tests erfolgreich verlaufen sind, k\u00f6nnen wir euch die Aufb\u00fcgel-Logos anbieten. Wir liefern das Logo zum Aufb\u00fcgeln! So schauts aus &#8211; eh klar: Gr\u00f6\u00dfe: ~ 8cm breit f\u00fcr den<\/p>\n","protected":false},"author":16,"featured_media":0,"parent":0,"menu_order":0,"comment_status":"closed","ping_status":"closed","template":"","meta":{"footnotes":""},"class_list":["post-24396","page","type-page","status-publish","hentry"],"yoast_head":"<!-- This site is optimized with the Yoast SEO plugin v26.9 - https:\/\/yoast.com\/product\/yoast-seo-wordpress\/ -->\n<title>Radlobby Logo zum Aufb\u00fcgeln auf T-Shirts, Warnwesten und andere Textilien - Radlobby Nieder\u00f6sterreich<\/title>\n<meta name=\"robots\" content=\"index, follow, max-snippet:-1, max-image-preview:large, max-video-preview:-1\" \/>\n<link rel=\"canonical\" href=\"https:\/\/www.radlobby.org\/noe\/radlobby-logo-zum-aufbuegeln-auf-t-shirts-warnwesten-und-andere-textilien\/\" \/>\n<meta property=\"og:locale\" content=\"de_DE\" \/>\n<meta property=\"og:type\" content=\"article\" \/>\n<meta property=\"og:title\" content=\"Radlobby Logo zum Aufb\u00fcgeln auf T-Shirts, Warnwesten und andere Textilien - Radlobby Nieder\u00f6sterreich\" \/>\n<meta property=\"og:description\" content=\"Wir haben das erstmal getestet: aufb\u00fcgeln, mehrmals waschen &#8230; Nach dem die Tests erfolgreich verlaufen sind, k\u00f6nnen wir euch die Aufb\u00fcgel-Logos anbieten. Wir liefern das Logo zum Aufb\u00fcgeln! So schauts aus &#8211; eh klar: Gr\u00f6\u00dfe: ~ 8cm breit f\u00fcr den\" \/>\n<meta property=\"og:url\" content=\"https:\/\/www.radlobby.org\/noe\/radlobby-logo-zum-aufbuegeln-auf-t-shirts-warnwesten-und-andere-textilien\/\" \/>\n<meta property=\"og:site_name\" content=\"Radlobby Nieder\u00f6sterreich\" \/>\n<meta property=\"article:publisher\" content=\"https:\/\/www.facebook.com\/groups\/radfahren.in.noe\/\" \/>\n<meta property=\"article:modified_time\" content=\"2023-03-06T09:31:50+00:00\" \/>\n<meta property=\"og:image\" content=\"https:\/\/www.radlobby.org\/noe\/wp-content\/uploads\/TshirtHerrenDamenSchwarz-300x171.jpg\" \/>\n<meta name=\"twitter:card\" content=\"summary_large_image\" \/>\n<meta name=\"twitter:label1\" content=\"Gesch\u00e4tzte Lesezeit\" \/>\n\t<meta name=\"twitter:data1\" content=\"2\u00a0Minuten\" \/>\n<script type=\"application\/ld+json\" class=\"yoast-schema-graph\">{\"@context\":\"https:\/\/schema.org\",\"@graph\":[{\"@type\":\"WebPage\",\"@id\":\"https:\/\/www.radlobby.org\/noe\/radlobby-logo-zum-aufbuegeln-auf-t-shirts-warnwesten-und-andere-textilien\/\",\"url\":\"https:\/\/www.radlobby.org\/noe\/radlobby-logo-zum-aufbuegeln-auf-t-shirts-warnwesten-und-andere-textilien\/\",\"name\":\"Radlobby Logo zum Aufb\u00fcgeln auf T-Shirts, Warnwesten und andere Textilien - Radlobby Nieder\u00f6sterreich\",\"isPartOf\":{\"@id\":\"https:\/\/www.radlobby.org\/noe\/#website\"},\"primaryImageOfPage\":{\"@id\":\"https:\/\/www.radlobby.org\/noe\/radlobby-logo-zum-aufbuegeln-auf-t-shirts-warnwesten-und-andere-textilien\/#primaryimage\"},\"image\":{\"@id\":\"https:\/\/www.radlobby.org\/noe\/radlobby-logo-zum-aufbuegeln-auf-t-shirts-warnwesten-und-andere-textilien\/#primaryimage\"},\"thumbnailUrl\":\"https:\/\/www.radlobby.org\/noe\/wp-content\/uploads\/TshirtHerrenDamenSchwarz-300x171.jpg\",\"datePublished\":\"2022-06-12T20:20:14+00:00\",\"dateModified\":\"2023-03-06T09:31:50+00:00\",\"breadcrumb\":{\"@id\":\"https:\/\/www.radlobby.org\/noe\/radlobby-logo-zum-aufbuegeln-auf-t-shirts-warnwesten-und-andere-textilien\/#breadcrumb\"},\"inLanguage\":\"de\",\"potentialAction\":[{\"@type\":\"ReadAction\",\"target\":[\"https:\/\/www.radlobby.org\/noe\/radlobby-logo-zum-aufbuegeln-auf-t-shirts-warnwesten-und-andere-textilien\/\"]}]},{\"@type\":\"ImageObject\",\"inLanguage\":\"de\",\"@id\":\"https:\/\/www.radlobby.org\/noe\/radlobby-logo-zum-aufbuegeln-auf-t-shirts-warnwesten-und-andere-textilien\/#primaryimage\",\"url\":\"https:\/\/www.radlobby.org\/noe\/wp-content\/uploads\/TshirtHerrenDamenSchwarz.jpg\",\"contentUrl\":\"https:\/\/www.radlobby.org\/noe\/wp-content\/uploads\/TshirtHerrenDamenSchwarz.jpg\",\"width\":875,\"height\":499},{\"@type\":\"BreadcrumbList\",\"@id\":\"https:\/\/www.radlobby.org\/noe\/radlobby-logo-zum-aufbuegeln-auf-t-shirts-warnwesten-und-andere-textilien\/#breadcrumb\",\"itemListElement\":[{\"@type\":\"ListItem\",\"position\":1,\"name\":\"Startseite\",\"item\":\"https:\/\/www.radlobby.org\/noe\/\"},{\"@type\":\"ListItem\",\"position\":2,\"name\":\"Radlobby Logo zum Aufb\u00fcgeln auf T-Shirts, Warnwesten und andere Textilien\"}]},{\"@type\":\"WebSite\",\"@id\":\"https:\/\/www.radlobby.org\/noe\/#website\",\"url\":\"https:\/\/www.radlobby.org\/noe\/\",\"name\":\"Radlobby Nieder\u00f6sterreich\",\"description\":\"Radverkehr, Fahrrad, Radfahren, Radreisen, Radtouren, Radweg\",\"publisher\":{\"@id\":\"https:\/\/www.radlobby.org\/noe\/#organization\"},\"potentialAction\":[{\"@type\":\"SearchAction\",\"target\":{\"@type\":\"EntryPoint\",\"urlTemplate\":\"https:\/\/www.radlobby.org\/noe\/?s={search_term_string}\"},\"query-input\":{\"@type\":\"PropertyValueSpecification\",\"valueRequired\":true,\"valueName\":\"search_term_string\"}}],\"inLanguage\":\"de\"},{\"@type\":\"Organization\",\"@id\":\"https:\/\/www.radlobby.org\/noe\/#organization\",\"name\":\"Radlobby Nieder\u00f6sterreich\",\"url\":\"https:\/\/www.radlobby.org\/noe\/\",\"logo\":{\"@type\":\"ImageObject\",\"inLanguage\":\"de\",\"@id\":\"https:\/\/www.radlobby.org\/noe\/#\/schema\/logo\/image\/\",\"url\":\"https:\/\/www.radlobby.org\/noe\/wp-content\/uploads\/2017\/01\/cropped-Logo_Radlobby_Niederoesterreich_50-400px_quer-1.jpg\",\"contentUrl\":\"https:\/\/www.radlobby.org\/noe\/wp-content\/uploads\/2017\/01\/cropped-Logo_Radlobby_Niederoesterreich_50-400px_quer-1.jpg\",\"width\":450,\"height\":124,\"caption\":\"Radlobby Nieder\u00f6sterreich\"},\"image\":{\"@id\":\"https:\/\/www.radlobby.org\/noe\/#\/schema\/logo\/image\/\"},\"sameAs\":[\"https:\/\/www.facebook.com\/groups\/radfahren.in.noe\/\"]}]}<\/script>\n<!-- \/ Yoast SEO plugin. -->","yoast_head_json":{"title":"Radlobby Logo zum Aufb\u00fcgeln auf T-Shirts, Warnwesten und andere Textilien - Radlobby Nieder\u00f6sterreich","robots":{"index":"index","follow":"follow","max-snippet":"max-snippet:-1","max-image-preview":"max-image-preview:large","max-video-preview":"max-video-preview:-1"},"canonical":"https:\/\/www.radlobby.org\/noe\/radlobby-logo-zum-aufbuegeln-auf-t-shirts-warnwesten-und-andere-textilien\/","og_locale":"de_DE","og_type":"article","og_title":"Radlobby Logo zum Aufb\u00fcgeln auf T-Shirts, Warnwesten und andere Textilien - Radlobby Nieder\u00f6sterreich","og_description":"Wir haben das erstmal getestet: aufb\u00fcgeln, mehrmals waschen &#8230; Nach dem die Tests erfolgreich verlaufen sind, k\u00f6nnen wir euch die Aufb\u00fcgel-Logos anbieten. Wir liefern das Logo zum Aufb\u00fcgeln! So schauts aus &#8211; eh klar: Gr\u00f6\u00dfe: ~ 8cm breit f\u00fcr den","og_url":"https:\/\/www.radlobby.org\/noe\/radlobby-logo-zum-aufbuegeln-auf-t-shirts-warnwesten-und-andere-textilien\/","og_site_name":"Radlobby Nieder\u00f6sterreich","article_publisher":"https:\/\/www.facebook.com\/groups\/radfahren.in.noe\/","article_modified_time":"2023-03-06T09:31:50+00:00","og_image":[{"url":"https:\/\/www.radlobby.org\/noe\/wp-content\/uploads\/TshirtHerrenDamenSchwarz-300x171.jpg","type":"","width":"","height":""}],"twitter_card":"summary_large_image","twitter_misc":{"Gesch\u00e4tzte Lesezeit":"2\u00a0Minuten"},"schema":{"@context":"https:\/\/schema.org","@graph":[{"@type":"WebPage","@id":"https:\/\/www.radlobby.org\/noe\/radlobby-logo-zum-aufbuegeln-auf-t-shirts-warnwesten-und-andere-textilien\/","url":"https:\/\/www.radlobby.org\/noe\/radlobby-logo-zum-aufbuegeln-auf-t-shirts-warnwesten-und-andere-textilien\/","name":"Radlobby Logo zum Aufb\u00fcgeln auf T-Shirts, Warnwesten und andere Textilien - Radlobby Nieder\u00f6sterreich","isPartOf":{"@id":"https:\/\/www.radlobby.org\/noe\/#website"},"primaryImageOfPage":{"@id":"https:\/\/www.radlobby.org\/noe\/radlobby-logo-zum-aufbuegeln-auf-t-shirts-warnwesten-und-andere-textilien\/#primaryimage"},"image":{"@id":"https:\/\/www.radlobby.org\/noe\/radlobby-logo-zum-aufbuegeln-auf-t-shirts-warnwesten-und-andere-textilien\/#primaryimage"},"thumbnailUrl":"https:\/\/www.radlobby.org\/noe\/wp-content\/uploads\/TshirtHerrenDamenSchwarz-300x171.jpg","datePublished":"2022-06-12T20:20:14+00:00","dateModified":"2023-03-06T09:31:50+00:00","breadcrumb":{"@id":"https:\/\/www.radlobby.org\/noe\/radlobby-logo-zum-aufbuegeln-auf-t-shirts-warnwesten-und-andere-textilien\/#breadcrumb"},"inLanguage":"de","potentialAction":[{"@type":"ReadAction","target":["https:\/\/www.radlobby.org\/noe\/radlobby-logo-zum-aufbuegeln-auf-t-shirts-warnwesten-und-andere-textilien\/"]}]},{"@type":"ImageObject","inLanguage":"de","@id":"https:\/\/www.radlobby.org\/noe\/radlobby-logo-zum-aufbuegeln-auf-t-shirts-warnwesten-und-andere-textilien\/#primaryimage","url":"https:\/\/www.radlobby.org\/noe\/wp-content\/uploads\/TshirtHerrenDamenSchwarz.jpg","contentUrl":"https:\/\/www.radlobby.org\/noe\/wp-content\/uploads\/TshirtHerrenDamenSchwarz.jpg","width":875,"height":499},{"@type":"BreadcrumbList","@id":"https:\/\/www.radlobby.org\/noe\/radlobby-logo-zum-aufbuegeln-auf-t-shirts-warnwesten-und-andere-textilien\/#breadcrumb","itemListElement":[{"@type":"ListItem","position":1,"name":"Startseite","item":"https:\/\/www.radlobby.org\/noe\/"},{"@type":"ListItem","position":2,"name":"Radlobby Logo zum Aufb\u00fcgeln auf T-Shirts, Warnwesten und andere Textilien"}]},{"@type":"WebSite","@id":"https:\/\/www.radlobby.org\/noe\/#website","url":"https:\/\/www.radlobby.org\/noe\/","name":"Radlobby Nieder\u00f6sterreich","description":"Radverkehr, Fahrrad, Radfahren, Radreisen, Radtouren, Radweg","publisher":{"@id":"https:\/\/www.radlobby.org\/noe\/#organization"},"potentialAction":[{"@type":"SearchAction","target":{"@type":"EntryPoint","urlTemplate":"https:\/\/www.radlobby.org\/noe\/?s={search_term_string}"},"query-input":{"@type":"PropertyValueSpecification","valueRequired":true,"valueName":"search_term_string"}}],"inLanguage":"de"},{"@type":"Organization","@id":"https:\/\/www.radlobby.org\/noe\/#organization","name":"Radlobby Nieder\u00f6sterreich","url":"https:\/\/www.radlobby.org\/noe\/","logo":{"@type":"ImageObject","inLanguage":"de","@id":"https:\/\/www.radlobby.org\/noe\/#\/schema\/logo\/image\/","url":"https:\/\/www.radlobby.org\/noe\/wp-content\/uploads\/2017\/01\/cropped-Logo_Radlobby_Niederoesterreich_50-400px_quer-1.jpg","contentUrl":"https:\/\/www.radlobby.org\/noe\/wp-content\/uploads\/2017\/01\/cropped-Logo_Radlobby_Niederoesterreich_50-400px_quer-1.jpg","width":450,"height":124,"caption":"Radlobby Nieder\u00f6sterreich"},"image":{"@id":"https:\/\/www.radlobby.org\/noe\/#\/schema\/logo\/image\/"},"sameAs":["https:\/\/www.facebook.com\/groups\/radfahren.in.noe\/"]}]}},"_links":{"self":[{"href":"https:\/\/www.radlobby.org\/noe\/wp-json\/wp\/v2\/pages\/24396","targetHints":{"allow":["GET"]}}],"collection":[{"href":"https:\/\/www.radlobby.org\/noe\/wp-json\/wp\/v2\/pages"}],"about":[{"href":"https:\/\/www.radlobby.org\/noe\/wp-json\/wp\/v2\/types\/page"}],"author":[{"embeddable":true,"href":"https:\/\/www.radlobby.org\/noe\/wp-json\/wp\/v2\/users\/16"}],"replies":[{"embeddable":true,"href":"https:\/\/www.radlobby.org\/noe\/wp-json\/wp\/v2\/comments?post=24396"}],"version-history":[{"count":1,"href":"https:\/\/www.radlobby.org\/noe\/wp-json\/wp\/v2\/pages\/24396\/revisions"}],"predecessor-version":[{"id":27925,"href":"https:\/\/www.radlobby.org\/noe\/wp-json\/wp\/v2\/pages\/24396\/revisions\/27925"}],"wp:attachment":[{"href":"https:\/\/www.radlobby.org\/noe\/wp-json\/wp\/v2\/media?parent=24396"}],"curies":[{"name":"wp","href":"https:\/\/api.w.org\/{rel}","templated":true}]}}