{"id":230,"date":"2016-12-03T21:51:25","date_gmt":"2016-12-03T20:51:25","guid":{"rendered":"http:\/\/www.radlobby.org\/noe\/?page_id=230"},"modified":"2024-06-03T10:56:32","modified_gmt":"2024-06-03T08:56:32","slug":"adresse","status":"publish","type":"page","link":"https:\/\/www.radlobby.org\/noe\/adresse\/","title":{"rendered":"Adresse"},"content":{"rendered":"<h4><img loading=\"lazy\" decoding=\"async\" class=\"alignnone wp-image-65 size-medium\" src=\"http:\/\/www.radlobby.org\/noe\/wp-content\/uploads\/2016\/11\/Logo_Radlobby_Niederoesterreich_350px_quer-300x93.gif\" alt=\"logo_radlobby_niederoesterreich_350px_quer\" width=\"300\" height=\"93\" \/><\/h4>\n<h4>Radlobby Nieder\u00f6sterreich<\/h4>\n<p class=\"rteindent1\">Badstra\u00dfe 18\/1<br \/>\n2340 M\u00f6dling<br \/>\n<a class=\"mailto\" href=\"mailto:noe.service@radlobby.at\">noe.service@radlobby.at<\/a><\/p>\n<p>Telefonkontakt:<br \/>\nBitte eines der Vorstandsmitglieder anrufen:<br \/>\n<a href=\"https:\/\/www.radlobby.org\/noe\/vorstand\" target=\"_blank\" rel=\"noopener\">https:\/\/www.radlobby.org\/noe\/vorstand<\/a><\/p>\n<p>&nbsp;<\/p>\n<hr \/>\n<h4 id=\"page-title\" class=\"title\">Anreiseplan<\/h4>\n<p>auf \u203a <a href=\"https:\/\/www.google.com\/maps\/place\/Badstra%C3%9Fe+18%2F1,+2340+M%C3%B6dling\/@48.082508,16.2831275,16z\/data=!4m5!3m4!1s0x476daf08566de225:0x30ae0332ab2629c7!8m2!3d48.0823433!4d16.2868055?entry=ttu\" target=\"_blank\" rel=\"noopener\">Google Maps<\/a><\/p>\n<p>Pers\u00f6nliche Treffen nach Vereinbarung via Telefon oder Email &#8211; vorzugsweise<br \/>\nin Ihrer Region mit den zust\u00e4ndigen \u203a <a href=\"https:\/\/www.radlobby.org\/noe\/radlobby-gruppen\/\">Gruppenverantwortlichen<\/a><br \/>\noder online mit \u203a <a href=\"https:\/\/meet.google.com\/\" target=\"_blank\" rel=\"noopener\">Google Meet<\/a> am PC, am Tablet oder am Mobilephone.<\/p>\n","protected":false},"excerpt":{"rendered":"<p>Radlobby Nieder\u00f6sterreich Badstra\u00dfe 18\/1 2340 M\u00f6dling noe.service@radlobby.at Telefonkontakt: Bitte eines der Vorstandsmitglieder anrufen: https:\/\/www.radlobby.org\/noe\/vorstand &nbsp; Anreiseplan auf \u203a Google Maps Pers\u00f6nliche Treffen nach Vereinbarung via Telefon oder Email &#8211; vorzugsweise in Ihrer Region mit den zust\u00e4ndigen \u203a Gruppenverantwortlichen oder online<\/p>\n","protected":false},"author":1,"featured_media":0,"parent":0,"menu_order":0,"comment_status":"closed","ping_status":"closed","template":"","meta":{"footnotes":""},"class_list":["post-230","page","type-page","status-publish","hentry"],"yoast_head":"<!-- This site is optimized with the Yoast SEO plugin v26.9 - https:\/\/yoast.com\/product\/yoast-seo-wordpress\/ -->\n<title>Adresse - Radlobby Nieder\u00f6sterreich<\/title>\n<meta name=\"robots\" content=\"index, follow, max-snippet:-1, max-image-preview:large, max-video-preview:-1\" \/>\n<link rel=\"canonical\" href=\"https:\/\/www.radlobby.org\/noe\/adresse\/\" \/>\n<meta property=\"og:locale\" content=\"de_DE\" \/>\n<meta property=\"og:type\" content=\"article\" \/>\n<meta property=\"og:title\" content=\"Adresse - Radlobby Nieder\u00f6sterreich\" \/>\n<meta property=\"og:description\" content=\"Radlobby Nieder\u00f6sterreich Badstra\u00dfe 18\/1 2340 M\u00f6dling noe.service@radlobby.at Telefonkontakt: Bitte eines der Vorstandsmitglieder anrufen: https:\/\/www.radlobby.org\/noe\/vorstand &nbsp; Anreiseplan auf \u203a Google Maps Pers\u00f6nliche Treffen nach Vereinbarung via Telefon oder Email &#8211; vorzugsweise in Ihrer Region mit den zust\u00e4ndigen \u203a Gruppenverantwortlichen oder online\" \/>\n<meta property=\"og:url\" content=\"https:\/\/www.radlobby.org\/noe\/adresse\/\" \/>\n<meta property=\"og:site_name\" content=\"Radlobby Nieder\u00f6sterreich\" \/>\n<meta property=\"article:publisher\" content=\"https:\/\/www.facebook.com\/groups\/radfahren.in.noe\/\" \/>\n<meta property=\"article:modified_time\" content=\"2024-06-03T08:56:32+00:00\" \/>\n<meta property=\"og:image\" content=\"http:\/\/www.radlobby.org\/noe\/wp-content\/uploads\/2016\/11\/Logo_Radlobby_Niederoesterreich_350px_quer-300x93.gif\" \/>\n<meta name=\"twitter:card\" content=\"summary_large_image\" \/>\n<meta name=\"twitter:label1\" content=\"Gesch\u00e4tzte Lesezeit\" \/>\n\t<meta name=\"twitter:data1\" content=\"1\u00a0Minute\" \/>\n<script type=\"application\/ld+json\" class=\"yoast-schema-graph\">{\"@context\":\"https:\/\/schema.org\",\"@graph\":[{\"@type\":\"WebPage\",\"@id\":\"https:\/\/www.radlobby.org\/noe\/adresse\/\",\"url\":\"https:\/\/www.radlobby.org\/noe\/adresse\/\",\"name\":\"Adresse - Radlobby Nieder\u00f6sterreich\",\"isPartOf\":{\"@id\":\"https:\/\/www.radlobby.org\/noe\/#website\"},\"primaryImageOfPage\":{\"@id\":\"https:\/\/www.radlobby.org\/noe\/adresse\/#primaryimage\"},\"image\":{\"@id\":\"https:\/\/www.radlobby.org\/noe\/adresse\/#primaryimage\"},\"thumbnailUrl\":\"http:\/\/www.radlobby.org\/noe\/wp-content\/uploads\/2016\/11\/Logo_Radlobby_Niederoesterreich_350px_quer-300x93.gif\",\"datePublished\":\"2016-12-03T20:51:25+00:00\",\"dateModified\":\"2024-06-03T08:56:32+00:00\",\"breadcrumb\":{\"@id\":\"https:\/\/www.radlobby.org\/noe\/adresse\/#breadcrumb\"},\"inLanguage\":\"de\",\"potentialAction\":[{\"@type\":\"ReadAction\",\"target\":[\"https:\/\/www.radlobby.org\/noe\/adresse\/\"]}]},{\"@type\":\"ImageObject\",\"inLanguage\":\"de\",\"@id\":\"https:\/\/www.radlobby.org\/noe\/adresse\/#primaryimage\",\"url\":\"https:\/\/www.radlobby.org\/noe\/wp-content\/uploads\/2016\/11\/Logo_Radlobby_Niederoesterreich_350px_quer.gif\",\"contentUrl\":\"https:\/\/www.radlobby.org\/noe\/wp-content\/uploads\/2016\/11\/Logo_Radlobby_Niederoesterreich_350px_quer.gif\",\"width\":350,\"height\":109},{\"@type\":\"BreadcrumbList\",\"@id\":\"https:\/\/www.radlobby.org\/noe\/adresse\/#breadcrumb\",\"itemListElement\":[{\"@type\":\"ListItem\",\"position\":1,\"name\":\"Startseite\",\"item\":\"https:\/\/www.radlobby.org\/noe\/\"},{\"@type\":\"ListItem\",\"position\":2,\"name\":\"Adresse\"}]},{\"@type\":\"WebSite\",\"@id\":\"https:\/\/www.radlobby.org\/noe\/#website\",\"url\":\"https:\/\/www.radlobby.org\/noe\/\",\"name\":\"Radlobby Nieder\u00f6sterreich\",\"description\":\"Radverkehr, Fahrrad, Radfahren, Radreisen, Radtouren, Radweg\",\"publisher\":{\"@id\":\"https:\/\/www.radlobby.org\/noe\/#organization\"},\"potentialAction\":[{\"@type\":\"SearchAction\",\"target\":{\"@type\":\"EntryPoint\",\"urlTemplate\":\"https:\/\/www.radlobby.org\/noe\/?s={search_term_string}\"},\"query-input\":{\"@type\":\"PropertyValueSpecification\",\"valueRequired\":true,\"valueName\":\"search_term_string\"}}],\"inLanguage\":\"de\"},{\"@type\":\"Organization\",\"@id\":\"https:\/\/www.radlobby.org\/noe\/#organization\",\"name\":\"Radlobby Nieder\u00f6sterreich\",\"url\":\"https:\/\/www.radlobby.org\/noe\/\",\"logo\":{\"@type\":\"ImageObject\",\"inLanguage\":\"de\",\"@id\":\"https:\/\/www.radlobby.org\/noe\/#\/schema\/logo\/image\/\",\"url\":\"https:\/\/www.radlobby.org\/noe\/wp-content\/uploads\/2017\/01\/cropped-Logo_Radlobby_Niederoesterreich_50-400px_quer-1.jpg\",\"contentUrl\":\"https:\/\/www.radlobby.org\/noe\/wp-content\/uploads\/2017\/01\/cropped-Logo_Radlobby_Niederoesterreich_50-400px_quer-1.jpg\",\"width\":450,\"height\":124,\"caption\":\"Radlobby Nieder\u00f6sterreich\"},\"image\":{\"@id\":\"https:\/\/www.radlobby.org\/noe\/#\/schema\/logo\/image\/\"},\"sameAs\":[\"https:\/\/www.facebook.com\/groups\/radfahren.in.noe\/\"]}]}<\/script>\n<!-- \/ Yoast SEO plugin. -->","yoast_head_json":{"title":"Adresse - Radlobby Nieder\u00f6sterreich","robots":{"index":"index","follow":"follow","max-snippet":"max-snippet:-1","max-image-preview":"max-image-preview:large","max-video-preview":"max-video-preview:-1"},"canonical":"https:\/\/www.radlobby.org\/noe\/adresse\/","og_locale":"de_DE","og_type":"article","og_title":"Adresse - Radlobby Nieder\u00f6sterreich","og_description":"Radlobby Nieder\u00f6sterreich Badstra\u00dfe 18\/1 2340 M\u00f6dling noe.service@radlobby.at Telefonkontakt: Bitte eines der Vorstandsmitglieder anrufen: https:\/\/www.radlobby.org\/noe\/vorstand &nbsp; Anreiseplan auf \u203a Google Maps Pers\u00f6nliche Treffen nach Vereinbarung via Telefon oder Email &#8211; vorzugsweise in Ihrer Region mit den zust\u00e4ndigen \u203a Gruppenverantwortlichen oder online","og_url":"https:\/\/www.radlobby.org\/noe\/adresse\/","og_site_name":"Radlobby Nieder\u00f6sterreich","article_publisher":"https:\/\/www.facebook.com\/groups\/radfahren.in.noe\/","article_modified_time":"2024-06-03T08:56:32+00:00","og_image":[{"url":"http:\/\/www.radlobby.org\/noe\/wp-content\/uploads\/2016\/11\/Logo_Radlobby_Niederoesterreich_350px_quer-300x93.gif","type":"","width":"","height":""}],"twitter_card":"summary_large_image","twitter_misc":{"Gesch\u00e4tzte Lesezeit":"1\u00a0Minute"},"schema":{"@context":"https:\/\/schema.org","@graph":[{"@type":"WebPage","@id":"https:\/\/www.radlobby.org\/noe\/adresse\/","url":"https:\/\/www.radlobby.org\/noe\/adresse\/","name":"Adresse - Radlobby Nieder\u00f6sterreich","isPartOf":{"@id":"https:\/\/www.radlobby.org\/noe\/#website"},"primaryImageOfPage":{"@id":"https:\/\/www.radlobby.org\/noe\/adresse\/#primaryimage"},"image":{"@id":"https:\/\/www.radlobby.org\/noe\/adresse\/#primaryimage"},"thumbnailUrl":"http:\/\/www.radlobby.org\/noe\/wp-content\/uploads\/2016\/11\/Logo_Radlobby_Niederoesterreich_350px_quer-300x93.gif","datePublished":"2016-12-03T20:51:25+00:00","dateModified":"2024-06-03T08:56:32+00:00","breadcrumb":{"@id":"https:\/\/www.radlobby.org\/noe\/adresse\/#breadcrumb"},"inLanguage":"de","potentialAction":[{"@type":"ReadAction","target":["https:\/\/www.radlobby.org\/noe\/adresse\/"]}]},{"@type":"ImageObject","inLanguage":"de","@id":"https:\/\/www.radlobby.org\/noe\/adresse\/#primaryimage","url":"https:\/\/www.radlobby.org\/noe\/wp-content\/uploads\/2016\/11\/Logo_Radlobby_Niederoesterreich_350px_quer.gif","contentUrl":"https:\/\/www.radlobby.org\/noe\/wp-content\/uploads\/2016\/11\/Logo_Radlobby_Niederoesterreich_350px_quer.gif","width":350,"height":109},{"@type":"BreadcrumbList","@id":"https:\/\/www.radlobby.org\/noe\/adresse\/#breadcrumb","itemListElement":[{"@type":"ListItem","position":1,"name":"Startseite","item":"https:\/\/www.radlobby.org\/noe\/"},{"@type":"ListItem","position":2,"name":"Adresse"}]},{"@type":"WebSite","@id":"https:\/\/www.radlobby.org\/noe\/#website","url":"https:\/\/www.radlobby.org\/noe\/","name":"Radlobby Nieder\u00f6sterreich","description":"Radverkehr, Fahrrad, Radfahren, Radreisen, Radtouren, Radweg","publisher":{"@id":"https:\/\/www.radlobby.org\/noe\/#organization"},"potentialAction":[{"@type":"SearchAction","target":{"@type":"EntryPoint","urlTemplate":"https:\/\/www.radlobby.org\/noe\/?s={search_term_string}"},"query-input":{"@type":"PropertyValueSpecification","valueRequired":true,"valueName":"search_term_string"}}],"inLanguage":"de"},{"@type":"Organization","@id":"https:\/\/www.radlobby.org\/noe\/#organization","name":"Radlobby Nieder\u00f6sterreich","url":"https:\/\/www.radlobby.org\/noe\/","logo":{"@type":"ImageObject","inLanguage":"de","@id":"https:\/\/www.radlobby.org\/noe\/#\/schema\/logo\/image\/","url":"https:\/\/www.radlobby.org\/noe\/wp-content\/uploads\/2017\/01\/cropped-Logo_Radlobby_Niederoesterreich_50-400px_quer-1.jpg","contentUrl":"https:\/\/www.radlobby.org\/noe\/wp-content\/uploads\/2017\/01\/cropped-Logo_Radlobby_Niederoesterreich_50-400px_quer-1.jpg","width":450,"height":124,"caption":"Radlobby Nieder\u00f6sterreich"},"image":{"@id":"https:\/\/www.radlobby.org\/noe\/#\/schema\/logo\/image\/"},"sameAs":["https:\/\/www.facebook.com\/groups\/radfahren.in.noe\/"]}]}},"_links":{"self":[{"href":"https:\/\/www.radlobby.org\/noe\/wp-json\/wp\/v2\/pages\/230","targetHints":{"allow":["GET"]}}],"collection":[{"href":"https:\/\/www.radlobby.org\/noe\/wp-json\/wp\/v2\/pages"}],"about":[{"href":"https:\/\/www.radlobby.org\/noe\/wp-json\/wp\/v2\/types\/page"}],"author":[{"embeddable":true,"href":"https:\/\/www.radlobby.org\/noe\/wp-json\/wp\/v2\/users\/1"}],"replies":[{"embeddable":true,"href":"https:\/\/www.radlobby.org\/noe\/wp-json\/wp\/v2\/comments?post=230"}],"version-history":[{"count":7,"href":"https:\/\/www.radlobby.org\/noe\/wp-json\/wp\/v2\/pages\/230\/revisions"}],"predecessor-version":[{"id":35633,"href":"https:\/\/www.radlobby.org\/noe\/wp-json\/wp\/v2\/pages\/230\/revisions\/35633"}],"wp:attachment":[{"href":"https:\/\/www.radlobby.org\/noe\/wp-json\/wp\/v2\/media?parent=230"}],"curies":[{"name":"wp","href":"https:\/\/api.w.org\/{rel}","templated":true}]}}