{"id":22210,"date":"2022-02-28T08:51:37","date_gmt":"2022-02-28T07:51:37","guid":{"rendered":"https:\/\/www.radlobby.org\/noe\/?page_id=22210"},"modified":"2022-02-28T08:51:37","modified_gmt":"2022-02-28T07:51:37","slug":"gps-standort-und-koordinaten-weitergeben","status":"publish","type":"page","link":"https:\/\/www.radlobby.org\/noe\/gps-standort-und-koordinaten-weitergeben\/","title":{"rendered":"GPS Standort und Koordinaten weitergeben"},"content":{"rendered":"<p><a href=\"https:\/\/www.radlobby.org\/noe\/wp-content\/uploads\/GPS_auf_Google_Maps_erkennen.jpg\" data-src=\"https:\/\/www.radlobby.org\/noe\/wp-content\/uploads\/GPS_auf_Google_Maps_erkennen.jpg\" data-thumb=\"https:\/\/www.radlobby.org\/noe\/wp-content\/uploads\/GPS_auf_Google_Maps_erkennen.jpg\" class=\"ml-lightbox-enabled\"><img loading=\"lazy\" decoding=\"async\" class=\"alignright wp-image-22211 size-full\" src=\"https:\/\/www.radlobby.org\/noe\/wp-content\/uploads\/GPS_auf_Google_Maps_erkennen.jpg\" alt=\"\" width=\"459\" height=\"519\" srcset=\"https:\/\/www.radlobby.org\/noe\/wp-content\/uploads\/GPS_auf_Google_Maps_erkennen.jpg 459w, https:\/\/www.radlobby.org\/noe\/wp-content\/uploads\/GPS_auf_Google_Maps_erkennen-265x300.jpg 265w\" sizes=\"auto, (max-width: 459px) 100vw, 459px\" \/><\/a>Wer einen Standort eines Problems auf einem Radweg anderen \u00fcbermitteln will, kann einfach die GPS Koordinaten weiterleiten.<br \/>\nEs geht am PC ganz einfach!<\/p>\n<ul>\n<li>\u00d6ffne Google Maps: <a href=\"http:\/\/maps.google.com\" target=\"_blank\" rel=\"noopener\">http:\/\/maps.google.com<\/a><\/li>\n<li>Vergr\u00f6\u00dfere die Karte, damit der Standort gut sichtbar ist<\/li>\n<li>Klicke mit der rechten Maustaste auf den Standort<\/li>\n<li>Ein kleines Auswahlfenster erscheint<\/li>\n<li>An oberster Stelle sind die GPS-Koordinaten<\/li>\n<li>Diese Koordinaten mit der linken Maustaste anklicken.<br \/>\nDamit sind sie in der Zwischenablage gespeichert.<br \/>\nMit [Strg+V] k\u00f6nnen die Koordinaten \u00fcberall eingef\u00fcgt werden.<\/li>\n<\/ul>\n<p>&nbsp;<\/p>\n","protected":false},"excerpt":{"rendered":"<p>Wer einen Standort eines Problems auf einem Radweg anderen \u00fcbermitteln will, kann einfach die GPS Koordinaten weiterleiten. Es geht am PC ganz einfach! \u00d6ffne Google Maps: http:\/\/maps.google.com Vergr\u00f6\u00dfere die Karte, damit der Standort gut sichtbar ist Klicke mit der rechten<\/p>\n","protected":false},"author":16,"featured_media":0,"parent":0,"menu_order":0,"comment_status":"closed","ping_status":"closed","template":"","meta":{"footnotes":""},"class_list":["post-22210","page","type-page","status-publish","hentry"],"yoast_head":"<!-- This site is optimized with the Yoast SEO plugin v26.9 - https:\/\/yoast.com\/product\/yoast-seo-wordpress\/ -->\n<title>GPS Standort und Koordinaten weitergeben - Radlobby Nieder\u00f6sterreich<\/title>\n<meta name=\"robots\" content=\"index, follow, max-snippet:-1, max-image-preview:large, max-video-preview:-1\" \/>\n<link rel=\"canonical\" href=\"https:\/\/www.radlobby.org\/noe\/gps-standort-und-koordinaten-weitergeben\/\" \/>\n<meta property=\"og:locale\" content=\"de_DE\" \/>\n<meta property=\"og:type\" content=\"article\" \/>\n<meta property=\"og:title\" content=\"GPS Standort und Koordinaten weitergeben - Radlobby Nieder\u00f6sterreich\" \/>\n<meta property=\"og:description\" content=\"Wer einen Standort eines Problems auf einem Radweg anderen \u00fcbermitteln will, kann einfach die GPS Koordinaten weiterleiten. Es geht am PC ganz einfach! \u00d6ffne Google Maps: http:\/\/maps.google.com Vergr\u00f6\u00dfere die Karte, damit der Standort gut sichtbar ist Klicke mit der rechten\" \/>\n<meta property=\"og:url\" content=\"https:\/\/www.radlobby.org\/noe\/gps-standort-und-koordinaten-weitergeben\/\" \/>\n<meta property=\"og:site_name\" content=\"Radlobby Nieder\u00f6sterreich\" \/>\n<meta property=\"article:publisher\" content=\"https:\/\/www.facebook.com\/groups\/radfahren.in.noe\/\" \/>\n<meta property=\"og:image\" content=\"https:\/\/www.radlobby.org\/noe\/wp-content\/uploads\/GPS_auf_Google_Maps_erkennen.jpg\" \/>\n<meta name=\"twitter:card\" content=\"summary_large_image\" \/>\n<meta name=\"twitter:label1\" content=\"Gesch\u00e4tzte Lesezeit\" \/>\n\t<meta name=\"twitter:data1\" content=\"1\u00a0Minute\" \/>\n<script type=\"application\/ld+json\" class=\"yoast-schema-graph\">{\"@context\":\"https:\/\/schema.org\",\"@graph\":[{\"@type\":\"WebPage\",\"@id\":\"https:\/\/www.radlobby.org\/noe\/gps-standort-und-koordinaten-weitergeben\/\",\"url\":\"https:\/\/www.radlobby.org\/noe\/gps-standort-und-koordinaten-weitergeben\/\",\"name\":\"GPS Standort und Koordinaten weitergeben - Radlobby Nieder\u00f6sterreich\",\"isPartOf\":{\"@id\":\"https:\/\/www.radlobby.org\/noe\/#website\"},\"primaryImageOfPage\":{\"@id\":\"https:\/\/www.radlobby.org\/noe\/gps-standort-und-koordinaten-weitergeben\/#primaryimage\"},\"image\":{\"@id\":\"https:\/\/www.radlobby.org\/noe\/gps-standort-und-koordinaten-weitergeben\/#primaryimage\"},\"thumbnailUrl\":\"https:\/\/www.radlobby.org\/noe\/wp-content\/uploads\/GPS_auf_Google_Maps_erkennen.jpg\",\"datePublished\":\"2022-02-28T07:51:37+00:00\",\"breadcrumb\":{\"@id\":\"https:\/\/www.radlobby.org\/noe\/gps-standort-und-koordinaten-weitergeben\/#breadcrumb\"},\"inLanguage\":\"de\",\"potentialAction\":[{\"@type\":\"ReadAction\",\"target\":[\"https:\/\/www.radlobby.org\/noe\/gps-standort-und-koordinaten-weitergeben\/\"]}]},{\"@type\":\"ImageObject\",\"inLanguage\":\"de\",\"@id\":\"https:\/\/www.radlobby.org\/noe\/gps-standort-und-koordinaten-weitergeben\/#primaryimage\",\"url\":\"https:\/\/www.radlobby.org\/noe\/wp-content\/uploads\/GPS_auf_Google_Maps_erkennen.jpg\",\"contentUrl\":\"https:\/\/www.radlobby.org\/noe\/wp-content\/uploads\/GPS_auf_Google_Maps_erkennen.jpg\",\"width\":459,\"height\":519},{\"@type\":\"BreadcrumbList\",\"@id\":\"https:\/\/www.radlobby.org\/noe\/gps-standort-und-koordinaten-weitergeben\/#breadcrumb\",\"itemListElement\":[{\"@type\":\"ListItem\",\"position\":1,\"name\":\"Startseite\",\"item\":\"https:\/\/www.radlobby.org\/noe\/\"},{\"@type\":\"ListItem\",\"position\":2,\"name\":\"GPS Standort und Koordinaten weitergeben\"}]},{\"@type\":\"WebSite\",\"@id\":\"https:\/\/www.radlobby.org\/noe\/#website\",\"url\":\"https:\/\/www.radlobby.org\/noe\/\",\"name\":\"Radlobby Nieder\u00f6sterreich\",\"description\":\"Radverkehr, Fahrrad, Radfahren, Radreisen, Radtouren, Radweg\",\"publisher\":{\"@id\":\"https:\/\/www.radlobby.org\/noe\/#organization\"},\"potentialAction\":[{\"@type\":\"SearchAction\",\"target\":{\"@type\":\"EntryPoint\",\"urlTemplate\":\"https:\/\/www.radlobby.org\/noe\/?s={search_term_string}\"},\"query-input\":{\"@type\":\"PropertyValueSpecification\",\"valueRequired\":true,\"valueName\":\"search_term_string\"}}],\"inLanguage\":\"de\"},{\"@type\":\"Organization\",\"@id\":\"https:\/\/www.radlobby.org\/noe\/#organization\",\"name\":\"Radlobby Nieder\u00f6sterreich\",\"url\":\"https:\/\/www.radlobby.org\/noe\/\",\"logo\":{\"@type\":\"ImageObject\",\"inLanguage\":\"de\",\"@id\":\"https:\/\/www.radlobby.org\/noe\/#\/schema\/logo\/image\/\",\"url\":\"https:\/\/www.radlobby.org\/noe\/wp-content\/uploads\/2017\/01\/cropped-Logo_Radlobby_Niederoesterreich_50-400px_quer-1.jpg\",\"contentUrl\":\"https:\/\/www.radlobby.org\/noe\/wp-content\/uploads\/2017\/01\/cropped-Logo_Radlobby_Niederoesterreich_50-400px_quer-1.jpg\",\"width\":450,\"height\":124,\"caption\":\"Radlobby Nieder\u00f6sterreich\"},\"image\":{\"@id\":\"https:\/\/www.radlobby.org\/noe\/#\/schema\/logo\/image\/\"},\"sameAs\":[\"https:\/\/www.facebook.com\/groups\/radfahren.in.noe\/\"]}]}<\/script>\n<!-- \/ Yoast SEO plugin. -->","yoast_head_json":{"title":"GPS Standort und Koordinaten weitergeben - Radlobby Nieder\u00f6sterreich","robots":{"index":"index","follow":"follow","max-snippet":"max-snippet:-1","max-image-preview":"max-image-preview:large","max-video-preview":"max-video-preview:-1"},"canonical":"https:\/\/www.radlobby.org\/noe\/gps-standort-und-koordinaten-weitergeben\/","og_locale":"de_DE","og_type":"article","og_title":"GPS Standort und Koordinaten weitergeben - Radlobby Nieder\u00f6sterreich","og_description":"Wer einen Standort eines Problems auf einem Radweg anderen \u00fcbermitteln will, kann einfach die GPS Koordinaten weiterleiten. Es geht am PC ganz einfach! \u00d6ffne Google Maps: http:\/\/maps.google.com Vergr\u00f6\u00dfere die Karte, damit der Standort gut sichtbar ist Klicke mit der rechten","og_url":"https:\/\/www.radlobby.org\/noe\/gps-standort-und-koordinaten-weitergeben\/","og_site_name":"Radlobby Nieder\u00f6sterreich","article_publisher":"https:\/\/www.facebook.com\/groups\/radfahren.in.noe\/","og_image":[{"url":"https:\/\/www.radlobby.org\/noe\/wp-content\/uploads\/GPS_auf_Google_Maps_erkennen.jpg","type":"","width":"","height":""}],"twitter_card":"summary_large_image","twitter_misc":{"Gesch\u00e4tzte Lesezeit":"1\u00a0Minute"},"schema":{"@context":"https:\/\/schema.org","@graph":[{"@type":"WebPage","@id":"https:\/\/www.radlobby.org\/noe\/gps-standort-und-koordinaten-weitergeben\/","url":"https:\/\/www.radlobby.org\/noe\/gps-standort-und-koordinaten-weitergeben\/","name":"GPS Standort und Koordinaten weitergeben - Radlobby Nieder\u00f6sterreich","isPartOf":{"@id":"https:\/\/www.radlobby.org\/noe\/#website"},"primaryImageOfPage":{"@id":"https:\/\/www.radlobby.org\/noe\/gps-standort-und-koordinaten-weitergeben\/#primaryimage"},"image":{"@id":"https:\/\/www.radlobby.org\/noe\/gps-standort-und-koordinaten-weitergeben\/#primaryimage"},"thumbnailUrl":"https:\/\/www.radlobby.org\/noe\/wp-content\/uploads\/GPS_auf_Google_Maps_erkennen.jpg","datePublished":"2022-02-28T07:51:37+00:00","breadcrumb":{"@id":"https:\/\/www.radlobby.org\/noe\/gps-standort-und-koordinaten-weitergeben\/#breadcrumb"},"inLanguage":"de","potentialAction":[{"@type":"ReadAction","target":["https:\/\/www.radlobby.org\/noe\/gps-standort-und-koordinaten-weitergeben\/"]}]},{"@type":"ImageObject","inLanguage":"de","@id":"https:\/\/www.radlobby.org\/noe\/gps-standort-und-koordinaten-weitergeben\/#primaryimage","url":"https:\/\/www.radlobby.org\/noe\/wp-content\/uploads\/GPS_auf_Google_Maps_erkennen.jpg","contentUrl":"https:\/\/www.radlobby.org\/noe\/wp-content\/uploads\/GPS_auf_Google_Maps_erkennen.jpg","width":459,"height":519},{"@type":"BreadcrumbList","@id":"https:\/\/www.radlobby.org\/noe\/gps-standort-und-koordinaten-weitergeben\/#breadcrumb","itemListElement":[{"@type":"ListItem","position":1,"name":"Startseite","item":"https:\/\/www.radlobby.org\/noe\/"},{"@type":"ListItem","position":2,"name":"GPS Standort und Koordinaten weitergeben"}]},{"@type":"WebSite","@id":"https:\/\/www.radlobby.org\/noe\/#website","url":"https:\/\/www.radlobby.org\/noe\/","name":"Radlobby Nieder\u00f6sterreich","description":"Radverkehr, Fahrrad, Radfahren, Radreisen, Radtouren, Radweg","publisher":{"@id":"https:\/\/www.radlobby.org\/noe\/#organization"},"potentialAction":[{"@type":"SearchAction","target":{"@type":"EntryPoint","urlTemplate":"https:\/\/www.radlobby.org\/noe\/?s={search_term_string}"},"query-input":{"@type":"PropertyValueSpecification","valueRequired":true,"valueName":"search_term_string"}}],"inLanguage":"de"},{"@type":"Organization","@id":"https:\/\/www.radlobby.org\/noe\/#organization","name":"Radlobby Nieder\u00f6sterreich","url":"https:\/\/www.radlobby.org\/noe\/","logo":{"@type":"ImageObject","inLanguage":"de","@id":"https:\/\/www.radlobby.org\/noe\/#\/schema\/logo\/image\/","url":"https:\/\/www.radlobby.org\/noe\/wp-content\/uploads\/2017\/01\/cropped-Logo_Radlobby_Niederoesterreich_50-400px_quer-1.jpg","contentUrl":"https:\/\/www.radlobby.org\/noe\/wp-content\/uploads\/2017\/01\/cropped-Logo_Radlobby_Niederoesterreich_50-400px_quer-1.jpg","width":450,"height":124,"caption":"Radlobby Nieder\u00f6sterreich"},"image":{"@id":"https:\/\/www.radlobby.org\/noe\/#\/schema\/logo\/image\/"},"sameAs":["https:\/\/www.facebook.com\/groups\/radfahren.in.noe\/"]}]}},"_links":{"self":[{"href":"https:\/\/www.radlobby.org\/noe\/wp-json\/wp\/v2\/pages\/22210","targetHints":{"allow":["GET"]}}],"collection":[{"href":"https:\/\/www.radlobby.org\/noe\/wp-json\/wp\/v2\/pages"}],"about":[{"href":"https:\/\/www.radlobby.org\/noe\/wp-json\/wp\/v2\/types\/page"}],"author":[{"embeddable":true,"href":"https:\/\/www.radlobby.org\/noe\/wp-json\/wp\/v2\/users\/16"}],"replies":[{"embeddable":true,"href":"https:\/\/www.radlobby.org\/noe\/wp-json\/wp\/v2\/comments?post=22210"}],"version-history":[{"count":0,"href":"https:\/\/www.radlobby.org\/noe\/wp-json\/wp\/v2\/pages\/22210\/revisions"}],"wp:attachment":[{"href":"https:\/\/www.radlobby.org\/noe\/wp-json\/wp\/v2\/media?parent=22210"}],"curies":[{"name":"wp","href":"https:\/\/api.w.org\/{rel}","templated":true}]}}