{"id":21352,"date":"2021-12-19T11:36:01","date_gmt":"2021-12-19T10:36:01","guid":{"rendered":"https:\/\/www.radlobby.org\/noe\/?page_id=21352"},"modified":"2024-03-04T16:46:41","modified_gmt":"2024-03-04T15:46:41","slug":"interne-organisation-der-radlobby-noe-gruppen-und-aktive","status":"publish","type":"page","link":"https:\/\/www.radlobby.org\/noe\/interne-organisation-der-radlobby-noe-gruppen-und-aktive\/","title":{"rendered":"Interne Organisation der Radlobby N\u00d6: Gruppen und Aktive"},"content":{"rendered":"<p><strong>Die Radlobby Nieder\u00f6sterreich hat sehr viele Mitglieder. Ein Teil der Mitglieder ist auch aktiv in der Radlobby. Viele andere unterst\u00fctzen mit ihrem Mitgliedsbeitrag ohne selbst aktiv zu sein.<\/strong><\/p>\n<p>Die Aktiven sind in Gruppen organisiert. Die interne Kooperation mit Datenaustausch und Email ist \u00f6sterreichweit mit <em>Google Workspace f\u00fcr NGOs<\/em> organisiert. Die Radlobby-Gruppen sind sehr unterschiedlich gro\u00df. In kleinen Gemeinden sind es oft nur wenige Aktive. Manche Gruppen haben neben der Kerngruppe ein Umfeld von 20 und mehr Personen, die bei bestimmten Aktivit\u00e4ten mithelfen.<\/p>\n<p>Hier informieren wir \u00fcber die Kooperation:<\/p>\n<table>\n<tbody>\n<tr>\n<td style=\"vertical-align: top;\"><img loading=\"lazy\" decoding=\"async\" class=\"alignnone wp-image-21350\" src=\"https:\/\/www.radlobby.org\/noe\/wp-content\/uploads\/20211218-Sujet-Radlobby-Guppe-300x260.gif\" alt=\"\" width=\"136\" height=\"118\" \/><br \/>\n<span style=\"color: #ffffff;\">_________________________<\/span><\/td>\n<td style=\"vertical-align: top;\"><strong>Die Radlobby Gruppe<\/strong><br \/>\nAb 2 Personen ist eine Gruppe m\u00f6glich. Meist sind es 4-9 Mitglieder. Siehe auch \u203a <a href=\"https:\/\/www.radlobby.org\/noe\/gruppe-gruenden\/\">Gruppe gr\u00fcnden &#8211; so geht das<\/a>.<br \/>\nDie Gruppe trifft sich regelm\u00e4\u00dfig, meist monatlich, manche alle 2 Monate. Es geht um bessere Angebote f\u00fcr den Radverkehr, gemeinsame Ausfl\u00fcge oder \u00f6ffentliche Aktivit\u00e4ten, auch in Zusammenarbeit mit anderen Vereinen oder mit den Gemeinden. 1 Person ist Gruppenverantwortliche.r. Eine Radlobby Gruppe hat eine gemeinsame E-Mail-Adresse: <a href=\"mailto:gruppenname@radlobby.at\"><em>gruppenname<\/em>@radlobby.at<\/a><br \/>\nMails an diese Adresse k\u00f6nnen an alle Gruppenmitglieder weiter gesandt werden.<span style=\"color: #ffffff;\">&#8211;<\/span><\/td>\n<\/tr>\n<tr>\n<td style=\"vertical-align: top;\"><img loading=\"lazy\" decoding=\"async\" class=\"alignnone size-medium wp-image-21349\" src=\"https:\/\/www.radlobby.org\/noe\/wp-content\/uploads\/20211218-Sujet-Radlobby-Guppe-und-Aktive-300x237.gif\" alt=\"\" width=\"300\" height=\"237\" \/><\/td>\n<td style=\"vertical-align: top;\"><strong>Die Aktiven in der Radlobby<\/strong> erg\u00e4nzen die Gruppe.<br \/>\nSie sind nicht regelm\u00e4\u00dfig aktiv, helfen gelegentlich bei Aktivit\u00e4ten. Zusammen mit der Kerngruppe k\u00f6nnen es 10-20 oder mehr Radfahrer.innen sein. Die Radlobby Aktiven haben eine gemeinsame E-Mail-Adresse: <a href=\"mailto:gruppenname.aktive@groups.radlobby.at\"><em>gruppenname.aktive<\/em>@groups.radlobby.at<\/a><br \/>\nMails an diese Adresse k\u00f6nnen an alle Aktiven weiter gesandt werden.<span style=\"color: #ffffff;\">&#8211;<\/span><\/td>\n<\/tr>\n<tr>\n<td style=\"vertical-align: top;\"><img loading=\"lazy\" decoding=\"async\" class=\"alignnone wp-image-21348\" src=\"https:\/\/www.radlobby.org\/noe\/wp-content\/uploads\/20211218-Sujet-Radlobby-Guppenverantwortliche-138x300.gif\" alt=\"\" width=\"46\" height=\"100\" \/><\/td>\n<td style=\"vertical-align: top;\"><strong>Gruppenverantwortliche<\/strong><br \/>\nk\u00fcmmern sich um den Zusammenhalt und den \u00dcberblick. Sie vertreten die Radlobby vor Ort offiziell. Gruppenverantwortliche haben auf jeden Fall eine Email-Adresse: <a href=\"mailto:vorname.zuname@radlobby.at\"><em>vorname.zuname<\/em>@radlobby.at<\/a><span style=\"color: #ffffff;\">&#8211;<\/span><\/td>\n<\/tr>\n<tr>\n<td style=\"vertical-align: top;\"><img loading=\"lazy\" decoding=\"async\" class=\"alignnone wp-image-21351\" src=\"https:\/\/www.radlobby.org\/noe\/wp-content\/uploads\/20211218-Sujet-Radlobby-Aktive-mit-radlobby.at-Adresse-138x300.gif\" alt=\"\" width=\"46\" height=\"100\" \/> <img loading=\"lazy\" decoding=\"async\" class=\"alignnone wp-image-21347\" src=\"https:\/\/www.radlobby.org\/noe\/wp-content\/uploads\/20211218-Sujet-Radlobby-Aktive-ohne-radlobby.at-Adresse-138x300.gif\" alt=\"\" width=\"46\" height=\"100\" \/><\/td>\n<td style=\"vertical-align: top;\"><strong>Teammitglieder und Aktive<\/strong><br \/>\nhaben die Berechtigung zur Nutzung der<br \/>\nGoogle Workspace-Ablage <em>Radlobby Nieder\u00f6sterreich Aktive<\/em>. Sie bekommen auf Vorschlag der Gruppenverantwortlichen Zugang zu den Daten. Sie m\u00fcssen dazu ein privates Google-Konto angeben, dessen Email-Adresse den Namen eindeutig darstellt: idealerweise <a href=\"mailto:vorname.zuname@gmail.com\"><em>vorname.zuname<\/em>@gmail.com<\/a>. Eine eigene <a style=\"font-family: inherit; font-size: inherit;\" href=\"mailto:vorname.zuname@radlobby.at\"><em>vorname.zuname<\/em>@radlobby.at<\/a><span style=\"font-family: inherit; font-size: inherit;\">-Adresse ist auch f\u00fcr Aktive Mitglieder m\u00f6glich, wenn sie f\u00fcr die Radlobby kommunizieren m\u00fcssen &#8211; zB. an die Gemeinde oder Presse.<br \/>\nDer Unterschied von hellblauer und dunkelblauer Grafik ist nur die Email-Adresse. Aktive sind gleichberechtigt, egal ob sie eine private Adresse oder eine pers\u00f6nliche Radlobby Adresse haben.<\/span><\/td>\n<\/tr>\n<tr>\n<td style=\"vertical-align: top;\"><\/td>\n<td style=\"vertical-align: top;\">&nbsp;<\/p>\n<p><span style=\"color: #ffffff;\">&#8212;<\/span><\/td>\n<\/tr>\n<tr>\n<td style=\"vertical-align: top;\"><strong><img loading=\"lazy\" decoding=\"async\" class=\"alignnone wp-image-21360\" src=\"https:\/\/www.radlobby.org\/noe\/wp-content\/uploads\/Google-workspace-Logos-300x279.gif\" alt=\"\" width=\"179\" height=\"167\" \/><\/strong><\/td>\n<td style=\"vertical-align: top;\"><strong>Google Workspace bietet der Radlobby viele Anwendungen<\/strong><\/p>\n<p>Die Radlobby \u00d6sterreich nutzt \u00bb <a href=\"https:\/\/workspace.google.com\/intl\/de\/features\/\" target=\"_blank\" rel=\"noopener\">Google Workspace<\/a> f\u00fcr NGOs.<br \/>\nVoraussetzung ist ein privates Google-Konto dessen Email-Adresse den Namen klar macht: idealerweise <a href=\"mailto:vorname.zuname@gmail.com\"><em>vorname.zuname<\/em>@gmail.com<\/a><br \/>\nOder Aktive haben eine pers\u00f6nliche Radlobby-Adresse: <a href=\"mailto:vorname.zuname@radlobby.at\"><em>vorname.zuname<\/em>@radlobby.at<\/a><\/p>\n<table>\n<tbody>\n<tr>\n<td style=\"vertical-align: top;\">mail.google.com<\/td>\n<td style=\"vertical-align: top;\"><strong>Emails empfangen<\/strong>, senden, verwalten<br \/>\nmit der pers\u00f6nlichen Adresse:<br \/>\n<a href=\"mailto:vorname.zuname@radlobby.at\"><em>vorname.zuname<\/em>@radlobby.at<\/a><\/td>\n<\/tr>\n<tr>\n<td style=\"vertical-align: top;\">groups.google.com<\/td>\n<td style=\"vertical-align: top;\"><strong>Gruppenadresse<\/strong> &#8211; Google-Group<br \/>\n<a href=\"mailto:gruppenname@radlobby.at\"><em>gruppenname<\/em>@radlobby.at<\/a><br \/>\n<a href=\"mailto:gruppenname.aktive@groups.radlobby.at\"><em>gruppenname.aktive<\/em>@groups.radlobby.at<\/a><\/td>\n<\/tr>\n<tr>\n<td style=\"vertical-align: top;\">drive.google.com<\/td>\n<td style=\"vertical-align: top;\"><strong>Die pers\u00f6nliche Festplatte<\/strong><br \/>\n\u00dcber <em>Geteilte Ablagen<\/em> kommt man zum Radlobby N\u00d6 Verzeichnis<\/td>\n<\/tr>\n<tr>\n<td style=\"vertical-align: top;\">meet.google.com<\/td>\n<td style=\"vertical-align: top;\"><strong>Videokonferenzen<\/strong> &#8230; ideal bei weiten Entfernungen der Teilnehmenden.<\/td>\n<\/tr>\n<tr>\n<td style=\"vertical-align: top;\">calendar.google.com<\/td>\n<td style=\"vertical-align: top;\"><strong>Der pers\u00f6nliche Kalender<\/strong>, in dem auch \u00f6ffentliche Termine des <strong>Fahrradkalender<\/strong>s der Radlobby-Homepage eintragbar sind.<\/td>\n<\/tr>\n<tr>\n<td style=\"vertical-align: top;\">docs.google.com<\/td>\n<td style=\"vertical-align: top;\"><strong>Textverarbeitung<\/strong> direkt im Webbrowser &#8211; wie Word. Zum Beispiel Protokolle gleich direkt im Gruppenordner schreiben.<\/td>\n<\/tr>\n<tr>\n<td style=\"vertical-align: top;\">spreadsheets.google.com<\/td>\n<td style=\"vertical-align: top;\"><strong>Tabellen<\/strong> direkt im Webbrowser &#8211; wie Excel.<\/td>\n<\/tr>\n<tr>\n<td style=\"vertical-align: top;\">mymaps.google.com<\/td>\n<td style=\"vertical-align: top;\"><strong>Eigene Karten auf Google\/Maps<\/strong> zeichnen.<\/td>\n<\/tr>\n<tr>\n<td style=\"vertical-align: top;\">&#8230; .google.com<\/td>\n<td style=\"vertical-align: top;\">und viele weitere Anwendungen &#8230; Grafik, Notitzen, Formulare, Webseiten, Pr\u00e4sentationen, Kontakverwaltung &#8230;<\/td>\n<\/tr>\n<\/tbody>\n<\/table>\n<p>&nbsp;<\/td>\n<\/tr>\n<tr>\n<td style=\"vertical-align: top;\">\n<h6>Radlobby-Signatur<\/h6>\n<\/td>\n<td style=\"vertical-align: top;\"><strong>Die Datenschutzgrundverordnung<\/strong> &#8211; DSGVO &#8211; schreibt vor, dass alle Emails &#8211; privat oder von Vereinen oder Firmen &#8211; mit einer Signatur ausgestattet sein m\u00fcssen. Als Verein sind wir verpflichtet, unsere Angaben vollst\u00e4ndig zu ver\u00f6ffentlichen. Die Signatur kann unterhalb jeder Email angeh\u00e4ngt sein. Jede Email-Software ist in der Lage, eine Signatur automatisch anzuh\u00e4ngen. Bei Fragen bitte im Radlobby B\u00fcro anrufen.<\/p>\n<p><strong>Hier ist die Vorlage f\u00fcr Gruppenverantwortliche:<\/strong><\/p>\n<p><span style=\"color: #004b67;\">\u2013\u2013\u2013\u2013\u2013\u2013\u2013\u2013\u2013\u2013\u2013\u2013\u2013\u2013\u2013\u2013\u2013\u2013\u2013\u2013\u2013\u2013\u2013\u2013\u2013\u2013\u2013\u2013\u2013\u2013\u2013\u2013\u2013\u2013\u2013\u2013\u2013\u2013\u2013\u2013\u2013\u2013\u2013\u2013\u2013<\/span><br \/>\n<span style=\"color: #004b67;\">Vorname Zuname<\/span><br \/>\n<span style=\"color: #004b67;\">Gruppenverantwortliche.r Radlobby Gruppenname<\/span><br \/>\n<span style=\"color: #004b67;\">Plz Ort, Stra\u00dfe\u00a0 \u00b7 Telefon<\/span><br \/>\n<span style=\"color: #004b67;\">vorname.zuname@radlobby.at\u00a0 \u00a0\u00b7\u00a0 \u00a0gruppe.radlobby.at<\/span><br \/>\n<span style=\"color: #004b67;\">\u2013\u2013\u2013\u2013\u2013\u2013\u2013\u2013\u2013\u2013\u2013\u2013\u2013\u2013\u2013\u2013\u2013\u2013\u2013\u2013\u2013\u2013\u2013\u2013\u2013\u2013\u2013\u2013\u2013\u2013\u2013\u2013\u2013\u2013\u2013\u2013\u2013\u2013\u2013\u2013\u2013\u2013\u2013\u2013\u2013<\/span><br \/>\n<span style=\"color: #004b67;\">Radlobby Nieder\u00f6sterreich: ZVR 853797691<\/span><br \/>\n<span style=\"color: #004b67;\">Der Verein Radlobby Nieder\u00f6sterreich ist Mitglied des<\/span><br \/>\n<span style=\"color: #004b67;\">Bundesverbandes Radlobby \u00d6sterreich \u00b7 radlobby.at<\/span><br \/>\n<span style=\"color: #004b67;\">\u2013\u2013\u2013\u2013\u2013\u2013\u2013\u2013\u2013\u2013\u2013\u2013\u2013\u2013\u2013\u2013\u2013\u2013\u2013\u2013\u2013\u2013\u2013\u2013\u2013\u2013\u2013\u2013\u2013\u2013\u2013\u2013\u2013\u2013\u2013\u2013\u2013\u2013\u2013\u2013\u2013\u2013\u2013\u2013\u2013<\/span><\/p>\n<p><strong>Hier ist die Vorlage f\u00fcr aktive Gruppenmitglieder:<br \/>\n<\/strong><\/p>\n<p><span style=\"color: #004b67;\">\u2013\u2013\u2013\u2013\u2013\u2013\u2013\u2013\u2013\u2013\u2013\u2013\u2013\u2013\u2013\u2013\u2013\u2013\u2013\u2013\u2013\u2013\u2013\u2013\u2013\u2013\u2013\u2013\u2013\u2013\u2013\u2013\u2013\u2013\u2013\u2013\u2013\u2013\u2013\u2013\u2013\u2013\u2013\u2013\u2013<\/span><br \/>\n<span style=\"color: #004b67;\">Vorname Zuname<\/span><br \/>\n<span style=\"color: #004b67;\">Aktiv in der Radlobby Gruppenname<\/span><br \/>\n<span style=\"color: #004b67;\">Plz Ort, Stra\u00dfe\u00a0 \u00b7 [ optional Telefon ]<\/span><br \/>\n<span style=\"color: #004b67;\">vorname.zuname@radlobby.at [oder optional private Email-Adresse]\u00a0 \u00a0\u00b7\u00a0 \u00a0gruppe.radlobby.at<\/span><br \/>\n<span style=\"color: #004b67;\">\u2013\u2013\u2013\u2013\u2013\u2013\u2013\u2013\u2013\u2013\u2013\u2013\u2013\u2013\u2013\u2013\u2013\u2013\u2013\u2013\u2013\u2013\u2013\u2013\u2013\u2013\u2013\u2013\u2013\u2013\u2013\u2013\u2013\u2013\u2013\u2013\u2013\u2013\u2013\u2013\u2013\u2013\u2013\u2013\u2013<\/span><br \/>\n<span style=\"color: #004b67;\">Radlobby Nieder\u00f6sterreich: ZVR 853797691<\/span><br \/>\n<span style=\"color: #004b67;\">Der Verein Radlobby Nieder\u00f6sterreich ist Mitglied des<\/span><br \/>\n<span style=\"color: #004b67;\">Bundesverbandes Radlobby \u00d6sterreich \u00b7 radlobby.at<\/span><br \/>\n<span style=\"color: #004b67;\">\u2013\u2013\u2013\u2013\u2013\u2013\u2013\u2013\u2013\u2013\u2013\u2013\u2013\u2013\u2013\u2013\u2013\u2013\u2013\u2013\u2013\u2013\u2013\u2013\u2013\u2013\u2013\u2013\u2013\u2013\u2013\u2013\u2013\u2013\u2013\u2013\u2013\u2013\u2013\u2013\u2013\u2013\u2013\u2013\u2013<\/span><\/p>\n<p>&nbsp;<\/td>\n<\/tr>\n<tr>\n<td style=\"vertical-align: top;\"><\/td>\n<td style=\"vertical-align: top;\"><\/td>\n<\/tr>\n<tr>\n<td style=\"vertical-align: top;\"><\/td>\n<td style=\"vertical-align: top;\"><\/td>\n<\/tr>\n<tr>\n<td style=\"vertical-align: top;\"><\/td>\n<td style=\"vertical-align: top;\"><\/td>\n<\/tr>\n<\/tbody>\n<\/table>\n<p>&nbsp;<\/p>\n","protected":false},"excerpt":{"rendered":"<p>Die Radlobby Nieder\u00f6sterreich hat sehr viele Mitglieder. Ein Teil der Mitglieder ist auch aktiv in der Radlobby. Viele andere unterst\u00fctzen mit ihrem Mitgliedsbeitrag ohne selbst aktiv zu sein. Die Aktiven sind in Gruppen organisiert. Die interne Kooperation mit Datenaustausch und<\/p>\n","protected":false},"author":16,"featured_media":0,"parent":0,"menu_order":0,"comment_status":"closed","ping_status":"closed","template":"","meta":{"footnotes":""},"class_list":["post-21352","page","type-page","status-publish","hentry"],"yoast_head":"<!-- This site is optimized with the Yoast SEO plugin v26.9 - https:\/\/yoast.com\/product\/yoast-seo-wordpress\/ -->\n<title>Interne Organisation der Radlobby N\u00d6: Gruppen und Aktive - Radlobby Nieder\u00f6sterreich<\/title>\n<meta name=\"robots\" content=\"index, follow, max-snippet:-1, max-image-preview:large, max-video-preview:-1\" \/>\n<link rel=\"canonical\" href=\"https:\/\/www.radlobby.org\/noe\/interne-organisation-der-radlobby-noe-gruppen-und-aktive\/\" \/>\n<meta property=\"og:locale\" content=\"de_DE\" \/>\n<meta property=\"og:type\" content=\"article\" \/>\n<meta property=\"og:title\" content=\"Interne Organisation der Radlobby N\u00d6: Gruppen und Aktive - Radlobby Nieder\u00f6sterreich\" \/>\n<meta property=\"og:description\" content=\"Die Radlobby Nieder\u00f6sterreich hat sehr viele Mitglieder. Ein Teil der Mitglieder ist auch aktiv in der Radlobby. Viele andere unterst\u00fctzen mit ihrem Mitgliedsbeitrag ohne selbst aktiv zu sein. Die Aktiven sind in Gruppen organisiert. Die interne Kooperation mit Datenaustausch und\" \/>\n<meta property=\"og:url\" content=\"https:\/\/www.radlobby.org\/noe\/interne-organisation-der-radlobby-noe-gruppen-und-aktive\/\" \/>\n<meta property=\"og:site_name\" content=\"Radlobby Nieder\u00f6sterreich\" \/>\n<meta property=\"article:publisher\" content=\"https:\/\/www.facebook.com\/groups\/radfahren.in.noe\/\" \/>\n<meta property=\"article:modified_time\" content=\"2024-03-04T15:46:41+00:00\" \/>\n<meta property=\"og:image\" content=\"https:\/\/www.radlobby.org\/noe\/wp-content\/uploads\/20211218-Sujet-Radlobby-Guppe-300x260.gif\" \/>\n<meta name=\"twitter:card\" content=\"summary_large_image\" \/>\n<meta name=\"twitter:label1\" content=\"Gesch\u00e4tzte Lesezeit\" \/>\n\t<meta name=\"twitter:data1\" content=\"5\u00a0Minuten\" \/>\n<script type=\"application\/ld+json\" class=\"yoast-schema-graph\">{\"@context\":\"https:\/\/schema.org\",\"@graph\":[{\"@type\":\"WebPage\",\"@id\":\"https:\/\/www.radlobby.org\/noe\/interne-organisation-der-radlobby-noe-gruppen-und-aktive\/\",\"url\":\"https:\/\/www.radlobby.org\/noe\/interne-organisation-der-radlobby-noe-gruppen-und-aktive\/\",\"name\":\"Interne Organisation der Radlobby N\u00d6: Gruppen und Aktive - Radlobby Nieder\u00f6sterreich\",\"isPartOf\":{\"@id\":\"https:\/\/www.radlobby.org\/noe\/#website\"},\"primaryImageOfPage\":{\"@id\":\"https:\/\/www.radlobby.org\/noe\/interne-organisation-der-radlobby-noe-gruppen-und-aktive\/#primaryimage\"},\"image\":{\"@id\":\"https:\/\/www.radlobby.org\/noe\/interne-organisation-der-radlobby-noe-gruppen-und-aktive\/#primaryimage\"},\"thumbnailUrl\":\"https:\/\/www.radlobby.org\/noe\/wp-content\/uploads\/20211218-Sujet-Radlobby-Guppe-300x260.gif\",\"datePublished\":\"2021-12-19T10:36:01+00:00\",\"dateModified\":\"2024-03-04T15:46:41+00:00\",\"breadcrumb\":{\"@id\":\"https:\/\/www.radlobby.org\/noe\/interne-organisation-der-radlobby-noe-gruppen-und-aktive\/#breadcrumb\"},\"inLanguage\":\"de\",\"potentialAction\":[{\"@type\":\"ReadAction\",\"target\":[\"https:\/\/www.radlobby.org\/noe\/interne-organisation-der-radlobby-noe-gruppen-und-aktive\/\"]}]},{\"@type\":\"ImageObject\",\"inLanguage\":\"de\",\"@id\":\"https:\/\/www.radlobby.org\/noe\/interne-organisation-der-radlobby-noe-gruppen-und-aktive\/#primaryimage\",\"url\":\"https:\/\/www.radlobby.org\/noe\/wp-content\/uploads\/20211218-Sujet-Radlobby-Guppe.gif\",\"contentUrl\":\"https:\/\/www.radlobby.org\/noe\/wp-content\/uploads\/20211218-Sujet-Radlobby-Guppe.gif\",\"width\":538,\"height\":467},{\"@type\":\"BreadcrumbList\",\"@id\":\"https:\/\/www.radlobby.org\/noe\/interne-organisation-der-radlobby-noe-gruppen-und-aktive\/#breadcrumb\",\"itemListElement\":[{\"@type\":\"ListItem\",\"position\":1,\"name\":\"Startseite\",\"item\":\"https:\/\/www.radlobby.org\/noe\/\"},{\"@type\":\"ListItem\",\"position\":2,\"name\":\"Interne Organisation der Radlobby N\u00d6: Gruppen und Aktive\"}]},{\"@type\":\"WebSite\",\"@id\":\"https:\/\/www.radlobby.org\/noe\/#website\",\"url\":\"https:\/\/www.radlobby.org\/noe\/\",\"name\":\"Radlobby Nieder\u00f6sterreich\",\"description\":\"Radverkehr, Fahrrad, Radfahren, Radreisen, Radtouren, Radweg\",\"publisher\":{\"@id\":\"https:\/\/www.radlobby.org\/noe\/#organization\"},\"potentialAction\":[{\"@type\":\"SearchAction\",\"target\":{\"@type\":\"EntryPoint\",\"urlTemplate\":\"https:\/\/www.radlobby.org\/noe\/?s={search_term_string}\"},\"query-input\":{\"@type\":\"PropertyValueSpecification\",\"valueRequired\":true,\"valueName\":\"search_term_string\"}}],\"inLanguage\":\"de\"},{\"@type\":\"Organization\",\"@id\":\"https:\/\/www.radlobby.org\/noe\/#organization\",\"name\":\"Radlobby Nieder\u00f6sterreich\",\"url\":\"https:\/\/www.radlobby.org\/noe\/\",\"logo\":{\"@type\":\"ImageObject\",\"inLanguage\":\"de\",\"@id\":\"https:\/\/www.radlobby.org\/noe\/#\/schema\/logo\/image\/\",\"url\":\"https:\/\/www.radlobby.org\/noe\/wp-content\/uploads\/2017\/01\/cropped-Logo_Radlobby_Niederoesterreich_50-400px_quer-1.jpg\",\"contentUrl\":\"https:\/\/www.radlobby.org\/noe\/wp-content\/uploads\/2017\/01\/cropped-Logo_Radlobby_Niederoesterreich_50-400px_quer-1.jpg\",\"width\":450,\"height\":124,\"caption\":\"Radlobby Nieder\u00f6sterreich\"},\"image\":{\"@id\":\"https:\/\/www.radlobby.org\/noe\/#\/schema\/logo\/image\/\"},\"sameAs\":[\"https:\/\/www.facebook.com\/groups\/radfahren.in.noe\/\"]}]}<\/script>\n<!-- \/ Yoast SEO plugin. -->","yoast_head_json":{"title":"Interne Organisation der Radlobby N\u00d6: Gruppen und Aktive - Radlobby Nieder\u00f6sterreich","robots":{"index":"index","follow":"follow","max-snippet":"max-snippet:-1","max-image-preview":"max-image-preview:large","max-video-preview":"max-video-preview:-1"},"canonical":"https:\/\/www.radlobby.org\/noe\/interne-organisation-der-radlobby-noe-gruppen-und-aktive\/","og_locale":"de_DE","og_type":"article","og_title":"Interne Organisation der Radlobby N\u00d6: Gruppen und Aktive - Radlobby Nieder\u00f6sterreich","og_description":"Die Radlobby Nieder\u00f6sterreich hat sehr viele Mitglieder. Ein Teil der Mitglieder ist auch aktiv in der Radlobby. Viele andere unterst\u00fctzen mit ihrem Mitgliedsbeitrag ohne selbst aktiv zu sein. Die Aktiven sind in Gruppen organisiert. Die interne Kooperation mit Datenaustausch und","og_url":"https:\/\/www.radlobby.org\/noe\/interne-organisation-der-radlobby-noe-gruppen-und-aktive\/","og_site_name":"Radlobby Nieder\u00f6sterreich","article_publisher":"https:\/\/www.facebook.com\/groups\/radfahren.in.noe\/","article_modified_time":"2024-03-04T15:46:41+00:00","og_image":[{"url":"https:\/\/www.radlobby.org\/noe\/wp-content\/uploads\/20211218-Sujet-Radlobby-Guppe-300x260.gif","type":"","width":"","height":""}],"twitter_card":"summary_large_image","twitter_misc":{"Gesch\u00e4tzte Lesezeit":"5\u00a0Minuten"},"schema":{"@context":"https:\/\/schema.org","@graph":[{"@type":"WebPage","@id":"https:\/\/www.radlobby.org\/noe\/interne-organisation-der-radlobby-noe-gruppen-und-aktive\/","url":"https:\/\/www.radlobby.org\/noe\/interne-organisation-der-radlobby-noe-gruppen-und-aktive\/","name":"Interne Organisation der Radlobby N\u00d6: Gruppen und Aktive - Radlobby Nieder\u00f6sterreich","isPartOf":{"@id":"https:\/\/www.radlobby.org\/noe\/#website"},"primaryImageOfPage":{"@id":"https:\/\/www.radlobby.org\/noe\/interne-organisation-der-radlobby-noe-gruppen-und-aktive\/#primaryimage"},"image":{"@id":"https:\/\/www.radlobby.org\/noe\/interne-organisation-der-radlobby-noe-gruppen-und-aktive\/#primaryimage"},"thumbnailUrl":"https:\/\/www.radlobby.org\/noe\/wp-content\/uploads\/20211218-Sujet-Radlobby-Guppe-300x260.gif","datePublished":"2021-12-19T10:36:01+00:00","dateModified":"2024-03-04T15:46:41+00:00","breadcrumb":{"@id":"https:\/\/www.radlobby.org\/noe\/interne-organisation-der-radlobby-noe-gruppen-und-aktive\/#breadcrumb"},"inLanguage":"de","potentialAction":[{"@type":"ReadAction","target":["https:\/\/www.radlobby.org\/noe\/interne-organisation-der-radlobby-noe-gruppen-und-aktive\/"]}]},{"@type":"ImageObject","inLanguage":"de","@id":"https:\/\/www.radlobby.org\/noe\/interne-organisation-der-radlobby-noe-gruppen-und-aktive\/#primaryimage","url":"https:\/\/www.radlobby.org\/noe\/wp-content\/uploads\/20211218-Sujet-Radlobby-Guppe.gif","contentUrl":"https:\/\/www.radlobby.org\/noe\/wp-content\/uploads\/20211218-Sujet-Radlobby-Guppe.gif","width":538,"height":467},{"@type":"BreadcrumbList","@id":"https:\/\/www.radlobby.org\/noe\/interne-organisation-der-radlobby-noe-gruppen-und-aktive\/#breadcrumb","itemListElement":[{"@type":"ListItem","position":1,"name":"Startseite","item":"https:\/\/www.radlobby.org\/noe\/"},{"@type":"ListItem","position":2,"name":"Interne Organisation der Radlobby N\u00d6: Gruppen und Aktive"}]},{"@type":"WebSite","@id":"https:\/\/www.radlobby.org\/noe\/#website","url":"https:\/\/www.radlobby.org\/noe\/","name":"Radlobby Nieder\u00f6sterreich","description":"Radverkehr, Fahrrad, Radfahren, Radreisen, Radtouren, Radweg","publisher":{"@id":"https:\/\/www.radlobby.org\/noe\/#organization"},"potentialAction":[{"@type":"SearchAction","target":{"@type":"EntryPoint","urlTemplate":"https:\/\/www.radlobby.org\/noe\/?s={search_term_string}"},"query-input":{"@type":"PropertyValueSpecification","valueRequired":true,"valueName":"search_term_string"}}],"inLanguage":"de"},{"@type":"Organization","@id":"https:\/\/www.radlobby.org\/noe\/#organization","name":"Radlobby Nieder\u00f6sterreich","url":"https:\/\/www.radlobby.org\/noe\/","logo":{"@type":"ImageObject","inLanguage":"de","@id":"https:\/\/www.radlobby.org\/noe\/#\/schema\/logo\/image\/","url":"https:\/\/www.radlobby.org\/noe\/wp-content\/uploads\/2017\/01\/cropped-Logo_Radlobby_Niederoesterreich_50-400px_quer-1.jpg","contentUrl":"https:\/\/www.radlobby.org\/noe\/wp-content\/uploads\/2017\/01\/cropped-Logo_Radlobby_Niederoesterreich_50-400px_quer-1.jpg","width":450,"height":124,"caption":"Radlobby Nieder\u00f6sterreich"},"image":{"@id":"https:\/\/www.radlobby.org\/noe\/#\/schema\/logo\/image\/"},"sameAs":["https:\/\/www.facebook.com\/groups\/radfahren.in.noe\/"]}]}},"_links":{"self":[{"href":"https:\/\/www.radlobby.org\/noe\/wp-json\/wp\/v2\/pages\/21352","targetHints":{"allow":["GET"]}}],"collection":[{"href":"https:\/\/www.radlobby.org\/noe\/wp-json\/wp\/v2\/pages"}],"about":[{"href":"https:\/\/www.radlobby.org\/noe\/wp-json\/wp\/v2\/types\/page"}],"author":[{"embeddable":true,"href":"https:\/\/www.radlobby.org\/noe\/wp-json\/wp\/v2\/users\/16"}],"replies":[{"embeddable":true,"href":"https:\/\/www.radlobby.org\/noe\/wp-json\/wp\/v2\/comments?post=21352"}],"version-history":[{"count":3,"href":"https:\/\/www.radlobby.org\/noe\/wp-json\/wp\/v2\/pages\/21352\/revisions"}],"predecessor-version":[{"id":34037,"href":"https:\/\/www.radlobby.org\/noe\/wp-json\/wp\/v2\/pages\/21352\/revisions\/34037"}],"wp:attachment":[{"href":"https:\/\/www.radlobby.org\/noe\/wp-json\/wp\/v2\/media?parent=21352"}],"curies":[{"name":"wp","href":"https:\/\/api.w.org\/{rel}","templated":true}]}}