{"id":20363,"date":"2021-09-24T09:37:35","date_gmt":"2021-09-24T07:37:35","guid":{"rendered":"https:\/\/www.radlobby.org\/noe\/?page_id=20363"},"modified":"2023-12-14T23:03:57","modified_gmt":"2023-12-14T22:03:57","slug":"karriere","status":"publish","type":"page","link":"https:\/\/www.radlobby.org\/noe\/karriere\/","title":{"rendered":"Karriere im Bereich Fahrrad \u00b7 haupt- und ehrenamtlich"},"content":{"rendered":"<h4>Rund ums Fahrrad entstehen immer mehr Karriereangebote<\/h4>\n<p>Die Fahrradwirtschaft ist ein wachsender vielf\u00e4ltiger Wirtschaftszweig.<br \/>\nEs gibt immer mehr Radwerkst\u00e4tten, Fahrradhandelsbetriebe, Fahrradtourismus, wissenschaftliche Projekte, Fahrrad-Instustrie, Vertrieb, Mobilit\u00e4tsberatung, etc.<br \/>\nWir m\u00f6chten hier aktuelle Angebote verlinken. Die Radlobby N\u00d6 bietet nur die Plattform zur Information und kann f\u00fcr die Qualit\u00e4t der Angebote keine Aussage treffen.<\/p>\n<table>\n<tbody>\n<tr>\n<td style=\"vertical-align: top;\">\n<ul>\n<li><a href=\"https:\/\/www.karriere.at\/jobs\/fahrrad\">karriere.at\/jobs\/fahrrad<\/a><\/li>\n<li><a href=\"https:\/\/www.karriere.at\/jobs\/verkehr\">karriere.at\/jobs\/verkehr<\/a><\/li>\n<li><a href=\"https:\/\/www.metajob.at\/fahrrad\">metajob.at\/fahrrad<\/a><\/li>\n<li><a href=\"https:\/\/www.google.com\/search?q=Jobs+fahrradbranche+%C3%96sterreich\">Google Fahrradbranche \u00d6sterreich<\/a><\/li>\n<\/ul>\n<\/td>\n<td style=\"vertical-align: top;\">\n<ul>\n<li><a href=\"https:\/\/www.eurobike.at\/de\/ueber-uns\/infos-und-mehr\/jobs\" target=\"_blank\" rel=\"noopener\">Eurobike<\/a><\/li>\n<li><a href=\"https:\/\/www.touristik.at\/meta-navigation-1\/karriere.html\" target=\"_blank\" rel=\"noopener\">O\u00d6 Touristik<\/a><\/li>\n<\/ul>\n<\/td>\n<\/tr>\n<\/tbody>\n<\/table>\n<h4>Die Radlobby Nieder\u00f6sterreich ist ehrenamtlich aktiv<\/h4>\n<p><a href=\"https:\/\/www.radlobby.org\/noe\/wp-content\/uploads\/20191117-RL\u00d6-Herbstakademie-c-Karl-Zauner-IMG_7260-1200PX.jpg\" data-src=\"https:\/\/www.radlobby.org\/noe\/wp-content\/uploads\/20191117-RL\u00d6-Herbstakademie-c-Karl-Zauner-IMG_7260-1200PX.jpg\" data-thumb=\"https:\/\/www.radlobby.org\/noe\/wp-content\/uploads\/20191117-RL\u00d6-Herbstakademie-c-Karl-Zauner-IMG_7260-1200PX.jpg\" class=\"ml-lightbox-enabled\"><img loading=\"lazy\" decoding=\"async\" class=\"alignright wp-image-11962\" src=\"https:\/\/www.radlobby.org\/noe\/wp-content\/uploads\/20191117-RL\u00d6-Herbstakademie-c-Karl-Zauner-IMG_7260-1200PX.jpg\" alt=\"Bild: Essensausgabe anl\u00e4sslich der Herbstakademie der Radlobby im Bildungszentrum St. Bernhard, Wiener Neustadt.\" width=\"350\" height=\"233\" srcset=\"https:\/\/www.radlobby.org\/noe\/wp-content\/uploads\/20191117-RL\u00d6-Herbstakademie-c-Karl-Zauner-IMG_7260-1200PX.jpg 1200w, https:\/\/www.radlobby.org\/noe\/wp-content\/uploads\/20191117-RL\u00d6-Herbstakademie-c-Karl-Zauner-IMG_7260-1200PX-300x200.jpg 300w, https:\/\/www.radlobby.org\/noe\/wp-content\/uploads\/20191117-RL\u00d6-Herbstakademie-c-Karl-Zauner-IMG_7260-1200PX-768x512.jpg 768w\" sizes=\"auto, (max-width: 350px) 100vw, 350px\" \/><\/a>Wir suchen f\u00fcr bestimmte Bereiche Aktive, die f\u00fcr mindestens 2 Jahre eine Aufgabe \u00fcbernehmen. Nat\u00fcrlich kann man sich bei uns Qualifikationen erwerben, die auch im Berufsleben von Vorteil sind. In der Situation des Wachstums von einem kleinen Verein zu einer gr\u00f6\u00dferen Organisation gibt es bei uns bereits Aufgeben wie in einem Profi-Betrieb.<br \/>\nUm unsere Unabh\u00e4ngigkeit von der Politik zu wahren, setzen wir vor allem auf Mitgliedsbeitr\u00e4ge und Spenden. Projekteinnahmen sind auch m\u00f6glich.<\/p>\n<p><strong>Ehrenamtlich aktiv sein ist sinnerf\u00fcllend:<\/strong> Erfahrungen sammeln viele Personen kennenlernen und gestaltend mitwirken bringt das Leben in Schwung.<br \/>\n<span style=\"font-size: 10pt;\"><em><br \/>\nBild: Essensausgabe anl\u00e4sslich der Herbstakademie der Radlobby im Bildungszentrum St. Bernhard, Wiener Neustadt.<\/em><\/span><\/p>\n<h5>F\u00fcr diese Aufgaben sind Radlobby-Aktive gesucht:<\/h5>\n<ul>\n<li><span style=\"color: #000000;\"><strong>Chefredaktion f\u00fcr die Homepage<\/strong> der Radlobby Nieder\u00f6sterreich<br \/>\n<\/span><\/li>\n<li><span style=\"color: #000000;\"><strong>Leitung Presse- und \u00d6ffentlichkeitsarbeit<\/strong><\/span><\/li>\n<li><span style=\"color: #000000;\"><strong>Mitarbeit in der Gruppe Landespolitik<\/strong>: \u00c4nderungen von Gesetzen, Lobbyarbeit bei Entscheidungstr\u00e4ger.innen<\/span><\/li>\n<li><span style=\"color: #000000;\"><strong>Mitarbeit in der Gruppe Gemeindeservice<\/strong> &amp; Angebote f\u00fcr Betriebe<\/span><\/li>\n<li><span style=\"color: #000000;\"><strong>Leitung <\/strong><strong>Bildungsarbeit<\/strong>: Workshops, Webinare, Studientage &#8230;<\/span><\/li>\n<li><span style=\"color: #000000;\"><strong>Mitarbeit Lager \u00b7 Logi<\/strong><strong>st<\/strong><strong>ik \u00b7 Beschaffung<\/strong>: Marketingmaterial f\u00fcr Gruppen (Standort Krems)<\/span><\/li>\n<li><span style=\"color: #000000;\"><strong>Gruppenverantwortliche:<\/strong> Radlobby Korneuburg, Baden, Purkersdorf, Tulln<\/span><\/li>\n<\/ul>\n<p><strong>Voraussetzungen:<\/strong><\/p>\n<ul>\n<li>Du bist Alltagsradfahrer.in<\/li>\n<li>Mitgliedschaft bei der Radlobby<\/li>\n<li>Es handelt sich um F\u00fchrungsaufgaben in einer flachen Hierarchie<\/li>\n<li>Bereitschaft f\u00fcr die Aufgabe Zeit zu investieren<\/li>\n<li>Bereitschaft, pers\u00f6nliche technische und r\u00e4umliche Ressourcen einzubringen:<br \/>\nWir haben kein B\u00fcro und die damit verbundene Technik.<\/li>\n<\/ul>\n<p><strong>Geboten wird:<\/strong><\/p>\n<ul>\n<li>die Mitwirkung in einer rasch wachsenden Interessenvertretung der Radfahrenden<\/li>\n<li>praxisorientierter Einblick in Organisationsentwicklung<\/li>\n<li>ein freundschaftliches Umfeld<\/li>\n<li>Grundlagen, die auch die berufliche Qualifikation st\u00e4rken<\/li>\n<\/ul>\n<p><strong>Interesse anmelden:<\/strong> bei <span style=\"color: #004b67;\"><b><a href=\"mailto:noe@radlobby.at\">noe@radlobby.at<\/a>\u00a0<\/b><\/span><\/p>\n","protected":false},"excerpt":{"rendered":"<p>Rund ums Fahrrad entstehen immer mehr Karriereangebote Die Fahrradwirtschaft ist ein wachsender vielf\u00e4ltiger Wirtschaftszweig. Es gibt immer mehr Radwerkst\u00e4tten, Fahrradhandelsbetriebe, Fahrradtourismus, wissenschaftliche Projekte, Fahrrad-Instustrie, Vertrieb, Mobilit\u00e4tsberatung, etc. Wir m\u00f6chten hier aktuelle Angebote verlinken. Die Radlobby N\u00d6 bietet nur die Plattform<\/p>\n","protected":false},"author":16,"featured_media":0,"parent":0,"menu_order":0,"comment_status":"closed","ping_status":"closed","template":"","meta":{"footnotes":""},"class_list":["post-20363","page","type-page","status-publish","hentry"],"yoast_head":"<!-- This site is optimized with the Yoast SEO plugin v26.9 - https:\/\/yoast.com\/product\/yoast-seo-wordpress\/ -->\n<title>Karriere im Bereich Fahrrad \u00b7 haupt- und ehrenamtlich - Radlobby Nieder\u00f6sterreich<\/title>\n<meta name=\"robots\" content=\"index, follow, max-snippet:-1, max-image-preview:large, max-video-preview:-1\" \/>\n<link rel=\"canonical\" href=\"https:\/\/www.radlobby.org\/noe\/karriere\/\" \/>\n<meta property=\"og:locale\" content=\"de_DE\" \/>\n<meta property=\"og:type\" content=\"article\" \/>\n<meta property=\"og:title\" content=\"Karriere im Bereich Fahrrad \u00b7 haupt- und ehrenamtlich - Radlobby Nieder\u00f6sterreich\" \/>\n<meta property=\"og:description\" content=\"Rund ums Fahrrad entstehen immer mehr Karriereangebote Die Fahrradwirtschaft ist ein wachsender vielf\u00e4ltiger Wirtschaftszweig. Es gibt immer mehr Radwerkst\u00e4tten, Fahrradhandelsbetriebe, Fahrradtourismus, wissenschaftliche Projekte, Fahrrad-Instustrie, Vertrieb, Mobilit\u00e4tsberatung, etc. Wir m\u00f6chten hier aktuelle Angebote verlinken. Die Radlobby N\u00d6 bietet nur die Plattform\" \/>\n<meta property=\"og:url\" content=\"https:\/\/www.radlobby.org\/noe\/karriere\/\" \/>\n<meta property=\"og:site_name\" content=\"Radlobby Nieder\u00f6sterreich\" \/>\n<meta property=\"article:publisher\" content=\"https:\/\/www.facebook.com\/groups\/radfahren.in.noe\/\" \/>\n<meta property=\"article:modified_time\" content=\"2023-12-14T22:03:57+00:00\" \/>\n<meta property=\"og:image\" content=\"https:\/\/www.radlobby.org\/noe\/wp-content\/uploads\/20200101-RLWN-Neujahrsaradeln-DSC_0105a_1900px-1.jpg\" \/>\n\t<meta property=\"og:image:width\" content=\"1900\" \/>\n\t<meta property=\"og:image:height\" content=\"770\" \/>\n\t<meta property=\"og:image:type\" content=\"image\/jpeg\" \/>\n<meta name=\"twitter:card\" content=\"summary_large_image\" \/>\n<meta name=\"twitter:label1\" content=\"Gesch\u00e4tzte Lesezeit\" \/>\n\t<meta name=\"twitter:data1\" content=\"2\u00a0Minuten\" \/>\n<script type=\"application\/ld+json\" class=\"yoast-schema-graph\">{\"@context\":\"https:\/\/schema.org\",\"@graph\":[{\"@type\":\"WebPage\",\"@id\":\"https:\/\/www.radlobby.org\/noe\/karriere\/\",\"url\":\"https:\/\/www.radlobby.org\/noe\/karriere\/\",\"name\":\"Karriere im Bereich Fahrrad \u00b7 haupt- und ehrenamtlich - Radlobby Nieder\u00f6sterreich\",\"isPartOf\":{\"@id\":\"https:\/\/www.radlobby.org\/noe\/#website\"},\"datePublished\":\"2021-09-24T07:37:35+00:00\",\"dateModified\":\"2023-12-14T22:03:57+00:00\",\"breadcrumb\":{\"@id\":\"https:\/\/www.radlobby.org\/noe\/karriere\/#breadcrumb\"},\"inLanguage\":\"de\",\"potentialAction\":[{\"@type\":\"ReadAction\",\"target\":[\"https:\/\/www.radlobby.org\/noe\/karriere\/\"]}]},{\"@type\":\"BreadcrumbList\",\"@id\":\"https:\/\/www.radlobby.org\/noe\/karriere\/#breadcrumb\",\"itemListElement\":[{\"@type\":\"ListItem\",\"position\":1,\"name\":\"Startseite\",\"item\":\"https:\/\/www.radlobby.org\/noe\/\"},{\"@type\":\"ListItem\",\"position\":2,\"name\":\"Karriere im Bereich Fahrrad \u00b7 haupt- und ehrenamtlich\"}]},{\"@type\":\"WebSite\",\"@id\":\"https:\/\/www.radlobby.org\/noe\/#website\",\"url\":\"https:\/\/www.radlobby.org\/noe\/\",\"name\":\"Radlobby Nieder\u00f6sterreich\",\"description\":\"Radverkehr, Fahrrad, Radfahren, Radreisen, Radtouren, Radweg\",\"publisher\":{\"@id\":\"https:\/\/www.radlobby.org\/noe\/#organization\"},\"potentialAction\":[{\"@type\":\"SearchAction\",\"target\":{\"@type\":\"EntryPoint\",\"urlTemplate\":\"https:\/\/www.radlobby.org\/noe\/?s={search_term_string}\"},\"query-input\":{\"@type\":\"PropertyValueSpecification\",\"valueRequired\":true,\"valueName\":\"search_term_string\"}}],\"inLanguage\":\"de\"},{\"@type\":\"Organization\",\"@id\":\"https:\/\/www.radlobby.org\/noe\/#organization\",\"name\":\"Radlobby Nieder\u00f6sterreich\",\"url\":\"https:\/\/www.radlobby.org\/noe\/\",\"logo\":{\"@type\":\"ImageObject\",\"inLanguage\":\"de\",\"@id\":\"https:\/\/www.radlobby.org\/noe\/#\/schema\/logo\/image\/\",\"url\":\"https:\/\/www.radlobby.org\/noe\/wp-content\/uploads\/2017\/01\/cropped-Logo_Radlobby_Niederoesterreich_50-400px_quer-1.jpg\",\"contentUrl\":\"https:\/\/www.radlobby.org\/noe\/wp-content\/uploads\/2017\/01\/cropped-Logo_Radlobby_Niederoesterreich_50-400px_quer-1.jpg\",\"width\":450,\"height\":124,\"caption\":\"Radlobby Nieder\u00f6sterreich\"},\"image\":{\"@id\":\"https:\/\/www.radlobby.org\/noe\/#\/schema\/logo\/image\/\"},\"sameAs\":[\"https:\/\/www.facebook.com\/groups\/radfahren.in.noe\/\"]}]}<\/script>\n<!-- \/ Yoast SEO plugin. -->","yoast_head_json":{"title":"Karriere im Bereich Fahrrad \u00b7 haupt- und ehrenamtlich - Radlobby Nieder\u00f6sterreich","robots":{"index":"index","follow":"follow","max-snippet":"max-snippet:-1","max-image-preview":"max-image-preview:large","max-video-preview":"max-video-preview:-1"},"canonical":"https:\/\/www.radlobby.org\/noe\/karriere\/","og_locale":"de_DE","og_type":"article","og_title":"Karriere im Bereich Fahrrad \u00b7 haupt- und ehrenamtlich - Radlobby Nieder\u00f6sterreich","og_description":"Rund ums Fahrrad entstehen immer mehr Karriereangebote Die Fahrradwirtschaft ist ein wachsender vielf\u00e4ltiger Wirtschaftszweig. Es gibt immer mehr Radwerkst\u00e4tten, Fahrradhandelsbetriebe, Fahrradtourismus, wissenschaftliche Projekte, Fahrrad-Instustrie, Vertrieb, Mobilit\u00e4tsberatung, etc. Wir m\u00f6chten hier aktuelle Angebote verlinken. Die Radlobby N\u00d6 bietet nur die Plattform","og_url":"https:\/\/www.radlobby.org\/noe\/karriere\/","og_site_name":"Radlobby Nieder\u00f6sterreich","article_publisher":"https:\/\/www.facebook.com\/groups\/radfahren.in.noe\/","article_modified_time":"2023-12-14T22:03:57+00:00","og_image":[{"width":1900,"height":770,"url":"https:\/\/www.radlobby.org\/noe\/wp-content\/uploads\/20200101-RLWN-Neujahrsaradeln-DSC_0105a_1900px-1.jpg","type":"image\/jpeg"}],"twitter_card":"summary_large_image","twitter_misc":{"Gesch\u00e4tzte Lesezeit":"2\u00a0Minuten"},"schema":{"@context":"https:\/\/schema.org","@graph":[{"@type":"WebPage","@id":"https:\/\/www.radlobby.org\/noe\/karriere\/","url":"https:\/\/www.radlobby.org\/noe\/karriere\/","name":"Karriere im Bereich Fahrrad \u00b7 haupt- und ehrenamtlich - Radlobby Nieder\u00f6sterreich","isPartOf":{"@id":"https:\/\/www.radlobby.org\/noe\/#website"},"datePublished":"2021-09-24T07:37:35+00:00","dateModified":"2023-12-14T22:03:57+00:00","breadcrumb":{"@id":"https:\/\/www.radlobby.org\/noe\/karriere\/#breadcrumb"},"inLanguage":"de","potentialAction":[{"@type":"ReadAction","target":["https:\/\/www.radlobby.org\/noe\/karriere\/"]}]},{"@type":"BreadcrumbList","@id":"https:\/\/www.radlobby.org\/noe\/karriere\/#breadcrumb","itemListElement":[{"@type":"ListItem","position":1,"name":"Startseite","item":"https:\/\/www.radlobby.org\/noe\/"},{"@type":"ListItem","position":2,"name":"Karriere im Bereich Fahrrad \u00b7 haupt- und ehrenamtlich"}]},{"@type":"WebSite","@id":"https:\/\/www.radlobby.org\/noe\/#website","url":"https:\/\/www.radlobby.org\/noe\/","name":"Radlobby Nieder\u00f6sterreich","description":"Radverkehr, Fahrrad, Radfahren, Radreisen, Radtouren, Radweg","publisher":{"@id":"https:\/\/www.radlobby.org\/noe\/#organization"},"potentialAction":[{"@type":"SearchAction","target":{"@type":"EntryPoint","urlTemplate":"https:\/\/www.radlobby.org\/noe\/?s={search_term_string}"},"query-input":{"@type":"PropertyValueSpecification","valueRequired":true,"valueName":"search_term_string"}}],"inLanguage":"de"},{"@type":"Organization","@id":"https:\/\/www.radlobby.org\/noe\/#organization","name":"Radlobby Nieder\u00f6sterreich","url":"https:\/\/www.radlobby.org\/noe\/","logo":{"@type":"ImageObject","inLanguage":"de","@id":"https:\/\/www.radlobby.org\/noe\/#\/schema\/logo\/image\/","url":"https:\/\/www.radlobby.org\/noe\/wp-content\/uploads\/2017\/01\/cropped-Logo_Radlobby_Niederoesterreich_50-400px_quer-1.jpg","contentUrl":"https:\/\/www.radlobby.org\/noe\/wp-content\/uploads\/2017\/01\/cropped-Logo_Radlobby_Niederoesterreich_50-400px_quer-1.jpg","width":450,"height":124,"caption":"Radlobby Nieder\u00f6sterreich"},"image":{"@id":"https:\/\/www.radlobby.org\/noe\/#\/schema\/logo\/image\/"},"sameAs":["https:\/\/www.facebook.com\/groups\/radfahren.in.noe\/"]}]}},"_links":{"self":[{"href":"https:\/\/www.radlobby.org\/noe\/wp-json\/wp\/v2\/pages\/20363","targetHints":{"allow":["GET"]}}],"collection":[{"href":"https:\/\/www.radlobby.org\/noe\/wp-json\/wp\/v2\/pages"}],"about":[{"href":"https:\/\/www.radlobby.org\/noe\/wp-json\/wp\/v2\/types\/page"}],"author":[{"embeddable":true,"href":"https:\/\/www.radlobby.org\/noe\/wp-json\/wp\/v2\/users\/16"}],"replies":[{"embeddable":true,"href":"https:\/\/www.radlobby.org\/noe\/wp-json\/wp\/v2\/comments?post=20363"}],"version-history":[{"count":10,"href":"https:\/\/www.radlobby.org\/noe\/wp-json\/wp\/v2\/pages\/20363\/revisions"}],"predecessor-version":[{"id":33205,"href":"https:\/\/www.radlobby.org\/noe\/wp-json\/wp\/v2\/pages\/20363\/revisions\/33205"}],"wp:attachment":[{"href":"https:\/\/www.radlobby.org\/noe\/wp-json\/wp\/v2\/media?parent=20363"}],"curies":[{"name":"wp","href":"https:\/\/api.w.org\/{rel}","templated":true}]}}