{"id":19069,"date":"2021-06-23T04:52:34","date_gmt":"2021-06-23T02:52:34","guid":{"rendered":"https:\/\/www.radlobby.org\/noe\/?page_id=19069"},"modified":"2021-06-25T17:48:37","modified_gmt":"2021-06-25T15:48:37","slug":"moedling-petition-alltagsradfahren","status":"publish","type":"page","link":"https:\/\/www.radlobby.org\/noe\/moedling-petition-alltagsradfahren\/","title":{"rendered":"Petition &#8220;Alltags-Radfahren mit Zukunft&#8221;:"},"content":{"rendered":"<p><b>Wir fordern eine (Schnell-)Radweg-Verbindung von M\u00f6dling \u00fcber die Hinterbr\u00fchl nach Gaaden<\/b><\/p>\r\n<p><a href=\"https:\/\/mein.aufstehn.at\/p\/alltagsradfahren\"><img loading=\"lazy\" decoding=\"async\" class=\"alignright wp-image-19082\" src=\"https:\/\/www.radlobby.org\/noe\/wp-content\/uploads\/Petitionsbild4_Foto_ohne_Radsymbole.jpg\" alt=\"\" width=\"359\" height=\"253\" srcset=\"https:\/\/www.radlobby.org\/noe\/wp-content\/uploads\/Petitionsbild4_Foto_ohne_Radsymbole.jpg 1191w, https:\/\/www.radlobby.org\/noe\/wp-content\/uploads\/Petitionsbild4_Foto_ohne_Radsymbole-300x211.jpg 300w, https:\/\/www.radlobby.org\/noe\/wp-content\/uploads\/Petitionsbild4_Foto_ohne_Radsymbole-768x541.jpg 768w\" sizes=\"auto, (max-width: 359px) 100vw, 359px\" \/><\/a><\/p>\r\n<p>An:<\/p>\r\n<p>B\u00fcrgermeister NRAbg. Hans Stefan Hintner (M\u00f6dling)<\/p>\r\n<p>B\u00fcrgermeister Mag. Erich Moser (Hinterbr\u00fchl)<\/p>\r\n<p>B\u00fcrgermeister\u00a0 Rainer Schramm!<\/p>\r\n<p>Landeshauptfrau Mag.a Johanna Mikl-Leitner!<\/p>\r\n<p>Landesrat DI Ludwig Schleritzko!<\/p>\r\n<p><b>Wir fordern eine durchg\u00e4ngige, sichere (Schnell-)Radweg-Verbindung entlang der B11 von der Stadt M\u00f6dling durch die Klausen, \u00fcber Radwege oder Nebenstra\u00dfen weiter m\u00f6glichst direkt durch die Vorderbr\u00fchl in die Hinterbr\u00fchl und weiter entlang der B11 nach Gaaden.<\/b><\/p>\r\n<p>Aktuell ist eine Sanierung der Br\u00fchler Stra\u00dfe (B11) in der Vorderbr\u00fchl in Bau. Bei dieser Sanierung werden die dringenden Bed\u00fcrfnisse der Radmobilit\u00e4t kaum ber\u00fccksichtigt!<\/p>\r\n<p>Wenn die B11 im Bereich der Klausen in den n\u00e4chsten Jahren saniert wird, muss die Gelegenheit, hier einen Radweg zu errichten, gen\u00fctzt werden.<\/p>\r\n<p>Weiters fordern wir eine automatische und verbindliche Einbeziehung von Radverkehrsplanungs-ExpertInnen bei Stra\u00dfensanierungen im Bezirk, um in Zukunft die Radmobilit\u00e4t besser zu ber\u00fccksichtigen.<\/p>\r\n<p style=\"text-align: right;\"><a href=\"https:\/\/mein.aufstehn.at\/p\/alltagsradfahren\"><span style=\"color: #000080;\"><strong><span style=\"text-decoration: underline;\">PETITION UNTERZEICHNEN<\/span><\/strong><\/span><\/a><\/p>\r\n<p><b><i>Warum ist das wichtig?<\/i><\/b><\/p>\r\n<p>Der bestehende Geh- und Radweg entlang des Neuwegs ist aus vielen Gr\u00fcnden f\u00fcr den Alltags- und Pendler-Radverkehr nicht geeignet (stark frequentierter Spazierweg, teilweise Engstellen, steile Streckenabschnitte, teilweise sehr schlechter Belag): kein schnelles durchg\u00e4ngiges Fahren m\u00f6glich.<\/p>\r\n<p>Auch der weitere Radweg in der Vorderbr\u00fchl Richtung Hinterbr\u00fchl (H\u00fcbner-Langenbruck-Promenade, Promenadenweg) ist teilweise verwinkelt, eng und teilweise ein beliebter Spazierweg).<\/p>\r\n<p>Zwischen der Hinterbr\u00fchl und Gaaden gibt es noch gar keinen Radweg, hier muss auf der stark befahrenen B11 gefahren werden (uns ist bekannt, dass es hier erfreulicherweise intensive Bem\u00fchungen auch seitens der 2 B\u00fcrgermeister gibt). Dieser Abschnitt stellt zugleich auch das letzte Teilst\u00fcck der touristisch wichtigen Radroute von Baden \u00fcber Heiligenkreuz und die Hinterbr\u00fchl (Seegrotte) nach M\u00f6dling dar.<\/p>\r\n<p><b>Der Zeitpunkt ist g\u00fcnstig: M\u00f6dling kann durch die Ausweitung der F\u00f6rdermittel durch die Bundesregierung profitieren!<\/b><\/p>\r\n<p><b>Die Gemeinden m\u00fcssen zur Erreichung der Klimaziele beitragen: Reduktion des motorisierten Verkehrs durch Ausbau der Radinfrastruktur.<\/b><\/p>\r\n<p style=\"text-align: right;\"><a href=\"https:\/\/mein.aufstehn.at\/p\/alltagsradfahren\"><span style=\"color: #000080;\"><strong><span style=\"text-decoration: underline;\">PETITION UNTERZEICHNEN<\/span><\/strong><\/span><\/a><\/p>\r\n<p><b><i>Routenvorschlag<\/i><\/b><\/p>\r\n<p><em><strong><a href=\"https:\/\/www.radlobby.org\/noe\/wp-content\/uploads\/Petition_Skizze_Moe-Vorderbr_NEU.jpg\" data-src=\"https:\/\/www.radlobby.org\/noe\/wp-content\/uploads\/Petition_Skizze_Moe-Vorderbr_NEU.jpg\" data-thumb=\"https:\/\/www.radlobby.org\/noe\/wp-content\/uploads\/Petition_Skizze_Moe-Vorderbr_NEU.jpg\" class=\"ml-lightbox-enabled\"><img loading=\"lazy\" decoding=\"async\" class=\"aligncenter size-full wp-image-19239\" src=\"https:\/\/www.radlobby.org\/noe\/wp-content\/uploads\/Petition_Skizze_Moe-Vorderbr_NEU.jpg\" alt=\"\" width=\"1280\" height=\"626\" srcset=\"https:\/\/www.radlobby.org\/noe\/wp-content\/uploads\/Petition_Skizze_Moe-Vorderbr_NEU.jpg 1280w, https:\/\/www.radlobby.org\/noe\/wp-content\/uploads\/Petition_Skizze_Moe-Vorderbr_NEU-300x147.jpg 300w, https:\/\/www.radlobby.org\/noe\/wp-content\/uploads\/Petition_Skizze_Moe-Vorderbr_NEU-768x376.jpg 768w\" sizes=\"auto, (max-width: 1280px) 100vw, 1280px\" \/><\/a><br \/>Rundroute Baden &#8211; Heiligenkreuz &#8211; Hinterbr\u00fchl (Seegrotte) &#8211; M\u00f6dling &#8211; Baden<\/strong><\/em><\/p>\r\n<p style=\"text-align: right;\"><strong><a href=\"https:\/\/www.radlobby.org\/noe\/wp-content\/uploads\/Petition_Skizze_Rundweg.jpg\" data-src=\"https:\/\/www.radlobby.org\/noe\/wp-content\/uploads\/Petition_Skizze_Rundweg.jpg\" data-thumb=\"https:\/\/www.radlobby.org\/noe\/wp-content\/uploads\/Petition_Skizze_Rundweg.jpg\" class=\"ml-lightbox-enabled\"><img loading=\"lazy\" decoding=\"async\" class=\"aligncenter size-full wp-image-19240\" src=\"https:\/\/www.radlobby.org\/noe\/wp-content\/uploads\/Petition_Skizze_Rundweg.jpg\" alt=\"\" width=\"1251\" height=\"876\" srcset=\"https:\/\/www.radlobby.org\/noe\/wp-content\/uploads\/Petition_Skizze_Rundweg.jpg 1251w, https:\/\/www.radlobby.org\/noe\/wp-content\/uploads\/Petition_Skizze_Rundweg-300x210.jpg 300w, https:\/\/www.radlobby.org\/noe\/wp-content\/uploads\/Petition_Skizze_Rundweg-768x538.jpg 768w\" sizes=\"auto, (max-width: 1251px) 100vw, 1251px\" \/><\/a><br \/><a href=\"https:\/\/mein.aufstehn.at\/p\/alltagsradfahren\"><span style=\"text-decoration: underline; color: #0000ff;\"><span style=\"color: #000080; text-decoration: underline;\">PETITION UNTERZEICHNEN<\/span><\/span><\/a><\/strong><\/p>\r\n<p id=\"Begruendung\"><b><i>Begr\u00fcndung:<\/i><\/b><\/p>\r\n<p>Die Radlobby M\u00f6dling setzt sich gemeinsam mit weiteren engagierten Alltagsradfahrenden des Bezirkes M\u00f6dling f\u00fcr eine zukunftsf\u00e4hige, fahrradfreundliche Verkehrsplanung auf Gemeinde- und Bezirksebene ein.<\/p>\r\n<p><b>Der Bedarf eines alltagstauglichen, durchg\u00e4ngigen und sicheren Radweges von M\u00f6dling \u00fcber die Hinterbr\u00fchl nach Gaaden ist sehr hoch und wird weiter zunehmen!\u00a0<\/b><\/p>\r\n<p>Die Bev\u00f6lkerungsdichte der Gemeinden M\u00f6dling, Hinterbr\u00fchl (mit Sparbach und Wei\u00dfenbach) sowie Gaaden nimmt zu: Laut einer Studie zur regionalen Bev\u00f6lkerungsentwicklung geh\u00f6rt der Bezirk M\u00f6dling zu den <a href=\"http:\/\/www.statistik.at\/web_de\/downloads\/oerok\/bericht_bevprognose_2019.pdf\">am schnellsten wachsenden Bezirken<\/a>. Dementsprechend entwickeln sich auch der Pendlerverkehr und damit Luftverschmutzung und Feinstaubbelastung. Um noch mehr motorisierten Individualverkehr zu verhindern braucht es nutzbare und attraktive umweltfreundliche Mobilit\u00e4tsangebote, wie den Ausbau der Radinfrastruktur.<\/p>\r\n<p>Weiters ist in Wien ein fl\u00e4chendeckendes Parkpickerl geplant, was wohl zu vermehrten Fahrten zum M\u00f6dlinger Bahnhof (statt auf die Autobahn) f\u00fchren wird. Auch die Parkm\u00f6glichkeiten am M\u00f6dlinger Bahnhof sind begrenzt, neue Radabstellanlagen sind viel g\u00fcnstiger und brauchen weniger Platz als KFZ-Parkpl\u00e4tze. Daher soll durch ein gutes Radwegeangebot erreicht werden, dass ein m\u00f6glichst gro\u00dfer Anteil dieser Fahrten nicht mit dem Auto erfolgt.<\/p>\r\n<ul>\r\n<li style=\"list-style-type: none;\">\r\n<ul>\r\n<li><b>Der Zeitpunkt ist g\u00fcnstig: M\u00f6dling kann durch die Ausweitung der F\u00f6rdermittel durch die Bundesregierung profitieren!<\/b><br \/><a href=\"https:\/\/www.klimaaktiv.at\/service\/presse\/2020\/fahrradoffensive.html\">40 Mio. Euro F\u00f6rdermittel wurden vom Ministerium f\u00fcr Klimaschutz f\u00fcr die Radmobilit\u00e4t zur Verf\u00fcgung gestellt.<\/a> Damit hat die Gemeinde die M\u00f6glichkeit die Kosten f\u00fcr den Radweg durch die Bundesregierung f\u00f6rdern zu lassen. M\u00f6dling, Hinterbr\u00fchl und Gaaden sollten diese Chance nutzen.<\/li>\r\n<li><b>Die Gemeinden m\u00fcssen zur Erreichung der Klimaziele beitragen: Reduktion des motorisierten Verkehrs durch Ausbau der Radinfrastruktur<br \/><\/b>Das Fahrrad und alternative Fortbewegungsmittel (wie beispielsweise E-Scooter) sind eine wichtige Alternative zum Auto, <a href=\"https:\/\/www.vcoe.at\/service\/fragen-und-antworten\/radfahren-nuetzt-mensch-und-umwelt\">gerade bei kurzen bis mittellangen Wegen in der direkten Umgebung<\/a>. Strecken zur M\u00f6dlinger Fu\u00dfg\u00e4ngerzone, zu den Nahversorgern und zum Bahnhof k\u00f6nnen leicht mit dem Rad bew\u00e4ltigt werden.<br \/>Sichere, schnelle und direkte Radwege f\u00f6rdern den Umstieg auf dieses klimaschonende Verkehrsmittel!<\/li>\r\n<\/ul>\r\n<\/li>\r\n<\/ul>\r\n<p style=\"text-align: right;\"><a href=\"https:\/\/mein.aufstehn.at\/p\/alltagsradfahren\"><span style=\"color: #000080;\"><strong><span style=\"text-decoration: underline;\">PETITION UNTERZEICHNEN<\/span><\/strong><\/span><\/a><\/p>\r\n\r\n<p>&nbsp;<\/p>\r\n","protected":false},"excerpt":{"rendered":"<p>Wir fordern eine (Schnell-)Radweg-Verbindung von M\u00f6dling \u00fcber die Hinterbr\u00fchl nach Gaaden An: B\u00fcrgermeister NRAbg. Hans Stefan Hintner (M\u00f6dling) B\u00fcrgermeister Mag. Erich Moser (Hinterbr\u00fchl) B\u00fcrgermeister\u00a0 Rainer Schramm! Landeshauptfrau Mag.a Johanna Mikl-Leitner! Landesrat DI Ludwig Schleritzko! Wir fordern eine durchg\u00e4ngige, sichere (Schnell-)Radweg-Verbindung<\/p>\n","protected":false},"author":7,"featured_media":19082,"parent":0,"menu_order":0,"comment_status":"closed","ping_status":"closed","template":"","meta":{"footnotes":""},"class_list":["post-19069","page","type-page","status-publish","has-post-thumbnail","hentry"],"yoast_head":"<!-- This site is optimized with the Yoast SEO plugin v26.9 - https:\/\/yoast.com\/product\/yoast-seo-wordpress\/ -->\n<title>Petition &quot;Alltags-Radfahren mit Zukunft&quot;: - Radlobby Nieder\u00f6sterreich<\/title>\n<meta name=\"robots\" content=\"index, follow, max-snippet:-1, max-image-preview:large, max-video-preview:-1\" \/>\n<link rel=\"canonical\" href=\"https:\/\/www.radlobby.org\/noe\/moedling-petition-alltagsradfahren\/\" \/>\n<meta property=\"og:locale\" content=\"de_DE\" \/>\n<meta property=\"og:type\" content=\"article\" \/>\n<meta property=\"og:title\" content=\"Petition &quot;Alltags-Radfahren mit Zukunft&quot;: - Radlobby Nieder\u00f6sterreich\" \/>\n<meta property=\"og:description\" content=\"Wir fordern eine (Schnell-)Radweg-Verbindung von M\u00f6dling \u00fcber die Hinterbr\u00fchl nach Gaaden An: B\u00fcrgermeister NRAbg. Hans Stefan Hintner (M\u00f6dling) B\u00fcrgermeister Mag. Erich Moser (Hinterbr\u00fchl) B\u00fcrgermeister\u00a0 Rainer Schramm! Landeshauptfrau Mag.a Johanna Mikl-Leitner! Landesrat DI Ludwig Schleritzko! Wir fordern eine durchg\u00e4ngige, sichere (Schnell-)Radweg-Verbindung\" \/>\n<meta property=\"og:url\" content=\"https:\/\/www.radlobby.org\/noe\/moedling-petition-alltagsradfahren\/\" \/>\n<meta property=\"og:site_name\" content=\"Radlobby Nieder\u00f6sterreich\" \/>\n<meta property=\"article:publisher\" content=\"https:\/\/www.facebook.com\/groups\/radfahren.in.noe\/\" \/>\n<meta property=\"article:modified_time\" content=\"2021-06-25T15:48:37+00:00\" \/>\n<meta property=\"og:image\" content=\"https:\/\/www.radlobby.org\/noe\/wp-content\/uploads\/Petitionsbild4_Foto_ohne_Radsymbole.jpg\" \/>\n\t<meta property=\"og:image:width\" content=\"1191\" \/>\n\t<meta property=\"og:image:height\" content=\"839\" \/>\n\t<meta property=\"og:image:type\" content=\"image\/jpeg\" \/>\n<meta name=\"twitter:card\" content=\"summary_large_image\" \/>\n<meta name=\"twitter:label1\" content=\"Gesch\u00e4tzte Lesezeit\" \/>\n\t<meta name=\"twitter:data1\" content=\"4\u00a0Minuten\" \/>\n<script type=\"application\/ld+json\" class=\"yoast-schema-graph\">{\"@context\":\"https:\/\/schema.org\",\"@graph\":[{\"@type\":\"WebPage\",\"@id\":\"https:\/\/www.radlobby.org\/noe\/moedling-petition-alltagsradfahren\/\",\"url\":\"https:\/\/www.radlobby.org\/noe\/moedling-petition-alltagsradfahren\/\",\"name\":\"Petition \\\"Alltags-Radfahren mit Zukunft\\\": - Radlobby Nieder\u00f6sterreich\",\"isPartOf\":{\"@id\":\"https:\/\/www.radlobby.org\/noe\/#website\"},\"primaryImageOfPage\":{\"@id\":\"https:\/\/www.radlobby.org\/noe\/moedling-petition-alltagsradfahren\/#primaryimage\"},\"image\":{\"@id\":\"https:\/\/www.radlobby.org\/noe\/moedling-petition-alltagsradfahren\/#primaryimage\"},\"thumbnailUrl\":\"https:\/\/www.radlobby.org\/noe\/wp-content\/uploads\/Petitionsbild4_Foto_ohne_Radsymbole.jpg\",\"datePublished\":\"2021-06-23T02:52:34+00:00\",\"dateModified\":\"2021-06-25T15:48:37+00:00\",\"breadcrumb\":{\"@id\":\"https:\/\/www.radlobby.org\/noe\/moedling-petition-alltagsradfahren\/#breadcrumb\"},\"inLanguage\":\"de\",\"potentialAction\":[{\"@type\":\"ReadAction\",\"target\":[\"https:\/\/www.radlobby.org\/noe\/moedling-petition-alltagsradfahren\/\"]}]},{\"@type\":\"ImageObject\",\"inLanguage\":\"de\",\"@id\":\"https:\/\/www.radlobby.org\/noe\/moedling-petition-alltagsradfahren\/#primaryimage\",\"url\":\"https:\/\/www.radlobby.org\/noe\/wp-content\/uploads\/Petitionsbild4_Foto_ohne_Radsymbole.jpg\",\"contentUrl\":\"https:\/\/www.radlobby.org\/noe\/wp-content\/uploads\/Petitionsbild4_Foto_ohne_Radsymbole.jpg\",\"width\":1191,\"height\":839},{\"@type\":\"BreadcrumbList\",\"@id\":\"https:\/\/www.radlobby.org\/noe\/moedling-petition-alltagsradfahren\/#breadcrumb\",\"itemListElement\":[{\"@type\":\"ListItem\",\"position\":1,\"name\":\"Startseite\",\"item\":\"https:\/\/www.radlobby.org\/noe\/\"},{\"@type\":\"ListItem\",\"position\":2,\"name\":\"Petition &#8222;Alltags-Radfahren mit Zukunft&#8220;:\"}]},{\"@type\":\"WebSite\",\"@id\":\"https:\/\/www.radlobby.org\/noe\/#website\",\"url\":\"https:\/\/www.radlobby.org\/noe\/\",\"name\":\"Radlobby Nieder\u00f6sterreich\",\"description\":\"Radverkehr, Fahrrad, Radfahren, Radreisen, Radtouren, Radweg\",\"publisher\":{\"@id\":\"https:\/\/www.radlobby.org\/noe\/#organization\"},\"potentialAction\":[{\"@type\":\"SearchAction\",\"target\":{\"@type\":\"EntryPoint\",\"urlTemplate\":\"https:\/\/www.radlobby.org\/noe\/?s={search_term_string}\"},\"query-input\":{\"@type\":\"PropertyValueSpecification\",\"valueRequired\":true,\"valueName\":\"search_term_string\"}}],\"inLanguage\":\"de\"},{\"@type\":\"Organization\",\"@id\":\"https:\/\/www.radlobby.org\/noe\/#organization\",\"name\":\"Radlobby Nieder\u00f6sterreich\",\"url\":\"https:\/\/www.radlobby.org\/noe\/\",\"logo\":{\"@type\":\"ImageObject\",\"inLanguage\":\"de\",\"@id\":\"https:\/\/www.radlobby.org\/noe\/#\/schema\/logo\/image\/\",\"url\":\"https:\/\/www.radlobby.org\/noe\/wp-content\/uploads\/2017\/01\/cropped-Logo_Radlobby_Niederoesterreich_50-400px_quer-1.jpg\",\"contentUrl\":\"https:\/\/www.radlobby.org\/noe\/wp-content\/uploads\/2017\/01\/cropped-Logo_Radlobby_Niederoesterreich_50-400px_quer-1.jpg\",\"width\":450,\"height\":124,\"caption\":\"Radlobby Nieder\u00f6sterreich\"},\"image\":{\"@id\":\"https:\/\/www.radlobby.org\/noe\/#\/schema\/logo\/image\/\"},\"sameAs\":[\"https:\/\/www.facebook.com\/groups\/radfahren.in.noe\/\"]}]}<\/script>\n<!-- \/ Yoast SEO plugin. -->","yoast_head_json":{"title":"Petition \"Alltags-Radfahren mit Zukunft\": - Radlobby Nieder\u00f6sterreich","robots":{"index":"index","follow":"follow","max-snippet":"max-snippet:-1","max-image-preview":"max-image-preview:large","max-video-preview":"max-video-preview:-1"},"canonical":"https:\/\/www.radlobby.org\/noe\/moedling-petition-alltagsradfahren\/","og_locale":"de_DE","og_type":"article","og_title":"Petition \"Alltags-Radfahren mit Zukunft\": - Radlobby Nieder\u00f6sterreich","og_description":"Wir fordern eine (Schnell-)Radweg-Verbindung von M\u00f6dling \u00fcber die Hinterbr\u00fchl nach Gaaden An: B\u00fcrgermeister NRAbg. Hans Stefan Hintner (M\u00f6dling) B\u00fcrgermeister Mag. Erich Moser (Hinterbr\u00fchl) B\u00fcrgermeister\u00a0 Rainer Schramm! Landeshauptfrau Mag.a Johanna Mikl-Leitner! Landesrat DI Ludwig Schleritzko! Wir fordern eine durchg\u00e4ngige, sichere (Schnell-)Radweg-Verbindung","og_url":"https:\/\/www.radlobby.org\/noe\/moedling-petition-alltagsradfahren\/","og_site_name":"Radlobby Nieder\u00f6sterreich","article_publisher":"https:\/\/www.facebook.com\/groups\/radfahren.in.noe\/","article_modified_time":"2021-06-25T15:48:37+00:00","og_image":[{"width":1191,"height":839,"url":"https:\/\/www.radlobby.org\/noe\/wp-content\/uploads\/Petitionsbild4_Foto_ohne_Radsymbole.jpg","type":"image\/jpeg"}],"twitter_card":"summary_large_image","twitter_misc":{"Gesch\u00e4tzte Lesezeit":"4\u00a0Minuten"},"schema":{"@context":"https:\/\/schema.org","@graph":[{"@type":"WebPage","@id":"https:\/\/www.radlobby.org\/noe\/moedling-petition-alltagsradfahren\/","url":"https:\/\/www.radlobby.org\/noe\/moedling-petition-alltagsradfahren\/","name":"Petition \"Alltags-Radfahren mit Zukunft\": - Radlobby Nieder\u00f6sterreich","isPartOf":{"@id":"https:\/\/www.radlobby.org\/noe\/#website"},"primaryImageOfPage":{"@id":"https:\/\/www.radlobby.org\/noe\/moedling-petition-alltagsradfahren\/#primaryimage"},"image":{"@id":"https:\/\/www.radlobby.org\/noe\/moedling-petition-alltagsradfahren\/#primaryimage"},"thumbnailUrl":"https:\/\/www.radlobby.org\/noe\/wp-content\/uploads\/Petitionsbild4_Foto_ohne_Radsymbole.jpg","datePublished":"2021-06-23T02:52:34+00:00","dateModified":"2021-06-25T15:48:37+00:00","breadcrumb":{"@id":"https:\/\/www.radlobby.org\/noe\/moedling-petition-alltagsradfahren\/#breadcrumb"},"inLanguage":"de","potentialAction":[{"@type":"ReadAction","target":["https:\/\/www.radlobby.org\/noe\/moedling-petition-alltagsradfahren\/"]}]},{"@type":"ImageObject","inLanguage":"de","@id":"https:\/\/www.radlobby.org\/noe\/moedling-petition-alltagsradfahren\/#primaryimage","url":"https:\/\/www.radlobby.org\/noe\/wp-content\/uploads\/Petitionsbild4_Foto_ohne_Radsymbole.jpg","contentUrl":"https:\/\/www.radlobby.org\/noe\/wp-content\/uploads\/Petitionsbild4_Foto_ohne_Radsymbole.jpg","width":1191,"height":839},{"@type":"BreadcrumbList","@id":"https:\/\/www.radlobby.org\/noe\/moedling-petition-alltagsradfahren\/#breadcrumb","itemListElement":[{"@type":"ListItem","position":1,"name":"Startseite","item":"https:\/\/www.radlobby.org\/noe\/"},{"@type":"ListItem","position":2,"name":"Petition &#8222;Alltags-Radfahren mit Zukunft&#8220;:"}]},{"@type":"WebSite","@id":"https:\/\/www.radlobby.org\/noe\/#website","url":"https:\/\/www.radlobby.org\/noe\/","name":"Radlobby Nieder\u00f6sterreich","description":"Radverkehr, Fahrrad, Radfahren, Radreisen, Radtouren, Radweg","publisher":{"@id":"https:\/\/www.radlobby.org\/noe\/#organization"},"potentialAction":[{"@type":"SearchAction","target":{"@type":"EntryPoint","urlTemplate":"https:\/\/www.radlobby.org\/noe\/?s={search_term_string}"},"query-input":{"@type":"PropertyValueSpecification","valueRequired":true,"valueName":"search_term_string"}}],"inLanguage":"de"},{"@type":"Organization","@id":"https:\/\/www.radlobby.org\/noe\/#organization","name":"Radlobby Nieder\u00f6sterreich","url":"https:\/\/www.radlobby.org\/noe\/","logo":{"@type":"ImageObject","inLanguage":"de","@id":"https:\/\/www.radlobby.org\/noe\/#\/schema\/logo\/image\/","url":"https:\/\/www.radlobby.org\/noe\/wp-content\/uploads\/2017\/01\/cropped-Logo_Radlobby_Niederoesterreich_50-400px_quer-1.jpg","contentUrl":"https:\/\/www.radlobby.org\/noe\/wp-content\/uploads\/2017\/01\/cropped-Logo_Radlobby_Niederoesterreich_50-400px_quer-1.jpg","width":450,"height":124,"caption":"Radlobby Nieder\u00f6sterreich"},"image":{"@id":"https:\/\/www.radlobby.org\/noe\/#\/schema\/logo\/image\/"},"sameAs":["https:\/\/www.facebook.com\/groups\/radfahren.in.noe\/"]}]}},"_links":{"self":[{"href":"https:\/\/www.radlobby.org\/noe\/wp-json\/wp\/v2\/pages\/19069","targetHints":{"allow":["GET"]}}],"collection":[{"href":"https:\/\/www.radlobby.org\/noe\/wp-json\/wp\/v2\/pages"}],"about":[{"href":"https:\/\/www.radlobby.org\/noe\/wp-json\/wp\/v2\/types\/page"}],"author":[{"embeddable":true,"href":"https:\/\/www.radlobby.org\/noe\/wp-json\/wp\/v2\/users\/7"}],"replies":[{"embeddable":true,"href":"https:\/\/www.radlobby.org\/noe\/wp-json\/wp\/v2\/comments?post=19069"}],"version-history":[{"count":0,"href":"https:\/\/www.radlobby.org\/noe\/wp-json\/wp\/v2\/pages\/19069\/revisions"}],"wp:featuredmedia":[{"embeddable":true,"href":"https:\/\/www.radlobby.org\/noe\/wp-json\/wp\/v2\/media\/19082"}],"wp:attachment":[{"href":"https:\/\/www.radlobby.org\/noe\/wp-json\/wp\/v2\/media?parent=19069"}],"curies":[{"name":"wp","href":"https:\/\/api.w.org\/{rel}","templated":true}]}}