{"id":18407,"date":"2026-04-13T10:22:24","date_gmt":"2026-04-13T08:22:24","guid":{"rendered":"https:\/\/www.radlobby.org\/noe\/?page_id=18407"},"modified":"2026-05-12T17:10:02","modified_gmt":"2026-05-12T15:10:02","slug":"statuten","status":"publish","type":"page","link":"https:\/\/www.radlobby.org\/noe\/statuten\/","title":{"rendered":"Statuten"},"content":{"rendered":"<h4>Statuten des Vereins Radlobby Nieder\u00f6sterreich<\/h4>\n<p>Die Radlobby N\u00d6 ist ein Verein. Wir sind nicht auf Gewinn ausgerichtet und verfolgen gemeinn\u00fctzige Zwecke in Form der F\u00f6rderung umweltfreundlicher Verkehrspolitik insbesondere des Radfahrens.<\/p>\n<p class=\"rteright\">Hier finden Sie die Statuten der Radlobby Nieder\u00f6sterreich: <a href=\"https:\/\/www.radlobby.org\/noe\/wp-content\/uploads\/Statuten-Radlobby-NOE_HV-28.02.2026.pdf\">https:\/\/www.radlobby.org\/noe\/wp-content\/uploads\/Statuten-Radlobby-NOE_HV-28.02.2026.pdf<\/a><\/p>\n","protected":false},"excerpt":{"rendered":"<p>Statuten des Vereins Radlobby Nieder\u00f6sterreich Die Radlobby N\u00d6 ist ein Verein. Wir sind nicht auf Gewinn ausgerichtet und verfolgen gemeinn\u00fctzige Zwecke in Form der F\u00f6rderung umweltfreundlicher Verkehrspolitik insbesondere des Radfahrens. Hier finden Sie die Statuten der Radlobby Nieder\u00f6sterreich: https:\/\/www.radlobby.org\/noe\/wp-content\/uploads\/Statuten-Radlobby-NOE_HV-28.02.2026.pdf<\/p>\n","protected":false},"author":7,"featured_media":0,"parent":0,"menu_order":0,"comment_status":"closed","ping_status":"closed","template":"","meta":{"footnotes":""},"class_list":["post-18407","page","type-page","status-publish","hentry"],"yoast_head":"<!-- This site is optimized with the Yoast SEO plugin v26.9 - https:\/\/yoast.com\/product\/yoast-seo-wordpress\/ -->\n<title>Statuten - Radlobby Nieder\u00f6sterreich<\/title>\n<meta name=\"robots\" content=\"index, follow, max-snippet:-1, max-image-preview:large, max-video-preview:-1\" \/>\n<link rel=\"canonical\" href=\"https:\/\/www.radlobby.org\/noe\/statuten\/\" \/>\n<meta property=\"og:locale\" content=\"de_DE\" \/>\n<meta property=\"og:type\" content=\"article\" \/>\n<meta property=\"og:title\" content=\"Statuten - Radlobby Nieder\u00f6sterreich\" \/>\n<meta property=\"og:description\" content=\"Statuten des Vereins Radlobby Nieder\u00f6sterreich Die Radlobby N\u00d6 ist ein Verein. Wir sind nicht auf Gewinn ausgerichtet und verfolgen gemeinn\u00fctzige Zwecke in Form der F\u00f6rderung umweltfreundlicher Verkehrspolitik insbesondere des Radfahrens. Hier finden Sie die Statuten der Radlobby Nieder\u00f6sterreich: https:\/\/www.radlobby.org\/noe\/wp-content\/uploads\/Statuten-Radlobby-NOE_HV-28.02.2026.pdf\" \/>\n<meta property=\"og:url\" content=\"https:\/\/www.radlobby.org\/noe\/statuten\/\" \/>\n<meta property=\"og:site_name\" content=\"Radlobby Nieder\u00f6sterreich\" \/>\n<meta property=\"article:publisher\" content=\"https:\/\/www.facebook.com\/groups\/radfahren.in.noe\/\" \/>\n<meta property=\"article:modified_time\" content=\"2026-05-12T15:10:02+00:00\" \/>\n<meta property=\"og:image\" content=\"https:\/\/www.radlobby.org\/noe\/wp-content\/uploads\/20200101-RLWN-Neujahrsaradeln-DSC_0105a_1900px-1.jpg\" \/>\n\t<meta property=\"og:image:width\" content=\"1900\" \/>\n\t<meta property=\"og:image:height\" content=\"770\" \/>\n\t<meta property=\"og:image:type\" content=\"image\/jpeg\" \/>\n<meta name=\"twitter:card\" content=\"summary_large_image\" \/>\n<meta name=\"twitter:label1\" content=\"Gesch\u00e4tzte Lesezeit\" \/>\n\t<meta name=\"twitter:data1\" content=\"1\u00a0Minute\" \/>\n<script type=\"application\/ld+json\" class=\"yoast-schema-graph\">{\"@context\":\"https:\/\/schema.org\",\"@graph\":[{\"@type\":\"WebPage\",\"@id\":\"https:\/\/www.radlobby.org\/noe\/statuten\/\",\"url\":\"https:\/\/www.radlobby.org\/noe\/statuten\/\",\"name\":\"Statuten - Radlobby Nieder\u00f6sterreich\",\"isPartOf\":{\"@id\":\"https:\/\/www.radlobby.org\/noe\/#website\"},\"datePublished\":\"2026-04-13T08:22:24+00:00\",\"dateModified\":\"2026-05-12T15:10:02+00:00\",\"breadcrumb\":{\"@id\":\"https:\/\/www.radlobby.org\/noe\/statuten\/#breadcrumb\"},\"inLanguage\":\"de\",\"potentialAction\":[{\"@type\":\"ReadAction\",\"target\":[\"https:\/\/www.radlobby.org\/noe\/statuten\/\"]}]},{\"@type\":\"BreadcrumbList\",\"@id\":\"https:\/\/www.radlobby.org\/noe\/statuten\/#breadcrumb\",\"itemListElement\":[{\"@type\":\"ListItem\",\"position\":1,\"name\":\"Startseite\",\"item\":\"https:\/\/www.radlobby.org\/noe\/\"},{\"@type\":\"ListItem\",\"position\":2,\"name\":\"Statuten\"}]},{\"@type\":\"WebSite\",\"@id\":\"https:\/\/www.radlobby.org\/noe\/#website\",\"url\":\"https:\/\/www.radlobby.org\/noe\/\",\"name\":\"Radlobby Nieder\u00f6sterreich\",\"description\":\"Radverkehr, Fahrrad, Radfahren, Radreisen, Radtouren, Radweg\",\"publisher\":{\"@id\":\"https:\/\/www.radlobby.org\/noe\/#organization\"},\"potentialAction\":[{\"@type\":\"SearchAction\",\"target\":{\"@type\":\"EntryPoint\",\"urlTemplate\":\"https:\/\/www.radlobby.org\/noe\/?s={search_term_string}\"},\"query-input\":{\"@type\":\"PropertyValueSpecification\",\"valueRequired\":true,\"valueName\":\"search_term_string\"}}],\"inLanguage\":\"de\"},{\"@type\":\"Organization\",\"@id\":\"https:\/\/www.radlobby.org\/noe\/#organization\",\"name\":\"Radlobby Nieder\u00f6sterreich\",\"url\":\"https:\/\/www.radlobby.org\/noe\/\",\"logo\":{\"@type\":\"ImageObject\",\"inLanguage\":\"de\",\"@id\":\"https:\/\/www.radlobby.org\/noe\/#\/schema\/logo\/image\/\",\"url\":\"https:\/\/www.radlobby.org\/noe\/wp-content\/uploads\/2017\/01\/cropped-Logo_Radlobby_Niederoesterreich_50-400px_quer-1.jpg\",\"contentUrl\":\"https:\/\/www.radlobby.org\/noe\/wp-content\/uploads\/2017\/01\/cropped-Logo_Radlobby_Niederoesterreich_50-400px_quer-1.jpg\",\"width\":450,\"height\":124,\"caption\":\"Radlobby Nieder\u00f6sterreich\"},\"image\":{\"@id\":\"https:\/\/www.radlobby.org\/noe\/#\/schema\/logo\/image\/\"},\"sameAs\":[\"https:\/\/www.facebook.com\/groups\/radfahren.in.noe\/\"]}]}<\/script>\n<!-- \/ Yoast SEO plugin. -->","yoast_head_json":{"title":"Statuten - Radlobby Nieder\u00f6sterreich","robots":{"index":"index","follow":"follow","max-snippet":"max-snippet:-1","max-image-preview":"max-image-preview:large","max-video-preview":"max-video-preview:-1"},"canonical":"https:\/\/www.radlobby.org\/noe\/statuten\/","og_locale":"de_DE","og_type":"article","og_title":"Statuten - Radlobby Nieder\u00f6sterreich","og_description":"Statuten des Vereins Radlobby Nieder\u00f6sterreich Die Radlobby N\u00d6 ist ein Verein. Wir sind nicht auf Gewinn ausgerichtet und verfolgen gemeinn\u00fctzige Zwecke in Form der F\u00f6rderung umweltfreundlicher Verkehrspolitik insbesondere des Radfahrens. Hier finden Sie die Statuten der Radlobby Nieder\u00f6sterreich: https:\/\/www.radlobby.org\/noe\/wp-content\/uploads\/Statuten-Radlobby-NOE_HV-28.02.2026.pdf","og_url":"https:\/\/www.radlobby.org\/noe\/statuten\/","og_site_name":"Radlobby Nieder\u00f6sterreich","article_publisher":"https:\/\/www.facebook.com\/groups\/radfahren.in.noe\/","article_modified_time":"2026-05-12T15:10:02+00:00","og_image":[{"width":1900,"height":770,"url":"https:\/\/www.radlobby.org\/noe\/wp-content\/uploads\/20200101-RLWN-Neujahrsaradeln-DSC_0105a_1900px-1.jpg","type":"image\/jpeg"}],"twitter_card":"summary_large_image","twitter_misc":{"Gesch\u00e4tzte Lesezeit":"1\u00a0Minute"},"schema":{"@context":"https:\/\/schema.org","@graph":[{"@type":"WebPage","@id":"https:\/\/www.radlobby.org\/noe\/statuten\/","url":"https:\/\/www.radlobby.org\/noe\/statuten\/","name":"Statuten - Radlobby Nieder\u00f6sterreich","isPartOf":{"@id":"https:\/\/www.radlobby.org\/noe\/#website"},"datePublished":"2026-04-13T08:22:24+00:00","dateModified":"2026-05-12T15:10:02+00:00","breadcrumb":{"@id":"https:\/\/www.radlobby.org\/noe\/statuten\/#breadcrumb"},"inLanguage":"de","potentialAction":[{"@type":"ReadAction","target":["https:\/\/www.radlobby.org\/noe\/statuten\/"]}]},{"@type":"BreadcrumbList","@id":"https:\/\/www.radlobby.org\/noe\/statuten\/#breadcrumb","itemListElement":[{"@type":"ListItem","position":1,"name":"Startseite","item":"https:\/\/www.radlobby.org\/noe\/"},{"@type":"ListItem","position":2,"name":"Statuten"}]},{"@type":"WebSite","@id":"https:\/\/www.radlobby.org\/noe\/#website","url":"https:\/\/www.radlobby.org\/noe\/","name":"Radlobby Nieder\u00f6sterreich","description":"Radverkehr, Fahrrad, Radfahren, Radreisen, Radtouren, Radweg","publisher":{"@id":"https:\/\/www.radlobby.org\/noe\/#organization"},"potentialAction":[{"@type":"SearchAction","target":{"@type":"EntryPoint","urlTemplate":"https:\/\/www.radlobby.org\/noe\/?s={search_term_string}"},"query-input":{"@type":"PropertyValueSpecification","valueRequired":true,"valueName":"search_term_string"}}],"inLanguage":"de"},{"@type":"Organization","@id":"https:\/\/www.radlobby.org\/noe\/#organization","name":"Radlobby Nieder\u00f6sterreich","url":"https:\/\/www.radlobby.org\/noe\/","logo":{"@type":"ImageObject","inLanguage":"de","@id":"https:\/\/www.radlobby.org\/noe\/#\/schema\/logo\/image\/","url":"https:\/\/www.radlobby.org\/noe\/wp-content\/uploads\/2017\/01\/cropped-Logo_Radlobby_Niederoesterreich_50-400px_quer-1.jpg","contentUrl":"https:\/\/www.radlobby.org\/noe\/wp-content\/uploads\/2017\/01\/cropped-Logo_Radlobby_Niederoesterreich_50-400px_quer-1.jpg","width":450,"height":124,"caption":"Radlobby Nieder\u00f6sterreich"},"image":{"@id":"https:\/\/www.radlobby.org\/noe\/#\/schema\/logo\/image\/"},"sameAs":["https:\/\/www.facebook.com\/groups\/radfahren.in.noe\/"]}]}},"_links":{"self":[{"href":"https:\/\/www.radlobby.org\/noe\/wp-json\/wp\/v2\/pages\/18407","targetHints":{"allow":["GET"]}}],"collection":[{"href":"https:\/\/www.radlobby.org\/noe\/wp-json\/wp\/v2\/pages"}],"about":[{"href":"https:\/\/www.radlobby.org\/noe\/wp-json\/wp\/v2\/types\/page"}],"author":[{"embeddable":true,"href":"https:\/\/www.radlobby.org\/noe\/wp-json\/wp\/v2\/users\/7"}],"replies":[{"embeddable":true,"href":"https:\/\/www.radlobby.org\/noe\/wp-json\/wp\/v2\/comments?post=18407"}],"version-history":[{"count":8,"href":"https:\/\/www.radlobby.org\/noe\/wp-json\/wp\/v2\/pages\/18407\/revisions"}],"predecessor-version":[{"id":42067,"href":"https:\/\/www.radlobby.org\/noe\/wp-json\/wp\/v2\/pages\/18407\/revisions\/42067"}],"wp:attachment":[{"href":"https:\/\/www.radlobby.org\/noe\/wp-json\/wp\/v2\/media?parent=18407"}],"curies":[{"name":"wp","href":"https:\/\/api.w.org\/{rel}","templated":true}]}}