{"id":16789,"date":"2021-02-06T19:46:13","date_gmt":"2021-02-06T18:46:13","guid":{"rendered":"https:\/\/www.radlobby.org\/noe\/?page_id=16789"},"modified":"2021-02-19T18:13:55","modified_gmt":"2021-02-19T17:13:55","slug":"radlobby-radtouren-2021","status":"publish","type":"page","link":"https:\/\/www.radlobby.org\/noe\/radlobby-radtouren-2021\/","title":{"rendered":"Radlobby Radtouren 2021"},"content":{"rendered":"<h5>Radlobby Radtouren 2021<\/h5>\n<p><a href=\"https:\/\/www.radlobby.org\/noe\/wp-content\/uploads\/2016\/12\/20160605-RLN\u00d6-RL-Schwarzatal-Radtour_08a_DSC_2028_1800px.jpg\" data-src=\"https:\/\/www.radlobby.org\/noe\/wp-content\/uploads\/2016\/12\/20160605-RLN\u00d6-RL-Schwarzatal-Radtour_08a_DSC_2028_1800px.jpg\" data-thumb=\"https:\/\/www.radlobby.org\/noe\/wp-content\/uploads\/2016\/12\/20160605-RLN\u00d6-RL-Schwarzatal-Radtour_08a_DSC_2028_1800px-1024x265.jpg\" class=\"ml-lightbox-enabled\"><img loading=\"lazy\" decoding=\"async\" class=\"alignnone wp-image-1419 size-large\" src=\"https:\/\/www.radlobby.org\/noe\/wp-content\/uploads\/2016\/12\/20160605-RLN\u00d6-RL-Schwarzatal-Radtour_08a_DSC_2028_1800px-1024x265.jpg\" alt=\"\" width=\"750\" height=\"194\" srcset=\"https:\/\/www.radlobby.org\/noe\/wp-content\/uploads\/2016\/12\/20160605-RLN\u00d6-RL-Schwarzatal-Radtour_08a_DSC_2028_1800px-1024x265.jpg 1024w, https:\/\/www.radlobby.org\/noe\/wp-content\/uploads\/2016\/12\/20160605-RLN\u00d6-RL-Schwarzatal-Radtour_08a_DSC_2028_1800px-300x78.jpg 300w, https:\/\/www.radlobby.org\/noe\/wp-content\/uploads\/2016\/12\/20160605-RLN\u00d6-RL-Schwarzatal-Radtour_08a_DSC_2028_1800px-768x199.jpg 768w, https:\/\/www.radlobby.org\/noe\/wp-content\/uploads\/2016\/12\/20160605-RLN\u00d6-RL-Schwarzatal-Radtour_08a_DSC_2028_1800px.jpg 1613w\" sizes=\"auto, (max-width: 750px) 100vw, 750px\" \/><\/a><br \/>\n<strong>Ob und in welcher Form die Touren 2021 stattfinden, ist wegen der Corona-Situation noch nicht klar.<\/strong><br \/>\n<strong>Daher ist noch kein Datum eingef\u00fcgt. Die Details zu den Touren werden noch erstellt.<\/strong><\/p>\n<hr \/>\n<table>\n<tbody>\n<tr>\n<td style=\"background-color: #c1c400;\"><span style=\"color: #005575;\"><strong>\u00a0<span style=\"font-size: 14pt;\">Datum<\/span>\u00a0\u00a0<\/strong><\/span><\/td>\n<td style=\"background-color: #c1c400;\"><span style=\"color: #005575;\">Details<\/span><\/td>\n<td style=\"background-color: #c1c400;\"><span style=\"color: #005575;\"><strong>\u00a0<span style=\"font-size: 14pt;\">Radtouren 2021<\/span><\/strong><\/span><\/td>\n<td style=\"background-color: #c1c400;\"><span style=\"color: #005575;\"><strong>\u00a0km\u00a0\u00a0<\/strong><\/span><\/td>\n<td style=\"background-color: #c1c400;\"><span style=\"color: #005575;\">Bild<\/span><\/td>\n<\/tr>\n<tr>\n<td><\/td>\n<td>Info<\/td>\n<td><strong>Lafnitztal &amp; F\u00fcrstenfeld<\/strong>: Rohrbach\/Lafnitz &#8211; Rudersdorf &#8211; F\u00fcrstenfeld<\/td>\n<td><\/td>\n<td><\/td>\n<\/tr>\n<tr>\n<td><\/td>\n<td>Info<\/td>\n<td><strong>N\u00f6rdliches Weinviertel<\/strong>: Bernhardsthal &#8211; Nonseum Herrnbaumgarten &#8211; VinoVersum Poysdorf &#8211; Mistelbach<\/td>\n<td><\/td>\n<td><\/td>\n<\/tr>\n<tr>\n<td><\/td>\n<td>Info<\/td>\n<td><strong>Schwarzataltour<\/strong>: Payerbach &#8211; Gloggnitz &#8211; Neunkirchen &#8211; Schwarzau &#8211; Lanzenkirchen &#8211; festlicher Empfang<\/td>\n<td><\/td>\n<td><\/td>\n<\/tr>\n<tr>\n<td><\/td>\n<td>Info<\/td>\n<td><strong>Kehrbachradtour<\/strong> Wiener Neustadt &#8211; Peisching:<br \/>\nvom Mittelalter bis ins 21. Jahrhundert<\/td>\n<td><\/td>\n<td><\/td>\n<\/tr>\n<tr>\n<td><\/td>\n<td>Info<\/td>\n<td>Historisches und Kulinarisches im <strong>Osten Wiener Neustadts &amp; Lichtenw\u00f6rth<\/strong><\/td>\n<td><\/td>\n<td><\/td>\n<\/tr>\n<tr>\n<td><\/td>\n<td>Info<\/td>\n<td>Historisches im <strong>Westen Wiener Neustadts<\/strong> &#8211; Heideansiedlung &#8211; Feuerwerksanstalt<\/td>\n<td><\/td>\n<td><\/td>\n<\/tr>\n<tr>\n<td><\/td>\n<td>Info<\/td>\n<td><strong>Heurigentour<\/strong> Wiener Neustadt &#8211; Matzendorf &#8211; Soo\u00df<\/td>\n<td><\/td>\n<td><\/td>\n<\/tr>\n<tr>\n<td><\/td>\n<td>Info<\/td>\n<td><strong>Ziegelbaron-Radweg<\/strong>: Liesing &#8211; V\u00f6sendorf &#8211; Maria Lanzendorf &#8211; Himberg &#8211; Achau &#8211; Ende des Wiener Neust\u00e4dter Kanals &#8211; M\u00f6dling<\/td>\n<td><\/td>\n<td><\/td>\n<\/tr>\n<tr>\n<td><\/td>\n<td>Info<\/td>\n<td><strong>Carnuntum Radtour<\/strong>: Bruck\/Leitha &#8211; Carnuntum &#8211; Bad Deutsch-Altenburg &#8211; Hainburg<\/td>\n<td><\/td>\n<td><\/td>\n<\/tr>\n<tr>\n<td><\/td>\n<td>Info<\/td>\n<td><strong>Laabentalradweg<\/strong>: Tullnerfeld &#8211; Neulengbach &#8211; Laaben<\/td>\n<td><\/td>\n<td><\/td>\n<\/tr>\n<tr>\n<td><\/td>\n<td>Info<\/td>\n<td><strong>Wienerwaldtour<\/strong>: Meidling &#8211; Wiental &#8211; Purkersdorf &#8211; Pressbaum &#8211; Breitenfurt &#8211; M\u00f6dling<\/td>\n<td><\/td>\n<td><\/td>\n<\/tr>\n<tr>\n<td><\/td>\n<td>Info<\/td>\n<td><strong>Adlitzgr\u00e4ben<\/strong>: Semmering &#8211; Gloggnitz &#8211; Ternitz &#8211; Neunkirchen &#8211; Wiener Neustadt<\/td>\n<td><\/td>\n<td><\/td>\n<\/tr>\n<tr>\n<td><\/td>\n<td>Info<\/td>\n<td><strong>Leitharadtour<\/strong>: Leitha-Ursprung Hadersw\u00f6rth &#8211; Lichtenw\u00f6rth &#8211; Neufeld &#8211; Wimpassing &#8211; Mannersdorf &#8211; Bruck an der Leitha<\/td>\n<td>63 km<\/td>\n<td><\/td>\n<\/tr>\n<tr>\n<td><\/td>\n<td>Info<\/td>\n<td><strong>Fischa &amp; Mitterndorfer Senke Entdeckungsradtour<\/strong>: Wiener Neustadt &#8211; Fischa-Ursprung &#8211; Haschendorf &#8211; Ebreichsdorf &#8211; Mitterndorf &#8211; Gramatneusiedl &#8211; Ebergassing &#8211; Fischamend &#8211; Donaum\u00fcndung<\/td>\n<td><\/td>\n<td><\/td>\n<\/tr>\n<tr>\n<td><\/td>\n<td>Info<\/td>\n<td><strong>Exkursion zum Radmotorikpark Wien <\/strong>f\u00fcr Rad- und Familienverantwortliche in Gemeinden<\/td>\n<td><\/td>\n<td><\/td>\n<\/tr>\n<\/tbody>\n<\/table>\n<p>&nbsp;<\/p>\n","protected":false},"excerpt":{"rendered":"<p>Radlobby Radtouren 2021 Ob und in welcher Form die Touren 2021 stattfinden, ist wegen der Corona-Situation noch nicht klar. Daher ist noch kein Datum eingef\u00fcgt. Die Details zu den Touren werden noch erstellt. \u00a0Datum\u00a0\u00a0 Details \u00a0Radtouren 2021 \u00a0km\u00a0\u00a0 Bild Info<\/p>\n","protected":false},"author":16,"featured_media":0,"parent":0,"menu_order":0,"comment_status":"closed","ping_status":"closed","template":"","meta":{"footnotes":""},"class_list":["post-16789","page","type-page","status-publish","hentry"],"yoast_head":"<!-- This site is optimized with the Yoast SEO plugin v26.9 - https:\/\/yoast.com\/product\/yoast-seo-wordpress\/ -->\n<title>Radlobby Radtouren 2021 - Radlobby Nieder\u00f6sterreich<\/title>\n<meta name=\"robots\" content=\"index, follow, max-snippet:-1, max-image-preview:large, max-video-preview:-1\" \/>\n<link rel=\"canonical\" href=\"https:\/\/www.radlobby.org\/noe\/radlobby-radtouren-2021\/\" \/>\n<meta property=\"og:locale\" content=\"de_DE\" \/>\n<meta property=\"og:type\" content=\"article\" \/>\n<meta property=\"og:title\" content=\"Radlobby Radtouren 2021 - Radlobby Nieder\u00f6sterreich\" \/>\n<meta property=\"og:description\" content=\"Radlobby Radtouren 2021 Ob und in welcher Form die Touren 2021 stattfinden, ist wegen der Corona-Situation noch nicht klar. Daher ist noch kein Datum eingef\u00fcgt. Die Details zu den Touren werden noch erstellt. \u00a0Datum\u00a0\u00a0 Details \u00a0Radtouren 2021 \u00a0km\u00a0\u00a0 Bild Info\" \/>\n<meta property=\"og:url\" content=\"https:\/\/www.radlobby.org\/noe\/radlobby-radtouren-2021\/\" \/>\n<meta property=\"og:site_name\" content=\"Radlobby Nieder\u00f6sterreich\" \/>\n<meta property=\"article:publisher\" content=\"https:\/\/www.facebook.com\/groups\/radfahren.in.noe\/\" \/>\n<meta property=\"article:modified_time\" content=\"2021-02-19T17:13:55+00:00\" \/>\n<meta property=\"og:image\" content=\"https:\/\/www.radlobby.org\/noe\/wp-content\/uploads\/2016\/12\/20160605-RLN\u00d6-RL-Schwarzatal-Radtour_08a_DSC_2028_1800px-1024x265.jpg\" \/>\n<meta name=\"twitter:card\" content=\"summary_large_image\" \/>\n<meta name=\"twitter:label1\" content=\"Gesch\u00e4tzte Lesezeit\" \/>\n\t<meta name=\"twitter:data1\" content=\"2\u00a0Minuten\" \/>\n<script type=\"application\/ld+json\" class=\"yoast-schema-graph\">{\"@context\":\"https:\/\/schema.org\",\"@graph\":[{\"@type\":\"WebPage\",\"@id\":\"https:\/\/www.radlobby.org\/noe\/radlobby-radtouren-2021\/\",\"url\":\"https:\/\/www.radlobby.org\/noe\/radlobby-radtouren-2021\/\",\"name\":\"Radlobby Radtouren 2021 - Radlobby Nieder\u00f6sterreich\",\"isPartOf\":{\"@id\":\"https:\/\/www.radlobby.org\/noe\/#website\"},\"datePublished\":\"2021-02-06T18:46:13+00:00\",\"dateModified\":\"2021-02-19T17:13:55+00:00\",\"breadcrumb\":{\"@id\":\"https:\/\/www.radlobby.org\/noe\/radlobby-radtouren-2021\/#breadcrumb\"},\"inLanguage\":\"de\",\"potentialAction\":[{\"@type\":\"ReadAction\",\"target\":[\"https:\/\/www.radlobby.org\/noe\/radlobby-radtouren-2021\/\"]}]},{\"@type\":\"BreadcrumbList\",\"@id\":\"https:\/\/www.radlobby.org\/noe\/radlobby-radtouren-2021\/#breadcrumb\",\"itemListElement\":[{\"@type\":\"ListItem\",\"position\":1,\"name\":\"Startseite\",\"item\":\"https:\/\/www.radlobby.org\/noe\/\"},{\"@type\":\"ListItem\",\"position\":2,\"name\":\"Radlobby Radtouren 2021\"}]},{\"@type\":\"WebSite\",\"@id\":\"https:\/\/www.radlobby.org\/noe\/#website\",\"url\":\"https:\/\/www.radlobby.org\/noe\/\",\"name\":\"Radlobby Nieder\u00f6sterreich\",\"description\":\"Radverkehr, Fahrrad, Radfahren, Radreisen, Radtouren, Radweg\",\"publisher\":{\"@id\":\"https:\/\/www.radlobby.org\/noe\/#organization\"},\"potentialAction\":[{\"@type\":\"SearchAction\",\"target\":{\"@type\":\"EntryPoint\",\"urlTemplate\":\"https:\/\/www.radlobby.org\/noe\/?s={search_term_string}\"},\"query-input\":{\"@type\":\"PropertyValueSpecification\",\"valueRequired\":true,\"valueName\":\"search_term_string\"}}],\"inLanguage\":\"de\"},{\"@type\":\"Organization\",\"@id\":\"https:\/\/www.radlobby.org\/noe\/#organization\",\"name\":\"Radlobby Nieder\u00f6sterreich\",\"url\":\"https:\/\/www.radlobby.org\/noe\/\",\"logo\":{\"@type\":\"ImageObject\",\"inLanguage\":\"de\",\"@id\":\"https:\/\/www.radlobby.org\/noe\/#\/schema\/logo\/image\/\",\"url\":\"https:\/\/www.radlobby.org\/noe\/wp-content\/uploads\/2017\/01\/cropped-Logo_Radlobby_Niederoesterreich_50-400px_quer-1.jpg\",\"contentUrl\":\"https:\/\/www.radlobby.org\/noe\/wp-content\/uploads\/2017\/01\/cropped-Logo_Radlobby_Niederoesterreich_50-400px_quer-1.jpg\",\"width\":450,\"height\":124,\"caption\":\"Radlobby Nieder\u00f6sterreich\"},\"image\":{\"@id\":\"https:\/\/www.radlobby.org\/noe\/#\/schema\/logo\/image\/\"},\"sameAs\":[\"https:\/\/www.facebook.com\/groups\/radfahren.in.noe\/\"]}]}<\/script>\n<!-- \/ Yoast SEO plugin. -->","yoast_head_json":{"title":"Radlobby Radtouren 2021 - Radlobby Nieder\u00f6sterreich","robots":{"index":"index","follow":"follow","max-snippet":"max-snippet:-1","max-image-preview":"max-image-preview:large","max-video-preview":"max-video-preview:-1"},"canonical":"https:\/\/www.radlobby.org\/noe\/radlobby-radtouren-2021\/","og_locale":"de_DE","og_type":"article","og_title":"Radlobby Radtouren 2021 - Radlobby Nieder\u00f6sterreich","og_description":"Radlobby Radtouren 2021 Ob und in welcher Form die Touren 2021 stattfinden, ist wegen der Corona-Situation noch nicht klar. Daher ist noch kein Datum eingef\u00fcgt. Die Details zu den Touren werden noch erstellt. \u00a0Datum\u00a0\u00a0 Details \u00a0Radtouren 2021 \u00a0km\u00a0\u00a0 Bild Info","og_url":"https:\/\/www.radlobby.org\/noe\/radlobby-radtouren-2021\/","og_site_name":"Radlobby Nieder\u00f6sterreich","article_publisher":"https:\/\/www.facebook.com\/groups\/radfahren.in.noe\/","article_modified_time":"2021-02-19T17:13:55+00:00","og_image":[{"url":"https:\/\/www.radlobby.org\/noe\/wp-content\/uploads\/2016\/12\/20160605-RLN\u00d6-RL-Schwarzatal-Radtour_08a_DSC_2028_1800px-1024x265.jpg","type":"","width":"","height":""}],"twitter_card":"summary_large_image","twitter_misc":{"Gesch\u00e4tzte Lesezeit":"2\u00a0Minuten"},"schema":{"@context":"https:\/\/schema.org","@graph":[{"@type":"WebPage","@id":"https:\/\/www.radlobby.org\/noe\/radlobby-radtouren-2021\/","url":"https:\/\/www.radlobby.org\/noe\/radlobby-radtouren-2021\/","name":"Radlobby Radtouren 2021 - Radlobby Nieder\u00f6sterreich","isPartOf":{"@id":"https:\/\/www.radlobby.org\/noe\/#website"},"datePublished":"2021-02-06T18:46:13+00:00","dateModified":"2021-02-19T17:13:55+00:00","breadcrumb":{"@id":"https:\/\/www.radlobby.org\/noe\/radlobby-radtouren-2021\/#breadcrumb"},"inLanguage":"de","potentialAction":[{"@type":"ReadAction","target":["https:\/\/www.radlobby.org\/noe\/radlobby-radtouren-2021\/"]}]},{"@type":"BreadcrumbList","@id":"https:\/\/www.radlobby.org\/noe\/radlobby-radtouren-2021\/#breadcrumb","itemListElement":[{"@type":"ListItem","position":1,"name":"Startseite","item":"https:\/\/www.radlobby.org\/noe\/"},{"@type":"ListItem","position":2,"name":"Radlobby Radtouren 2021"}]},{"@type":"WebSite","@id":"https:\/\/www.radlobby.org\/noe\/#website","url":"https:\/\/www.radlobby.org\/noe\/","name":"Radlobby Nieder\u00f6sterreich","description":"Radverkehr, Fahrrad, Radfahren, Radreisen, Radtouren, Radweg","publisher":{"@id":"https:\/\/www.radlobby.org\/noe\/#organization"},"potentialAction":[{"@type":"SearchAction","target":{"@type":"EntryPoint","urlTemplate":"https:\/\/www.radlobby.org\/noe\/?s={search_term_string}"},"query-input":{"@type":"PropertyValueSpecification","valueRequired":true,"valueName":"search_term_string"}}],"inLanguage":"de"},{"@type":"Organization","@id":"https:\/\/www.radlobby.org\/noe\/#organization","name":"Radlobby Nieder\u00f6sterreich","url":"https:\/\/www.radlobby.org\/noe\/","logo":{"@type":"ImageObject","inLanguage":"de","@id":"https:\/\/www.radlobby.org\/noe\/#\/schema\/logo\/image\/","url":"https:\/\/www.radlobby.org\/noe\/wp-content\/uploads\/2017\/01\/cropped-Logo_Radlobby_Niederoesterreich_50-400px_quer-1.jpg","contentUrl":"https:\/\/www.radlobby.org\/noe\/wp-content\/uploads\/2017\/01\/cropped-Logo_Radlobby_Niederoesterreich_50-400px_quer-1.jpg","width":450,"height":124,"caption":"Radlobby Nieder\u00f6sterreich"},"image":{"@id":"https:\/\/www.radlobby.org\/noe\/#\/schema\/logo\/image\/"},"sameAs":["https:\/\/www.facebook.com\/groups\/radfahren.in.noe\/"]}]}},"_links":{"self":[{"href":"https:\/\/www.radlobby.org\/noe\/wp-json\/wp\/v2\/pages\/16789","targetHints":{"allow":["GET"]}}],"collection":[{"href":"https:\/\/www.radlobby.org\/noe\/wp-json\/wp\/v2\/pages"}],"about":[{"href":"https:\/\/www.radlobby.org\/noe\/wp-json\/wp\/v2\/types\/page"}],"author":[{"embeddable":true,"href":"https:\/\/www.radlobby.org\/noe\/wp-json\/wp\/v2\/users\/16"}],"replies":[{"embeddable":true,"href":"https:\/\/www.radlobby.org\/noe\/wp-json\/wp\/v2\/comments?post=16789"}],"version-history":[{"count":0,"href":"https:\/\/www.radlobby.org\/noe\/wp-json\/wp\/v2\/pages\/16789\/revisions"}],"wp:attachment":[{"href":"https:\/\/www.radlobby.org\/noe\/wp-json\/wp\/v2\/media?parent=16789"}],"curies":[{"name":"wp","href":"https:\/\/api.w.org\/{rel}","templated":true}]}}