{"id":16562,"date":"2021-01-08T13:33:53","date_gmt":"2021-01-08T12:33:53","guid":{"rendered":"https:\/\/www.radlobby.org\/noe\/?page_id=16562"},"modified":"2021-06-01T21:50:30","modified_gmt":"2021-06-01T19:50:30","slug":"10-jahre-radlobby-niederoesterreich-fotoaktion","status":"publish","type":"page","link":"https:\/\/www.radlobby.org\/noe\/10-jahre-radlobby-niederoesterreich-fotoaktion\/","title":{"rendered":"10 Jahre Radlobby Nieder\u00f6sterreich <br> \u201eAlltagsradeln&#8221;-Fotoaktion <br><span style=\"color: #a3a700;\"><i class=\"_mi _before dashicons dashicons-format-gallery\" aria-hidden=\"true\"><\/i> <a href=\"#Anker\">Hier unten <\/a>k\u00f6nnen Sie Ihre Fotos hochladen<\/span>"},"content":{"rendered":"<h6><a href=\"https:\/\/www.radlobby.org\/noe\/wp-content\/uploads\/10-Jahre-Radlobby-Niederoesterreich-286px.jpg\" data-src=\"https:\/\/www.radlobby.org\/noe\/wp-content\/uploads\/10-Jahre-Radlobby-Niederoesterreich-286px.jpg\" data-thumb=\"https:\/\/www.radlobby.org\/noe\/wp-content\/uploads\/10-Jahre-Radlobby-Niederoesterreich-286px.jpg\" class=\"ml-lightbox-enabled\"><img loading=\"lazy\" decoding=\"async\" class=\"size-full wp-image-16316 alignright\" src=\"https:\/\/www.radlobby.org\/noe\/wp-content\/uploads\/10-Jahre-Radlobby-Niederoesterreich-286px.jpg\" alt=\"\" width=\"286\" height=\"280\" \/><\/a><\/h6>\n<h4>Vielen Dank f\u00fcr die Teilnahme an der 10 Jahre Radlobby N\u00d6-Fotoaktion<\/h4>\n<p>Die Fotoaktion ist mit 31. Mai 2021 zu Ende.<br \/>\nDie Verlosung findet demn\u00e4chst statt.<br \/>\nDie Gewinner.innen der Preise werden benachrichtig.<\/p>\n<p>&nbsp;<\/p>\n<hr \/>\n<h6>Anstatt der \u201e<b>10 Jahre <\/b><b>Radlobby N\u00d6<\/b>\u201c Feierlichkeiten laden wir alle zum Mitmachen ein.<\/h6>\n<p><strong>Wer ein Foto vom Alltagsradfahren auf die Radlobby Homepage hochl\u00e4dt, kann einen tolle Preis gewinnen.<\/strong><br \/>\nFahrradrucks\u00e4cke, Fahrradtaschen, Fahrradk\u00f6rbe und viele weitere wertvolle Preise, die noch hinzukommen!<br \/>\n<strong>Aktueller Wert der Preise: \u00fcber 600,- \u20ac<\/strong><br \/>\nHier geht es zur \u203a <a href=\"https:\/\/www.radlobby.org\/noe\/10-jahre-radlobby-niederoesterreich-fotoaktion-gewinne\/\">Liste der Preise<\/a>, die verlost werden.<\/p>\n<p><a href=\"https:\/\/www.radlobby.org\/noe\/10-jahre-radlobby-niederoesterreich-fotoaktion-gewinne\/\"><img loading=\"lazy\" decoding=\"async\" class=\"alignnone wp-image-16361\" src=\"https:\/\/www.radlobby.org\/noe\/wp-content\/uploads\/Fahrradrucksack-Basil-Ever-Green-2179226980-239x300.jpg\" alt=\"BASIL Fahrradrucksack Ever-Green \u2022 recyceltes PET-Polyester \u2022 wasserfester Faltverschluss \u2022 Futter mit Innenfach \u2022 Vorderfach mit Magnetverschluss \u2022 Griff aus veganem Leder \u2022 Rucksackgurt verstellbar zum Schultergurt \u2022 Reflexion \u2022 Volumen: ca. 14-19 Liter \u2022 Farbe: thymian gr\u00fcn, 28x16x35cm\" width=\"125\" height=\"157\" srcset=\"https:\/\/www.radlobby.org\/noe\/wp-content\/uploads\/Fahrradrucksack-Basil-Ever-Green-2179226980-239x300.jpg 239w, https:\/\/www.radlobby.org\/noe\/wp-content\/uploads\/Fahrradrucksack-Basil-Ever-Green-2179226980.jpg 661w\" sizes=\"auto, (max-width: 125px) 100vw, 125px\" \/><\/a> <a href=\"https:\/\/www.radlobby.org\/noe\/10-jahre-radlobby-niederoesterreich-fotoaktion-gewinne\/\"><img loading=\"lazy\" decoding=\"async\" class=\"alignnone wp-image-16360\" src=\"https:\/\/www.radlobby.org\/noe\/wp-content\/uploads\/Commuter-Tasche-Norco-Finsbury-Urban-2179217400-287x300.jpg\" alt=\"NORCO Urban Series Finsbury Commuter-Tasche \u2022 mit KLICKfix Variohaken Befestigungssystem f\u00fcr Gep\u00e4cktr\u00e4ger oder Korb mit gerader Kante \u2022 robustes Norco Nylongewebe mit textiler Optik und Textur \u2022 im Deckel integriertes Tablet-Fach mit Bedienfenster \u2022 internes, gepolstertes Notebook-Fach bis 15&quot; \u2022 gro\u00dfes Hauptfach mit diversen Innenf\u00e4chern auch f\u00fcr A4 Unterlagen \u2022 Steckverschluss aus Aluminium \u2022 gef\u00fctterte, formstabile Konstruktion mit Tragegriff und Schultergurt \u2022 reflektierende Applikationen und Regen\u00fcberzug \u2022 Volumen: 11ltr \u2022 Gewicht: ca. 1200g \u2022 tweed-grau \u2022 40x33x10cm \u2022 ca. 1200g\" width=\"139\" height=\"145\" srcset=\"https:\/\/www.radlobby.org\/noe\/wp-content\/uploads\/Commuter-Tasche-Norco-Finsbury-Urban-2179217400-287x300.jpg 287w, https:\/\/www.radlobby.org\/noe\/wp-content\/uploads\/Commuter-Tasche-Norco-Finsbury-Urban-2179217400-768x803.jpg 768w, https:\/\/www.radlobby.org\/noe\/wp-content\/uploads\/Commuter-Tasche-Norco-Finsbury-Urban-2179217400.jpg 795w\" sizes=\"auto, (max-width: 139px) 100vw, 139px\" \/><\/a> \u00a0<a href=\"https:\/\/www.radlobby.org\/noe\/10-jahre-radlobby-niederoesterreich-fotoaktion-gewinne\/\"><img loading=\"lazy\" decoding=\"async\" class=\"alignnone wp-image-16359\" src=\"https:\/\/www.radlobby.org\/noe\/wp-content\/uploads\/Hinterradkorb-Basil-45x31x21cm-2128017600-300x255.jpg\" alt=\"BASIL Hinterrad-Korb Cento \u2022 Material: Stahl engmaschig \u2022 feste Montage am Gep\u00e4cktr\u00e4gerrohr \u2022 inkl. Befestigungsmaterial \u2022 stabiler Rahmen, abgeschr\u00e4gt \u2022 Korb wird in Fahrtrichtung befestigt \u2022 45x31x21cm \u2022 schwarz, engmaschig\" width=\"154\" height=\"131\" srcset=\"https:\/\/www.radlobby.org\/noe\/wp-content\/uploads\/Hinterradkorb-Basil-45x31x21cm-2128017600-300x255.jpg 300w, https:\/\/www.radlobby.org\/noe\/wp-content\/uploads\/Hinterradkorb-Basil-45x31x21cm-2128017600-768x652.jpg 768w, https:\/\/www.radlobby.org\/noe\/wp-content\/uploads\/Hinterradkorb-Basil-45x31x21cm-2128017600.jpg 825w\" sizes=\"auto, (max-width: 154px) 100vw, 154px\" \/><\/a><br \/>\n<b>Wie funktioniert das Mitmachen:<\/b><\/p>\n<ol>\n<li><a href=\"https:\/\/www.radlobby.org\/noe\/wp-content\/uploads\/20160312_Krems_Schiffanlegestelle_Klaus_Otepka_Karl_Zauner_154136.jpg\" data-src=\"https:\/\/www.radlobby.org\/noe\/wp-content\/uploads\/20160312_Krems_Schiffanlegestelle_Klaus_Otepka_Karl_Zauner_154136.jpg\" data-thumb=\"https:\/\/www.radlobby.org\/noe\/wp-content\/uploads\/20160312_Krems_Schiffanlegestelle_Klaus_Otepka_Karl_Zauner_154136-300x214.jpg\" class=\"ml-lightbox-enabled\"><img loading=\"lazy\" decoding=\"async\" class=\"alignright wp-image-16394 size-medium\" src=\"https:\/\/www.radlobby.org\/noe\/wp-content\/uploads\/20160312_Krems_Schiffanlegestelle_Klaus_Otepka_Karl_Zauner_154136-300x214.jpg\" alt=\"Klaus Otepka und Karl Zauner bei der Schiffsanlegestelle in Krems | Foto: Kurt Lenitz\" width=\"300\" height=\"214\" srcset=\"https:\/\/www.radlobby.org\/noe\/wp-content\/uploads\/20160312_Krems_Schiffanlegestelle_Klaus_Otepka_Karl_Zauner_154136-300x214.jpg 300w, https:\/\/www.radlobby.org\/noe\/wp-content\/uploads\/20160312_Krems_Schiffanlegestelle_Klaus_Otepka_Karl_Zauner_154136-768x549.jpg 768w, https:\/\/www.radlobby.org\/noe\/wp-content\/uploads\/20160312_Krems_Schiffanlegestelle_Klaus_Otepka_Karl_Zauner_154136.jpg 1120w\" sizes=\"auto, (max-width: 300px) 100vw, 300px\" \/><\/a>Machen Sie Fotos, das Sie oder Freund.innen beim Alltagsradfahren zeigt:<br \/>\nAuf dem Weg zur Arbeit, zum Einkaufen, zu Terminen, Freizeitwege, Kindertransporte, &#8230;<br \/>\nEs soll immer mindestens eine Person am Bild sein. Wichtig: die Fotos sind zur Ver\u00f6ffentlichung gedacht.<\/li>\n<li>Schreiben Sie eine kurze Nachricht, warum Sie im Alltag gerne mit dem Rad fahren.<\/li>\n<li>Laden Sie die Fotos <span style=\"color: #ff0000;\"><b>ab 1. J\u00e4nner 2021 <\/b><\/span>hier unten mit dem Formular hoch.<\/li>\n<li>Die Aktion endet am <span style=\"color: #ff0000;\"><b>31. Mai 2021<\/b><\/span>.<\/li>\n<\/ol>\n<p><strong>Die Teilnahmebedingungen:<\/strong><br \/>\nAlle d\u00fcrfen teilnehmen. Bis zum Ende der Aktion werden weitere Preise hinzukommen. An der Verlosung der Preise nimmt jede.r Teilnehmerin teil, unabh\u00e4ngig von der Anzahl der hochgeladenen Bilder. Wir bitten um Verst\u00e4ndnis, dass wir aus rechtlichen Gr\u00fcnden die Namen und Kontaktdaten von Personen auf den Bildern ben\u00f6tigen. Alle Eingabefelder m\u00fcssen sinnvoll ausgef\u00fcllt werden.<a id=\"Anker\"><\/a><\/p>\n<p>&nbsp;<\/p>\n","protected":false},"excerpt":{"rendered":"<p>Vielen Dank f\u00fcr die Teilnahme an der 10 Jahre Radlobby N\u00d6-Fotoaktion Die Fotoaktion ist mit 31. Mai 2021 zu Ende. Die Verlosung findet demn\u00e4chst statt. Die Gewinner.innen der Preise werden benachrichtig. &nbsp; Anstatt der \u201e10 Jahre Radlobby N\u00d6\u201c Feierlichkeiten laden<\/p>\n","protected":false},"author":16,"featured_media":0,"parent":0,"menu_order":0,"comment_status":"closed","ping_status":"closed","template":"","meta":{"footnotes":""},"class_list":["post-16562","page","type-page","status-publish","hentry"],"yoast_head":"<!-- This site is optimized with the Yoast SEO plugin v26.9 - https:\/\/yoast.com\/product\/yoast-seo-wordpress\/ -->\n<title>10 Jahre Radlobby Nieder\u00f6sterreich  \u201eAlltagsradeln&quot;-Fotoaktion  Hier unten k\u00f6nnen Sie Ihre Fotos hochladen - Radlobby Nieder\u00f6sterreich<\/title>\n<meta name=\"robots\" content=\"index, follow, max-snippet:-1, max-image-preview:large, max-video-preview:-1\" \/>\n<link rel=\"canonical\" href=\"https:\/\/www.radlobby.org\/noe\/10-jahre-radlobby-niederoesterreich-fotoaktion\/\" \/>\n<meta property=\"og:locale\" content=\"de_DE\" \/>\n<meta property=\"og:type\" content=\"article\" \/>\n<meta property=\"og:title\" content=\"10 Jahre Radlobby Nieder\u00f6sterreich  \u201eAlltagsradeln&quot;-Fotoaktion  Hier unten k\u00f6nnen Sie Ihre Fotos hochladen - Radlobby Nieder\u00f6sterreich\" \/>\n<meta property=\"og:description\" content=\"Vielen Dank f\u00fcr die Teilnahme an der 10 Jahre Radlobby N\u00d6-Fotoaktion Die Fotoaktion ist mit 31. Mai 2021 zu Ende. Die Verlosung findet demn\u00e4chst statt. Die Gewinner.innen der Preise werden benachrichtig. &nbsp; Anstatt der \u201e10 Jahre Radlobby N\u00d6\u201c Feierlichkeiten laden\" \/>\n<meta property=\"og:url\" content=\"https:\/\/www.radlobby.org\/noe\/10-jahre-radlobby-niederoesterreich-fotoaktion\/\" \/>\n<meta property=\"og:site_name\" content=\"Radlobby Nieder\u00f6sterreich\" \/>\n<meta property=\"article:publisher\" content=\"https:\/\/www.facebook.com\/groups\/radfahren.in.noe\/\" \/>\n<meta property=\"article:modified_time\" content=\"2021-06-01T19:50:30+00:00\" \/>\n<meta property=\"og:image\" content=\"https:\/\/www.radlobby.org\/noe\/wp-content\/uploads\/10-Jahre-Radlobby-Niederoesterreich-286px.jpg\" \/>\n<meta name=\"twitter:card\" content=\"summary_large_image\" \/>\n<meta name=\"twitter:label1\" content=\"Gesch\u00e4tzte Lesezeit\" \/>\n\t<meta name=\"twitter:data1\" content=\"2\u00a0Minuten\" \/>\n<script type=\"application\/ld+json\" class=\"yoast-schema-graph\">{\"@context\":\"https:\/\/schema.org\",\"@graph\":[{\"@type\":\"WebPage\",\"@id\":\"https:\/\/www.radlobby.org\/noe\/10-jahre-radlobby-niederoesterreich-fotoaktion\/\",\"url\":\"https:\/\/www.radlobby.org\/noe\/10-jahre-radlobby-niederoesterreich-fotoaktion\/\",\"name\":\"10 Jahre Radlobby Nieder\u00f6sterreich \u201eAlltagsradeln\\\"-Fotoaktion Hier unten k\u00f6nnen Sie Ihre Fotos hochladen - Radlobby Nieder\u00f6sterreich\",\"isPartOf\":{\"@id\":\"https:\/\/www.radlobby.org\/noe\/#website\"},\"primaryImageOfPage\":{\"@id\":\"https:\/\/www.radlobby.org\/noe\/10-jahre-radlobby-niederoesterreich-fotoaktion\/#primaryimage\"},\"image\":{\"@id\":\"https:\/\/www.radlobby.org\/noe\/10-jahre-radlobby-niederoesterreich-fotoaktion\/#primaryimage\"},\"thumbnailUrl\":\"https:\/\/www.radlobby.org\/noe\/wp-content\/uploads\/10-Jahre-Radlobby-Niederoesterreich-286px.jpg\",\"datePublished\":\"2021-01-08T12:33:53+00:00\",\"dateModified\":\"2021-06-01T19:50:30+00:00\",\"breadcrumb\":{\"@id\":\"https:\/\/www.radlobby.org\/noe\/10-jahre-radlobby-niederoesterreich-fotoaktion\/#breadcrumb\"},\"inLanguage\":\"de\",\"potentialAction\":[{\"@type\":\"ReadAction\",\"target\":[\"https:\/\/www.radlobby.org\/noe\/10-jahre-radlobby-niederoesterreich-fotoaktion\/\"]}]},{\"@type\":\"ImageObject\",\"inLanguage\":\"de\",\"@id\":\"https:\/\/www.radlobby.org\/noe\/10-jahre-radlobby-niederoesterreich-fotoaktion\/#primaryimage\",\"url\":\"https:\/\/www.radlobby.org\/noe\/wp-content\/uploads\/10-Jahre-Radlobby-Niederoesterreich-286px.jpg\",\"contentUrl\":\"https:\/\/www.radlobby.org\/noe\/wp-content\/uploads\/10-Jahre-Radlobby-Niederoesterreich-286px.jpg\",\"width\":286,\"height\":280},{\"@type\":\"BreadcrumbList\",\"@id\":\"https:\/\/www.radlobby.org\/noe\/10-jahre-radlobby-niederoesterreich-fotoaktion\/#breadcrumb\",\"itemListElement\":[{\"@type\":\"ListItem\",\"position\":1,\"name\":\"Startseite\",\"item\":\"https:\/\/www.radlobby.org\/noe\/\"},{\"@type\":\"ListItem\",\"position\":2,\"name\":\"10 Jahre Radlobby Nieder\u00f6sterreich \u201eAlltagsradeln&#8220;-Fotoaktion Hier unten k\u00f6nnen Sie Ihre Fotos hochladen\"}]},{\"@type\":\"WebSite\",\"@id\":\"https:\/\/www.radlobby.org\/noe\/#website\",\"url\":\"https:\/\/www.radlobby.org\/noe\/\",\"name\":\"Radlobby Nieder\u00f6sterreich\",\"description\":\"Radverkehr, Fahrrad, Radfahren, Radreisen, Radtouren, Radweg\",\"publisher\":{\"@id\":\"https:\/\/www.radlobby.org\/noe\/#organization\"},\"potentialAction\":[{\"@type\":\"SearchAction\",\"target\":{\"@type\":\"EntryPoint\",\"urlTemplate\":\"https:\/\/www.radlobby.org\/noe\/?s={search_term_string}\"},\"query-input\":{\"@type\":\"PropertyValueSpecification\",\"valueRequired\":true,\"valueName\":\"search_term_string\"}}],\"inLanguage\":\"de\"},{\"@type\":\"Organization\",\"@id\":\"https:\/\/www.radlobby.org\/noe\/#organization\",\"name\":\"Radlobby Nieder\u00f6sterreich\",\"url\":\"https:\/\/www.radlobby.org\/noe\/\",\"logo\":{\"@type\":\"ImageObject\",\"inLanguage\":\"de\",\"@id\":\"https:\/\/www.radlobby.org\/noe\/#\/schema\/logo\/image\/\",\"url\":\"https:\/\/www.radlobby.org\/noe\/wp-content\/uploads\/2017\/01\/cropped-Logo_Radlobby_Niederoesterreich_50-400px_quer-1.jpg\",\"contentUrl\":\"https:\/\/www.radlobby.org\/noe\/wp-content\/uploads\/2017\/01\/cropped-Logo_Radlobby_Niederoesterreich_50-400px_quer-1.jpg\",\"width\":450,\"height\":124,\"caption\":\"Radlobby Nieder\u00f6sterreich\"},\"image\":{\"@id\":\"https:\/\/www.radlobby.org\/noe\/#\/schema\/logo\/image\/\"},\"sameAs\":[\"https:\/\/www.facebook.com\/groups\/radfahren.in.noe\/\"]}]}<\/script>\n<!-- \/ Yoast SEO plugin. -->","yoast_head_json":{"title":"10 Jahre Radlobby Nieder\u00f6sterreich  \u201eAlltagsradeln\"-Fotoaktion  Hier unten k\u00f6nnen Sie Ihre Fotos hochladen - Radlobby Nieder\u00f6sterreich","robots":{"index":"index","follow":"follow","max-snippet":"max-snippet:-1","max-image-preview":"max-image-preview:large","max-video-preview":"max-video-preview:-1"},"canonical":"https:\/\/www.radlobby.org\/noe\/10-jahre-radlobby-niederoesterreich-fotoaktion\/","og_locale":"de_DE","og_type":"article","og_title":"10 Jahre Radlobby Nieder\u00f6sterreich  \u201eAlltagsradeln\"-Fotoaktion  Hier unten k\u00f6nnen Sie Ihre Fotos hochladen - Radlobby Nieder\u00f6sterreich","og_description":"Vielen Dank f\u00fcr die Teilnahme an der 10 Jahre Radlobby N\u00d6-Fotoaktion Die Fotoaktion ist mit 31. Mai 2021 zu Ende. Die Verlosung findet demn\u00e4chst statt. Die Gewinner.innen der Preise werden benachrichtig. &nbsp; Anstatt der \u201e10 Jahre Radlobby N\u00d6\u201c Feierlichkeiten laden","og_url":"https:\/\/www.radlobby.org\/noe\/10-jahre-radlobby-niederoesterreich-fotoaktion\/","og_site_name":"Radlobby Nieder\u00f6sterreich","article_publisher":"https:\/\/www.facebook.com\/groups\/radfahren.in.noe\/","article_modified_time":"2021-06-01T19:50:30+00:00","og_image":[{"url":"https:\/\/www.radlobby.org\/noe\/wp-content\/uploads\/10-Jahre-Radlobby-Niederoesterreich-286px.jpg","type":"","width":"","height":""}],"twitter_card":"summary_large_image","twitter_misc":{"Gesch\u00e4tzte Lesezeit":"2\u00a0Minuten"},"schema":{"@context":"https:\/\/schema.org","@graph":[{"@type":"WebPage","@id":"https:\/\/www.radlobby.org\/noe\/10-jahre-radlobby-niederoesterreich-fotoaktion\/","url":"https:\/\/www.radlobby.org\/noe\/10-jahre-radlobby-niederoesterreich-fotoaktion\/","name":"10 Jahre Radlobby Nieder\u00f6sterreich \u201eAlltagsradeln\"-Fotoaktion Hier unten k\u00f6nnen Sie Ihre Fotos hochladen - Radlobby Nieder\u00f6sterreich","isPartOf":{"@id":"https:\/\/www.radlobby.org\/noe\/#website"},"primaryImageOfPage":{"@id":"https:\/\/www.radlobby.org\/noe\/10-jahre-radlobby-niederoesterreich-fotoaktion\/#primaryimage"},"image":{"@id":"https:\/\/www.radlobby.org\/noe\/10-jahre-radlobby-niederoesterreich-fotoaktion\/#primaryimage"},"thumbnailUrl":"https:\/\/www.radlobby.org\/noe\/wp-content\/uploads\/10-Jahre-Radlobby-Niederoesterreich-286px.jpg","datePublished":"2021-01-08T12:33:53+00:00","dateModified":"2021-06-01T19:50:30+00:00","breadcrumb":{"@id":"https:\/\/www.radlobby.org\/noe\/10-jahre-radlobby-niederoesterreich-fotoaktion\/#breadcrumb"},"inLanguage":"de","potentialAction":[{"@type":"ReadAction","target":["https:\/\/www.radlobby.org\/noe\/10-jahre-radlobby-niederoesterreich-fotoaktion\/"]}]},{"@type":"ImageObject","inLanguage":"de","@id":"https:\/\/www.radlobby.org\/noe\/10-jahre-radlobby-niederoesterreich-fotoaktion\/#primaryimage","url":"https:\/\/www.radlobby.org\/noe\/wp-content\/uploads\/10-Jahre-Radlobby-Niederoesterreich-286px.jpg","contentUrl":"https:\/\/www.radlobby.org\/noe\/wp-content\/uploads\/10-Jahre-Radlobby-Niederoesterreich-286px.jpg","width":286,"height":280},{"@type":"BreadcrumbList","@id":"https:\/\/www.radlobby.org\/noe\/10-jahre-radlobby-niederoesterreich-fotoaktion\/#breadcrumb","itemListElement":[{"@type":"ListItem","position":1,"name":"Startseite","item":"https:\/\/www.radlobby.org\/noe\/"},{"@type":"ListItem","position":2,"name":"10 Jahre Radlobby Nieder\u00f6sterreich \u201eAlltagsradeln&#8220;-Fotoaktion Hier unten k\u00f6nnen Sie Ihre Fotos hochladen"}]},{"@type":"WebSite","@id":"https:\/\/www.radlobby.org\/noe\/#website","url":"https:\/\/www.radlobby.org\/noe\/","name":"Radlobby Nieder\u00f6sterreich","description":"Radverkehr, Fahrrad, Radfahren, Radreisen, Radtouren, Radweg","publisher":{"@id":"https:\/\/www.radlobby.org\/noe\/#organization"},"potentialAction":[{"@type":"SearchAction","target":{"@type":"EntryPoint","urlTemplate":"https:\/\/www.radlobby.org\/noe\/?s={search_term_string}"},"query-input":{"@type":"PropertyValueSpecification","valueRequired":true,"valueName":"search_term_string"}}],"inLanguage":"de"},{"@type":"Organization","@id":"https:\/\/www.radlobby.org\/noe\/#organization","name":"Radlobby Nieder\u00f6sterreich","url":"https:\/\/www.radlobby.org\/noe\/","logo":{"@type":"ImageObject","inLanguage":"de","@id":"https:\/\/www.radlobby.org\/noe\/#\/schema\/logo\/image\/","url":"https:\/\/www.radlobby.org\/noe\/wp-content\/uploads\/2017\/01\/cropped-Logo_Radlobby_Niederoesterreich_50-400px_quer-1.jpg","contentUrl":"https:\/\/www.radlobby.org\/noe\/wp-content\/uploads\/2017\/01\/cropped-Logo_Radlobby_Niederoesterreich_50-400px_quer-1.jpg","width":450,"height":124,"caption":"Radlobby Nieder\u00f6sterreich"},"image":{"@id":"https:\/\/www.radlobby.org\/noe\/#\/schema\/logo\/image\/"},"sameAs":["https:\/\/www.facebook.com\/groups\/radfahren.in.noe\/"]}]}},"_links":{"self":[{"href":"https:\/\/www.radlobby.org\/noe\/wp-json\/wp\/v2\/pages\/16562","targetHints":{"allow":["GET"]}}],"collection":[{"href":"https:\/\/www.radlobby.org\/noe\/wp-json\/wp\/v2\/pages"}],"about":[{"href":"https:\/\/www.radlobby.org\/noe\/wp-json\/wp\/v2\/types\/page"}],"author":[{"embeddable":true,"href":"https:\/\/www.radlobby.org\/noe\/wp-json\/wp\/v2\/users\/16"}],"replies":[{"embeddable":true,"href":"https:\/\/www.radlobby.org\/noe\/wp-json\/wp\/v2\/comments?post=16562"}],"version-history":[{"count":0,"href":"https:\/\/www.radlobby.org\/noe\/wp-json\/wp\/v2\/pages\/16562\/revisions"}],"wp:attachment":[{"href":"https:\/\/www.radlobby.org\/noe\/wp-json\/wp\/v2\/media?parent=16562"}],"curies":[{"name":"wp","href":"https:\/\/api.w.org\/{rel}","templated":true}]}}