{"id":16469,"date":"2020-12-24T15:30:15","date_gmt":"2020-12-24T14:30:15","guid":{"rendered":"https:\/\/www.radlobby.org\/noe\/?page_id=16469"},"modified":"2023-10-09T17:14:31","modified_gmt":"2023-10-09T15:14:31","slug":"auftrag-zur-abbuchung-des-mitgliedsbeitrages-und-der-mitgliederversicherung","status":"publish","type":"page","link":"https:\/\/www.radlobby.org\/noe\/auftrag-zur-abbuchung-des-mitgliedsbeitrages-und-der-mitgliederversicherung\/","title":{"rendered":"Auftrag zur Abbuchung des Mitgliedsbeitrages und der Mitgliederversicherung <br>f\u00fcr Mitglieder der Radlobby N\u00d6"},"content":{"rendered":"<div class=\"wpforms-container wpforms-container-full\" id=\"wpforms-27118\"><form id=\"wpforms-form-27118\" class=\"wpforms-validate wpforms-form wpforms-ajax-form\" data-formid=\"27118\" method=\"post\" enctype=\"multipart\/form-data\" action=\"\/noe\/wp-json\/wp\/v2\/pages\/16469\" data-token=\"af362b65c788a331e3ddf3fc696de1b8\" data-token-time=\"1777809584\"><noscript class=\"wpforms-error-noscript\">Bitte aktiviere JavaScript in deinem Browser, um dieses Formular fertigzustellen.<\/noscript><div class=\"wpforms-field-container\"><div id=\"wpforms-27118-field_0-container\" class=\"wpforms-field wpforms-field-name\" data-field-id=\"0\"><label class=\"wpforms-field-label\" for=\"wpforms-27118-field_0\">Name <span class=\"wpforms-required-label\">*<\/span><\/label><input type=\"text\" id=\"wpforms-27118-field_0\" class=\"wpforms-field-large wpforms-field-required\" name=\"wpforms[fields][0]\" required><div class=\"wpforms-field-description\"><font color=\"#004B67\">Ich erteile der Radlobby Nieder\u00f6sterreich den Auftrag zur Abbuchung meines Mitgliedsbeitrages.<\/font><\/div><\/div><div id=\"wpforms-27118-field_7-container\" class=\"wpforms-field wpforms-field-text\" data-field-id=\"7\"><label class=\"wpforms-field-label\" for=\"wpforms-27118-field_7\">Stra\u00dfe Nr. <span class=\"wpforms-required-label\">*<\/span><\/label><input type=\"text\" id=\"wpforms-27118-field_7\" class=\"wpforms-field-large wpforms-field-required\" name=\"wpforms[fields][7]\" required><div class=\"wpforms-field-description\"><font color=\"#004B67\">Stra\u00dfe, Hausnummer \/ Stiege \/ T\u00fcr<\/font><\/div><\/div><div id=\"wpforms-27118-field_17-container\" class=\"wpforms-field wpforms-field-layout\" data-field-id=\"17\"><div class=\"wpforms-field-layout-columns wpforms-field-layout-preset-33-67\"><div class=\"wpforms-layout-column wpforms-layout-column-33\" ><div id=\"wpforms-27118-field_18-container\" class=\"wpforms-field wpforms-field-text\" data-field-id=\"18\"><label class=\"wpforms-field-label\" for=\"wpforms-27118-field_18\">PLZ <span class=\"wpforms-required-label\">*<\/span><\/label><input type=\"text\" id=\"wpforms-27118-field_18\" class=\"wpforms-field-medium wpforms-field-required\" name=\"wpforms[fields][18]\" required><\/div><\/div><div class=\"wpforms-layout-column wpforms-layout-column-67\" ><div id=\"wpforms-27118-field_6-container\" class=\"wpforms-field wpforms-field-text\" data-field-id=\"6\"><label class=\"wpforms-field-label\" for=\"wpforms-27118-field_6\">Ort <span class=\"wpforms-required-label\">*<\/span><\/label><input type=\"text\" id=\"wpforms-27118-field_6\" class=\"wpforms-field-medium wpforms-field-required\" name=\"wpforms[fields][6]\" required><div class=\"wpforms-field-description\"> <\/div><\/div><\/div><\/div><\/div><div id=\"wpforms-27118-field_1-container\" class=\"wpforms-field wpforms-field-email\" data-field-id=\"1\"><label class=\"wpforms-field-label\" for=\"wpforms-27118-field_1\">E-Mail <span class=\"wpforms-required-label\">*<\/span><\/label><input type=\"email\" id=\"wpforms-27118-field_1\" class=\"wpforms-field-medium wpforms-field-required\" name=\"wpforms[fields][1]\" spellcheck=\"false\" required><\/div><div id=\"wpforms-27118-field_15-container\" class=\"wpforms-field wpforms-field-radio\" data-field-id=\"15\"><label class=\"wpforms-field-label\">SEPA Abbuchungsauftrag <span class=\"wpforms-required-label\">*<\/span><\/label><ul id=\"wpforms-27118-field_15\" class=\"wpforms-field-required\"><li class=\"choice-1 depth-1 wpforms-selected\"><input type=\"radio\" id=\"wpforms-27118-field_15_1\" name=\"wpforms[fields][15]\" value=\"Ja, ich m\u00f6chte, meinen Beitrag mittels SEPA Lastschrift abbuchen lassen.\" required  checked='checked'><label class=\"wpforms-field-label-inline\" for=\"wpforms-27118-field_15_1\">Ja, ich m\u00f6chte, meinen Beitrag mittels SEPA Lastschrift abbuchen lassen.<\/label><\/li><li class=\"choice-2 depth-1\"><input type=\"radio\" id=\"wpforms-27118-field_15_2\" name=\"wpforms[fields][15]\" value=\"Nein, ich zahle mit Onlinebanking oder Zahlungsanweisung auf das Konto der Radlobby.\" required ><label class=\"wpforms-field-label-inline\" for=\"wpforms-27118-field_15_2\">Nein, ich zahle mit Onlinebanking oder Zahlungsanweisung auf das Konto der Radlobby.<\/label><\/li><\/ul><div class=\"wpforms-field-description\"><font color=\"#004B67\">Zahlungsempf\u00e4nger: Radlobby N\u00d6<br \/>\n2340 M\u00f6dling, Badstra\u00dfe 18\/1<br \/>\nEmail: noe.service@radlobby.at<br \/>\nCreditor ID: AT96ZZZ00000068727<br \/>\nKonto: IBAN AT10 2011 1843 3809 8000<br \/><br \/>\nIch gestatte dem Verein Radlobby Nieder\u00f6sterreich meinen Mitgliedsbeitrag von meinem Konto mittels SEPA-Lastschrift einzuziehen.\nIch kann innerhalb von 3 Monaten, beginnend mit dem Belastungsdatum, die Erstattung des belasteten Betrages verlangen.<br \/>\nDie H\u00f6he der Abbuchung richtet sich nach den im Haushalt als Mitglied angemeldeten Personen und ob eine Versicherung erw\u00fcnscht ist.<br \/>\n(Bitte eventuelle \u00c4nderungen Ihrer Mitgliederdaten per Email mitteilen.)<br \/>\nIch kann die Abbuchung jederzeit formlos per Email stornieren. <\/font><\/div><\/div><div id=\"wpforms-27118-field_16-container\" class=\"wpforms-field wpforms-field-text\" data-field-id=\"16\"><label class=\"wpforms-field-label\" for=\"wpforms-27118-field_16\">Mein IBAN f\u00fcr die SEPA Abbuchung<\/label><input type=\"text\" id=\"wpforms-27118-field_16\" class=\"wpforms-field-medium\" name=\"wpforms[fields][16]\" placeholder=\"IBAN\" ><div class=\"wpforms-field-description\"><font color=\"#004B67\">Notwendig, wenn Sie uns einen SEPA Abbuchungsauftrag erteilen.<\/font><\/div><\/div><div id=\"wpforms-27118-field_2-container\" class=\"wpforms-field wpforms-field-textarea\" data-field-id=\"2\"><label class=\"wpforms-field-label\" for=\"wpforms-27118-field_2\">Feld f\u00fcr sonstige Mitteilungen<\/label><textarea id=\"wpforms-27118-field_2\" class=\"wpforms-field-small\" name=\"wpforms[fields][2]\" ><\/textarea><div class=\"wpforms-field-description\"><font color=\"#004B67\">Umfangreichere Infos bitte per Mail an <a href=\"\" target=\"_blank\">noe.service@radlobby.at<\/a><\/font>\n<\/div><\/div><div id=\"wpforms-27118-field_19-container\" class=\"wpforms-field wpforms-field-checkbox\" data-field-id=\"19\"><label class=\"wpforms-field-label\">Ich erkl\u00e4re mich mit der Datenschutzerkl\u00e4rung der Radlobby einverstanden. <span class=\"wpforms-required-label\">*<\/span><\/label><ul id=\"wpforms-27118-field_19\" class=\"wpforms-field-required\"><li class=\"choice-1 depth-1\"><input type=\"checkbox\" id=\"wpforms-27118-field_19_1\" name=\"wpforms[fields][19][]\" value=\"Ja\" required ><label class=\"wpforms-field-label-inline\" for=\"wpforms-27118-field_19_1\">Ja<\/label><\/li><\/ul><div class=\"wpforms-field-description\"><p style=\"color:#004B67;font-size:15px;\">Hier finden Sie die \u203a <a href=\"https:\/\/www.radlobby.org\/noe\/datenschutz\/\" target=\"_blank\">Datenschutzerkl\u00e4rung<\/a> der Radlobby.<\/p><\/div><\/div><\/div><!-- .wpforms-field-container --><div class=\"wpforms-submit-container\" ><input type=\"hidden\" name=\"wpforms[id]\" value=\"27118\"><input type=\"hidden\" name=\"page_title\" value=\"\"><input type=\"hidden\" name=\"page_url\" value=\"https:\/\/www.radlobby.org\/noe\/wp-json\/wp\/v2\/pages\/16469\"><input type=\"hidden\" name=\"url_referer\" value=\"\"><button type=\"submit\" name=\"wpforms[submit]\" id=\"wpforms-submit-27118\" class=\"wpforms-submit\" data-alt-text=\"Senden\u2026\" data-submit-text=\"Anmeldung\" aria-live=\"assertive\" value=\"wpforms-submit\">Anmeldung<\/button><img loading=\"lazy\" decoding=\"async\" src=\"https:\/\/www.radlobby.org\/noe\/wp-content\/plugins\/wpforms\/assets\/images\/submit-spin.svg\" class=\"wpforms-submit-spinner\" style=\"display: none;\" width=\"26\" height=\"26\" alt=\"Wird geladen\"><\/div><\/form><\/div>  <!-- .wpforms-container -->\n<hr \/>\n<h5>H\u00f6he Ihres Mitgliedsbeitrages<\/h5>\n<p>Der Beitrag wir vom ersten Mitglied im Haushalt &#8211; auch f\u00fcr weitere Mitglieder im Haushalt &#8211; abgebucht.<br \/>\nDie Mitgliederversicherung wird ebenfalls abgebucht, falls die Versicherung bei der Mitgliedschaft dabei ist.<\/p>\n\n<table id=\"tablepress-2\" class=\"tablepress tablepress-id-2\">\n<tbody class=\"row-striping row-hover\">\n<tr class=\"row-1\">\n\t<td class=\"column-1\"><strong>Jahresbeitrag f\u00fcr Mitglieder f\u00fcr 2026<\/strong><br \/>\nMitgliedsbeitrag ohne Versicherung<br \/>\n+ <a href=\"https:\/\/www.radlobby.at\/rechtsschutz-unfall-und-haftpflichtversicherung\" target=\"_blank\" rel=\"noopener noreferrer\">Mitgliederversicherung<\/a> (optional)<br \/>\nAn das erste Mitglied im Haushalt <br \/>\nwird unser Magazin <i>Drahtesel<\/i> gesendet.<br \/>\nRabatt bei Zahlung mittels SEPA-Lastschrift<\/td><td class=\"column-2\"><br \/>\n<strong>39,\u2013  \u20ac<\/strong><br \/>\n11,\u2013  \u20ac<br \/>\n <br \/>\n<br \/>\n\u2013 2,\u2013  \u20ac<\/td>\n<\/tr>\n<tr class=\"row-2\">\n\t<td class=\"column-1\"><strong>Jedes weitere Mitglied im Haushalt f\u00fcr 2026<\/strong><br \/>\nab Beginn des 20. Lebensjahres<br \/>\nMitgliedsbeitrag ohne Versicherung<br \/>\n+ <a href=\"https:\/\/www.radlobby.at\/rechtsschutz-unfall-und-haftpflichtversicherung\" target=\"_blank\" rel=\"noopener noreferrer\">Mitgliederversicherung<\/a> (optional)<br \/>\nRabatt bei Zahlung mittels SEPA-Lastschrift<br \/>\n<\/td><td class=\"column-2\"><br \/>\n <br \/>\n<strong>21,\u2013 \u20ac<\/strong><\/span><br \/>\n11,\u2013 \u20ac<br \/>\n\u2013 1,\u2013 \u20ac<\/td>\n<\/tr>\n<tr class=\"row-3\">\n\t<td class=\"column-1\"><span style=\"color: #959595;\">Jahresbeitrag 2026 bei wenig Einkommen<br \/>\nnach Selbsteinsch\u00e4tzung<br \/>\nMitgliedsbeitrag ohne Versicherung<br \/>\n+ <a href=\"https:\/\/www.radlobby.at\/rechtsschutz-unfall-und-haftpflichtversicherung\" target=\"_blank\" rel=\"noopener noreferrer\">Mitgliederversicherung<\/a> (optional)<br \/>\nRabatt bei Zahlung mittels SEPA-Lastschrift<\/span><br \/>\n<\/td><td class=\"column-2\"><span style=\"color: #959595;\">  <br \/>\n   <br \/>\n<strong>21,\u2013 \u20ac<\/strong><br \/>\n11,\u2013 \u20ac<br \/>\n\u2013 1,\u2013 \u20ac<\/span><\/td>\n<\/tr>\n<tr class=\"row-4\">\n\t<td class=\"column-1\"><strong>GRATIS mitversichert<\/strong><br \/>\n<strong>sind eigene Kinder im selben Haushalt<\/strong><br \/>\nbis zum vollendeten 19. Lebensjahr!<br \/>\nMitversicherte Kinder m\u00fcssen als kostenlose Radlobby-Mitglieder <br \/>\nim Haushalt angemeldet sein. Mindestens ein erwachsenes Elternteil <br \/>\nim Haushalt muss versichert sein.<br \/>\nDie Versicherung gilt ab dem 1. Tag nach Zahlungseingang <br \/>\nf\u00fcr das laufende Kalenderjahr.<br \/>\n<a href=\"https:\/\/www.radlobby.at\/rechtsschutz-unfall-und-haftpflichtversicherung\" target=\"_blank\" rel=\"noopener noreferrer\">Hier sind die Infos zur Versicherung<\/a><\/td><td class=\"column-2\"><strong>0,\u2013 \u20ac<\/strong><\/td>\n<\/tr>\n<tr class=\"row-5\">\n\t<td class=\"column-1\"><strong>F\u00f6rdermitglieder:<\/strong><\/td><td class=\"column-2\"><strong>ab 100,\u2013 \u20ac<\/strong><\/td>\n<\/tr>\n<tr class=\"row-6\">\n\t<td class=\"column-1\"><!-- <span style=\"color: #959595;\">--><strong>Halbjahresbeitrag 2026<\/strong><br \/>\nf\u00fcr <br \/>\n<strong>Neu<\/strong>-Mitglieder ab 1. Juli - 30. Sept. 2026<br \/>\n<span style=\"color: #959595;\">mit geringem Einkommen (~ORF-Geb\u00fchrengrenze)<\/span><br \/>\nNeue weitere Mitglieder im Haushalt <br \/>\n+ <a href=\"https:\/\/www.radlobby.at\/rechtsschutz-unfall-und-haftpflichtversicherung\" target=\"_blank\" rel=\"noopener noreferrer\">Mitgliederversicherung<\/a> (optional)<br \/>\nKinder bis zum vollendeten 19. Lebensjahr gratis.<br \/>\n<br \/>\nAb 1. Oktober gilt wieder der volle Jahresbeitrag,<br \/>\nwodurch dann auch gleich der Beitrag f\u00fcr das Folgejahr bezahlt ist.<\/span><\/td><td class=\"column-2\">&nbsp; <br \/>\n&nbsp; <br \/>\n<strong>20,- \u20ac<\/strong><br \/>\n<span style=\"color: #959595;\">13,- \u20ac<\/span><br \/>\n<strong>13,- \u20ac<\/strong><br \/>\n<strong>5,50 \u20ac<\/strong><br \/>\n<\/td>\n<\/tr>\n<tr class=\"row-7\">\n\t<td class=\"column-1\"><\/td><td class=\"column-2\"><\/td>\n<\/tr>\n<tr class=\"row-8\">\n\t<td class=\"column-1\"><span style=\"color: #959595 ;\"><span style=\"font-size: 10pt;\">Bei den Versicherungen handelt es sich um Gruppenversicherungen der Radlobby Argus Wien, vermittelt durch die Rubas &amp; Co Versicherungsmaklerges. m.b.H. Die Radlobby Nieder\u00f6sterreich gibt Ihr Interesse an der jeweiligen Versicherung unentgeltlich weiter. F\u00fcr n\u00e4here Informationen oder Beratung bitte auf die jeweiligen Links klicken.<br \/>\n<\/span><\/span><\/td><td class=\"column-2\"><\/td>\n<\/tr>\n<tr class=\"row-9\">\n\t<td class=\"column-1\"><\/td><td class=\"column-2\"><\/td>\n<\/tr>\n<\/tbody>\n<\/table>\n<!-- #tablepress-2 from cache -->\n","protected":false},"excerpt":{"rendered":"<p>H\u00f6he Ihres Mitgliedsbeitrages Der Beitrag wir vom ersten Mitglied im Haushalt &#8211; auch f\u00fcr weitere Mitglieder im Haushalt &#8211; abgebucht. Die Mitgliederversicherung wird ebenfalls abgebucht, falls die Versicherung bei der Mitgliedschaft dabei ist.<\/p>\n","protected":false},"author":16,"featured_media":0,"parent":0,"menu_order":0,"comment_status":"closed","ping_status":"closed","template":"","meta":{"footnotes":""},"class_list":["post-16469","page","type-page","status-publish","hentry"],"yoast_head":"<!-- This site is optimized with the Yoast SEO plugin v26.9 - https:\/\/yoast.com\/product\/yoast-seo-wordpress\/ -->\n<title>Auftrag zur Abbuchung des Mitgliedsbeitrages und der Mitgliederversicherung f\u00fcr Mitglieder der Radlobby N\u00d6 - Radlobby Nieder\u00f6sterreich<\/title>\n<meta name=\"robots\" content=\"index, follow, max-snippet:-1, max-image-preview:large, max-video-preview:-1\" \/>\n<link rel=\"canonical\" href=\"https:\/\/www.radlobby.org\/noe\/auftrag-zur-abbuchung-des-mitgliedsbeitrages-und-der-mitgliederversicherung\/\" \/>\n<meta property=\"og:locale\" content=\"de_DE\" \/>\n<meta property=\"og:type\" content=\"article\" \/>\n<meta property=\"og:title\" content=\"Auftrag zur Abbuchung des Mitgliedsbeitrages und der Mitgliederversicherung f\u00fcr Mitglieder der Radlobby N\u00d6 - Radlobby Nieder\u00f6sterreich\" \/>\n<meta property=\"og:description\" content=\"H\u00f6he Ihres Mitgliedsbeitrages Der Beitrag wir vom ersten Mitglied im Haushalt &#8211; auch f\u00fcr weitere Mitglieder im Haushalt &#8211; abgebucht. Die Mitgliederversicherung wird ebenfalls abgebucht, falls die Versicherung bei der Mitgliedschaft dabei ist.\" \/>\n<meta property=\"og:url\" content=\"https:\/\/www.radlobby.org\/noe\/auftrag-zur-abbuchung-des-mitgliedsbeitrages-und-der-mitgliederversicherung\/\" \/>\n<meta property=\"og:site_name\" content=\"Radlobby Nieder\u00f6sterreich\" \/>\n<meta property=\"article:publisher\" content=\"https:\/\/www.facebook.com\/groups\/radfahren.in.noe\/\" \/>\n<meta property=\"article:modified_time\" content=\"2023-10-09T15:14:31+00:00\" \/>\n<meta property=\"og:image\" content=\"https:\/\/www.radlobby.org\/noe\/wp-content\/uploads\/20200101-RLWN-Neujahrsaradeln-DSC_0105a_1900px-1.jpg\" \/>\n\t<meta property=\"og:image:width\" content=\"1900\" \/>\n\t<meta property=\"og:image:height\" content=\"770\" \/>\n\t<meta property=\"og:image:type\" content=\"image\/jpeg\" \/>\n<meta name=\"twitter:card\" content=\"summary_large_image\" \/>\n<meta name=\"twitter:label1\" content=\"Gesch\u00e4tzte Lesezeit\" \/>\n\t<meta name=\"twitter:data1\" content=\"1\u00a0Minute\" \/>\n<script type=\"application\/ld+json\" class=\"yoast-schema-graph\">{\"@context\":\"https:\/\/schema.org\",\"@graph\":[{\"@type\":\"WebPage\",\"@id\":\"https:\/\/www.radlobby.org\/noe\/auftrag-zur-abbuchung-des-mitgliedsbeitrages-und-der-mitgliederversicherung\/\",\"url\":\"https:\/\/www.radlobby.org\/noe\/auftrag-zur-abbuchung-des-mitgliedsbeitrages-und-der-mitgliederversicherung\/\",\"name\":\"Auftrag zur Abbuchung des Mitgliedsbeitrages und der Mitgliederversicherung f\u00fcr Mitglieder der Radlobby N\u00d6 - Radlobby Nieder\u00f6sterreich\",\"isPartOf\":{\"@id\":\"https:\/\/www.radlobby.org\/noe\/#website\"},\"datePublished\":\"2020-12-24T14:30:15+00:00\",\"dateModified\":\"2023-10-09T15:14:31+00:00\",\"breadcrumb\":{\"@id\":\"https:\/\/www.radlobby.org\/noe\/auftrag-zur-abbuchung-des-mitgliedsbeitrages-und-der-mitgliederversicherung\/#breadcrumb\"},\"inLanguage\":\"de\",\"potentialAction\":[{\"@type\":\"ReadAction\",\"target\":[\"https:\/\/www.radlobby.org\/noe\/auftrag-zur-abbuchung-des-mitgliedsbeitrages-und-der-mitgliederversicherung\/\"]}]},{\"@type\":\"BreadcrumbList\",\"@id\":\"https:\/\/www.radlobby.org\/noe\/auftrag-zur-abbuchung-des-mitgliedsbeitrages-und-der-mitgliederversicherung\/#breadcrumb\",\"itemListElement\":[{\"@type\":\"ListItem\",\"position\":1,\"name\":\"Startseite\",\"item\":\"https:\/\/www.radlobby.org\/noe\/\"},{\"@type\":\"ListItem\",\"position\":2,\"name\":\"Auftrag zur Abbuchung des Mitgliedsbeitrages und der Mitgliederversicherung f\u00fcr Mitglieder der Radlobby N\u00d6\"}]},{\"@type\":\"WebSite\",\"@id\":\"https:\/\/www.radlobby.org\/noe\/#website\",\"url\":\"https:\/\/www.radlobby.org\/noe\/\",\"name\":\"Radlobby Nieder\u00f6sterreich\",\"description\":\"Radverkehr, Fahrrad, Radfahren, Radreisen, Radtouren, Radweg\",\"publisher\":{\"@id\":\"https:\/\/www.radlobby.org\/noe\/#organization\"},\"potentialAction\":[{\"@type\":\"SearchAction\",\"target\":{\"@type\":\"EntryPoint\",\"urlTemplate\":\"https:\/\/www.radlobby.org\/noe\/?s={search_term_string}\"},\"query-input\":{\"@type\":\"PropertyValueSpecification\",\"valueRequired\":true,\"valueName\":\"search_term_string\"}}],\"inLanguage\":\"de\"},{\"@type\":\"Organization\",\"@id\":\"https:\/\/www.radlobby.org\/noe\/#organization\",\"name\":\"Radlobby Nieder\u00f6sterreich\",\"url\":\"https:\/\/www.radlobby.org\/noe\/\",\"logo\":{\"@type\":\"ImageObject\",\"inLanguage\":\"de\",\"@id\":\"https:\/\/www.radlobby.org\/noe\/#\/schema\/logo\/image\/\",\"url\":\"https:\/\/www.radlobby.org\/noe\/wp-content\/uploads\/2017\/01\/cropped-Logo_Radlobby_Niederoesterreich_50-400px_quer-1.jpg\",\"contentUrl\":\"https:\/\/www.radlobby.org\/noe\/wp-content\/uploads\/2017\/01\/cropped-Logo_Radlobby_Niederoesterreich_50-400px_quer-1.jpg\",\"width\":450,\"height\":124,\"caption\":\"Radlobby Nieder\u00f6sterreich\"},\"image\":{\"@id\":\"https:\/\/www.radlobby.org\/noe\/#\/schema\/logo\/image\/\"},\"sameAs\":[\"https:\/\/www.facebook.com\/groups\/radfahren.in.noe\/\"]}]}<\/script>\n<!-- \/ Yoast SEO plugin. -->","yoast_head_json":{"title":"Auftrag zur Abbuchung des Mitgliedsbeitrages und der Mitgliederversicherung f\u00fcr Mitglieder der Radlobby N\u00d6 - Radlobby Nieder\u00f6sterreich","robots":{"index":"index","follow":"follow","max-snippet":"max-snippet:-1","max-image-preview":"max-image-preview:large","max-video-preview":"max-video-preview:-1"},"canonical":"https:\/\/www.radlobby.org\/noe\/auftrag-zur-abbuchung-des-mitgliedsbeitrages-und-der-mitgliederversicherung\/","og_locale":"de_DE","og_type":"article","og_title":"Auftrag zur Abbuchung des Mitgliedsbeitrages und der Mitgliederversicherung f\u00fcr Mitglieder der Radlobby N\u00d6 - Radlobby Nieder\u00f6sterreich","og_description":"H\u00f6he Ihres Mitgliedsbeitrages Der Beitrag wir vom ersten Mitglied im Haushalt &#8211; auch f\u00fcr weitere Mitglieder im Haushalt &#8211; abgebucht. Die Mitgliederversicherung wird ebenfalls abgebucht, falls die Versicherung bei der Mitgliedschaft dabei ist.","og_url":"https:\/\/www.radlobby.org\/noe\/auftrag-zur-abbuchung-des-mitgliedsbeitrages-und-der-mitgliederversicherung\/","og_site_name":"Radlobby Nieder\u00f6sterreich","article_publisher":"https:\/\/www.facebook.com\/groups\/radfahren.in.noe\/","article_modified_time":"2023-10-09T15:14:31+00:00","og_image":[{"width":1900,"height":770,"url":"https:\/\/www.radlobby.org\/noe\/wp-content\/uploads\/20200101-RLWN-Neujahrsaradeln-DSC_0105a_1900px-1.jpg","type":"image\/jpeg"}],"twitter_card":"summary_large_image","twitter_misc":{"Gesch\u00e4tzte Lesezeit":"1\u00a0Minute"},"schema":{"@context":"https:\/\/schema.org","@graph":[{"@type":"WebPage","@id":"https:\/\/www.radlobby.org\/noe\/auftrag-zur-abbuchung-des-mitgliedsbeitrages-und-der-mitgliederversicherung\/","url":"https:\/\/www.radlobby.org\/noe\/auftrag-zur-abbuchung-des-mitgliedsbeitrages-und-der-mitgliederversicherung\/","name":"Auftrag zur Abbuchung des Mitgliedsbeitrages und der Mitgliederversicherung f\u00fcr Mitglieder der Radlobby N\u00d6 - Radlobby Nieder\u00f6sterreich","isPartOf":{"@id":"https:\/\/www.radlobby.org\/noe\/#website"},"datePublished":"2020-12-24T14:30:15+00:00","dateModified":"2023-10-09T15:14:31+00:00","breadcrumb":{"@id":"https:\/\/www.radlobby.org\/noe\/auftrag-zur-abbuchung-des-mitgliedsbeitrages-und-der-mitgliederversicherung\/#breadcrumb"},"inLanguage":"de","potentialAction":[{"@type":"ReadAction","target":["https:\/\/www.radlobby.org\/noe\/auftrag-zur-abbuchung-des-mitgliedsbeitrages-und-der-mitgliederversicherung\/"]}]},{"@type":"BreadcrumbList","@id":"https:\/\/www.radlobby.org\/noe\/auftrag-zur-abbuchung-des-mitgliedsbeitrages-und-der-mitgliederversicherung\/#breadcrumb","itemListElement":[{"@type":"ListItem","position":1,"name":"Startseite","item":"https:\/\/www.radlobby.org\/noe\/"},{"@type":"ListItem","position":2,"name":"Auftrag zur Abbuchung des Mitgliedsbeitrages und der Mitgliederversicherung f\u00fcr Mitglieder der Radlobby N\u00d6"}]},{"@type":"WebSite","@id":"https:\/\/www.radlobby.org\/noe\/#website","url":"https:\/\/www.radlobby.org\/noe\/","name":"Radlobby Nieder\u00f6sterreich","description":"Radverkehr, Fahrrad, Radfahren, Radreisen, Radtouren, Radweg","publisher":{"@id":"https:\/\/www.radlobby.org\/noe\/#organization"},"potentialAction":[{"@type":"SearchAction","target":{"@type":"EntryPoint","urlTemplate":"https:\/\/www.radlobby.org\/noe\/?s={search_term_string}"},"query-input":{"@type":"PropertyValueSpecification","valueRequired":true,"valueName":"search_term_string"}}],"inLanguage":"de"},{"@type":"Organization","@id":"https:\/\/www.radlobby.org\/noe\/#organization","name":"Radlobby Nieder\u00f6sterreich","url":"https:\/\/www.radlobby.org\/noe\/","logo":{"@type":"ImageObject","inLanguage":"de","@id":"https:\/\/www.radlobby.org\/noe\/#\/schema\/logo\/image\/","url":"https:\/\/www.radlobby.org\/noe\/wp-content\/uploads\/2017\/01\/cropped-Logo_Radlobby_Niederoesterreich_50-400px_quer-1.jpg","contentUrl":"https:\/\/www.radlobby.org\/noe\/wp-content\/uploads\/2017\/01\/cropped-Logo_Radlobby_Niederoesterreich_50-400px_quer-1.jpg","width":450,"height":124,"caption":"Radlobby Nieder\u00f6sterreich"},"image":{"@id":"https:\/\/www.radlobby.org\/noe\/#\/schema\/logo\/image\/"},"sameAs":["https:\/\/www.facebook.com\/groups\/radfahren.in.noe\/"]}]}},"_links":{"self":[{"href":"https:\/\/www.radlobby.org\/noe\/wp-json\/wp\/v2\/pages\/16469","targetHints":{"allow":["GET"]}}],"collection":[{"href":"https:\/\/www.radlobby.org\/noe\/wp-json\/wp\/v2\/pages"}],"about":[{"href":"https:\/\/www.radlobby.org\/noe\/wp-json\/wp\/v2\/types\/page"}],"author":[{"embeddable":true,"href":"https:\/\/www.radlobby.org\/noe\/wp-json\/wp\/v2\/users\/16"}],"replies":[{"embeddable":true,"href":"https:\/\/www.radlobby.org\/noe\/wp-json\/wp\/v2\/comments?post=16469"}],"version-history":[{"count":2,"href":"https:\/\/www.radlobby.org\/noe\/wp-json\/wp\/v2\/pages\/16469\/revisions"}],"predecessor-version":[{"id":31832,"href":"https:\/\/www.radlobby.org\/noe\/wp-json\/wp\/v2\/pages\/16469\/revisions\/31832"}],"wp:attachment":[{"href":"https:\/\/www.radlobby.org\/noe\/wp-json\/wp\/v2\/media?parent=16469"}],"curies":[{"name":"wp","href":"https:\/\/api.w.org\/{rel}","templated":true}]}}