{"id":16314,"date":"2020-12-16T11:10:53","date_gmt":"2020-12-16T10:10:53","guid":{"rendered":"https:\/\/www.radlobby.org\/noe\/?page_id=16314"},"modified":"2021-09-09T18:31:47","modified_gmt":"2021-09-09T16:31:47","slug":"downloads-10-jahre-radlobby-noe","status":"publish","type":"page","link":"https:\/\/www.radlobby.org\/noe\/downloads-10-jahre-radlobby-noe\/","title":{"rendered":"Downloads 10 Jahre Radlobby N\u00d6"},"content":{"rendered":"<p>Bei Fragen rufen Sie bitte an:<br \/>\n<strong>Karl Zauner<\/strong>, Vorsitzender der Radlobby N\u00d6, <strong>0664 7512 6908<\/strong><\/p>\n<h5>F\u00fcr Grafikbetriebe: Logo anklicken und herunterladen:<\/h5>\n<table style=\"height: 179px;\" width=\"100%\" cellpadding=\"10\">\n<tbody>\n<tr>\n<td><a href=\"https:\/\/www.radlobby.org\/noe\/wp-content\/uploads\/10-Jahre-Radlobby-Niederoesterreich-01.pdf\" target=\"_blank\" rel=\"noopener\"><img loading=\"lazy\" decoding=\"async\" class=\"alignnone wp-image-16316\" src=\"https:\/\/www.radlobby.org\/noe\/wp-content\/uploads\/10-Jahre-Radlobby-Niederoesterreich-286px.jpg\" alt=\"\" width=\"148\" height=\"145\" \/><\/a><\/td>\n<td>10 Jahre Sujet: frei skalierbar<br \/>\nFormat: PDF<br \/>\nNutzbar f\u00fcr: <strong>Druck in allen Gr\u00f6\u00dfen<\/strong><br \/>\nInformation f\u00fcr jede Nutzung an <a href=\"mailto:noe@radlobby.at\">noe@radlobby.at<\/a><br \/>\nDie Radlobby kann jede Nutzung untersagen.<\/td>\n<\/tr>\n<tr>\n<td><a href=\"https:\/\/www.radlobby.org\/noe\/wp-content\/uploads\/10-Jahre-Radlobby-Niederoesterreich-01.pdf\" target=\"_blank\" rel=\"noopener\"><img loading=\"lazy\" decoding=\"async\" class=\"alignnone wp-image-16316\" src=\"https:\/\/www.radlobby.org\/noe\/wp-content\/uploads\/10-Jahre-Radlobby-Niederoesterreich-286px.jpg\" alt=\"\" width=\"148\" height=\"145\" \/><\/a><\/td>\n<td>10 Jahre Sujet:: 946 px breit<br \/>\nFormat: JPG<br \/>\nNutzbar f\u00fcr: <strong>Homepages, Webanwendungen<\/strong><br \/>\nInformation f\u00fcr jede Nutzung an <a href=\"mailto:noe@radlobby.at\">noe@radlobby.at<\/a><br \/>\nDie Radlobby kann jede Nutzung untersagen.<\/td>\n<\/tr>\n<tr>\n<td><a href=\"https:\/\/www.radlobby.org\/noe\/wp-content\/uploads\/10-Jahre-Radlobby-Niederoesterreich-01.pdf\" target=\"_blank\" rel=\"noopener\"><img loading=\"lazy\" decoding=\"async\" class=\"alignnone wp-image-16316\" src=\"https:\/\/www.radlobby.org\/noe\/wp-content\/uploads\/10-Jahre-Radlobby-Niederoesterreich-286px.jpg\" alt=\"\" width=\"148\" height=\"145\" \/><\/a><\/td>\n<td>10 Jahre Sujet:: 286 px breit<br \/>\nFormat: JPG<br \/>\nNutzbar f\u00fcr: <strong>Homepages, Webanwendungen<\/strong><br \/>\nInformation f\u00fcr jede Nutzung an <a href=\"mailto:noe@radlobby.at\">noe@radlobby.at<\/a><br \/>\nDie Radlobby kann jede Nutzung untersagen.<\/td>\n<\/tr>\n<\/tbody>\n<\/table>\n<p>&nbsp;<\/p>\n<table>\n<tbody>\n<tr>\n<td style=\"vertical-align: top;\" colspan=\"5\">\n<h5>Schriften und Farben der Radlobby<\/h5>\n<\/td>\n<\/tr>\n<tr>\n<td style=\"vertical-align: top;\"><\/td>\n<td style=\"vertical-align: top;\"><strong>RGB<\/strong><\/td>\n<td style=\"vertical-align: top;\"><strong>Hexadezimal WEB<\/strong><\/td>\n<td style=\"vertical-align: top;\"><b>Druck CMYK <\/b><\/td>\n<td style=\"vertical-align: top;\"><strong>Eigenfarben<\/strong><\/td>\n<\/tr>\n<tr>\n<td style=\"background-color: #c1c400; vertical-align: top;\"><span style=\"color: #ffffff;\"><strong>Logo &amp;<br \/>\nGrafik-Blasen<br \/>\nRadlobby Gr\u00fcn<\/strong><\/span><\/td>\n<td style=\"vertical-align: top;\"><span style=\"font-weight: 400;\">Rot 184 <\/span><span style=\"font-weight: 400;\"><br \/>\n<\/span><span style=\"font-weight: 400;\">Gr\u00fcn 204 <\/span><span style=\"font-weight: 400;\"><br \/>\n<\/span><span style=\"font-weight: 400;\">Blau 36<\/span><\/td>\n<td style=\"vertical-align: top;\">#c1c400<\/td>\n<td style=\"vertical-align: top;\"><span style=\"font-weight: 400;\">Cyan 25%<\/span><span style=\"font-weight: 400;\"><br \/>\n<\/span><span style=\"font-weight: 400;\">Magenta 0% <\/span><span style=\"font-weight: 400;\"><br \/>\n<\/span><span style=\"font-weight: 400;\">Yellow 100% <\/span><span style=\"font-weight: 400;\"><br \/>\n<\/span><span style=\"font-weight: 400;\">Schwarz 12%<\/span><\/td>\n<td style=\"vertical-align: top;\"><span style=\"font-weight: 400;\">pantone 383 <\/span><\/td>\n<\/tr>\n<tr>\n<td style=\"background-color: #a3a700; vertical-align: top;\"><span style=\"color: #ffffff;\"><strong>Titelschrift<br \/>\nRadlobby Gr\u00fcn<br \/>\n<\/strong>etwas dunkler als<\/span><br \/>\n<span style=\"color: #ffffff;\">die Farbe des Logos<\/span><\/td>\n<td style=\"vertical-align: top;\"><span style=\"font-weight: 400;\">Rot 163<br \/>\nGr\u00fcn 187<br \/>\nBlau 0\u00a0 \u00a0<\/span><\/td>\n<td style=\"vertical-align: top;\">#a3a700<\/td>\n<td style=\"vertical-align: top;\"><span style=\"font-weight: 400;\">Cyan 25%<br \/>\nMagenta 0%<br \/>\nYellow 100%<br \/>\nSchwarz 30%<\/span><\/td>\n<td style=\"vertical-align: top;\"><\/td>\n<\/tr>\n<tr>\n<td style=\"background-color: #51a4b6; vertical-align: top;\"><span style=\"color: #ffffff;\"><strong>Hellblaue Fl\u00e4chen<\/strong><\/span><\/td>\n<td style=\"vertical-align: top;\"><span style=\"font-weight: 400;\">Rot 81 <\/span><span style=\"font-weight: 400;\"><br \/>\n<\/span><span style=\"font-weight: 400;\">Gr\u00fcn 164 <\/span><span style=\"font-weight: 400;\"><br \/>\n<\/span><span style=\"font-weight: 400;\">Blau 182<\/span><\/td>\n<td style=\"vertical-align: top;\">#51A4B6 <span style=\"font-weight: 400;\">\u00a0\u00a0<\/span><\/td>\n<td style=\"vertical-align: top;\"><span style=\"font-weight: 400;\">Cyan 68%<\/span><span style=\"font-weight: 400;\"><br \/>\n<\/span><span style=\"font-weight: 400;\">Magenta 18% <\/span><span style=\"font-weight: 400;\"><br \/>\n<\/span><span style=\"font-weight: 400;\">Yellow 24% <\/span><span style=\"font-weight: 400;\"><br \/>\n<\/span><span style=\"font-weight: 400;\">Schwarz 0%<\/span><\/td>\n<td style=\"vertical-align: top;\"><\/td>\n<\/tr>\n<tr>\n<td style=\"background-color: #005575; vertical-align: top;\"><span style=\"color: #ffffff;\"><strong>Titelschrift<br \/>\nRadlobby Blau<\/strong><\/span><\/td>\n<td style=\"vertical-align: top;\"><span style=\"font-weight: 400;\">Rot 0\u00a0 \u00a0 \u00a0 \u00a0 \u00a0 \u00a0 \u00a0\u00a0<\/span><span style=\"font-weight: 400;\"><br \/>\n<\/span><span style=\"font-weight: 400;\">Gr\u00fcn 75<br \/>\n<\/span><span style=\"font-weight: 400;\">Blau 103 \u00a0 \u00a0 <\/span><\/td>\n<td style=\"vertical-align: top;\">#005575 <b>\u00a0 <\/b><\/td>\n<td style=\"vertical-align: top;\"><span style=\"font-weight: 400;\">Cyan 80%\u00a0 \u00a0 \u00a0 \u00a0 \u00a0 \u00a0\u00a0<\/span><span style=\"font-weight: 400;\"><br \/>\n<\/span><span style=\"font-weight: 400;\">Magenta 30%<\/span><span style=\"font-weight: 400;\"><br \/>\n<\/span><span style=\"font-weight: 400;\">Yellow 10%<\/span><span style=\"font-weight: 400;\"><br \/>\n<\/span><span style=\"font-weight: 400;\">Schwarz 50%<\/span><\/td>\n<td style=\"vertical-align: top;\"><span style=\"font-weight: 400;\">pantone 539 <\/span><\/td>\n<\/tr>\n<tr>\n<td style=\"background-color: #3d3d3f; vertical-align: top;\"><span style=\"color: #ffffff;\"><strong>Mengentext<br \/>\nRadlobby Grau<\/strong><\/span><\/td>\n<td style=\"vertical-align: top;\"><span style=\"font-weight: 400;\">Rot 61<\/span><span style=\"font-weight: 400;\"><br \/>\n<\/span><span style=\"font-weight: 400;\">Gr\u00fcn 61<\/span><span style=\"font-weight: 400;\"><br \/>\n<\/span><span style=\"font-weight: 400;\">Blau 6<\/span><\/td>\n<td style=\"vertical-align: top;\">#3d3d3f<\/td>\n<td style=\"vertical-align: top;\"><span style=\"font-weight: 400;\">Cyan 0%<\/span><span style=\"font-weight: 400;\"><br \/>\n<\/span><span style=\"font-weight: 400;\">Magenta 0% <\/span><span style=\"font-weight: 400;\"><br \/>\n<\/span><span style=\"font-weight: 400;\">Yellow 0% <\/span><span style=\"font-weight: 400;\"><br \/>\n<\/span><span style=\"font-weight: 400;\">Schwarz 90%<\/span><\/td>\n<td style=\"vertical-align: top;\"><\/td>\n<\/tr>\n<tr>\n<td style=\"background-color: #d66300; vertical-align: top;\"><span style=\"color: #ffffff;\"><strong>Links &amp;<br \/>\nGrafik-Blasen<br \/>\nRadlobby Orange<\/strong><\/span><\/td>\n<td style=\"vertical-align: top;\"><span style=\"font-weight: 400;\">Rot 214<\/span><span style=\"font-weight: 400;\"><br \/>\n<\/span><span style=\"font-weight: 400;\">Gr\u00fcn 99<\/span><span style=\"font-weight: 400;\"><br \/>\n<\/span><span style=\"font-weight: 400;\">Blau 0<\/span><\/td>\n<td style=\"vertical-align: top;\"><span style=\"font-weight: 400;\">#d66300<\/span><\/td>\n<td style=\"vertical-align: top;\">Cyan 12%<br \/>\nMagenta 70%<br \/>\nYellow 100%<br \/>\nSchwarz 2%<\/td>\n<td style=\"vertical-align: top;\"><\/td>\n<\/tr>\n<\/tbody>\n<\/table>\n<h5>Download Radlobby Design Anleitung<\/h5>\n<p>Wer f\u00fcr eine Radlobby Gruppe Flyer oder andere Drucksorten erstellt, muss sich an die Richtlinien in dieser Anleitung halten.<br \/>\n<a href=\"http:\/\/www.radlobby.org\/noe\/wp-content\/uploads\/20160700_Radlobby_CD_Manual_Stand_Juli_2016.pdf\" target=\"_blank\" rel=\"noopener noreferrer\">Download<\/a> PDF 13 MB<\/p>\n<h5>Download Radlobby &#8220;Blase&#8221;<\/h5>\n<p><img loading=\"lazy\" decoding=\"async\" class=\"wp-image-15584 alignleft\" src=\"http:\/\/www.radlobby.org\/noe\/wp-content\/uploads\/blase_RGB-300x191.jpg\" alt=\"\" width=\"147\" height=\"94\" srcset=\"https:\/\/www.radlobby.org\/noe\/wp-content\/uploads\/blase_RGB-300x191.jpg 300w, https:\/\/www.radlobby.org\/noe\/wp-content\/uploads\/blase_RGB-768x488.jpg 768w, https:\/\/www.radlobby.org\/noe\/wp-content\/uploads\/blase_RGB.jpg 1448w\" sizes=\"auto, (max-width: 147px) 100vw, 147px\" \/><a href=\"http:\/\/www.radlobby.org\/noe\/wp-content\/uploads\/RADLOBBY-blase_CMYK.eps\" target=\"_blank\" rel=\"noopener noreferrer\">Download als &#8220;eps&#8221;<\/a><br \/>\n<a href=\"http:\/\/www.radlobby.org\/noe\/wp-content\/uploads\/RADLOBBY-blase_CMYK.pdf\" target=\"_blank\" rel=\"noopener noreferrer\">Download als &#8220;pdf&#8221;<\/a><\/p>\n<p>.<br \/>\n.<\/p>\n<h5>Radlobby Schriften<\/h5>\n<p>Museo 700 in &#8220;Radlobby-Blau&#8221; f\u00fcr Titel und Zwischentitel<br \/>\nRoboto regular oder bold &#8220;90% schwarz&#8221; f\u00fcr Mengentext und kleine Zwischentitel<br \/>\nSchriften bitte anfordern bei: <a href=\"mailto:noe@radlobby.at\">noe@radlobby.at<\/a><\/p>\n<p>&nbsp;<\/p>\n<p>&nbsp;<\/p>\n<p>&nbsp;<\/p>\n<p>.<\/p>\n","protected":false},"excerpt":{"rendered":"<p>Bei Fragen rufen Sie bitte an: Karl Zauner, Vorsitzender der Radlobby N\u00d6, 0664 7512 6908 F\u00fcr Grafikbetriebe: Logo anklicken und herunterladen: 10 Jahre Sujet: frei skalierbar Format: PDF Nutzbar f\u00fcr: Druck in allen Gr\u00f6\u00dfen Information f\u00fcr jede Nutzung an noe@radlobby.at<\/p>\n","protected":false},"author":16,"featured_media":0,"parent":0,"menu_order":0,"comment_status":"closed","ping_status":"closed","template":"","meta":{"footnotes":""},"class_list":["post-16314","page","type-page","status-publish","hentry"],"yoast_head":"<!-- This site is optimized with the Yoast SEO plugin v26.9 - https:\/\/yoast.com\/product\/yoast-seo-wordpress\/ -->\n<title>Downloads 10 Jahre Radlobby N\u00d6 - Radlobby Nieder\u00f6sterreich<\/title>\n<meta name=\"robots\" content=\"index, follow, max-snippet:-1, max-image-preview:large, max-video-preview:-1\" \/>\n<link rel=\"canonical\" href=\"https:\/\/www.radlobby.org\/noe\/downloads-10-jahre-radlobby-noe\/\" \/>\n<meta property=\"og:locale\" content=\"de_DE\" \/>\n<meta property=\"og:type\" content=\"article\" \/>\n<meta property=\"og:title\" content=\"Downloads 10 Jahre Radlobby N\u00d6 - Radlobby Nieder\u00f6sterreich\" \/>\n<meta property=\"og:description\" content=\"Bei Fragen rufen Sie bitte an: Karl Zauner, Vorsitzender der Radlobby N\u00d6, 0664 7512 6908 F\u00fcr Grafikbetriebe: Logo anklicken und herunterladen: 10 Jahre Sujet: frei skalierbar Format: PDF Nutzbar f\u00fcr: Druck in allen Gr\u00f6\u00dfen Information f\u00fcr jede Nutzung an noe@radlobby.at\" \/>\n<meta property=\"og:url\" content=\"https:\/\/www.radlobby.org\/noe\/downloads-10-jahre-radlobby-noe\/\" \/>\n<meta property=\"og:site_name\" content=\"Radlobby Nieder\u00f6sterreich\" \/>\n<meta property=\"article:publisher\" content=\"https:\/\/www.facebook.com\/groups\/radfahren.in.noe\/\" \/>\n<meta property=\"article:modified_time\" content=\"2021-09-09T16:31:47+00:00\" \/>\n<meta property=\"og:image\" content=\"https:\/\/www.radlobby.org\/noe\/wp-content\/uploads\/10-Jahre-Radlobby-Niederoesterreich-286px.jpg\" \/>\n<meta name=\"twitter:card\" content=\"summary_large_image\" \/>\n<meta name=\"twitter:label1\" content=\"Gesch\u00e4tzte Lesezeit\" \/>\n\t<meta name=\"twitter:data1\" content=\"3\u00a0Minuten\" \/>\n<script type=\"application\/ld+json\" class=\"yoast-schema-graph\">{\"@context\":\"https:\/\/schema.org\",\"@graph\":[{\"@type\":\"WebPage\",\"@id\":\"https:\/\/www.radlobby.org\/noe\/downloads-10-jahre-radlobby-noe\/\",\"url\":\"https:\/\/www.radlobby.org\/noe\/downloads-10-jahre-radlobby-noe\/\",\"name\":\"Downloads 10 Jahre Radlobby N\u00d6 - Radlobby Nieder\u00f6sterreich\",\"isPartOf\":{\"@id\":\"https:\/\/www.radlobby.org\/noe\/#website\"},\"primaryImageOfPage\":{\"@id\":\"https:\/\/www.radlobby.org\/noe\/downloads-10-jahre-radlobby-noe\/#primaryimage\"},\"image\":{\"@id\":\"https:\/\/www.radlobby.org\/noe\/downloads-10-jahre-radlobby-noe\/#primaryimage\"},\"thumbnailUrl\":\"https:\/\/www.radlobby.org\/noe\/wp-content\/uploads\/10-Jahre-Radlobby-Niederoesterreich-286px.jpg\",\"datePublished\":\"2020-12-16T10:10:53+00:00\",\"dateModified\":\"2021-09-09T16:31:47+00:00\",\"breadcrumb\":{\"@id\":\"https:\/\/www.radlobby.org\/noe\/downloads-10-jahre-radlobby-noe\/#breadcrumb\"},\"inLanguage\":\"de\",\"potentialAction\":[{\"@type\":\"ReadAction\",\"target\":[\"https:\/\/www.radlobby.org\/noe\/downloads-10-jahre-radlobby-noe\/\"]}]},{\"@type\":\"ImageObject\",\"inLanguage\":\"de\",\"@id\":\"https:\/\/www.radlobby.org\/noe\/downloads-10-jahre-radlobby-noe\/#primaryimage\",\"url\":\"https:\/\/www.radlobby.org\/noe\/wp-content\/uploads\/10-Jahre-Radlobby-Niederoesterreich-286px.jpg\",\"contentUrl\":\"https:\/\/www.radlobby.org\/noe\/wp-content\/uploads\/10-Jahre-Radlobby-Niederoesterreich-286px.jpg\",\"width\":286,\"height\":280},{\"@type\":\"BreadcrumbList\",\"@id\":\"https:\/\/www.radlobby.org\/noe\/downloads-10-jahre-radlobby-noe\/#breadcrumb\",\"itemListElement\":[{\"@type\":\"ListItem\",\"position\":1,\"name\":\"Startseite\",\"item\":\"https:\/\/www.radlobby.org\/noe\/\"},{\"@type\":\"ListItem\",\"position\":2,\"name\":\"Downloads 10 Jahre Radlobby N\u00d6\"}]},{\"@type\":\"WebSite\",\"@id\":\"https:\/\/www.radlobby.org\/noe\/#website\",\"url\":\"https:\/\/www.radlobby.org\/noe\/\",\"name\":\"Radlobby Nieder\u00f6sterreich\",\"description\":\"Radverkehr, Fahrrad, Radfahren, Radreisen, Radtouren, Radweg\",\"publisher\":{\"@id\":\"https:\/\/www.radlobby.org\/noe\/#organization\"},\"potentialAction\":[{\"@type\":\"SearchAction\",\"target\":{\"@type\":\"EntryPoint\",\"urlTemplate\":\"https:\/\/www.radlobby.org\/noe\/?s={search_term_string}\"},\"query-input\":{\"@type\":\"PropertyValueSpecification\",\"valueRequired\":true,\"valueName\":\"search_term_string\"}}],\"inLanguage\":\"de\"},{\"@type\":\"Organization\",\"@id\":\"https:\/\/www.radlobby.org\/noe\/#organization\",\"name\":\"Radlobby Nieder\u00f6sterreich\",\"url\":\"https:\/\/www.radlobby.org\/noe\/\",\"logo\":{\"@type\":\"ImageObject\",\"inLanguage\":\"de\",\"@id\":\"https:\/\/www.radlobby.org\/noe\/#\/schema\/logo\/image\/\",\"url\":\"https:\/\/www.radlobby.org\/noe\/wp-content\/uploads\/2017\/01\/cropped-Logo_Radlobby_Niederoesterreich_50-400px_quer-1.jpg\",\"contentUrl\":\"https:\/\/www.radlobby.org\/noe\/wp-content\/uploads\/2017\/01\/cropped-Logo_Radlobby_Niederoesterreich_50-400px_quer-1.jpg\",\"width\":450,\"height\":124,\"caption\":\"Radlobby Nieder\u00f6sterreich\"},\"image\":{\"@id\":\"https:\/\/www.radlobby.org\/noe\/#\/schema\/logo\/image\/\"},\"sameAs\":[\"https:\/\/www.facebook.com\/groups\/radfahren.in.noe\/\"]}]}<\/script>\n<!-- \/ Yoast SEO plugin. -->","yoast_head_json":{"title":"Downloads 10 Jahre Radlobby N\u00d6 - Radlobby Nieder\u00f6sterreich","robots":{"index":"index","follow":"follow","max-snippet":"max-snippet:-1","max-image-preview":"max-image-preview:large","max-video-preview":"max-video-preview:-1"},"canonical":"https:\/\/www.radlobby.org\/noe\/downloads-10-jahre-radlobby-noe\/","og_locale":"de_DE","og_type":"article","og_title":"Downloads 10 Jahre Radlobby N\u00d6 - Radlobby Nieder\u00f6sterreich","og_description":"Bei Fragen rufen Sie bitte an: Karl Zauner, Vorsitzender der Radlobby N\u00d6, 0664 7512 6908 F\u00fcr Grafikbetriebe: Logo anklicken und herunterladen: 10 Jahre Sujet: frei skalierbar Format: PDF Nutzbar f\u00fcr: Druck in allen Gr\u00f6\u00dfen Information f\u00fcr jede Nutzung an noe@radlobby.at","og_url":"https:\/\/www.radlobby.org\/noe\/downloads-10-jahre-radlobby-noe\/","og_site_name":"Radlobby Nieder\u00f6sterreich","article_publisher":"https:\/\/www.facebook.com\/groups\/radfahren.in.noe\/","article_modified_time":"2021-09-09T16:31:47+00:00","og_image":[{"url":"https:\/\/www.radlobby.org\/noe\/wp-content\/uploads\/10-Jahre-Radlobby-Niederoesterreich-286px.jpg","type":"","width":"","height":""}],"twitter_card":"summary_large_image","twitter_misc":{"Gesch\u00e4tzte Lesezeit":"3\u00a0Minuten"},"schema":{"@context":"https:\/\/schema.org","@graph":[{"@type":"WebPage","@id":"https:\/\/www.radlobby.org\/noe\/downloads-10-jahre-radlobby-noe\/","url":"https:\/\/www.radlobby.org\/noe\/downloads-10-jahre-radlobby-noe\/","name":"Downloads 10 Jahre Radlobby N\u00d6 - Radlobby Nieder\u00f6sterreich","isPartOf":{"@id":"https:\/\/www.radlobby.org\/noe\/#website"},"primaryImageOfPage":{"@id":"https:\/\/www.radlobby.org\/noe\/downloads-10-jahre-radlobby-noe\/#primaryimage"},"image":{"@id":"https:\/\/www.radlobby.org\/noe\/downloads-10-jahre-radlobby-noe\/#primaryimage"},"thumbnailUrl":"https:\/\/www.radlobby.org\/noe\/wp-content\/uploads\/10-Jahre-Radlobby-Niederoesterreich-286px.jpg","datePublished":"2020-12-16T10:10:53+00:00","dateModified":"2021-09-09T16:31:47+00:00","breadcrumb":{"@id":"https:\/\/www.radlobby.org\/noe\/downloads-10-jahre-radlobby-noe\/#breadcrumb"},"inLanguage":"de","potentialAction":[{"@type":"ReadAction","target":["https:\/\/www.radlobby.org\/noe\/downloads-10-jahre-radlobby-noe\/"]}]},{"@type":"ImageObject","inLanguage":"de","@id":"https:\/\/www.radlobby.org\/noe\/downloads-10-jahre-radlobby-noe\/#primaryimage","url":"https:\/\/www.radlobby.org\/noe\/wp-content\/uploads\/10-Jahre-Radlobby-Niederoesterreich-286px.jpg","contentUrl":"https:\/\/www.radlobby.org\/noe\/wp-content\/uploads\/10-Jahre-Radlobby-Niederoesterreich-286px.jpg","width":286,"height":280},{"@type":"BreadcrumbList","@id":"https:\/\/www.radlobby.org\/noe\/downloads-10-jahre-radlobby-noe\/#breadcrumb","itemListElement":[{"@type":"ListItem","position":1,"name":"Startseite","item":"https:\/\/www.radlobby.org\/noe\/"},{"@type":"ListItem","position":2,"name":"Downloads 10 Jahre Radlobby N\u00d6"}]},{"@type":"WebSite","@id":"https:\/\/www.radlobby.org\/noe\/#website","url":"https:\/\/www.radlobby.org\/noe\/","name":"Radlobby Nieder\u00f6sterreich","description":"Radverkehr, Fahrrad, Radfahren, Radreisen, Radtouren, Radweg","publisher":{"@id":"https:\/\/www.radlobby.org\/noe\/#organization"},"potentialAction":[{"@type":"SearchAction","target":{"@type":"EntryPoint","urlTemplate":"https:\/\/www.radlobby.org\/noe\/?s={search_term_string}"},"query-input":{"@type":"PropertyValueSpecification","valueRequired":true,"valueName":"search_term_string"}}],"inLanguage":"de"},{"@type":"Organization","@id":"https:\/\/www.radlobby.org\/noe\/#organization","name":"Radlobby Nieder\u00f6sterreich","url":"https:\/\/www.radlobby.org\/noe\/","logo":{"@type":"ImageObject","inLanguage":"de","@id":"https:\/\/www.radlobby.org\/noe\/#\/schema\/logo\/image\/","url":"https:\/\/www.radlobby.org\/noe\/wp-content\/uploads\/2017\/01\/cropped-Logo_Radlobby_Niederoesterreich_50-400px_quer-1.jpg","contentUrl":"https:\/\/www.radlobby.org\/noe\/wp-content\/uploads\/2017\/01\/cropped-Logo_Radlobby_Niederoesterreich_50-400px_quer-1.jpg","width":450,"height":124,"caption":"Radlobby Nieder\u00f6sterreich"},"image":{"@id":"https:\/\/www.radlobby.org\/noe\/#\/schema\/logo\/image\/"},"sameAs":["https:\/\/www.facebook.com\/groups\/radfahren.in.noe\/"]}]}},"_links":{"self":[{"href":"https:\/\/www.radlobby.org\/noe\/wp-json\/wp\/v2\/pages\/16314","targetHints":{"allow":["GET"]}}],"collection":[{"href":"https:\/\/www.radlobby.org\/noe\/wp-json\/wp\/v2\/pages"}],"about":[{"href":"https:\/\/www.radlobby.org\/noe\/wp-json\/wp\/v2\/types\/page"}],"author":[{"embeddable":true,"href":"https:\/\/www.radlobby.org\/noe\/wp-json\/wp\/v2\/users\/16"}],"replies":[{"embeddable":true,"href":"https:\/\/www.radlobby.org\/noe\/wp-json\/wp\/v2\/comments?post=16314"}],"version-history":[{"count":0,"href":"https:\/\/www.radlobby.org\/noe\/wp-json\/wp\/v2\/pages\/16314\/revisions"}],"wp:attachment":[{"href":"https:\/\/www.radlobby.org\/noe\/wp-json\/wp\/v2\/media?parent=16314"}],"curies":[{"name":"wp","href":"https:\/\/api.w.org\/{rel}","templated":true}]}}