{"id":16045,"date":"2020-11-27T10:28:38","date_gmt":"2020-11-27T09:28:38","guid":{"rendered":"http:\/\/www.radlobby.org\/noe\/?page_id=16045"},"modified":"2020-11-29T15:06:12","modified_gmt":"2020-11-29T14:06:12","slug":"klima-organisationen","status":"publish","type":"page","link":"https:\/\/www.radlobby.org\/noe\/klima-organisationen\/","title":{"rendered":"Partnerorganisationen f\u00fcr Klimaverantwortung"},"content":{"rendered":"<p>Wichtige Partner im Einsatz f\u00fcr den Klimaschutz:<\/p>\n<p><a href=\"https:\/\/www.klimaprotest.at\/2020\/11\/plus-4c-optimal-fuer-die-wirtschaft\/\" target=\"_blank\" rel=\"noopener noreferrer\"><img loading=\"lazy\" decoding=\"async\" class=\"alignnone wp-image-16072\" src=\"http:\/\/www.radlobby.org\/noe\/wp-content\/uploads\/klimaprotest.at_.jpg\" alt=\"\" width=\"197\" height=\"54\" \/><\/a>\u00a0 <a href=\"https:\/\/fridaysforfuture.at\/\" target=\"_blank\" rel=\"noopener noreferrer\"><img loading=\"lazy\" decoding=\"async\" class=\"alignnone wp-image-9184\" src=\"http:\/\/www.radlobby.org\/noe\/wp-content\/uploads\/Fridays-for-Future_Austria-150x150.png\" alt=\"\" width=\"85\" height=\"85\" srcset=\"https:\/\/www.radlobby.org\/noe\/wp-content\/uploads\/Fridays-for-Future_Austria-150x150.png 150w, https:\/\/www.radlobby.org\/noe\/wp-content\/uploads\/Fridays-for-Future_Austria-300x300.png 300w, https:\/\/www.radlobby.org\/noe\/wp-content\/uploads\/Fridays-for-Future_Austria-768x768.png 768w, https:\/\/www.radlobby.org\/noe\/wp-content\/uploads\/Fridays-for-Future_Austria-270x270.png 270w, https:\/\/www.radlobby.org\/noe\/wp-content\/uploads\/Fridays-for-Future_Austria-230x230.png 230w, https:\/\/www.radlobby.org\/noe\/wp-content\/uploads\/Fridays-for-Future_Austria.png 1501w\" sizes=\"auto, (max-width: 85px) 100vw, 85px\" \/><\/a>\u00a0 <a href=\"https:\/\/www.global2000.at\/\" target=\"_blank\" rel=\"noopener noreferrer\"><img loading=\"lazy\" decoding=\"async\" class=\"alignnone wp-image-16038\" src=\"http:\/\/www.radlobby.org\/noe\/wp-content\/uploads\/Global2000-Logo-klein.gif\" alt=\"\" width=\"128\" height=\"62\" \/><\/a> \u00a0<a href=\"https:\/\/vcoe.at\/\" target=\"_blank\" rel=\"noopener noreferrer\"><img loading=\"lazy\" decoding=\"async\" class=\"alignnone wp-image-16040\" src=\"http:\/\/www.radlobby.org\/noe\/wp-content\/uploads\/VCOE-Logo-klein.gif\" alt=\"\" width=\"192\" height=\"34\" \/><\/a> \u00a0<a href=\"https:\/\/parentsforfuture.at\/\" target=\"_blank\" rel=\"noopener noreferrer\"><img loading=\"lazy\" decoding=\"async\" class=\"alignnone wp-image-16041\" src=\"http:\/\/www.radlobby.org\/noe\/wp-content\/uploads\/ParentsForFuture-PFF-Logo-klein.png\" alt=\"\" width=\"85\" height=\"85\" srcset=\"https:\/\/www.radlobby.org\/noe\/wp-content\/uploads\/ParentsForFuture-PFF-Logo-klein.png 200w, https:\/\/www.radlobby.org\/noe\/wp-content\/uploads\/ParentsForFuture-PFF-Logo-klein-150x150.png 150w\" sizes=\"auto, (max-width: 85px) 100vw, 85px\" \/><\/a><br \/>\n<a href=\"https:\/\/www.verkehrswende-jetzt.at\/\" target=\"_blank\" rel=\"noopener noreferrer\"><img loading=\"lazy\" decoding=\"async\" class=\"alignnone wp-image-16054 size-full\" src=\"http:\/\/www.radlobby.org\/noe\/wp-content\/uploads\/Verkehrswende-jetzt-Sujet.jpg\" alt=\"\" width=\"228\" height=\"64\" \/><\/a> <a href=\"https:\/\/www.alpenverein.at\/portal\/news\/aktuelle_news\/2020\/2020_09_18_alpenvereine-fordern-verkehrswende-fuer-den-alpenraum.php\" target=\"_blank\" rel=\"noopener noreferrer\"><img loading=\"lazy\" decoding=\"async\" class=\"alignnone wp-image-16042\" src=\"http:\/\/www.radlobby.org\/noe\/wp-content\/uploads\/Alpenverein-Logo.png\" alt=\"\" width=\"130\" height=\"54\" srcset=\"https:\/\/www.radlobby.org\/noe\/wp-content\/uploads\/Alpenverein-Logo.png 1330w, https:\/\/www.radlobby.org\/noe\/wp-content\/uploads\/Alpenverein-Logo-300x125.png 300w, https:\/\/www.radlobby.org\/noe\/wp-content\/uploads\/Alpenverein-Logo-768x319.png 768w\" sizes=\"auto, (max-width: 130px) 100vw, 130px\" \/><\/a>\u00a0 <a href=\"https:\/\/www.radlobby.org\/noe\/wp-content\/uploads\/Naturfreunde-Logo.png\" data-src=\"https:\/\/www.radlobby.org\/noe\/wp-content\/uploads\/Naturfreunde-Logo.png\" data-thumb=\"http:\/\/www.radlobby.org\/noe\/wp-content\/uploads\/Naturfreunde-Logo.png\" class=\"ml-lightbox-enabled\"><img loading=\"lazy\" decoding=\"async\" class=\"alignnone wp-image-16043\" src=\"http:\/\/www.radlobby.org\/noe\/wp-content\/uploads\/Naturfreunde-Logo.png\" alt=\"\" width=\"109\" height=\"62\" \/><\/a><br \/>\n<a href=\"https:\/\/klimaallianz.at\/\" target=\"_blank\" rel=\"noopener noreferrer\"><img loading=\"lazy\" decoding=\"async\" class=\"alignnone wp-image-16057\" src=\"http:\/\/www.radlobby.org\/noe\/wp-content\/uploads\/Allianz-Klimagerechtigkeit-Logo-300x105.jpg\" alt=\"\" width=\"194\" height=\"68\" srcset=\"https:\/\/www.radlobby.org\/noe\/wp-content\/uploads\/Allianz-Klimagerechtigkeit-Logo-300x105.jpg 300w, https:\/\/www.radlobby.org\/noe\/wp-content\/uploads\/Allianz-Klimagerechtigkeit-Logo-768x269.jpg 768w, https:\/\/www.radlobby.org\/noe\/wp-content\/uploads\/Allianz-Klimagerechtigkeit-Logo.jpg 1181w\" sizes=\"auto, (max-width: 194px) 100vw, 194px\" \/><\/a> \u00a0 <a href=\"https:\/\/www.verkehrswende.at\/\" target=\"_blank\" rel=\"noopener noreferrer\"><img loading=\"lazy\" decoding=\"async\" class=\"alignnone wp-image-16074\" src=\"http:\/\/www.radlobby.org\/noe\/wp-content\/uploads\/Verkehrswende-NOE-logo-150x150.jpg\" alt=\"\" width=\"61\" height=\"61\" srcset=\"https:\/\/www.radlobby.org\/noe\/wp-content\/uploads\/Verkehrswende-NOE-logo-150x150.jpg 150w, https:\/\/www.radlobby.org\/noe\/wp-content\/uploads\/Verkehrswende-NOE-logo-270x270.jpg 270w, https:\/\/www.radlobby.org\/noe\/wp-content\/uploads\/Verkehrswende-NOE-logo-230x230.jpg 230w, https:\/\/www.radlobby.org\/noe\/wp-content\/uploads\/Verkehrswende-NOE-logo.jpg 300w\" sizes=\"auto, (max-width: 61px) 100vw, 61px\" \/><\/a><br \/>\nund viele andere &#8230;<\/p>\n<p>&nbsp;<\/p>\n","protected":false},"excerpt":{"rendered":"<p>Wichtige Partner im Einsatz f\u00fcr den Klimaschutz: \u00a0 \u00a0 \u00a0 \u00a0 \u00a0 \u00a0 und viele andere &#8230; &nbsp;<\/p>\n","protected":false},"author":16,"featured_media":0,"parent":0,"menu_order":0,"comment_status":"closed","ping_status":"closed","template":"","meta":{"footnotes":""},"class_list":["post-16045","page","type-page","status-publish","hentry"],"yoast_head":"<!-- This site is optimized with the Yoast SEO plugin v26.9 - https:\/\/yoast.com\/product\/yoast-seo-wordpress\/ -->\n<title>Partnerorganisationen f\u00fcr Klimaverantwortung - Radlobby Nieder\u00f6sterreich<\/title>\n<meta name=\"robots\" content=\"index, follow, max-snippet:-1, max-image-preview:large, max-video-preview:-1\" \/>\n<link rel=\"canonical\" href=\"https:\/\/www.radlobby.org\/noe\/klima-organisationen\/\" \/>\n<meta property=\"og:locale\" content=\"de_DE\" \/>\n<meta property=\"og:type\" content=\"article\" \/>\n<meta property=\"og:title\" content=\"Partnerorganisationen f\u00fcr Klimaverantwortung - Radlobby Nieder\u00f6sterreich\" \/>\n<meta property=\"og:description\" content=\"Wichtige Partner im Einsatz f\u00fcr den Klimaschutz: \u00a0 \u00a0 \u00a0 \u00a0 \u00a0 \u00a0 und viele andere &#8230; &nbsp;\" \/>\n<meta property=\"og:url\" content=\"https:\/\/www.radlobby.org\/noe\/klima-organisationen\/\" \/>\n<meta property=\"og:site_name\" content=\"Radlobby Nieder\u00f6sterreich\" \/>\n<meta property=\"article:publisher\" content=\"https:\/\/www.facebook.com\/groups\/radfahren.in.noe\/\" \/>\n<meta property=\"article:modified_time\" content=\"2020-11-29T14:06:12+00:00\" \/>\n<meta property=\"og:image\" content=\"http:\/\/www.radlobby.org\/noe\/wp-content\/uploads\/klimaprotest.at_.jpg\" \/>\n<meta name=\"twitter:card\" content=\"summary_large_image\" \/>\n<script type=\"application\/ld+json\" class=\"yoast-schema-graph\">{\"@context\":\"https:\/\/schema.org\",\"@graph\":[{\"@type\":\"WebPage\",\"@id\":\"https:\/\/www.radlobby.org\/noe\/klima-organisationen\/\",\"url\":\"https:\/\/www.radlobby.org\/noe\/klima-organisationen\/\",\"name\":\"Partnerorganisationen f\u00fcr Klimaverantwortung - Radlobby Nieder\u00f6sterreich\",\"isPartOf\":{\"@id\":\"https:\/\/www.radlobby.org\/noe\/#website\"},\"primaryImageOfPage\":{\"@id\":\"https:\/\/www.radlobby.org\/noe\/klima-organisationen\/#primaryimage\"},\"image\":{\"@id\":\"https:\/\/www.radlobby.org\/noe\/klima-organisationen\/#primaryimage\"},\"thumbnailUrl\":\"http:\/\/www.radlobby.org\/noe\/wp-content\/uploads\/klimaprotest.at_.jpg\",\"datePublished\":\"2020-11-27T09:28:38+00:00\",\"dateModified\":\"2020-11-29T14:06:12+00:00\",\"breadcrumb\":{\"@id\":\"https:\/\/www.radlobby.org\/noe\/klima-organisationen\/#breadcrumb\"},\"inLanguage\":\"de\",\"potentialAction\":[{\"@type\":\"ReadAction\",\"target\":[\"https:\/\/www.radlobby.org\/noe\/klima-organisationen\/\"]}]},{\"@type\":\"ImageObject\",\"inLanguage\":\"de\",\"@id\":\"https:\/\/www.radlobby.org\/noe\/klima-organisationen\/#primaryimage\",\"url\":\"https:\/\/www.radlobby.org\/noe\/wp-content\/uploads\/klimaprotest.at_.jpg\",\"contentUrl\":\"https:\/\/www.radlobby.org\/noe\/wp-content\/uploads\/klimaprotest.at_.jpg\",\"width\":255,\"height\":70},{\"@type\":\"BreadcrumbList\",\"@id\":\"https:\/\/www.radlobby.org\/noe\/klima-organisationen\/#breadcrumb\",\"itemListElement\":[{\"@type\":\"ListItem\",\"position\":1,\"name\":\"Startseite\",\"item\":\"https:\/\/www.radlobby.org\/noe\/\"},{\"@type\":\"ListItem\",\"position\":2,\"name\":\"Partnerorganisationen f\u00fcr Klimaverantwortung\"}]},{\"@type\":\"WebSite\",\"@id\":\"https:\/\/www.radlobby.org\/noe\/#website\",\"url\":\"https:\/\/www.radlobby.org\/noe\/\",\"name\":\"Radlobby Nieder\u00f6sterreich\",\"description\":\"Radverkehr, Fahrrad, Radfahren, Radreisen, Radtouren, Radweg\",\"publisher\":{\"@id\":\"https:\/\/www.radlobby.org\/noe\/#organization\"},\"potentialAction\":[{\"@type\":\"SearchAction\",\"target\":{\"@type\":\"EntryPoint\",\"urlTemplate\":\"https:\/\/www.radlobby.org\/noe\/?s={search_term_string}\"},\"query-input\":{\"@type\":\"PropertyValueSpecification\",\"valueRequired\":true,\"valueName\":\"search_term_string\"}}],\"inLanguage\":\"de\"},{\"@type\":\"Organization\",\"@id\":\"https:\/\/www.radlobby.org\/noe\/#organization\",\"name\":\"Radlobby Nieder\u00f6sterreich\",\"url\":\"https:\/\/www.radlobby.org\/noe\/\",\"logo\":{\"@type\":\"ImageObject\",\"inLanguage\":\"de\",\"@id\":\"https:\/\/www.radlobby.org\/noe\/#\/schema\/logo\/image\/\",\"url\":\"https:\/\/www.radlobby.org\/noe\/wp-content\/uploads\/2017\/01\/cropped-Logo_Radlobby_Niederoesterreich_50-400px_quer-1.jpg\",\"contentUrl\":\"https:\/\/www.radlobby.org\/noe\/wp-content\/uploads\/2017\/01\/cropped-Logo_Radlobby_Niederoesterreich_50-400px_quer-1.jpg\",\"width\":450,\"height\":124,\"caption\":\"Radlobby Nieder\u00f6sterreich\"},\"image\":{\"@id\":\"https:\/\/www.radlobby.org\/noe\/#\/schema\/logo\/image\/\"},\"sameAs\":[\"https:\/\/www.facebook.com\/groups\/radfahren.in.noe\/\"]}]}<\/script>\n<!-- \/ Yoast SEO plugin. -->","yoast_head_json":{"title":"Partnerorganisationen f\u00fcr Klimaverantwortung - Radlobby Nieder\u00f6sterreich","robots":{"index":"index","follow":"follow","max-snippet":"max-snippet:-1","max-image-preview":"max-image-preview:large","max-video-preview":"max-video-preview:-1"},"canonical":"https:\/\/www.radlobby.org\/noe\/klima-organisationen\/","og_locale":"de_DE","og_type":"article","og_title":"Partnerorganisationen f\u00fcr Klimaverantwortung - Radlobby Nieder\u00f6sterreich","og_description":"Wichtige Partner im Einsatz f\u00fcr den Klimaschutz: \u00a0 \u00a0 \u00a0 \u00a0 \u00a0 \u00a0 und viele andere &#8230; &nbsp;","og_url":"https:\/\/www.radlobby.org\/noe\/klima-organisationen\/","og_site_name":"Radlobby Nieder\u00f6sterreich","article_publisher":"https:\/\/www.facebook.com\/groups\/radfahren.in.noe\/","article_modified_time":"2020-11-29T14:06:12+00:00","og_image":[{"url":"http:\/\/www.radlobby.org\/noe\/wp-content\/uploads\/klimaprotest.at_.jpg","type":"","width":"","height":""}],"twitter_card":"summary_large_image","schema":{"@context":"https:\/\/schema.org","@graph":[{"@type":"WebPage","@id":"https:\/\/www.radlobby.org\/noe\/klima-organisationen\/","url":"https:\/\/www.radlobby.org\/noe\/klima-organisationen\/","name":"Partnerorganisationen f\u00fcr Klimaverantwortung - Radlobby Nieder\u00f6sterreich","isPartOf":{"@id":"https:\/\/www.radlobby.org\/noe\/#website"},"primaryImageOfPage":{"@id":"https:\/\/www.radlobby.org\/noe\/klima-organisationen\/#primaryimage"},"image":{"@id":"https:\/\/www.radlobby.org\/noe\/klima-organisationen\/#primaryimage"},"thumbnailUrl":"http:\/\/www.radlobby.org\/noe\/wp-content\/uploads\/klimaprotest.at_.jpg","datePublished":"2020-11-27T09:28:38+00:00","dateModified":"2020-11-29T14:06:12+00:00","breadcrumb":{"@id":"https:\/\/www.radlobby.org\/noe\/klima-organisationen\/#breadcrumb"},"inLanguage":"de","potentialAction":[{"@type":"ReadAction","target":["https:\/\/www.radlobby.org\/noe\/klima-organisationen\/"]}]},{"@type":"ImageObject","inLanguage":"de","@id":"https:\/\/www.radlobby.org\/noe\/klima-organisationen\/#primaryimage","url":"https:\/\/www.radlobby.org\/noe\/wp-content\/uploads\/klimaprotest.at_.jpg","contentUrl":"https:\/\/www.radlobby.org\/noe\/wp-content\/uploads\/klimaprotest.at_.jpg","width":255,"height":70},{"@type":"BreadcrumbList","@id":"https:\/\/www.radlobby.org\/noe\/klima-organisationen\/#breadcrumb","itemListElement":[{"@type":"ListItem","position":1,"name":"Startseite","item":"https:\/\/www.radlobby.org\/noe\/"},{"@type":"ListItem","position":2,"name":"Partnerorganisationen f\u00fcr Klimaverantwortung"}]},{"@type":"WebSite","@id":"https:\/\/www.radlobby.org\/noe\/#website","url":"https:\/\/www.radlobby.org\/noe\/","name":"Radlobby Nieder\u00f6sterreich","description":"Radverkehr, Fahrrad, Radfahren, Radreisen, Radtouren, Radweg","publisher":{"@id":"https:\/\/www.radlobby.org\/noe\/#organization"},"potentialAction":[{"@type":"SearchAction","target":{"@type":"EntryPoint","urlTemplate":"https:\/\/www.radlobby.org\/noe\/?s={search_term_string}"},"query-input":{"@type":"PropertyValueSpecification","valueRequired":true,"valueName":"search_term_string"}}],"inLanguage":"de"},{"@type":"Organization","@id":"https:\/\/www.radlobby.org\/noe\/#organization","name":"Radlobby Nieder\u00f6sterreich","url":"https:\/\/www.radlobby.org\/noe\/","logo":{"@type":"ImageObject","inLanguage":"de","@id":"https:\/\/www.radlobby.org\/noe\/#\/schema\/logo\/image\/","url":"https:\/\/www.radlobby.org\/noe\/wp-content\/uploads\/2017\/01\/cropped-Logo_Radlobby_Niederoesterreich_50-400px_quer-1.jpg","contentUrl":"https:\/\/www.radlobby.org\/noe\/wp-content\/uploads\/2017\/01\/cropped-Logo_Radlobby_Niederoesterreich_50-400px_quer-1.jpg","width":450,"height":124,"caption":"Radlobby Nieder\u00f6sterreich"},"image":{"@id":"https:\/\/www.radlobby.org\/noe\/#\/schema\/logo\/image\/"},"sameAs":["https:\/\/www.facebook.com\/groups\/radfahren.in.noe\/"]}]}},"_links":{"self":[{"href":"https:\/\/www.radlobby.org\/noe\/wp-json\/wp\/v2\/pages\/16045","targetHints":{"allow":["GET"]}}],"collection":[{"href":"https:\/\/www.radlobby.org\/noe\/wp-json\/wp\/v2\/pages"}],"about":[{"href":"https:\/\/www.radlobby.org\/noe\/wp-json\/wp\/v2\/types\/page"}],"author":[{"embeddable":true,"href":"https:\/\/www.radlobby.org\/noe\/wp-json\/wp\/v2\/users\/16"}],"replies":[{"embeddable":true,"href":"https:\/\/www.radlobby.org\/noe\/wp-json\/wp\/v2\/comments?post=16045"}],"version-history":[{"count":0,"href":"https:\/\/www.radlobby.org\/noe\/wp-json\/wp\/v2\/pages\/16045\/revisions"}],"wp:attachment":[{"href":"https:\/\/www.radlobby.org\/noe\/wp-json\/wp\/v2\/media?parent=16045"}],"curies":[{"name":"wp","href":"https:\/\/api.w.org\/{rel}","templated":true}]}}