{"id":14111,"date":"2020-06-24T21:50:24","date_gmt":"2020-06-24T19:50:24","guid":{"rendered":"http:\/\/www.radlobby.org\/noe\/?page_id=14111"},"modified":"2020-06-26T21:45:26","modified_gmt":"2020-06-26T19:45:26","slug":"krems-sued","status":"publish","type":"page","link":"https:\/\/www.radlobby.org\/noe\/krems-sued\/","title":{"rendered":"Radlobby Krems &#8211; S\u00fcd"},"content":{"rendered":"<p>Bild einf\u00fcgen Krems S\u00fcd<\/p>\n<hr \/>\n<h4>Aktuelle Infos zu Krems S\u00fcd<\/h4>\n<style>.wp-show-posts-columns#wpsp-14129 {margin-left: -2em; }.wp-show-posts-columns#wpsp-14129 .wp-show-posts-inner {margin: 0 0 2em 2em; }<\/style><section id=\"wpsp-14129\" class=\" wp-show-posts-columns wp-show-posts\" style=\"\"><article class=\" wp-show-posts-single post-20758 post type-post status-publish format-standard has-post-thumbnail hentry category-krems category-niederoesterreich tag-krems-alauntalstrasse tag-krems-medienberichte tag-krems-ringstrasse tag-krems-sued wpsp-col-6\" itemtype=\"http:\/\/schema.org\/CreativeWork\" itemscope><div class=\"wp-show-posts-inner\" style=\"\">\t\t\t\t\t\t<header class=\"wp-show-posts-entry-header\">\n\t\t\t\t\t\t\t<p class=\"wp-show-posts-entry-title\" itemprop=\"headline\"><a href=\"https:\/\/www.radlobby.org\/noe\/krems-p3-tv-beitrag-ueber-radfahren\/\" rel=\"bookmark\">Krems: P3-TV-Beitrag \u00fcber Radfahren<\/a><\/p>\t\t\t\t\t\t<\/header><!-- .entry-header -->\n\t\t\t\t\t\t\t<div class=\"wp-show-posts-image  wpsp-image-left \">\n\t\t\t<a href=\"https:\/\/www.radlobby.org\/noe\/krems-p3-tv-beitrag-ueber-radfahren\/\"  title=\"Krems: P3-TV-Beitrag \u00fcber Radfahren\">\t\t\t\t\t<img decoding=\"async\" src=\"https:\/\/www.radlobby.org\/noe\/wp-content\/uploads\/p3-TV-Beitrag-2021-10-12-180x250.jpg\" alt=\"Krems: P3-TV-Beitrag \u00fcber Radfahren\" itemprop=\"image\" class=\"left\" \/>\n\t\t\t\t<\/a>\t\t<\/div>\n\t\t\t\t\t\t\t\t<div class=\"wp-show-posts-entry-summary\" itemprop=\"text\">\n\t\t\t\t\t\t\t<p>&#8230; Die Radlobby betont aber, dass es noch viele L\u00fccken zu schlie\u00dfen gibt, denn viele Radwege enden im Nirgendwo. Wir haben uns drei Punkte angesehen, wo es Verbesserungsbedarf gibt.<\/p>\n\t\t\t\t\t\t<\/div><!-- .entry-summary -->\n\t\t\t\t\t<\/div><!-- wp-show-posts-inner --><\/article><article class=\" wp-show-posts-single post-15388 post type-post status-publish format-standard has-post-thumbnail hentry category-presse-medien category-krems category-niederoesterreich tag-krems-medienberichte tag-krems-sued tag-krems-veranstaltungen wpsp-col-6\" itemtype=\"http:\/\/schema.org\/CreativeWork\" itemscope><div class=\"wp-show-posts-inner\" style=\"\">\t\t\t\t\t\t<header class=\"wp-show-posts-entry-header\">\n\t\t\t\t\t\t\t<p class=\"wp-show-posts-entry-title\" itemprop=\"headline\"><a href=\"https:\/\/www.radlobby.org\/noe\/radausflug-nach-krems-sued-viele-mitradelnde-fuer-bessere-radverbindung\/\" rel=\"bookmark\">Radausflug nach Krems-S\u00fcd: viele Mitradelnde f\u00fcr bessere Radverbindung <br>N\u00d6N Bericht<\/a><\/p>\t\t\t\t\t\t<\/header><!-- .entry-header -->\n\t\t\t\t\t\t\t<div class=\"wp-show-posts-image  wpsp-image-left \">\n\t\t\t<a href=\"https:\/\/www.radlobby.org\/noe\/radausflug-nach-krems-sued-viele-mitradelnde-fuer-bessere-radverbindung\/\"  title=\"Radausflug nach Krems-S\u00fcd: viele Mitradelnde f\u00fcr bessere Radverbindung N\u00d6N Bericht\">\t\t\t\t\t<img decoding=\"async\" src=\"https:\/\/www.radlobby.org\/noe\/wp-content\/uploads\/RL-Krems-NOEN-Bericht-Radtour-20.9.2020-180x135.jpg\" alt=\"Radausflug nach Krems-S\u00fcd: viele Mitradelnde f\u00fcr bessere Radverbindung <br>N\u00d6N Bericht\" itemprop=\"image\" class=\"left\" \/>\n\t\t\t\t<\/a>\t\t<\/div>\n\t\t\t\t\t\t\t\t<div class=\"wp-show-posts-entry-summary\" itemprop=\"text\">\n\t\t\t\t\t\t\t<p>N\u00d6N Bericht in neuem Fenster \u00f6ffnen Laden des N\u00d6N-Berichtes kann einige Sekunden dauern&#8230; &nbsp; &nbsp;<\/p>\n\t\t\t\t\t\t<\/div><!-- .entry-summary -->\n\t\t\t\t\t<\/div><!-- wp-show-posts-inner --><\/article><article class=\" wp-show-posts-single post-13535 post type-post status-publish format-standard has-post-thumbnail hentry category-krems tag-gemeinden tag-infrastruktur tag-krems-sued tag-radpolitik tag-radweg wpsp-col-6\" itemtype=\"http:\/\/schema.org\/CreativeWork\" itemscope><div class=\"wp-show-posts-inner\" style=\"\">\t\t\t\t\t\t<header class=\"wp-show-posts-entry-header\">\n\t\t\t\t\t\t\t<p class=\"wp-show-posts-entry-title\" itemprop=\"headline\"><a href=\"https:\/\/www.radlobby.org\/noe\/neuigkeiten-aus-krems-sued\/\" rel=\"bookmark\">Neuigkeiten aus Krems S\u00fcd<\/a><\/p>\t\t\t\t\t\t<\/header><!-- .entry-header -->\n\t\t\t\t\t\t\t<div class=\"wp-show-posts-image  wpsp-image-left \">\n\t\t\t<a href=\"https:\/\/www.radlobby.org\/noe\/neuigkeiten-aus-krems-sued\/\"  title=\"Neuigkeiten aus Krems S\u00fcd\">\t\t\t\t\t<img decoding=\"async\" src=\"https:\/\/www.radlobby.org\/noe\/wp-content\/uploads\/KremsS\u00fcd_KreisverkehrLKW-1-180x134.jpeg\" alt=\"Neuigkeiten aus Krems S\u00fcd\" itemprop=\"image\" class=\"left\" \/>\n\t\t\t\t<\/a>\t\t<\/div>\n\t\t\t\t\t\t\t\t<div class=\"wp-show-posts-entry-summary\" itemprop=\"text\">\n\t\t\t\t\t\t\t<p>Vor drei Jahren hat die Radlobby Krems damit begonnen, auf fehlende L\u00fcckenschl\u00fcsse und gef\u00e4hrliche Querungen im Radwegenetz im Bereich Krems S\u00fcd aufmerksam zu machen (Projekthistorie&#8230;<\/p>\n\t\t\t\t\t\t<\/div><!-- .entry-summary -->\n\t\t\t\t\t<\/div><!-- wp-show-posts-inner --><\/article><article class=\" wp-show-posts-single post-10257 post type-post status-publish format-standard has-post-thumbnail hentry category-krems category-niederoesterreich tag-krems tag-krems-sued tag-krems-veranstaltungen tag-mobilitaetswoche tag-radausflug tag-radweg wpsp-col-6\" itemtype=\"http:\/\/schema.org\/CreativeWork\" itemscope><div class=\"wp-show-posts-inner\" style=\"\">\t\t\t\t\t\t<header class=\"wp-show-posts-entry-header\">\n\t\t\t\t\t\t\t<p class=\"wp-show-posts-entry-title\" itemprop=\"headline\"><a href=\"https:\/\/www.radlobby.org\/noe\/krems_radausflug-mautern-furth-brunnkirchen-mobilitaetswochepart3\/\" rel=\"bookmark\">Krems Mautern G\u00f6ttweig | Radausflug Mautern \u2013 Furth \u2013 Brunnkirchen <br>Mobilit\u00e4tswoche Teil 3<\/a><\/p>\t\t\t\t\t\t<\/header><!-- .entry-header -->\n\t\t\t\t\t\t\t<div class=\"wp-show-posts-image  wpsp-image-left \">\n\t\t\t<a href=\"https:\/\/www.radlobby.org\/noe\/krems_radausflug-mautern-furth-brunnkirchen-mobilitaetswochepart3\/\"  title=\"Krems Mautern G\u00f6ttweig | Radausflug Mautern \u2013 Furth \u2013 Brunnkirchen Mobilit\u00e4tswoche Teil 3\">\t\t\t\t\t<img decoding=\"async\" src=\"https:\/\/www.radlobby.org\/noe\/wp-content\/uploads\/Krems2209_Mautern_a-180x145.jpg\" alt=\"Krems Mautern G\u00f6ttweig | Radausflug Mautern \u2013 Furth \u2013 Brunnkirchen <br>Mobilit\u00e4tswoche Teil 3\" itemprop=\"image\" class=\"left\" \/>\n\t\t\t\t<\/a>\t\t<\/div>\n\t\t\t\t\t\t\t\t<div class=\"wp-show-posts-entry-summary\" itemprop=\"text\">\n\t\t\t\t\t\t\t<p>Eine Radtaugliche Verbindung zwischen Angern\/Hollenburg\/Brunnkirchen Richtung Furth\/Mautern ist uns schon lange ein Anliegen. ( vgl. Stiefkind Krems S\u00fcd) \u00dcber den Kreisverkehr der B37(B37a\/B33) kann und&#8230;<\/p>\n\t\t\t\t\t\t<\/div><!-- .entry-summary -->\n\t\t\t\t\t<\/div><!-- wp-show-posts-inner --><\/article><article class=\" wp-show-posts-single post-6140 post type-post status-publish format-standard has-post-thumbnail hentry category-allgemein category-krems tag-krems tag-krems-sued tag-radverbindung tag-radweg tag-radwegkonzept wpsp-col-6\" itemtype=\"http:\/\/schema.org\/CreativeWork\" itemscope><div class=\"wp-show-posts-inner\" style=\"\">\t\t\t\t\t\t<header class=\"wp-show-posts-entry-header\">\n\t\t\t\t\t\t\t<p class=\"wp-show-posts-entry-title\" itemprop=\"headline\"><a href=\"https:\/\/www.radlobby.org\/noe\/stiefkind-krems-sued-wenn-strassen-trennen\/\" rel=\"bookmark\">Stiefkind Krems S\u00fcd &#8211; wenn Strassen trennen<\/a><\/p>\t\t\t\t\t\t<\/header><!-- .entry-header -->\n\t\t\t\t\t\t\t<div class=\"wp-show-posts-image  wpsp-image-left \">\n\t\t\t<a href=\"https:\/\/www.radlobby.org\/noe\/stiefkind-krems-sued-wenn-strassen-trennen\/\"  title=\"Stiefkind Krems S\u00fcd &#8211; wenn Strassen trennen\">\t\t\t\t\t<img decoding=\"async\" src=\"https:\/\/www.radlobby.org\/noe\/wp-content\/uploads\/Krems-S\u00fcd1-180x60.jpg\" alt=\"Stiefkind Krems S\u00fcd &#8211; wenn Strassen trennen\" itemprop=\"image\" class=\"left\" \/>\n\t\t\t\t<\/a>\t\t<\/div>\n\t\t\t\t\t\t\t\t<div class=\"wp-show-posts-entry-summary\" itemprop=\"text\">\n\t\t\t\t\t\t\t<p>Wenn Stra\u00dfen trennen statt verbinden Neue Wege zum Radfahren im \u201eStiefkind\u201c Krems S\u00fcd Mit viel Enthusiasmus wurde im letzten Jahrtausend alles f\u00fcr den KFZ-Verkehr zugepflastert:&#8230;<\/p>\n\t\t\t\t\t\t<\/div><!-- .entry-summary -->\n\t\t\t\t\t<\/div><!-- wp-show-posts-inner --><\/article><article class=\" wp-show-posts-single post-2428 post type-post status-publish format-standard has-post-thumbnail hentry category-krems category-niederoesterreich tag-infrastruktur tag-krems-medienberichte tag-krems-sued tag-presse wpsp-col-6\" itemtype=\"http:\/\/schema.org\/CreativeWork\" itemscope><div class=\"wp-show-posts-inner\" style=\"\">\t\t\t\t\t\t<header class=\"wp-show-posts-entry-header\">\n\t\t\t\t\t\t\t<p class=\"wp-show-posts-entry-title\" itemprop=\"headline\"><a href=\"https:\/\/www.radlobby.org\/noe\/krems-furth-bei-goettweig-ruf-nach-radweg-ueber-die-donau\/\" rel=\"bookmark\">Krems &#8211; Furth bei G\u00f6ttweig: Ruf nach Radweg \u00fcber die Donau<\/a><\/p>\t\t\t\t\t\t<\/header><!-- .entry-header -->\n\t\t\t\t\t\t\t<div class=\"wp-show-posts-image  wpsp-image-left \">\n\t\t\t<a href=\"https:\/\/www.radlobby.org\/noe\/krems-furth-bei-goettweig-ruf-nach-radweg-ueber-die-donau\/\"  title=\"Krems &#8211; Furth bei G\u00f6ttweig: Ruf nach Radweg \u00fcber die Donau\"><img loading=\"lazy\" decoding=\"async\" width=\"80\" height=\"80\" src=\"https:\/\/www.radlobby.org\/noe\/wp-content\/uploads\/2017\/01\/TIPS_LOGO_80px.gif\" class=\"attachment-full size-full wp-post-image\" alt=\"\" itemprop=\"image\" \/><\/a>\t\t<\/div>\n\t\t\t\t\t\t\t\t<div class=\"wp-show-posts-entry-summary\" itemprop=\"text\">\n\t\t\t\t\t\t\t\t\t\t\t\t\t<\/div><!-- .entry-summary -->\n\t\t\t\t\t<\/div><!-- wp-show-posts-inner --><\/article><div class=\"wpsp-clear\"><\/div><\/section><!-- .wp-show-posts -->\n","protected":false},"excerpt":{"rendered":"<p>Bild einf\u00fcgen Krems S\u00fcd Aktuelle Infos zu Krems S\u00fcd<\/p>\n","protected":false},"author":16,"featured_media":0,"parent":0,"menu_order":0,"comment_status":"closed","ping_status":"closed","template":"","meta":{"footnotes":""},"class_list":["post-14111","page","type-page","status-publish","hentry"],"yoast_head":"<!-- This site is optimized with the Yoast SEO plugin v26.9 - https:\/\/yoast.com\/product\/yoast-seo-wordpress\/ -->\n<title>Radlobby Krems - S\u00fcd - Radlobby Nieder\u00f6sterreich<\/title>\n<meta name=\"robots\" content=\"index, follow, max-snippet:-1, max-image-preview:large, max-video-preview:-1\" \/>\n<link rel=\"canonical\" href=\"https:\/\/www.radlobby.org\/noe\/krems-sued\/\" \/>\n<meta property=\"og:locale\" content=\"de_DE\" \/>\n<meta property=\"og:type\" content=\"article\" \/>\n<meta property=\"og:title\" content=\"Radlobby Krems - S\u00fcd - Radlobby Nieder\u00f6sterreich\" \/>\n<meta property=\"og:description\" content=\"Bild einf\u00fcgen Krems S\u00fcd Aktuelle Infos zu Krems S\u00fcd\" \/>\n<meta property=\"og:url\" content=\"https:\/\/www.radlobby.org\/noe\/krems-sued\/\" \/>\n<meta property=\"og:site_name\" content=\"Radlobby Nieder\u00f6sterreich\" \/>\n<meta property=\"article:publisher\" content=\"https:\/\/www.facebook.com\/groups\/radfahren.in.noe\/\" \/>\n<meta property=\"article:modified_time\" content=\"2020-06-26T19:45:26+00:00\" \/>\n<meta property=\"og:image\" content=\"https:\/\/www.radlobby.org\/noe\/wp-content\/uploads\/20200101-RLWN-Neujahrsaradeln-DSC_0105a_1900px-1.jpg\" \/>\n\t<meta property=\"og:image:width\" content=\"1900\" \/>\n\t<meta property=\"og:image:height\" content=\"770\" \/>\n\t<meta property=\"og:image:type\" content=\"image\/jpeg\" \/>\n<meta name=\"twitter:card\" content=\"summary_large_image\" \/>\n<script type=\"application\/ld+json\" class=\"yoast-schema-graph\">{\"@context\":\"https:\/\/schema.org\",\"@graph\":[{\"@type\":\"WebPage\",\"@id\":\"https:\/\/www.radlobby.org\/noe\/krems-sued\/\",\"url\":\"https:\/\/www.radlobby.org\/noe\/krems-sued\/\",\"name\":\"Radlobby Krems - S\u00fcd - Radlobby Nieder\u00f6sterreich\",\"isPartOf\":{\"@id\":\"https:\/\/www.radlobby.org\/noe\/#website\"},\"datePublished\":\"2020-06-24T19:50:24+00:00\",\"dateModified\":\"2020-06-26T19:45:26+00:00\",\"breadcrumb\":{\"@id\":\"https:\/\/www.radlobby.org\/noe\/krems-sued\/#breadcrumb\"},\"inLanguage\":\"de\",\"potentialAction\":[{\"@type\":\"ReadAction\",\"target\":[\"https:\/\/www.radlobby.org\/noe\/krems-sued\/\"]}]},{\"@type\":\"BreadcrumbList\",\"@id\":\"https:\/\/www.radlobby.org\/noe\/krems-sued\/#breadcrumb\",\"itemListElement\":[{\"@type\":\"ListItem\",\"position\":1,\"name\":\"Startseite\",\"item\":\"https:\/\/www.radlobby.org\/noe\/\"},{\"@type\":\"ListItem\",\"position\":2,\"name\":\"Radlobby Krems &#8211; S\u00fcd\"}]},{\"@type\":\"WebSite\",\"@id\":\"https:\/\/www.radlobby.org\/noe\/#website\",\"url\":\"https:\/\/www.radlobby.org\/noe\/\",\"name\":\"Radlobby Nieder\u00f6sterreich\",\"description\":\"Radverkehr, Fahrrad, Radfahren, Radreisen, Radtouren, Radweg\",\"publisher\":{\"@id\":\"https:\/\/www.radlobby.org\/noe\/#organization\"},\"potentialAction\":[{\"@type\":\"SearchAction\",\"target\":{\"@type\":\"EntryPoint\",\"urlTemplate\":\"https:\/\/www.radlobby.org\/noe\/?s={search_term_string}\"},\"query-input\":{\"@type\":\"PropertyValueSpecification\",\"valueRequired\":true,\"valueName\":\"search_term_string\"}}],\"inLanguage\":\"de\"},{\"@type\":\"Organization\",\"@id\":\"https:\/\/www.radlobby.org\/noe\/#organization\",\"name\":\"Radlobby Nieder\u00f6sterreich\",\"url\":\"https:\/\/www.radlobby.org\/noe\/\",\"logo\":{\"@type\":\"ImageObject\",\"inLanguage\":\"de\",\"@id\":\"https:\/\/www.radlobby.org\/noe\/#\/schema\/logo\/image\/\",\"url\":\"https:\/\/www.radlobby.org\/noe\/wp-content\/uploads\/2017\/01\/cropped-Logo_Radlobby_Niederoesterreich_50-400px_quer-1.jpg\",\"contentUrl\":\"https:\/\/www.radlobby.org\/noe\/wp-content\/uploads\/2017\/01\/cropped-Logo_Radlobby_Niederoesterreich_50-400px_quer-1.jpg\",\"width\":450,\"height\":124,\"caption\":\"Radlobby Nieder\u00f6sterreich\"},\"image\":{\"@id\":\"https:\/\/www.radlobby.org\/noe\/#\/schema\/logo\/image\/\"},\"sameAs\":[\"https:\/\/www.facebook.com\/groups\/radfahren.in.noe\/\"]}]}<\/script>\n<!-- \/ Yoast SEO plugin. -->","yoast_head_json":{"title":"Radlobby Krems - S\u00fcd - Radlobby Nieder\u00f6sterreich","robots":{"index":"index","follow":"follow","max-snippet":"max-snippet:-1","max-image-preview":"max-image-preview:large","max-video-preview":"max-video-preview:-1"},"canonical":"https:\/\/www.radlobby.org\/noe\/krems-sued\/","og_locale":"de_DE","og_type":"article","og_title":"Radlobby Krems - S\u00fcd - Radlobby Nieder\u00f6sterreich","og_description":"Bild einf\u00fcgen Krems S\u00fcd Aktuelle Infos zu Krems S\u00fcd","og_url":"https:\/\/www.radlobby.org\/noe\/krems-sued\/","og_site_name":"Radlobby Nieder\u00f6sterreich","article_publisher":"https:\/\/www.facebook.com\/groups\/radfahren.in.noe\/","article_modified_time":"2020-06-26T19:45:26+00:00","og_image":[{"width":1900,"height":770,"url":"https:\/\/www.radlobby.org\/noe\/wp-content\/uploads\/20200101-RLWN-Neujahrsaradeln-DSC_0105a_1900px-1.jpg","type":"image\/jpeg"}],"twitter_card":"summary_large_image","schema":{"@context":"https:\/\/schema.org","@graph":[{"@type":"WebPage","@id":"https:\/\/www.radlobby.org\/noe\/krems-sued\/","url":"https:\/\/www.radlobby.org\/noe\/krems-sued\/","name":"Radlobby Krems - S\u00fcd - Radlobby Nieder\u00f6sterreich","isPartOf":{"@id":"https:\/\/www.radlobby.org\/noe\/#website"},"datePublished":"2020-06-24T19:50:24+00:00","dateModified":"2020-06-26T19:45:26+00:00","breadcrumb":{"@id":"https:\/\/www.radlobby.org\/noe\/krems-sued\/#breadcrumb"},"inLanguage":"de","potentialAction":[{"@type":"ReadAction","target":["https:\/\/www.radlobby.org\/noe\/krems-sued\/"]}]},{"@type":"BreadcrumbList","@id":"https:\/\/www.radlobby.org\/noe\/krems-sued\/#breadcrumb","itemListElement":[{"@type":"ListItem","position":1,"name":"Startseite","item":"https:\/\/www.radlobby.org\/noe\/"},{"@type":"ListItem","position":2,"name":"Radlobby Krems &#8211; S\u00fcd"}]},{"@type":"WebSite","@id":"https:\/\/www.radlobby.org\/noe\/#website","url":"https:\/\/www.radlobby.org\/noe\/","name":"Radlobby Nieder\u00f6sterreich","description":"Radverkehr, Fahrrad, Radfahren, Radreisen, Radtouren, Radweg","publisher":{"@id":"https:\/\/www.radlobby.org\/noe\/#organization"},"potentialAction":[{"@type":"SearchAction","target":{"@type":"EntryPoint","urlTemplate":"https:\/\/www.radlobby.org\/noe\/?s={search_term_string}"},"query-input":{"@type":"PropertyValueSpecification","valueRequired":true,"valueName":"search_term_string"}}],"inLanguage":"de"},{"@type":"Organization","@id":"https:\/\/www.radlobby.org\/noe\/#organization","name":"Radlobby Nieder\u00f6sterreich","url":"https:\/\/www.radlobby.org\/noe\/","logo":{"@type":"ImageObject","inLanguage":"de","@id":"https:\/\/www.radlobby.org\/noe\/#\/schema\/logo\/image\/","url":"https:\/\/www.radlobby.org\/noe\/wp-content\/uploads\/2017\/01\/cropped-Logo_Radlobby_Niederoesterreich_50-400px_quer-1.jpg","contentUrl":"https:\/\/www.radlobby.org\/noe\/wp-content\/uploads\/2017\/01\/cropped-Logo_Radlobby_Niederoesterreich_50-400px_quer-1.jpg","width":450,"height":124,"caption":"Radlobby Nieder\u00f6sterreich"},"image":{"@id":"https:\/\/www.radlobby.org\/noe\/#\/schema\/logo\/image\/"},"sameAs":["https:\/\/www.facebook.com\/groups\/radfahren.in.noe\/"]}]}},"_links":{"self":[{"href":"https:\/\/www.radlobby.org\/noe\/wp-json\/wp\/v2\/pages\/14111","targetHints":{"allow":["GET"]}}],"collection":[{"href":"https:\/\/www.radlobby.org\/noe\/wp-json\/wp\/v2\/pages"}],"about":[{"href":"https:\/\/www.radlobby.org\/noe\/wp-json\/wp\/v2\/types\/page"}],"author":[{"embeddable":true,"href":"https:\/\/www.radlobby.org\/noe\/wp-json\/wp\/v2\/users\/16"}],"replies":[{"embeddable":true,"href":"https:\/\/www.radlobby.org\/noe\/wp-json\/wp\/v2\/comments?post=14111"}],"version-history":[{"count":0,"href":"https:\/\/www.radlobby.org\/noe\/wp-json\/wp\/v2\/pages\/14111\/revisions"}],"wp:attachment":[{"href":"https:\/\/www.radlobby.org\/noe\/wp-json\/wp\/v2\/media?parent=14111"}],"curies":[{"name":"wp","href":"https:\/\/api.w.org\/{rel}","templated":true}]}}