{"id":121,"date":"2016-12-03T15:42:25","date_gmt":"2016-12-03T14:42:25","guid":{"rendered":"http:\/\/www.radlobby.org\/noe\/?page_id=121"},"modified":"2023-12-14T22:58:27","modified_gmt":"2023-12-14T21:58:27","slug":"ziele-positionen","status":"publish","type":"page","link":"https:\/\/www.radlobby.org\/noe\/ziele-positionen\/","title":{"rendered":"Positionen"},"content":{"rendered":"<div class=\"field field-name-body field-type-text-with-summary field-label-hidden clearfix\">\n<div class=\"field-items\">\n<div class=\"field-item even\">\n<h4>Forderung der Radlobby \u00d6sterreich<br \/>\nan Politik und Entscheidungstr\u00e4ger.innen<\/h4>\n<p>&nbsp;<\/p>\n<h4>Kommunikation<\/h4>\n<h6>Ziel: positives Image f\u00fcr das Radfahren schaffen<\/h6>\n<ul>\n<li>Bewusstseinsbildung f\u00fcr das Radfahren: Inseratenkampagnen,<\/li>\n<li>Fernsehspots, Plakatkampagnen, etc.<\/li>\n<li>\u00f6ffentliche Vorbilder durch opinion leaders<\/li>\n<li>Aktionen zum Radfahren und f\u00fcr RadfahrerInnen:<\/li>\n<li>z.B. \u201eRadfahrer des Monats\u201c, \u201eRadfahren zur Arbeit\u201c,<\/li>\n<li>\u201eEinkaufen mit dem Fahrrad\u201c)<\/li>\n<li>Kampagne f\u00fcr die Vorteile des Radfahrens:<\/li>\n<li>Gesundheitsgewinn, Zeitersparnis, geringe Unfallgefahr<\/li>\n<li>Aufkl\u00e4rung \u00fcber Nachteile der Autonutzung<\/li>\n<li>Aufkl\u00e4rung \u00fcber Umwelt- und Klimaschutz,<\/li>\n<\/ul>\n<hr \/>\n<h4>Verkehrssicherheit<\/h4>\n<h6>Ziel: sicheres Radfahren statt Pseudo-Sicherheit<\/h6>\n<ul>\n<li>Umgestaltung der StVO im Interesse des nichtmotorisierten Verkehrs<\/li>\n<li>Aufhebung der Benutzungspflicht von Radfahranlagen<\/li>\n<li>Geschwindigkeitsbeschr\u00e4nkungen in Siedlungsr\u00e4umen 30 km\/h<\/li>\n<li>Verkehrsberuhigung statt Separation von Fahrbahn (n\u00fctzt allen)<\/li>\n<li>keine Gehsteig-Radwege<\/li>\n<li>Errichtung von breiten! Rad- und Mehrzweckstreifen im Ortsgebiet unter bestimmten Bedingungen<\/li>\n<li>baulich getrennte Radwege in Bereichen mit einem h\u00f6herem Geschwindigkeitsniveau sowie mit hoher Verkehrsdichte<\/li>\n<li>Umverteilung von Fahrbahnbreiten zugunsten des Radverkehrs<\/li>\n<li>Mitbenutzung von Busspuren<\/li>\n<li>Vorgezogene Aufstellfl\u00e4chen f\u00fcr Radfahrer auf Kreuzungen mit hohem Radfahranteil<\/li>\n<li>Beschilderung der Radroutennetze<\/li>\n<li>gemeinsame Nutzung der Fahrbahn in Tempo-30-Zonen bzw. -Stra\u00dfen<\/li>\n<li>Vorteile gegen\u00fcber MIV schaffen: Weg-Abk\u00fcrzungen, Hausdurchfahrten, &#8230;<\/li>\n<li>Mehr Tempokontrollen f\u00fcr PKW und LKW<\/li>\n<li>Verst\u00e4rkte Ber\u00fccksichtigung der Sicherheit von Radfahrern in der \u00adF\u00fchrerscheinausbildung<\/li>\n<li>Radverkehrserziehung in Echtsituationen<\/li>\n<\/ul>\n<\/div>\n<div class=\"field-item even\">\n<hr \/>\n<h4>Kurze Wege<\/h4>\n<h6>Ziel: Stadt der kurzen Wege<\/h6>\n<ul>\n<li>Schaffung von dichten Radverkehrsnetzen<\/li>\n<li>Freigabe von Einbahnstra\u00dfen, Durchl\u00e4sse in Sackgassen<\/li>\n<li>Freigabe von Fu\u00dfg\u00e4ngerzonen<\/li>\n<li>Abk\u00fcrzungen bauen: selbst\u00e4ndig gef\u00fchrte Radwege, Wege durch Gr\u00fcnanlagen<\/li>\n<li>Versorgungseinrichtungen im Nahbereich, nicht am Stadtrand<\/li>\n<\/ul>\n<hr \/>\n<h4>Abstellanlagen<\/h4>\n<h6>Ziel: Radfahren ohne Diebstahlgefahr<\/h6>\n<ul>\n<li>Abstellanlagen in ausreichender Anzahl, in hoher Qualit\u00e4t (keine \u201eFelgenkiller\u201c; f\u00fcr alle Fahrradtypen) und mit hoher Sicherheit (mindestens Rahmen anschlie\u00dfbar) an den jeweiligen Zielen.<\/li>\n<li>Verankerung zur verpflichtenden Errichtung von Radabstellanlagen f\u00fcr Mehrparteienwohnh\u00e4user, \u00f6ffentliche Geb\u00e4ude, Betriebe, Gesch\u00e4fte und Einkaufszentren etc. in den Bauordnungen der Bundesl\u00e4nder (siehe Beispiel O\u00d6)<\/li>\n<li>Umwidmung von Pkw-Stellpl\u00e4tzen (f\u00fcr 10 Fahrr\u00e4der)<\/li>\n<li>Quartiersgaragen, bewachte Fahrradstationen, Fahrradboxen<\/li>\n<\/ul>\n<hr \/>\n<h4>Service<\/h4>\n<h6>Ziel: Zuverl\u00e4ssigkeit des Verkehrsmittels Fahrrad<\/h6>\n<p>Verbesserung der Schnittstellen zwischen \u00f6ffentlichem Verkehr und Radverkehr, u. a. durch:<\/p>\n<ul>\n<li>Fahrradmitnahme in \u00f6ffentlichen Verkehrsmitteln, Bike&amp;Ride-Anlagen, \u00adGep\u00e4ckaufbewahrung<\/li>\n<li>Pannendienste, kurze Reparaturzeiten<\/li>\n<li>Fahrradstadtpl\u00e4ne<\/li>\n<li>(kommunale) Leihfahrr\u00e4der<\/li>\n<li>Fahrrad-Taxen und -Botendienste<\/li>\n<\/ul>\n<hr \/>\n<h4>Mobilit\u00e4tsbildung<\/h4>\n<h6>Ziel: Selbstverst\u00e4ndlichkeit der Nutzung des Verkehrsmittels Fahrrad<\/h6>\n<ul>\n<li>Erziehung in Volksschulen und Mittelschulen pro Radverkehr<\/li>\n<li>Einbindung der radfahrerischen Perspektive in F\u00fchrerscheinausbildung<\/li>\n<li>Erwachsenenbildung und Verkehrskurse<\/li>\n<li>Kurse, z.B. Radfahren mit Kindern, Radkurse f\u00fcr Senior.innen, f\u00fcr Anf\u00e4nger &#8230;<\/li>\n<\/ul>\n<hr \/>\n<h4>Fahrradkultur<\/h4>\n<h6>Ziel: Radfahren ist cool!<\/h6>\n<ul>\n<li>F\u00f6rderung des Fahrrades als Teil der Alltagskultur<\/li>\n<li>F\u00fcr jeden Zweck das richtige Fahrrad: Lasten-, Lieger\u00e4der, Tandems, &#8230;<\/li>\n<li>F\u00f6rderung von Spezialr\u00e4dern<\/li>\n<li>Veranstaltungen, Community, Netzwerken<\/li>\n<li>Radfahren macht Spass mit der richtigen Kleidung auch beim schlechtesten Wetter&#8230;<\/li>\n<\/ul>\n<hr \/>\n<h4>Finanzierung<\/h4>\n<h6>Ziel: ausreichende Mittel zur nachhaltigen Radverkehrsf\u00f6rderung<\/h6>\n<ul>\n<li>Eigene Budgetposten f\u00fcr Radverkehr in Gemeinden, L\u00e4ndern und Bund<\/li>\n<li>Installierung von Radverkehrsbeauftragten in den Gemeinden sowie von hauptamtlichen Beauftragten in gr\u00f6\u00dferen St\u00e4dten, L\u00e4ndern und auf Bundesebene<\/li>\n<li>F\u00f6rderung von Radverkehrsinitiativen<\/li>\n<\/ul>\n<hr \/>\n<h4>Konzepte zur F\u00f6rderung des Radverkehrs<\/h4>\n<h6>Ziel: nachhaltige und gezielte F\u00f6rderung<\/h6>\n<ul>\n<li>Erarbeitung eines Nationalen Radverkehrsplan auf breiter Basis durch \u00adInfrastruktur- und Lebensministerium unter Einbeziehung der Radinitiativen<\/li>\n<li>Erstellung von Radverkehrspl\u00e4nen auf Landes- und Gemeindeebene<\/li>\n<li>Einrichtung einer \u00f6sterreichischen Radverkehrsakademie zur Aus- und \u00adFortbildung von Verkehrsplanern, Radverkehrsbeauftragten, Architekten, Mitgliedern von \u00adVerkehrsaussch\u00fcssen etc.<\/li>\n<li>Installierung von Monitoring und Qualit\u00e4tsmanagementsystemen<\/li>\n<li>Forschungsprojekte \u00fcber Wirksamkeit von Ma\u00dfnahmen sowie zur Erh\u00f6hung der Verkehrssicherheit<\/li>\n<li>Verpflichtende Ber\u00fccksichtigung des Radverkehrs bei allen Verkehrsplanungen<\/li>\n<\/ul>\n<hr \/>\n<p>&nbsp;<\/p>\n<\/div>\n<\/div>\n<\/div>\n<div class=\"service-links\"><\/div>\n","protected":false},"excerpt":{"rendered":"<p>Forderung der Radlobby \u00d6sterreich an Politik und Entscheidungstr\u00e4ger.innen &nbsp; Kommunikation Ziel: positives Image f\u00fcr das Radfahren schaffen Bewusstseinsbildung f\u00fcr das Radfahren: Inseratenkampagnen, Fernsehspots, Plakatkampagnen, etc. \u00f6ffentliche Vorbilder durch opinion leaders Aktionen zum Radfahren und f\u00fcr RadfahrerInnen: z.B. \u201eRadfahrer des Monats\u201c,<\/p>\n","protected":false},"author":1,"featured_media":0,"parent":0,"menu_order":0,"comment_status":"closed","ping_status":"closed","template":"","meta":{"footnotes":""},"class_list":["post-121","page","type-page","status-publish","hentry"],"yoast_head":"<!-- This site is optimized with the Yoast SEO plugin v26.9 - https:\/\/yoast.com\/product\/yoast-seo-wordpress\/ -->\n<title>Positionen - Radlobby Nieder\u00f6sterreich<\/title>\n<meta name=\"robots\" content=\"index, follow, max-snippet:-1, max-image-preview:large, max-video-preview:-1\" \/>\n<link rel=\"canonical\" href=\"https:\/\/www.radlobby.org\/noe\/ziele-positionen\/\" \/>\n<meta property=\"og:locale\" content=\"de_DE\" \/>\n<meta property=\"og:type\" content=\"article\" \/>\n<meta property=\"og:title\" content=\"Positionen - Radlobby Nieder\u00f6sterreich\" \/>\n<meta property=\"og:description\" content=\"Forderung der Radlobby \u00d6sterreich an Politik und Entscheidungstr\u00e4ger.innen &nbsp; Kommunikation Ziel: positives Image f\u00fcr das Radfahren schaffen Bewusstseinsbildung f\u00fcr das Radfahren: Inseratenkampagnen, Fernsehspots, Plakatkampagnen, etc. \u00f6ffentliche Vorbilder durch opinion leaders Aktionen zum Radfahren und f\u00fcr RadfahrerInnen: z.B. \u201eRadfahrer des Monats\u201c,\" \/>\n<meta property=\"og:url\" content=\"https:\/\/www.radlobby.org\/noe\/ziele-positionen\/\" \/>\n<meta property=\"og:site_name\" content=\"Radlobby Nieder\u00f6sterreich\" \/>\n<meta property=\"article:publisher\" content=\"https:\/\/www.facebook.com\/groups\/radfahren.in.noe\/\" \/>\n<meta property=\"article:modified_time\" content=\"2023-12-14T21:58:27+00:00\" \/>\n<meta property=\"og:image\" content=\"https:\/\/www.radlobby.org\/noe\/wp-content\/uploads\/20200101-RLWN-Neujahrsaradeln-DSC_0105a_1900px-1.jpg\" \/>\n\t<meta property=\"og:image:width\" content=\"1900\" \/>\n\t<meta property=\"og:image:height\" content=\"770\" \/>\n\t<meta property=\"og:image:type\" content=\"image\/jpeg\" \/>\n<meta name=\"twitter:card\" content=\"summary_large_image\" \/>\n<meta name=\"twitter:label1\" content=\"Gesch\u00e4tzte Lesezeit\" \/>\n\t<meta name=\"twitter:data1\" content=\"3\u00a0Minuten\" \/>\n<script type=\"application\/ld+json\" class=\"yoast-schema-graph\">{\"@context\":\"https:\/\/schema.org\",\"@graph\":[{\"@type\":\"WebPage\",\"@id\":\"https:\/\/www.radlobby.org\/noe\/ziele-positionen\/\",\"url\":\"https:\/\/www.radlobby.org\/noe\/ziele-positionen\/\",\"name\":\"Positionen - Radlobby Nieder\u00f6sterreich\",\"isPartOf\":{\"@id\":\"https:\/\/www.radlobby.org\/noe\/#website\"},\"datePublished\":\"2016-12-03T14:42:25+00:00\",\"dateModified\":\"2023-12-14T21:58:27+00:00\",\"breadcrumb\":{\"@id\":\"https:\/\/www.radlobby.org\/noe\/ziele-positionen\/#breadcrumb\"},\"inLanguage\":\"de\",\"potentialAction\":[{\"@type\":\"ReadAction\",\"target\":[\"https:\/\/www.radlobby.org\/noe\/ziele-positionen\/\"]}]},{\"@type\":\"BreadcrumbList\",\"@id\":\"https:\/\/www.radlobby.org\/noe\/ziele-positionen\/#breadcrumb\",\"itemListElement\":[{\"@type\":\"ListItem\",\"position\":1,\"name\":\"Startseite\",\"item\":\"https:\/\/www.radlobby.org\/noe\/\"},{\"@type\":\"ListItem\",\"position\":2,\"name\":\"Positionen\"}]},{\"@type\":\"WebSite\",\"@id\":\"https:\/\/www.radlobby.org\/noe\/#website\",\"url\":\"https:\/\/www.radlobby.org\/noe\/\",\"name\":\"Radlobby Nieder\u00f6sterreich\",\"description\":\"Radverkehr, Fahrrad, Radfahren, Radreisen, Radtouren, Radweg\",\"publisher\":{\"@id\":\"https:\/\/www.radlobby.org\/noe\/#organization\"},\"potentialAction\":[{\"@type\":\"SearchAction\",\"target\":{\"@type\":\"EntryPoint\",\"urlTemplate\":\"https:\/\/www.radlobby.org\/noe\/?s={search_term_string}\"},\"query-input\":{\"@type\":\"PropertyValueSpecification\",\"valueRequired\":true,\"valueName\":\"search_term_string\"}}],\"inLanguage\":\"de\"},{\"@type\":\"Organization\",\"@id\":\"https:\/\/www.radlobby.org\/noe\/#organization\",\"name\":\"Radlobby Nieder\u00f6sterreich\",\"url\":\"https:\/\/www.radlobby.org\/noe\/\",\"logo\":{\"@type\":\"ImageObject\",\"inLanguage\":\"de\",\"@id\":\"https:\/\/www.radlobby.org\/noe\/#\/schema\/logo\/image\/\",\"url\":\"https:\/\/www.radlobby.org\/noe\/wp-content\/uploads\/2017\/01\/cropped-Logo_Radlobby_Niederoesterreich_50-400px_quer-1.jpg\",\"contentUrl\":\"https:\/\/www.radlobby.org\/noe\/wp-content\/uploads\/2017\/01\/cropped-Logo_Radlobby_Niederoesterreich_50-400px_quer-1.jpg\",\"width\":450,\"height\":124,\"caption\":\"Radlobby Nieder\u00f6sterreich\"},\"image\":{\"@id\":\"https:\/\/www.radlobby.org\/noe\/#\/schema\/logo\/image\/\"},\"sameAs\":[\"https:\/\/www.facebook.com\/groups\/radfahren.in.noe\/\"]}]}<\/script>\n<!-- \/ Yoast SEO plugin. -->","yoast_head_json":{"title":"Positionen - Radlobby Nieder\u00f6sterreich","robots":{"index":"index","follow":"follow","max-snippet":"max-snippet:-1","max-image-preview":"max-image-preview:large","max-video-preview":"max-video-preview:-1"},"canonical":"https:\/\/www.radlobby.org\/noe\/ziele-positionen\/","og_locale":"de_DE","og_type":"article","og_title":"Positionen - Radlobby Nieder\u00f6sterreich","og_description":"Forderung der Radlobby \u00d6sterreich an Politik und Entscheidungstr\u00e4ger.innen &nbsp; Kommunikation Ziel: positives Image f\u00fcr das Radfahren schaffen Bewusstseinsbildung f\u00fcr das Radfahren: Inseratenkampagnen, Fernsehspots, Plakatkampagnen, etc. \u00f6ffentliche Vorbilder durch opinion leaders Aktionen zum Radfahren und f\u00fcr RadfahrerInnen: z.B. \u201eRadfahrer des Monats\u201c,","og_url":"https:\/\/www.radlobby.org\/noe\/ziele-positionen\/","og_site_name":"Radlobby Nieder\u00f6sterreich","article_publisher":"https:\/\/www.facebook.com\/groups\/radfahren.in.noe\/","article_modified_time":"2023-12-14T21:58:27+00:00","og_image":[{"width":1900,"height":770,"url":"https:\/\/www.radlobby.org\/noe\/wp-content\/uploads\/20200101-RLWN-Neujahrsaradeln-DSC_0105a_1900px-1.jpg","type":"image\/jpeg"}],"twitter_card":"summary_large_image","twitter_misc":{"Gesch\u00e4tzte Lesezeit":"3\u00a0Minuten"},"schema":{"@context":"https:\/\/schema.org","@graph":[{"@type":"WebPage","@id":"https:\/\/www.radlobby.org\/noe\/ziele-positionen\/","url":"https:\/\/www.radlobby.org\/noe\/ziele-positionen\/","name":"Positionen - Radlobby Nieder\u00f6sterreich","isPartOf":{"@id":"https:\/\/www.radlobby.org\/noe\/#website"},"datePublished":"2016-12-03T14:42:25+00:00","dateModified":"2023-12-14T21:58:27+00:00","breadcrumb":{"@id":"https:\/\/www.radlobby.org\/noe\/ziele-positionen\/#breadcrumb"},"inLanguage":"de","potentialAction":[{"@type":"ReadAction","target":["https:\/\/www.radlobby.org\/noe\/ziele-positionen\/"]}]},{"@type":"BreadcrumbList","@id":"https:\/\/www.radlobby.org\/noe\/ziele-positionen\/#breadcrumb","itemListElement":[{"@type":"ListItem","position":1,"name":"Startseite","item":"https:\/\/www.radlobby.org\/noe\/"},{"@type":"ListItem","position":2,"name":"Positionen"}]},{"@type":"WebSite","@id":"https:\/\/www.radlobby.org\/noe\/#website","url":"https:\/\/www.radlobby.org\/noe\/","name":"Radlobby Nieder\u00f6sterreich","description":"Radverkehr, Fahrrad, Radfahren, Radreisen, Radtouren, Radweg","publisher":{"@id":"https:\/\/www.radlobby.org\/noe\/#organization"},"potentialAction":[{"@type":"SearchAction","target":{"@type":"EntryPoint","urlTemplate":"https:\/\/www.radlobby.org\/noe\/?s={search_term_string}"},"query-input":{"@type":"PropertyValueSpecification","valueRequired":true,"valueName":"search_term_string"}}],"inLanguage":"de"},{"@type":"Organization","@id":"https:\/\/www.radlobby.org\/noe\/#organization","name":"Radlobby Nieder\u00f6sterreich","url":"https:\/\/www.radlobby.org\/noe\/","logo":{"@type":"ImageObject","inLanguage":"de","@id":"https:\/\/www.radlobby.org\/noe\/#\/schema\/logo\/image\/","url":"https:\/\/www.radlobby.org\/noe\/wp-content\/uploads\/2017\/01\/cropped-Logo_Radlobby_Niederoesterreich_50-400px_quer-1.jpg","contentUrl":"https:\/\/www.radlobby.org\/noe\/wp-content\/uploads\/2017\/01\/cropped-Logo_Radlobby_Niederoesterreich_50-400px_quer-1.jpg","width":450,"height":124,"caption":"Radlobby Nieder\u00f6sterreich"},"image":{"@id":"https:\/\/www.radlobby.org\/noe\/#\/schema\/logo\/image\/"},"sameAs":["https:\/\/www.facebook.com\/groups\/radfahren.in.noe\/"]}]}},"_links":{"self":[{"href":"https:\/\/www.radlobby.org\/noe\/wp-json\/wp\/v2\/pages\/121","targetHints":{"allow":["GET"]}}],"collection":[{"href":"https:\/\/www.radlobby.org\/noe\/wp-json\/wp\/v2\/pages"}],"about":[{"href":"https:\/\/www.radlobby.org\/noe\/wp-json\/wp\/v2\/types\/page"}],"author":[{"embeddable":true,"href":"https:\/\/www.radlobby.org\/noe\/wp-json\/wp\/v2\/users\/1"}],"replies":[{"embeddable":true,"href":"https:\/\/www.radlobby.org\/noe\/wp-json\/wp\/v2\/comments?post=121"}],"version-history":[{"count":1,"href":"https:\/\/www.radlobby.org\/noe\/wp-json\/wp\/v2\/pages\/121\/revisions"}],"predecessor-version":[{"id":33204,"href":"https:\/\/www.radlobby.org\/noe\/wp-json\/wp\/v2\/pages\/121\/revisions\/33204"}],"wp:attachment":[{"href":"https:\/\/www.radlobby.org\/noe\/wp-json\/wp\/v2\/media?parent=121"}],"curies":[{"name":"wp","href":"https:\/\/api.w.org\/{rel}","templated":true}]}}